{"id":3096,"date":"2017-12-28T18:41:49","date_gmt":"2017-12-28T17:41:49","guid":{"rendered":"http:\/\/vammencamping.dk\/?page_id=3096"},"modified":"2025-12-28T02:45:09","modified_gmt":"2025-12-28T01:45:09","slug":"contact","status":"publish","type":"page","link":"https:\/\/vammencamping.dk\/nl\/contact\/","title":{"rendered":"Contact"},"content":{"rendered":"\n<div class=\"alignright\"><div id=\"metaslider-id-1011\" style=\"max-width: 350px;\" class=\"ml-slider-3-109-0 metaslider metaslider-flex metaslider-1011 ml-slider has-dots-nav ms-theme-default\" role=\"region\" aria-label=\"Contact\" data-height=\"350\" data-width=\"350\">\n    <div id=\"metaslider_container_1011\">\n        <div id=\"metaslider_1011\">\n            <ul class='slides'>\n                <li style=\"display: block; width: 100%;\" class=\"slide-1026 ms-image \" aria-roledescription=\"slide\" data-date=\"2015-01-29 23:54:23\" data-filename=\"square_indgang-350x350.jpg\" data-slide-type=\"image\"><img loading=\"lazy\" decoding=\"async\" src=\"https:\/\/vammencamping.dk\/wp-content\/uploads\/2015\/01\/square_indgang-350x350.jpg\" height=\"350\" width=\"350\" alt=\"[:da] Indgangen til Vammen Camping og informationen udsmykket med blomster. [:en] The entrance to Vammen Camping and the information decorated with flowers. [:de] Der Eingang zum Vammen Camping und zur Information mit Blumen geschm\u00fcckt [:nl] De ingang van Vammen Camping en informatie versierd met bloemen[:]\" class=\"slider-1011 slide-1026 msDefaultImage\" \/><\/li>\n                <li style=\"display: none; width: 100%;\" class=\"slide-1023 ms-image \" aria-roledescription=\"slide\" data-date=\"2015-01-29 23:42:42\" data-filename=\"square_klaver_guitar_pejsestuen_fotograf_lars_horn-350x350.jpg\" data-slide-type=\"image\"><img loading=\"lazy\" decoding=\"async\" src=\"https:\/\/vammencamping.dk\/wp-content\/uploads\/2015\/01\/square_klaver_guitar_pejsestuen_fotograf_lars_horn-350x350.jpg\" height=\"350\" width=\"350\" alt=\"[:da] Harm-Wulf og Dick hygger sig og har det sjovt imens de musicerer og jodler i den rustikke pejsestue [:en] Harm-Wuld and Dick are having a good time while playing music and yodeling in the rustic common room with the open fireplace [:de] Harm-Wulf und Dick machen es sich gem\u00fctlich und haben Spa\u00df w\u00e4hrend die musizieren und jodeln in der rustikale Feuerstube [:nl] Harm-Wulf en Dick vermaken zich met het piano, gitaar en jodelen[:]\" class=\"slider-1011 slide-1023 msDefaultImage\" \/><\/li>\n                <li style=\"display: none; width: 100%;\" class=\"slide-1021 ms-image \" aria-roledescription=\"slide\" data-date=\"2015-01-29 23:42:34\" data-filename=\"square_guitar_musik_camping_fotograf_lars_horn-350x350.jpg\" data-slide-type=\"image\"><img loading=\"lazy\" decoding=\"async\" src=\"https:\/\/vammencamping.dk\/wp-content\/uploads\/2015\/01\/square_guitar_musik_camping_fotograf_lars_horn-350x350.jpg\" height=\"350\" width=\"350\" alt=\"[:da] Guitarspil i god l\u00e6 p\u00e5 en af terrasserne [:en] Guitar play in good shelter on one of the terraces [:de] Guitarrenspiel in guter Schutz auf einer der Terrassen [:nl] Gitaarspelen kampeerplaats[:]\" class=\"slider-1011 slide-1021 msDefaultImage\" \/><\/li>\n            <\/ul>\n        <\/div>\n        \n    <\/div>\n<\/div><\/div>\n\n\n\n<hr class=\"wp-block-separator has-css-opacity\"\/>\n\n\n\n<p>Vragen? Zie onze <a href=\"https:\/\/vammencamping.dk\/nl\/faq\/\">FAQ<\/a> of stuur ons een <a href=\"mailto:info@vammencamping.dk\">e-mail<\/a> als u nog vragen hebt.<\/p>\n\n\n\n<p>We hebben nog steeds beschikbare plaatsen voor het hele seizoen.<\/p>\n\n\n\n<div class=\"wp-block-buttons is-horizontal is-content-justification-left is-layout-flex wp-container-core-buttons-is-layout-7e5fce0a wp-block-buttons-is-layout-flex\">\n<div class=\"wp-block-button\"><a class=\"wp-block-button__link has-text-color has-background wp-element-button\" href=\"https:\/\/vcamp.dk\/book\/nl\" style=\"border-radius:50px;color:#fffffa;background:linear-gradient(317deg,rgb(135,9,53) 0%,rgb(179,22,22) 100%)\" target=\"_blank\" rel=\"noreferrer noopener\">Boek nu<\/a><\/div>\n<\/div>\n\n\n\n<div class=\"wp-block-contact-form-7-contact-form-selector\">\n<div class=\"wpcf7 no-js\" id=\"wpcf7-f1759-o1\" lang=\"nl-NL\" dir=\"ltr\" data-wpcf7-id=\"1759\">\n<div class=\"screen-reader-response\"><p role=\"status\" aria-live=\"polite\" aria-atomic=\"true\"><\/p> <ul><\/ul><\/div>\n<form action=\"\/nl\/wp-json\/wp\/v2\/pages\/3096#wpcf7-f1759-o1\" method=\"post\" class=\"wpcf7-form init\" aria-label=\"Contactformulier\" novalidate=\"novalidate\" data-status=\"init\">\n<fieldset class=\"hidden-fields-container\"><input type=\"hidden\" name=\"_wpcf7\" value=\"1759\" \/><input type=\"hidden\" name=\"_wpcf7_version\" value=\"6.1.5\" \/><input type=\"hidden\" name=\"_wpcf7_locale\" value=\"nl_NL\" \/><input type=\"hidden\" name=\"_wpcf7_unit_tag\" value=\"wpcf7-f1759-o1\" \/><input type=\"hidden\" name=\"_wpcf7_container_post\" value=\"0\" \/><input type=\"hidden\" name=\"_wpcf7_posted_data_hash\" value=\"\" \/>\n<\/fieldset>\n<p>Wilt u ons liever direct mailen? Dat kan ook: <a href=\"mailto:info@vammencamping.dk\">info@vammencamping.dk<\/a>.\n<\/p>\n<p>Voornaam*\n<\/p>\n<p><span class=\"wpcf7-form-control-wrap\" data-name=\"first-name\"><input size=\"40\" maxlength=\"400\" class=\"wpcf7-form-control wpcf7-text wpcf7-validates-as-required\" aria-required=\"true\" aria-invalid=\"false\" value=\"\" type=\"text\" name=\"first-name\" \/><\/span>\n<\/p>\n<p>Achternaam*\n<\/p>\n<p><span class=\"wpcf7-form-control-wrap\" data-name=\"last-name\"><input size=\"40\" maxlength=\"400\" class=\"wpcf7-form-control wpcf7-text wpcf7-validates-as-required\" aria-required=\"true\" aria-invalid=\"false\" value=\"\" type=\"text\" name=\"last-name\" \/><\/span>\n<\/p>\n<p>Telefoonnummer\n<\/p>\n<p><span class=\"wpcf7-form-control-wrap\" data-name=\"tel\"><input size=\"40\" maxlength=\"400\" class=\"wpcf7-form-control wpcf7-tel wpcf7-text wpcf7-validates-as-tel\" aria-invalid=\"false\" value=\"+31\" type=\"tel\" name=\"tel\" \/><\/span>\n<\/p>\n<p>E-mailadres*\n<\/p>\n<p><span class=\"wpcf7-form-control-wrap\" data-name=\"your-email\"><input size=\"40\" maxlength=\"400\" class=\"wpcf7-form-control wpcf7-email wpcf7-validates-as-required wpcf7-text wpcf7-validates-as-email\" aria-required=\"true\" aria-invalid=\"false\" value=\"\" type=\"email\" name=\"your-email\" \/><\/span>\n<\/p>\n<p>Bericht\n<\/p>\n<p><span class=\"wpcf7-form-control-wrap\" data-name=\"your-message\"><textarea cols=\"40\" rows=\"10\" maxlength=\"2000\" class=\"wpcf7-form-control wpcf7-textarea\" aria-invalid=\"false\" name=\"your-message\"><\/textarea><\/span>\n<\/p>\n<p><span class=\"wpcf7-form-control-wrap kc_captcha\" data-name=\"kc_captcha\"><span class=\"wpcf7-form-control wpcf7-radio\"><span class=\"captcha-image\" ><span class=\"cf7ic_instructions\">Bewijs dat je menselijk bent door het selecteren van<span> ster<\/span>.<\/span><label><input aria-label=\"1\" type=\"radio\" name=\"kc_captcha\" value=\"kc_human\" \/><svg aria-hidden=\"true\" role=\"img\" xmlns=\"http:\/\/www.w3.org\/2000\/svg\" viewBox=\"0 0 576 512\"><path fill=\"currentColor\" d=\"M259 18l-65 132-146 22c-26 3-37 36-18 54l106 103-25 146c-5 26 23 46 46 33l131-68 131 68c23 13 51-7 46-33l-25-146 106-103c19-18 8-51-18-54l-146-22-65-132a32 32 0 00-58 0z\"\/><\/svg><\/label><label><input aria-label=\"2\" type=\"radio\" name=\"kc_captcha\" value=\"bot\" \/><svg aria-hidden=\"true\" role=\"img\" xmlns=\"http:\/\/www.w3.org\/2000\/svg\" viewBox=\"0 0 512 512\"><path fill=\"currentColor\" d=\"M350 99c-54 0-98-35-166-35-25 0-47 4-68 12a56 56 0 004-24C118 24 95 1 66 0a56 56 0 00-34 102v386c0 13 11 24 24 24h16c13 0 24-11 24-24v-94c28-12 64-23 114-23 54 0 98 35 166 35 48 0 86-16 122-41 9-6 14-15 14-26V96c0-23-24-39-45-29-35 16-77 32-117 32z\"\/><\/svg><\/label><label><input aria-label=\"3\" type=\"radio\" name=\"kc_captcha\" value=\"bot\" \/><svg aria-hidden=\"true\" role=\"img\" xmlns=\"http:\/\/www.w3.org\/2000\/svg\" viewBox=\"0 0 384 512\"><path fill=\"currentColor\" d=\"M377 375l-83-87h34c21 0 32-25 17-40l-82-88h33c21 0 32-25 18-40L210 8c-10-11-26-11-36 0L70 120c-14 15-3 40 18 40h33l-82 88c-15 15-4 40 17 40h34L7 375c-15 16-4 41 17 41h120c0 33-11 49-34 68-12 9-5 28 10 28h144c15 0 22-19 10-28-20-16-34-32-34-68h120c21 0 32-25 17-41z\"\/><\/svg><\/label>\r\n    <\/span>\r\n    <span style=\"display:none\">\r\n        <input type=\"text\" name=\"kc_honeypot\">\r\n    <\/span><\/span><\/span>\n<\/p>\n<p><input class=\"wpcf7-form-control wpcf7-submit has-spinner\" type=\"submit\" value=\"Send\" \/>\n<\/p>\n<p>*= Vul het veld\n<\/p>\n<p>Als u problemen ondervindt met het formulier, stuur ons een <a href=\"mailto:info@vammencamping.dk\">email<\/a>.\n<\/p><div class=\"wpcf7-response-output\" aria-hidden=\"true\"><\/div>\n<\/form>\n<\/div>\n<\/div>\n\n\n\n<p><strong>Adres<\/strong><\/p>\n\n\n\n<p>Georg Sluyterman<\/p>\n\n\n\n<p>Vammen Camping<\/p>\n\n\n\n<p>Langs\u00f8vej 15<\/p>\n\n\n\n<p>8830 Tjele<\/p>\n\n\n\n<p>Tel.: +45 86 69 01 52<\/p>\n\n\n\n<p>E-mail: <a href=\"mailto:info@vammencamping.dk\">info@vammencamping.dk<\/a><\/p>\n\n\n\n<p>Mwst.: DK42907685<\/p>\n\n\n\n<p>Het postadres is Langs\u00f8vej, maar de beste manier om van Vammen naar de camping te komen is via de borden in het dorp die de verwijzen naar de camping, via Bygmarksvej (zie ook <a title=\"Directions\" href=\"https:\/\/vammencamping.dk\/nl\/route\/\">Routebeschrijving<\/a>).<\/p>\n\n\n\n<p><strong>Openingstijden<\/strong><\/p>\n\n\n\n<p>Vammen Camping is open vanaf 1 mei tot en met 31 augustus.<\/p>\n\n\n\n<p>Voor nieuwe kampeerders is elke dag vanaf 8.30 tot 12.00 uur en 14.00 tot 22.00 uur geopend.<\/p>\n\n\n\n<p>Als u verwacht buiten deze tijd te arriveren neem dan van tevoren contact met ons op. We hebben plaatsen voor late (na 22.00 uur) en vrouege aankomsten.<\/p>\n\n\n\n<p>De slagboom is open van 7:00-22:00 (let echter ook op de hierboven vermelde tijden).<\/p>\n\n\n\n<p>De kiosk is elke dag geopend van 8.30 tot 12.00 en van 14.00 tot 18.00 uur.<\/p>\n\n\n\n<p><span class=\"tlid-translation translation\" lang=\"nl\"><span class=\"\" title=\"\">We steken de open haard aan elke avond om 21.00 uur.<\/span><\/span><\/p>\n\n\n\n<figure class=\"wp-block-image size-large is-resized\"><img loading=\"lazy\" decoding=\"async\" width=\"1200\" height=\"1200\" src=\"https:\/\/vammencamping.dk\/wp-content\/uploads\/2025\/12\/ANWB-Weblogo-600x600-3-2026-1200x1200.png\" alt=\"\" class=\"wp-image-11028\" style=\"width:152px;height:152px\" srcset=\"https:\/\/vammencamping.dk\/wp-content\/uploads\/2025\/12\/ANWB-Weblogo-600x600-3-2026-1200x1200.png 1200w, https:\/\/vammencamping.dk\/wp-content\/uploads\/2025\/12\/ANWB-Weblogo-600x600-3-2026-744x744.png 744w, https:\/\/vammencamping.dk\/wp-content\/uploads\/2025\/12\/ANWB-Weblogo-600x600-3-2026-420x420.png 420w, https:\/\/vammencamping.dk\/wp-content\/uploads\/2025\/12\/ANWB-Weblogo-600x600-3-2026-768x768.png 768w, https:\/\/vammencamping.dk\/wp-content\/uploads\/2025\/12\/ANWB-Weblogo-600x600-3-2026-1536x1536.png 1536w, https:\/\/vammencamping.dk\/wp-content\/uploads\/2025\/12\/ANWB-Weblogo-600x600-3-2026-2048x2048.png 2048w, https:\/\/vammencamping.dk\/wp-content\/uploads\/2025\/12\/ANWB-Weblogo-600x600-3-2026.png 600w\" sizes=\"auto, (max-width: 1200px) 100vw, 1200px\" \/><\/figure>\n\n\n\n<figure class=\"wp-block-image\"><img loading=\"lazy\" decoding=\"async\" width=\"146\" height=\"150\" src=\"https:\/\/vammencamping.dk\/wp-content\/uploads\/2015\/03\/anwb_camping_van_het_jaar_2000.png\" alt=\"ANWB Vammen Camping camping van het jaar 2000\" class=\"wp-image-2909\" srcset=\"https:\/\/vammencamping.dk\/wp-content\/uploads\/2015\/03\/anwb_camping_van_het_jaar_2000.png 146w, https:\/\/vammencamping.dk\/wp-content\/uploads\/2015\/03\/anwb_camping_van_het_jaar_2000-420x431.png 420w, https:\/\/vammencamping.dk\/wp-content\/uploads\/2015\/03\/anwb_camping_van_het_jaar_2000-744x764.png 744w, https:\/\/vammencamping.dk\/wp-content\/uploads\/2015\/03\/anwb_camping_van_het_jaar_2000-1200x1232.png 1200w\" sizes=\"auto, (max-width: 146px) 100vw, 146px\" \/><\/figure>\n\n\n\n<p>&nbsp;<a class=\"fbx-instance fbx-link\" href=\"https:\/\/vammencamping.dk\/wp-content\/uploads\/2015\/03\/anwb_camping_van_het_jaar_2000.png\">&nbsp; <\/a><\/p>\n\n\n\n<script data-jsd-embedded=\"\" data-key=\"bfae59be-b345-4bb9-be55-94fb4ed9baee\" data-base-url=\"https:\/\/jsd-widget.atlassian.com\" src=\"https:\/\/jsd-widget.atlassian.com\/assets\/embed.js\"><\/script>\n\n\n\n<p><strong>Bankrekening informatie<\/strong><\/p>\n\n\n\n<p>Zie <a href=\"https:\/\/vammencamping.dk\/nl\/bank\/\" data-type=\"page\" data-id=\"6898\">deze pagina<\/a> voor meer informatie<\/p>\n\n\n\n<div style=\"text-align: left\" class=\"sender-form-field\" data-sender-form-id=\"bqxroR\"><\/div>\n\n\n\n<p><em><a href=\"https:\/\/vammencamping.dk\/privacy-policy\/\" data-type=\"page\" data-id=\"5704\">Privacybeleid<\/a> &#8211; <a href=\"https:\/\/vammencamping.dk\/terms-and-conditions\/\" data-type=\"page\" data-id=\"5705\">Algemene voorwaarden<\/a><\/em><\/p>\n","protected":false},"excerpt":{"rendered":"<p>Vragen? Zie onze FAQ of stuur ons een e-mail als u nog vragen hebt. We hebben nog steeds beschikbare plaatsen voor het hele seizoen. Adres Georg Sluyterman Vammen Camping Langs\u00f8vej 15 8830 Tjele Tel.: +45 86 69 01 52 E-mail: info@vammencamping.dk Mwst.: DK42907685 Het postadres is Langs\u00f8vej, maar de beste manier om van Vammen naar &#8230; <a class=\"read-more\" href=\"https:\/\/vammencamping.dk\/nl\/contact\/\">Read more&#8230;<\/a><\/p>\n","protected":false},"author":1,"featured_media":0,"parent":0,"menu_order":0,"comment_status":"closed","ping_status":"closed","template":"","meta":{"footnotes":""},"class_list":["post-3096","page","type-page","status-publish"],"featured_image_src":null,"_links":{"self":[{"href":"https:\/\/vammencamping.dk\/nl\/wp-json\/wp\/v2\/pages\/3096","targetHints":{"allow":["GET"]}}],"collection":[{"href":"https:\/\/vammencamping.dk\/nl\/wp-json\/wp\/v2\/pages"}],"about":[{"href":"https:\/\/vammencamping.dk\/nl\/wp-json\/wp\/v2\/types\/page"}],"author":[{"embeddable":true,"href":"https:\/\/vammencamping.dk\/nl\/wp-json\/wp\/v2\/users\/1"}],"replies":[{"embeddable":true,"href":"https:\/\/vammencamping.dk\/nl\/wp-json\/wp\/v2\/comments?post=3096"}],"version-history":[{"count":54,"href":"https:\/\/vammencamping.dk\/nl\/wp-json\/wp\/v2\/pages\/3096\/revisions"}],"predecessor-version":[{"id":11029,"href":"https:\/\/vammencamping.dk\/nl\/wp-json\/wp\/v2\/pages\/3096\/revisions\/11029"}],"wp:attachment":[{"href":"https:\/\/vammencamping.dk\/nl\/wp-json\/wp\/v2\/media?parent=3096"}],"curies":[{"name":"wp","href":"https:\/\/api.w.org\/{rel}","templated":true}]}}