{"id":2992,"date":"2017-12-28T18:13:48","date_gmt":"2017-12-28T17:13:48","guid":{"rendered":"http:\/\/vammencamping.dk\/?page_id=2992"},"modified":"2025-04-04T22:25:00","modified_gmt":"2025-04-04T21:25:00","slug":"faciliteiten","status":"publish","type":"page","link":"https:\/\/vammencamping.dk\/nl\/faciliteiten\/","title":{"rendered":"Faciliteiten"},"content":{"rendered":"<div id=\"metaslider-id-55\" style=\"width: 100%;\" class=\"ml-slider-3-108-0 metaslider metaslider-flex metaslider-55 ml-slider has-dots-nav ms-theme-default\" role=\"region\" aria-label=\"Facilities\" data-height=\"500\" data-width=\"1040\">\n    <div id=\"metaslider_container_55\">\n        <div id=\"metaslider_55\">\n            <ul class='slides'>\n                <li style=\"display: block; width: 100%;\" class=\"slide-1004 ms-image \" aria-roledescription=\"slide\" data-date=\"2015-01-29 22:38:56\" data-filename=\"slider_fb_campingkoekken_Frauke_Kollatsch-904x434.jpg\" data-slide-type=\"image\"><img loading=\"lazy\" decoding=\"async\" src=\"https:\/\/vammencamping.dk\/wp-content\/uploads\/2015\/01\/slider_fb_campingkoekken_Frauke_Kollatsch-904x434.jpg\" height=\"500\" width=\"1040\" alt=\"[:da] Hele familien synger, spiller musik og hygger til opvasken i &quot;samtalek\u00f8kkenet&quot; p\u00e5 campingpladsen [:en] The whole family is singing, playing music and are having a good time in the camping ktichen [:de] Die ganze Familie singt, spielt Musik und machen es sich gem\u00fctlich beim Sp\u00fchlen in der Campingk\u00fcche [:nl] De hele familie zingt, speelt muziek en geniet in de campingkeuken[:]\" class=\"slider-55 slide-1004 msDefaultImage\" \/><\/li>\n                <li style=\"display: none; width: 100%;\" class=\"slide-1010 ms-image \" aria-roledescription=\"slide\" data-date=\"2015-01-29 22:40:01\" data-filename=\"slider_pejsestuen_fotogra_lars_horn-1040x500.jpg\" data-slide-type=\"image\"><img loading=\"lazy\" decoding=\"async\" src=\"https:\/\/vammencamping.dk\/wp-content\/uploads\/2015\/01\/slider_pejsestuen_fotogra_lars_horn-1040x500.jpg\" height=\"500\" width=\"1040\" alt=\"[:da] Hygge omkring det knitrende b\u00e5l med jodlen, sang og musik i pejsestuen der er opf\u00f8rt i bindingsv\u00e6rk. [:en] Campers having a good time around the open fireplace with yodel, campers singing and music in the room with the open fireplace [:de] Gem\u00fctlichkeit um die offene Feuerstelle mit knichterndem Feur mit Jodeln, Gesang und Musik im Aufenthaldsraum [:nl] Gezelligheid rondom de open haard in de gemeenschappelijke ruimte met jodelen, gezang en muziek[:]\" class=\"slider-55 slide-1010 msDefaultImage\" \/><\/li>\n                <li style=\"display: none; width: 100%;\" class=\"slide-1007 ms-image \" aria-roledescription=\"slide\" data-date=\"2015-01-29 22:39:30\" data-filename=\"slider_musik_pejsestue4-1040x500.jpg\" data-slide-type=\"image\"><img loading=\"lazy\" decoding=\"async\" src=\"https:\/\/vammencamping.dk\/wp-content\/uploads\/2015\/01\/slider_musik_pejsestue4-1040x500.jpg\" height=\"500\" width=\"1040\" alt=\"[:da] Live-musik i pejsestuen. Harmonika, bas, guitar og sang fremf\u00f8rt af campisterne selv [:en] Live musik in the room with the open fireplace. Accordion, Bass, guitar and song performed by the campers themselves [:de] Live-musik in der Feuerstube. Akkordium, Bas, Guitarre und Gesang vorgef\u00fchrt von den Campern [:nl] Live muziek bij de open haard. Accordeon, bas gitaar end gezang van kampeerders[:]\" class=\"slider-55 slide-1007 msDefaultImage\" \/><\/li>\n                <li style=\"display: none; width: 100%;\" class=\"slide-1009 ms-image \" aria-roledescription=\"slide\" data-date=\"2015-01-29 22:39:51\" data-filename=\"slider_boern_hopper_i_soeen_fotograf_lars_horn-1040x500.jpg\" data-slide-type=\"image\"><img loading=\"lazy\" decoding=\"async\" src=\"https:\/\/vammencamping.dk\/wp-content\/uploads\/2015\/01\/slider_boern_hopper_i_soeen_fotograf_lars_horn-1040x500.jpg\" height=\"500\" width=\"1040\" alt=\"[:da] Tag en dukkert i bades\u00f8en. Spring direkte i s\u00f8en fra badebroen (den store t\u00f8mmerfl\u00e5de) og sv\u00f8m en tur. [:en] Jump in to the lake from the wooden pier (the big raft) and swim out to the small raft [:de] Spring direkt in dem See und Swimme zum kleinen Badeflo\u00df hinaus [:nl] Spring in het meer en zwem naar het vlot[:]\" class=\"slider-55 slide-1009 msDefaultImage\" \/><\/li>\n                <li style=\"display: none; width: 100%;\" class=\"slide-1005 ms-image \" aria-roledescription=\"slide\" data-date=\"2015-01-29 22:39:10\" data-filename=\"slider_kano4-1040x500.jpg\" data-slide-type=\"image\"><img loading=\"lazy\" decoding=\"async\" src=\"https:\/\/vammencamping.dk\/wp-content\/uploads\/2015\/01\/slider_kano4-1040x500.jpg\" height=\"500\" width=\"1040\" alt=\"[:da] Oplev naturen: Kanotur p\u00e5 den store s\u00f8. Medbring selv b\u00e5d eller kano eller en af campingpladsens kanoer. [:en] Experience the nature: Canoe trip on the big lake. Bring your own boat or canor, og rent one of the canoes on the campsite [:de] Erlebe die Natur: Kanofahrt auf dem gro\u00dfen See. Bringt gerne eigenes Boot oder Kanu oder mietet ein von Campingplatz [:nl] Beleef de natuur; kanovaren op het grote meer. Breng uw eigen boot of kano mee, of huur \u00e9\u00e9n van de campingkano&#039;s[:]\" class=\"slider-55 slide-1005 msDefaultImage\" \/><\/li>\n                <li style=\"display: none; width: 100%;\" class=\"slide-1008 ms-image \" aria-roledescription=\"slide\" data-date=\"2015-01-29 22:39:43\" data-filename=\"slider_stranden-1040x500.jpg\" data-slide-type=\"image\"><img loading=\"lazy\" decoding=\"async\" src=\"https:\/\/vammencamping.dk\/wp-content\/uploads\/2015\/01\/slider_stranden-1040x500.jpg\" height=\"500\" width=\"1040\" alt=\"[:da] Badende campister der nyder solen ved stranden [:en] Swimming campers are enjoying the sun at the beach [:de] Badende Camper genie\u00dfen die Sonne am Strand [:nl] Badgasten genieten van de zon op het strand[:]\" class=\"slider-55 slide-1008 msDefaultImage\" \/><\/li>\n                <li style=\"display: none; width: 100%;\" class=\"slide-1003 ms-image \" aria-roledescription=\"slide\" data-date=\"2015-01-29 22:38:55\" data-filename=\"slider_fb_beachvolley2-960x461.jpg\" data-slide-type=\"image\"><img loading=\"lazy\" decoding=\"async\" src=\"https:\/\/vammencamping.dk\/wp-content\/uploads\/2015\/01\/slider_fb_beachvolley2-960x461.jpg\" height=\"500\" width=\"1040\" alt=\"[:da] B\u00f8rn og unge spille beach volley [:en] Children and youth are playing beach volley [:de] Kinder und Jugendliche spielen Beach Volley [:nl] Kinderen en jongeren spelen beachvolley[:]\" class=\"slider-55 slide-1003 msDefaultImage\" \/><\/li>\n            <\/ul>\n        <\/div>\n        \n    <\/div>\n<\/div>\n<h2>Uitnodigende gemeenschappelijke ruimte met open haard en paviljoen<\/h2>\n<p>In de avonduren en op regenachtige dagen komen onze gasten samen in de gemeenschappelijke ruimte met open haard. Daar kan muziek worden gemaakt, maar het is ook mogelijk om gewoon te genieten van de sfeer of een spelletje te spelen.<\/p>\n<p>Speciaal voor de jeugd is er een paviljoen, dat ook een open haard heeft &#8211; en de zelfde gezellige sfeer als de grote maatschappelijke ruimte.<\/p>\n<h2>Gratis WiFi<\/h2>\n<p>Vammen was de eerste Deense camping met WiFi. Dit is gratis beschikbaar voor al onze gasten en heeft een uitstekende dekking op de meeste plekken van dec camping. WiFi zit inbegrepen in de <a title=\"prijzen\" href=\"https:\/\/vammencamping.dk\/nl\/prijzen\/\">prijs<\/a> van de camping.<\/p>\n<h2>Strand en meer<\/h2>\n<ul>\n<li>De camping ligt aan een 9 km lang meer om in te zwemmen of kano\u00ebn: Tjele Langs\u00f8 &#8211; een van de langste meren van Denemarken<\/li>\n<li>Een groot vlot vlakbij het strand fungeert als een houten pier, soms wordt het gebruikt voor een tocht op het meer<\/li>\n<li>In het meer ligt een kleiner vlot, waar je naar toe kunt zwemmen om lekker te zonnen<\/li>\n<li>Op de camping worden kano&#8217;s verhuurd<\/li>\n<li>Je mag ook je eigen kayak meebrengen, boot (zonder motor) of surfboard. Er is een speciale plek bij het meer waar je je eigen spullen kunt achterlaten<\/li>\n<li>Er is plek om te vissen aan de kant of op een groot vlot (het oude vlot, dat nu in gebruik is als plek om te vissen)<\/li>\n<li>Een sauna is gelegen op een rustige locatie aan het meer, met een eigen houten steiger<\/li>\n<\/ul>\n<h2>Sport en spel<\/h2>\n<p>Op de camping zijn veldjes die geschikt zijn voor onder meer:<\/p>\n<ul>\n<li>Beachvolleybal<\/li>\n<li>Volleybal<\/li>\n<li>Tafeltennis<\/li>\n<li>Jeu-de-boules<\/li>\n<\/ul>\n<p>Ballen, tafeltennisbatjes en jeu-de-boules-ballen zijn verkrijgbaar bij de receptie. In de gemeenschappelijke ruimte zijn spelletjes aanwezig, maar je kunt ze natuurlijk ook zelf meebrengen. Er zijn speeltoestellen voor de kinderen.<\/p>\n<p><a class=\"fbx-instance fbx-link\" href=\"\/wp-content\/uploads\/2015\/02\/Klaverloefter_pandekage.jpg\"><img loading=\"lazy\" decoding=\"async\" class=\"alignright wp-image-1375 size-thumbnail\" src=\"https:\/\/vammencamping.dk\/wp-content\/uploads\/2015\/02\/Klaverloefter_pandekage-420x561.jpg\" alt=\"Pannenkoeken bakken in de kampkeuken\" width=\"420\" height=\"561\" srcset=\"https:\/\/vammencamping.dk\/wp-content\/uploads\/2015\/02\/Klaverloefter_pandekage-420x561.jpg 420w, https:\/\/vammencamping.dk\/wp-content\/uploads\/2015\/02\/Klaverloefter_pandekage-744x994.jpg 744w, https:\/\/vammencamping.dk\/wp-content\/uploads\/2015\/02\/Klaverloefter_pandekage-1200x1603.jpg 1200w, https:\/\/vammencamping.dk\/wp-content\/uploads\/2015\/02\/Klaverloefter_pandekage.jpg 1712w\" sizes=\"auto, (max-width: 420px) 100vw, 420px\" \/><\/a><\/p>\n<h2>Receptie en kiosk<\/h2>\n<ul>\n<li>Bij de receptie zijn verschillende toeristenbrochures en omgevingskaarten verkrijgbaar<\/li>\n<li>Kaarten en routebeschrijvingen van hike- en fietstochten zijn ook beschikbaar<\/li>\n<li>Elke morgen zijn er versgebakken broodjes<\/li>\n<li>IJs, snoep, vleeswaren en andere producten zijn te koop bij de receptie<\/li>\n<li>Een supermarkt ligt op ongeveer 1,5 kilometer van de camping<\/li>\n<\/ul>\n<h2>Sanitair<\/h2>\n<ul>\n<li>Gratis warme douches zijn inbegrepen in de <a title=\"Prijzen\" href=\"https:\/\/vammencamping.dk\/nl\/prijzen\/\">campingprijs<\/a><\/li>\n<li>Aankleedkussens en babybadje zijn aanwezig in zowel het dames- als het herengedeelte<\/li>\n<li>Wasmachine met automatische zeepdispenser zonder parfum of bleekmiddel, evenals een droger<\/li>\n<li>Wasbakken met heet water voor afwas en handwas<\/li>\n<li><span class=\"tlid-translation translation\" lang=\"nl\"><span class=\"\" title=\"\">Droogkast en schoenendroger voor natte kleding<\/span><\/span><\/li>\n<li>Faciliteiten voor caravans<\/li>\n<li>Drinkwaterkranen zijn beschikbaar verspreid over de hele camping<\/li>\n<li>Campingkeuken met gasstellen<\/li>\n<\/ul>\n<h2>En verder&#8230;<\/h2>\n<ul>\n<li>Barbecues zijn te huur<\/li>\n<li>Verschillende muziekinstrumenten in de gemeenschappelijke ruimte kunnen worden gebruikt. Voel je vrij om een eigen instrument mee te nemen!<\/li>\n<li>Een kleine blokhut wordt verhuurd<\/li>\n<li>Alle campingplaatsen hebben een elektrische aansluiting<\/li>\n<li>Laadstation voor elektrische autos. <a href=\"https:\/\/vammencamping.dk\/nl\/ev-laaden-voor-elektrische-autos-op-vammen-camping\/\">Meer informatie<\/a><\/li>\n<\/ul>\n<p>\u00a0<\/p>\n<p>\u00a0<\/p>\n\n\n<figure class=\"wp-block-gallery has-nested-images columns-default is-cropped wp-block-gallery-1 is-layout-flex wp-block-gallery-is-layout-flex\">\n<figure class=\"wp-block-image size-large\"><img loading=\"lazy\" decoding=\"async\" width=\"1200\" height=\"800\" data-id=\"9117\" src=\"https:\/\/vammencamping.dk\/wp-content\/uploads\/2025\/04\/FR66115-1200x800.jpg\" alt=\"\" class=\"wp-image-9117\" srcset=\"https:\/\/vammencamping.dk\/wp-content\/uploads\/2025\/04\/FR66115-1200x800.jpg 1200w, https:\/\/vammencamping.dk\/wp-content\/uploads\/2025\/04\/FR66115-744x496.jpg 744w, https:\/\/vammencamping.dk\/wp-content\/uploads\/2025\/04\/FR66115-420x280.jpg 420w, https:\/\/vammencamping.dk\/wp-content\/uploads\/2025\/04\/FR66115-768x512.jpg 768w, https:\/\/vammencamping.dk\/wp-content\/uploads\/2025\/04\/FR66115.jpg 1024w\" sizes=\"auto, (max-width: 1200px) 100vw, 1200px\" \/><\/figure>\n\n\n\n<figure class=\"wp-block-image size-large\"><img loading=\"lazy\" decoding=\"async\" width=\"1200\" height=\"800\" data-id=\"9121\" src=\"https:\/\/vammencamping.dk\/wp-content\/uploads\/2025\/04\/FR66117-1200x800.jpg\" alt=\"\" class=\"wp-image-9121\" srcset=\"https:\/\/vammencamping.dk\/wp-content\/uploads\/2025\/04\/FR66117-1200x800.jpg 1200w, https:\/\/vammencamping.dk\/wp-content\/uploads\/2025\/04\/FR66117-744x496.jpg 744w, https:\/\/vammencamping.dk\/wp-content\/uploads\/2025\/04\/FR66117-420x280.jpg 420w, https:\/\/vammencamping.dk\/wp-content\/uploads\/2025\/04\/FR66117-768x512.jpg 768w, https:\/\/vammencamping.dk\/wp-content\/uploads\/2025\/04\/FR66117.jpg 1024w\" sizes=\"auto, (max-width: 1200px) 100vw, 1200px\" \/><\/figure>\n\n\n\n<figure class=\"wp-block-image size-large\"><img loading=\"lazy\" decoding=\"async\" width=\"1200\" height=\"800\" data-id=\"9125\" src=\"https:\/\/vammencamping.dk\/wp-content\/uploads\/2025\/04\/FR66201-Verbessert-1200x800.jpg\" alt=\"\" class=\"wp-image-9125\" srcset=\"https:\/\/vammencamping.dk\/wp-content\/uploads\/2025\/04\/FR66201-Verbessert-1200x800.jpg 1200w, https:\/\/vammencamping.dk\/wp-content\/uploads\/2025\/04\/FR66201-Verbessert-744x496.jpg 744w, https:\/\/vammencamping.dk\/wp-content\/uploads\/2025\/04\/FR66201-Verbessert-420x280.jpg 420w, https:\/\/vammencamping.dk\/wp-content\/uploads\/2025\/04\/FR66201-Verbessert-768x512.jpg 768w, https:\/\/vammencamping.dk\/wp-content\/uploads\/2025\/04\/FR66201-Verbessert.jpg 1024w\" sizes=\"auto, (max-width: 1200px) 100vw, 1200px\" \/><\/figure>\n\n\n\n<figure class=\"wp-block-image size-large\"><img loading=\"lazy\" decoding=\"async\" width=\"1200\" height=\"800\" data-id=\"9129\" src=\"https:\/\/vammencamping.dk\/wp-content\/uploads\/2025\/04\/FR66218-1200x800.jpg\" alt=\"\" class=\"wp-image-9129\" srcset=\"https:\/\/vammencamping.dk\/wp-content\/uploads\/2025\/04\/FR66218-1200x800.jpg 1200w, https:\/\/vammencamping.dk\/wp-content\/uploads\/2025\/04\/FR66218-744x496.jpg 744w, https:\/\/vammencamping.dk\/wp-content\/uploads\/2025\/04\/FR66218-420x280.jpg 420w, https:\/\/vammencamping.dk\/wp-content\/uploads\/2025\/04\/FR66218-768x512.jpg 768w, https:\/\/vammencamping.dk\/wp-content\/uploads\/2025\/04\/FR66218.jpg 1024w\" sizes=\"auto, (max-width: 1200px) 100vw, 1200px\" \/><\/figure>\n\n\n\n<figure class=\"wp-block-image size-large\"><img loading=\"lazy\" decoding=\"async\" width=\"1200\" height=\"1600\" data-id=\"9134\" src=\"https:\/\/vammencamping.dk\/wp-content\/uploads\/2025\/04\/IMG_1724-1200x1600.jpeg\" alt=\"\" class=\"wp-image-9134\" srcset=\"https:\/\/vammencamping.dk\/wp-content\/uploads\/2025\/04\/IMG_1724-1200x1600.jpeg 1200w, https:\/\/vammencamping.dk\/wp-content\/uploads\/2025\/04\/IMG_1724-744x992.jpeg 744w, https:\/\/vammencamping.dk\/wp-content\/uploads\/2025\/04\/IMG_1724-420x560.jpeg 420w, https:\/\/vammencamping.dk\/wp-content\/uploads\/2025\/04\/IMG_1724-768x1024.jpeg 768w\" sizes=\"auto, (max-width: 1200px) 100vw, 1200px\" \/><\/figure>\n\n\n\n<figure class=\"wp-block-image size-large\"><img loading=\"lazy\" decoding=\"async\" width=\"1200\" height=\"596\" data-id=\"2864\" src=\"https:\/\/vammencamping.dk\/wp-content\/uploads\/2015\/01\/campingkitchen_guitar_cropped1-1200x596.jpg\" alt=\"\" class=\"wp-image-2864\" srcset=\"https:\/\/vammencamping.dk\/wp-content\/uploads\/2015\/01\/campingkitchen_guitar_cropped1-1200x596.jpg 1200w, https:\/\/vammencamping.dk\/wp-content\/uploads\/2015\/01\/campingkitchen_guitar_cropped1-420x208.jpg 420w, https:\/\/vammencamping.dk\/wp-content\/uploads\/2015\/01\/campingkitchen_guitar_cropped1-744x369.jpg 744w\" sizes=\"auto, (max-width: 1200px) 100vw, 1200px\" \/><\/figure>\n\n\n\n<figure class=\"wp-block-image size-large\"><img loading=\"lazy\" decoding=\"async\" width=\"1200\" height=\"799\" data-id=\"8707\" src=\"https:\/\/vammencamping.dk\/wp-content\/uploads\/2025\/04\/campingkitchen_cropped-1-1200x799.jpg\" alt=\"\" class=\"wp-image-8707\" srcset=\"https:\/\/vammencamping.dk\/wp-content\/uploads\/2025\/04\/campingkitchen_cropped-1-1200x799.jpg 1200w, https:\/\/vammencamping.dk\/wp-content\/uploads\/2025\/04\/campingkitchen_cropped-1-744x495.jpg 744w, https:\/\/vammencamping.dk\/wp-content\/uploads\/2025\/04\/campingkitchen_cropped-1-420x279.jpg 420w, https:\/\/vammencamping.dk\/wp-content\/uploads\/2025\/04\/campingkitchen_cropped-1-768x511.jpg 768w, https:\/\/vammencamping.dk\/wp-content\/uploads\/2025\/04\/campingkitchen_cropped-1.jpg 2000w\" sizes=\"auto, (max-width: 1200px) 100vw, 1200px\" \/><\/figure>\n<\/figure>\n","protected":false},"excerpt":{"rendered":"<p>Uitnodigende gemeenschappelijke ruimte met open haard en paviljoen In de avonduren en op regenachtige dagen komen onze gasten samen in de gemeenschappelijke ruimte met open haard. Daar kan muziek worden gemaakt, maar het is ook mogelijk om gewoon te genieten van de sfeer of een spelletje te spelen. Speciaal voor de jeugd is er een &#8230; <a class=\"read-more\" href=\"https:\/\/vammencamping.dk\/nl\/faciliteiten\/\">Read more&#8230;<\/a><\/p>\n","protected":false},"author":1,"featured_media":0,"parent":0,"menu_order":0,"comment_status":"closed","ping_status":"closed","template":"","meta":{"footnotes":""},"class_list":["post-2992","page","type-page","status-publish"],"featured_image_src":null,"_links":{"self":[{"href":"https:\/\/vammencamping.dk\/nl\/wp-json\/wp\/v2\/pages\/2992","targetHints":{"allow":["GET"]}}],"collection":[{"href":"https:\/\/vammencamping.dk\/nl\/wp-json\/wp\/v2\/pages"}],"about":[{"href":"https:\/\/vammencamping.dk\/nl\/wp-json\/wp\/v2\/types\/page"}],"author":[{"embeddable":true,"href":"https:\/\/vammencamping.dk\/nl\/wp-json\/wp\/v2\/users\/1"}],"replies":[{"embeddable":true,"href":"https:\/\/vammencamping.dk\/nl\/wp-json\/wp\/v2\/comments?post=2992"}],"version-history":[{"count":17,"href":"https:\/\/vammencamping.dk\/nl\/wp-json\/wp\/v2\/pages\/2992\/revisions"}],"predecessor-version":[{"id":9141,"href":"https:\/\/vammencamping.dk\/nl\/wp-json\/wp\/v2\/pages\/2992\/revisions\/9141"}],"wp:attachment":[{"href":"https:\/\/vammencamping.dk\/nl\/wp-json\/wp\/v2\/media?parent=2992"}],"curies":[{"name":"wp","href":"https:\/\/api.w.org\/{rel}","templated":true}]}}