{"id":2986,"date":"2017-12-28T18:10:25","date_gmt":"2017-12-28T17:10:25","guid":{"rendered":"http:\/\/vammencamping.dk\/?page_id=2986"},"modified":"2018-10-16T21:52:05","modified_gmt":"2018-10-16T20:52:05","slug":"activiteiten","status":"publish","type":"page","link":"https:\/\/vammencamping.dk\/nl\/activiteiten\/","title":{"rendered":"Activiteiten"},"content":{"rendered":"<div id=\"metaslider-id-975\" style=\"width: 100%;\" class=\"ml-slider-3-108-0 metaslider metaslider-flex metaslider-975 ml-slider has-dots-nav ms-theme-default\" role=\"region\" aria-label=\"Activities\" data-height=\"500\" data-width=\"1040\">\n    <div id=\"metaslider_container_975\">\n        <div id=\"metaslider_975\">\n            <ul class='slides'>\n                <li style=\"display: block; width: 100%;\" class=\"slide-965 ms-image \" aria-roledescription=\"slide\" data-date=\"2015-01-27 23:28:10\" data-filename=\"kapow2-1040x500.jpg\" data-slide-type=\"image\"><img loading=\"lazy\" decoding=\"async\" src=\"https:\/\/vammencamping.dk\/wp-content\/uploads\/2015\/01\/kapow2-1040x500.jpg\" height=\"500\" width=\"1040\" alt=\"[:da] Hele familien spiller Kapow - et sjovt familiespil med stor underholdningsv\u00e6rdi [:en] The whole family is playing Kapow - a fun family game wich is very entertaining [:de] Die ganze Familie spielt Kapow - ein lustiges Familienspiel [:nl] De hele familie speelt Kapow - een leuk familiespel[:]\" class=\"slider-975 slide-965 msDefaultImage\" \/><\/li>\n                <li style=\"display: none; width: 100%;\" class=\"slide-979 ms-image \" aria-roledescription=\"slide\" data-date=\"2015-01-27 23:58:54\" data-filename=\"kindermusikabend4_cropped-1040x500.jpg\" data-slide-type=\"image\"><img loading=\"lazy\" decoding=\"async\" src=\"https:\/\/vammencamping.dk\/wp-content\/uploads\/2015\/01\/kindermusikabend4_cropped-1040x500.jpg\" height=\"500\" width=\"1040\" alt=\"[:da] B\u00f8rnemusikaften. B\u00f8rn spiller for de voksne. F\u00e6llessang og sanglege. [:en] Childrens music night. The children are playing for the adults. Common singing and song games [:de] Kindermusikabend. Die Kinder spielen f\u00fcr die Erwachsene. Gemeinsammes singen und Gesangspiele. [:nl] Muziekavond voor de kinderen. Kinderen spelen voor de volwassenen.[:]\" class=\"slider-975 slide-979 msDefaultImage\" \/><\/li>\n                <li style=\"display: none; width: 100%;\" class=\"slide-969 ms-image \" aria-roledescription=\"slide\" data-date=\"2015-01-27 23:29:08\" data-filename=\"vammenkor-1040x500.jpg\" data-slide-type=\"image\"><img loading=\"lazy\" decoding=\"async\" src=\"https:\/\/vammencamping.dk\/wp-content\/uploads\/2015\/01\/vammenkor-1040x500.jpg\" height=\"500\" width=\"1040\" alt=\"[:da] Spontant kor hvor campisterne synger [:en] Sponteneously choir where campers are singing [:de] Spontanes Chor wor die camper singen [:nl] Een spontaan ontstaan koor, waarin campinggasten samen zingen[:]\" class=\"slider-975 slide-969 msDefaultImage\" \/><\/li>\n                <li style=\"display: none; width: 100%;\" class=\"slide-967 ms-image \" aria-roledescription=\"slide\" data-date=\"2015-01-27 23:28:35\" data-filename=\"pizza3-1040x500.jpg\" data-slide-type=\"image\"><img loading=\"lazy\" decoding=\"async\" src=\"https:\/\/vammencamping.dk\/wp-content\/uploads\/2015\/01\/pizza3-1040x500.jpg\" height=\"500\" width=\"1040\" alt=\"[:da] Madlavning: Lav din egen pizza. En aktivitet for hele familien. [:en] Cooking and baking: Do-it-yourself pizza. An activity for the whole family [:de] Essen: Mache deine eigene Pizza. Eine Aktivit\u00e4t f\u00fcr die ganze Familie [:nl] Koken: maak je eigen pizza. Een activiteit voor het hele gezin.[:]\" class=\"slider-975 slide-967 msDefaultImage\" \/><\/li>\n                <li style=\"display: none; width: 100%;\" class=\"slide-982 ms-image \" aria-roledescription=\"slide\" data-date=\"2015-01-28 00:08:17\" data-filename=\"pizza4_cropped-1040x500.jpg\" data-slide-type=\"image\"><img loading=\"lazy\" decoding=\"async\" src=\"https:\/\/vammencamping.dk\/wp-content\/uploads\/2015\/01\/pizza4_cropped-1040x500.jpg\" height=\"500\" width=\"1040\" alt=\"[:da] Hvert familiemedlem laver sin egen unikke pizza [:en] Each member of the family is making her own unique pizza [:de] Jedes Familienmitglied mach seine eigene einzigartige Pizza [:nl] Elk gezinslid mag zelf zijn eigen unieke pizza maken[:]\" class=\"slider-975 slide-982 msDefaultImage\" \/><\/li>\n                <li style=\"display: none; width: 100%;\" class=\"slide-978 ms-image \" aria-roledescription=\"slide\" data-date=\"2015-01-27 23:58:47\" data-filename=\"vammen_sports_challenge_cropped-1040x500.jpg\" data-slide-type=\"image\"><img loading=\"lazy\" decoding=\"async\" src=\"https:\/\/vammencamping.dk\/wp-content\/uploads\/2015\/01\/vammen_sports_challenge_cropped-1040x500.jpg\" height=\"500\" width=\"1040\" alt=\"[:da] Vammen Sports Challenge - en micro-duatlon, hvor vi konkurrerer p\u00e5 en kort l\u00f8bedistance og en sv\u00f8mmetur i s\u00f8en. [:en] Vammen Sports Challenge - a micro duathlon where we are competing on a short running distance and swimming in the lake [:de] Vammen Sport Challenge - ein Micro-duatlon wo wir eine kleine laufedistance haben und eine kurze strecke im See schwimmen [:nl] Vammen Sports Challenge - een micro-duatlon met een kort stukje hardlopen en zwemmen in het meer[:]\" class=\"slider-975 slide-978 msDefaultImage\" \/><\/li>\n                <li style=\"display: none; width: 100%;\" class=\"slide-980 ms-image \" aria-roledescription=\"slide\" data-date=\"2015-01-27 23:58:57\" data-filename=\"cirkus_flamme_cropped-1040x500.jpg\" data-slide-type=\"image\"><img loading=\"lazy\" decoding=\"async\" src=\"https:\/\/vammencamping.dk\/wp-content\/uploads\/2015\/01\/cirkus_flamme_cropped-1040x500.jpg\" height=\"500\" width=\"1040\" alt=\"[:da] Cirkus Flamme. Tryllekunsteren Jens (Troldmanden fra Sams\u00f8) underholder b\u00f8rnene p\u00e5 stranden. Underholdning med sang og musik. [:en] Circus Flame. The maigician Jens (Wizard of Sams\u00f8) entertains children on the beach. Entertainment with music and singing. [:de] Zrikus Flamme. Der zauberer Jens (Der Hexenmeister von Sams\u00f8) unterh\u00e4lt die Kinder am Strand. Unterhaltung mit Gesang und Musik. [:nl] Circus Flame. Goochelaar Jens (De tovenaar van Sams\u00f8) vermaakt de kinderen op het strand. Vermaak met liederen en muziek.[:]\" class=\"slider-975 slide-980 msDefaultImage\" \/><\/li>\n            <\/ul>\n        <\/div>\n        \n    <\/div>\n<\/div>\n<p>Natuurlijk kun je je op Vammen prima vermaken in de ongerepte natuur en genieten van zingende vogels. Maar ook wie op zoek is naar een actievere vakantie, kan ook bij ons terecht.<\/p>\n<p>Zo zijn er veel <a title=\"Attractions\" href=\"\/nl\/bezienswaardigheden\/\">bezienswaardigheden<\/a> in de omgeving en ook op de camping zelf is <a href=\"\/nl\/faciliteiten\/\">van alles te doen;<\/a> denk aan beachvolley, tafeltennis, onze speeltuin of zwemmen in het meer. Ook organiseren we activiteiten voor gasten van alle leeftijden.<\/p>\n<p>Op het prikbord naast de receptie zie je altijd wat er de komende dagen te doen is. De meeste activiteiten zijn inbegrepen bij de <a title=\"Prices\" href=\"\/nl\/prijzen\/\">prijs<\/a> van de camping en kosten dus niks extra&#8217;s.<\/p>\n<p>Een greep uit onze activiteiten:<\/p>\n<h2>Kinderen<\/h2>\n<ul>\n<li>Schat zoeken<\/li>\n<li>Zangspelletjes<\/li>\n<li>Muziekavond voor de kinderen<\/li>\n<li>Brood bakken aan een stok boven het vuur<\/li>\n<li>Het verzamelen van materialen in de natuur en daar iets moois mee maken<\/li>\n<li>Creatief spelen met papier<\/li>\n<li>Verhalen vertellen bij het open haardvuur<\/li>\n<li>Je eigen ritme-instrument bouwen<\/li>\n<\/ul>\n<h2>Alle leeftijden<\/h2>\n<ul>\n<li>Olympische spelen<\/li>\n<li>Beachvolley- en voetbaltoernooien<\/li>\n<li>Vammen sport-challenge (&#8216;micro duatlon&#8217;)<\/li>\n<li>Vlot-tour<\/li>\n<li>Hiken met een gids<\/li>\n<li>Zingen in een koor (ook voor beginners)<\/li>\n<li>Verschillende hobby-activiteiten<\/li>\n<li>Kapow (een uniek balspel dat wordt gespeeld op het sportveld)<\/li>\n<li>Zelf kaarsen maken<\/li>\n<li>Zelf zeep maken<\/li>\n<li>Handwerken bij de open haard<\/li>\n<li>Een sleutelhanger of diertje leren haken<\/li>\n<li>Tai chi op het strand<\/li>\n<li>Djemb\u00e9 leren spelen<\/li>\n<\/ul>\n<h2>Eten<\/h2>\n<p>Sommige gerechten worden bereid, andere keren mogen kinderen en volwassenen zelf aan de slag met koken.<\/p>\n<ul>\n<li>Pizza bakken &#8211; breng je eigen ingredi\u00ebnten mee. Wij bereiden het deeg en bakken de pizza&#8217;s in de oven<\/li>\n<li>Goudforellen roken in onze eigen rookkamer bij de open haard<\/li>\n<li>H\u00f8nsek\u00f8dssuppe (Deense vleesballensoep)<\/li>\n<li>Heerlijke worstjes roosteren boven de open haard<\/li>\n<li>Zelfgemaakte wafels met ijs en vruchtensaus<\/li>\n<li>Zelfgemaakte Deense appeltaart in een glas<\/li>\n<li>Je eigen viking-muesli maken (voor het ontbijt)<\/li>\n<li>Pannenkoeken bakken (wij zorgen voor de ingredi\u00ebnten, gasten mogen zelf bakken)<\/li>\n<li>Zelf de Deense specialiteit &#8216;sm\u00f8rrebr\u00f8d&#8217; leren maken<\/li>\n<li>Elke ochtend om half negen: zelfgebakken broodjes<\/li>\n<\/ul>\n<p>Idee\u00ebn voor nieuwe activiteiten zijn altijd welkom!<\/p>\n","protected":false},"excerpt":{"rendered":"<p>Natuurlijk kun je je op Vammen prima vermaken in de ongerepte natuur en genieten van zingende vogels. Maar ook wie op zoek is naar een actievere vakantie, kan ook bij ons terecht. Zo zijn er veel bezienswaardigheden in de omgeving en ook op de camping zelf is van alles te doen; denk aan beachvolley, tafeltennis, &#8230; <a class=\"read-more\" href=\"https:\/\/vammencamping.dk\/nl\/activiteiten\/\">Read more&#8230;<\/a><\/p>\n","protected":false},"author":1,"featured_media":0,"parent":0,"menu_order":0,"comment_status":"closed","ping_status":"closed","template":"","meta":{"footnotes":""},"class_list":["post-2986","page","type-page","status-publish"],"featured_image_src":null,"_links":{"self":[{"href":"https:\/\/vammencamping.dk\/nl\/wp-json\/wp\/v2\/pages\/2986","targetHints":{"allow":["GET"]}}],"collection":[{"href":"https:\/\/vammencamping.dk\/nl\/wp-json\/wp\/v2\/pages"}],"about":[{"href":"https:\/\/vammencamping.dk\/nl\/wp-json\/wp\/v2\/types\/page"}],"author":[{"embeddable":true,"href":"https:\/\/vammencamping.dk\/nl\/wp-json\/wp\/v2\/users\/1"}],"replies":[{"embeddable":true,"href":"https:\/\/vammencamping.dk\/nl\/wp-json\/wp\/v2\/comments?post=2986"}],"version-history":[{"count":4,"href":"https:\/\/vammencamping.dk\/nl\/wp-json\/wp\/v2\/pages\/2986\/revisions"}],"predecessor-version":[{"id":3741,"href":"https:\/\/vammencamping.dk\/nl\/wp-json\/wp\/v2\/pages\/2986\/revisions\/3741"}],"wp:attachment":[{"href":"https:\/\/vammencamping.dk\/nl\/wp-json\/wp\/v2\/media?parent=2986"}],"curies":[{"name":"wp","href":"https:\/\/api.w.org\/{rel}","templated":true}]}}