{"id":10285,"date":"2025-07-07T09:53:26","date_gmt":"2025-07-07T08:53:26","guid":{"rendered":"https:\/\/vammencamping.dk\/wandelroute-8-fastruplund-bos\/"},"modified":"2025-07-07T09:53:27","modified_gmt":"2025-07-07T08:53:27","slug":"wandelroute-8-fastruplund-bos","status":"publish","type":"page","link":"https:\/\/vammencamping.dk\/nl\/wandelroute-8-fastruplund-bos\/","title":{"rendered":"Wandelroute 8 &#8211; Fastruplund Bos"},"content":{"rendered":"\n<div class=\"wp-block-columns is-layout-flex wp-container-core-columns-is-layout-9d6595d7 wp-block-columns-is-layout-flex\">\n<div class=\"wp-block-column is-layout-flow wp-block-column-is-layout-flow\">\n<figure class=\"wp-block-image size-large is-resized\"><a href=\"https:\/\/vcamp.dk\/h8\/osm\" target=\"_blank\" rel=\" noreferrer noopener\"><img loading=\"lazy\" decoding=\"async\" width=\"1200\" height=\"400\" src=\"https:\/\/vammencamping.dk\/wp-content\/uploads\/2025\/06\/openstreetmap-1200x400.png\" alt=\"\" class=\"wp-image-9358\" style=\"width:264px;height:auto\" srcset=\"https:\/\/vammencamping.dk\/wp-content\/uploads\/2025\/06\/openstreetmap-1200x400.png 1200w, https:\/\/vammencamping.dk\/wp-content\/uploads\/2025\/06\/openstreetmap-744x248.png 744w, https:\/\/vammencamping.dk\/wp-content\/uploads\/2025\/06\/openstreetmap-420x140.png 420w, https:\/\/vammencamping.dk\/wp-content\/uploads\/2025\/06\/openstreetmap-768x256.png 768w, https:\/\/vammencamping.dk\/wp-content\/uploads\/2025\/06\/openstreetmap.png 900w\" sizes=\"auto, (max-width: 1200px) 100vw, 1200px\" \/><\/a><\/figure>\n<\/div>\n\n\n\n<div class=\"wp-block-column is-layout-flow wp-block-column-is-layout-flow\">\n<figure class=\"wp-block-image size-large is-resized\"><a href=\"https:\/\/vcamp.dk\/h8\/gm\" target=\"_blank\" rel=\" noreferrer noopener\"><img loading=\"lazy\" decoding=\"async\" width=\"1200\" height=\"324\" src=\"https:\/\/vammencamping.dk\/wp-content\/uploads\/2025\/06\/google_maps-1200x324.png\" alt=\"\" class=\"wp-image-9364\" style=\"width:242px;height:auto\" srcset=\"https:\/\/vammencamping.dk\/wp-content\/uploads\/2025\/06\/google_maps-1200x324.png 1200w, https:\/\/vammencamping.dk\/wp-content\/uploads\/2025\/06\/google_maps-744x201.png 744w, https:\/\/vammencamping.dk\/wp-content\/uploads\/2025\/06\/google_maps-420x113.png 420w, https:\/\/vammencamping.dk\/wp-content\/uploads\/2025\/06\/google_maps-768x207.png 768w, https:\/\/vammencamping.dk\/wp-content\/uploads\/2025\/06\/google_maps.png 2048w\" sizes=\"auto, (max-width: 1200px) 100vw, 1200px\" \/><\/a><\/figure>\n<\/div>\n\n\n\n<div class=\"wp-block-column is-layout-flow wp-block-column-is-layout-flow\">\n<figure class=\"wp-block-image size-large is-resized\"><a href=\"https:\/\/vcamp.dk\/h8\/km\" target=\"_blank\" rel=\" noreferrer noopener\"><img loading=\"lazy\" decoding=\"async\" width=\"1200\" height=\"362\" src=\"https:\/\/vammencamping.dk\/wp-content\/uploads\/2025\/06\/komoot-1200x362.png\" alt=\"\" class=\"wp-image-9368\" style=\"width:241px;height:auto\" srcset=\"https:\/\/vammencamping.dk\/wp-content\/uploads\/2025\/06\/komoot-1200x362.png 1200w, https:\/\/vammencamping.dk\/wp-content\/uploads\/2025\/06\/komoot-744x224.png 744w, https:\/\/vammencamping.dk\/wp-content\/uploads\/2025\/06\/komoot-420x126.png 420w, https:\/\/vammencamping.dk\/wp-content\/uploads\/2025\/06\/komoot-768x231.png 768w, https:\/\/vammencamping.dk\/wp-content\/uploads\/2025\/06\/komoot.png 716w\" sizes=\"auto, (max-width: 1200px) 100vw, 1200px\" \/><\/a><\/figure>\n<\/div>\n<\/div>\n\n<p><\/p>\n\n<p class=\"has-text-align-left\">Lengte: <strong>12,8 km<\/strong><\/p>\n\n<p class=\"has-text-align-left\">Wandel door het historische Vammen en door het open landschap met weiden, bossen en uitzichten op met heide begroeide heuvels. Onderweg kom je langs kloven uit de ijstijd, vogelrijke weiden, een vredig bos &#8211; en bereik je het hoogste punt in de omgeving, Rish\u00f8j. <\/p>\n\n<iframe loading=\"lazy\" width=\"100%\" height=\"500px\" frameborder=\"0\" allowfullscreen=\"\" allow=\"geolocation\" src=\"\/\/umap.openstreetmap.fr\/da\/map\/vammen-camping-hiking-route-8-fastruplund-forest_1240109?scaleControl=false&#038;miniMap=false&#038;scrollWheelZoom=false&#038;zoomControl=true&#038;editMode=disabled&#038;moreControl=true&#038;searchControl=null&#038;tilelayersControl=null&#038;embedControl=null&#038;datalayersControl=true&#038;onLoadPanel=none&#038;captionBar=false&#038;captionMenus=true\"><\/iframe><p><a href=\"\/\/umap.openstreetmap.fr\/da\/map\/vammen-camping-hiking-route-8-fastruplund-forest_1240109?scaleControl=false&#038;miniMap=false&#038;scrollWheelZoom=true&#038;zoomControl=true&#038;editMode=disabled&#038;moreControl=true&#038;searchControl=null&#038;tilelayersControl=null&#038;embedControl=null&#038;datalayersControl=true&#038;onLoadPanel=none&#038;captionBar=false&#038;captionMenus=true\">Bekijk op volledig scherm<\/a><\/p>\n\n<p>Volg de campingweg richting Vammen en houd links aan bij de Y-splitsing.<\/p>\n\n<p>Sla in Vammen linksaf naar Hobrovej.<\/p>\n\n<p>Ga bij de splitsing rechtsaf de N\u00f8rregade op. De weg loopt langs het Forsamlingshuset aan de linkerkant. <\/p>\n\n<p>De kerk van Vammen uit ongeveer 1200 heeft een Romaanse apsis, koor en schip. De toren en het portaal zijn laatgotische toevoegingen. <\/p>\n\n<p>Je loopt nu door het oudste deel van Vammen, Nederby, en buiten de stad krijg je een prachtig uitzicht op de uitgestrekte weilanden met Skals \u00c5. Ga bij de waterzuiveringsinstallatie rechtsaf de \u00d8ster K\u00e6rvej op. <\/p>\n\n<p>Tegenwoordig worden de weiden voornamelijk gebruikt voor begrazing en hooibouw of liggen ze gewoon braak. Dit biedt mogelijkheden voor een rijk vogel- en dierenleven en een overvloed aan fauna. Aan de rechterkant is een prachtige kloof die in de ijstijd is gevormd (30 meter stijging).  <\/p>\n\n<p>Aan de noordkant van Skals\u00e5dalen liggen de beschermde en met heide begroeide H\u00e6rup Bakker, waar damherten en ree\u00ebn in kuddes rondlopen.<\/p>\n\n<p>Ga rechtdoor langs \u00d8ster K\u00e6rvej richting Fastruplund Skov. Passeer de boerderij Moseg\u00e5rd en ga verder in de richting van het bos. <\/p>\n\n<p>In het bos kruisen twee paden elkaar &#8211; houd rechts aan omhoog door het bos naar de asfaltweg Hobrovej. Ga rechtsaf en vervolg Hobrovej tot het blauwe bord 67 &#8211; 71, ongeveer 25 meter na het passeren van het rode bakstenen transformatorhuisje). Sla rechtsaf en volg de oranje wegwijzer helemaal tot aan de huizen op L\u00f8ndalen. Je passeert het hoogste punt in de omgeving, Rish\u00f8j, 57 meter boven zeeniveau, bij perceel nr. 39. Volg de oranje wegwijzers naar de huizen op L\u00f8ndalen. Ga linksaf en voorbij het padvindershuisje omhoog naar de asfaltweg Hobrovej. Sla rechtsaf en dan meteen linksaf langs Bygmarksvej terug naar de camping.     <\/p>\n<div class=\"wp-block-image\">\n<figure class=\"aligncenter size-large is-resized\"><img loading=\"lazy\" decoding=\"async\" width=\"1200\" height=\"634\" src=\"https:\/\/vammencamping.dk\/wp-content\/uploads\/2025\/07\/Skaermbillede-2025-07-01-122024-1200x634.png\" alt=\"\" class=\"wp-image-9557\" style=\"width:144px\" srcset=\"https:\/\/vammencamping.dk\/wp-content\/uploads\/2025\/07\/Skaermbillede-2025-07-01-122024-1200x634.png 1200w, https:\/\/vammencamping.dk\/wp-content\/uploads\/2025\/07\/Skaermbillede-2025-07-01-122024-744x393.png 744w, https:\/\/vammencamping.dk\/wp-content\/uploads\/2025\/07\/Skaermbillede-2025-07-01-122024-420x222.png 420w, https:\/\/vammencamping.dk\/wp-content\/uploads\/2025\/07\/Skaermbillede-2025-07-01-122024-768x406.png 768w, https:\/\/vammencamping.dk\/wp-content\/uploads\/2025\/07\/Skaermbillede-2025-07-01-122024.png 904w\" sizes=\"auto, (max-width: 1200px) 100vw, 1200px\" \/><figcaption class=\"wp-element-caption\">Klik op de kaart om infopunten te zien<\/figcaption><\/figure>\n<\/div>\n<p><em>a) Een gemeenschapscentrum is een gemeenschappelijk cultureel centrum en ontmoetingsplaats van een kleine stad\/dorp dat gebruikt wordt voor lezingen, vergaderingen, evenementen, priv\u00e9- of openbare feesten, enz. Er zijn ongeveer 1000 buurthuizen in Denemarken. <\/em><\/p>\n\n<p><em>b) De weilanden zijn opgedeeld in veel kleine percelen omdat alle eigendommen in Vammen vroeger hooi maakten voor hun vee en turf groeven voor het huishouden.<\/em><\/p>\n\n<p><em>c) Als je iets verder de weilanden in wilt lopen, kun je ongeveer 200 meter verder langs \u00d8ster K\u00e6rvej lopen, linksaf slaan en de weg volgen die ongeveer 100 meter van Skals \u00c5 eindigt. De reiger wordt hier vaak gezien en de nachtegaal kun je horen van half mei tot St. Hans.  <\/em><\/p>\n\n<p><em>d) Het is een klein gemengd bos van voornamelijk beuken, eiken en sparren, dat vroeger werd opgedeeld door de boerderijen ten oosten van de stad. Al het hout op de camping komt hier vandaan. Het bos is nu gemeentelijk.  <\/em><\/p>\n","protected":false},"excerpt":{"rendered":"<p>Lengte: 12,8 km Wandel door het historische Vammen en door het open landschap met weiden, bossen en uitzichten op met heide begroeide heuvels. Onderweg kom je langs kloven uit de ijstijd, vogelrijke weiden, een vredig bos &#8211; en bereik je het hoogste punt in de omgeving, Rish\u00f8j. Bekijk op volledig scherm Volg de campingweg richting &#8230; <a class=\"read-more\" href=\"https:\/\/vammencamping.dk\/nl\/wandelroute-8-fastruplund-bos\/\">Read more&#8230;<\/a><\/p>\n","protected":false},"author":7,"featured_media":0,"parent":0,"menu_order":0,"comment_status":"closed","ping_status":"closed","template":"","meta":{"footnotes":""},"class_list":["post-10285","page","type-page","status-publish"],"featured_image_src":null,"_links":{"self":[{"href":"https:\/\/vammencamping.dk\/nl\/wp-json\/wp\/v2\/pages\/10285","targetHints":{"allow":["GET"]}}],"collection":[{"href":"https:\/\/vammencamping.dk\/nl\/wp-json\/wp\/v2\/pages"}],"about":[{"href":"https:\/\/vammencamping.dk\/nl\/wp-json\/wp\/v2\/types\/page"}],"author":[{"embeddable":true,"href":"https:\/\/vammencamping.dk\/nl\/wp-json\/wp\/v2\/users\/7"}],"replies":[{"embeddable":true,"href":"https:\/\/vammencamping.dk\/nl\/wp-json\/wp\/v2\/comments?post=10285"}],"version-history":[{"count":1,"href":"https:\/\/vammencamping.dk\/nl\/wp-json\/wp\/v2\/pages\/10285\/revisions"}],"predecessor-version":[{"id":10286,"href":"https:\/\/vammencamping.dk\/nl\/wp-json\/wp\/v2\/pages\/10285\/revisions\/10286"}],"wp:attachment":[{"href":"https:\/\/vammencamping.dk\/nl\/wp-json\/wp\/v2\/media?parent=10285"}],"curies":[{"name":"wp","href":"https:\/\/api.w.org\/{rel}","templated":true}]}}