{"id":10281,"date":"2025-07-07T09:52:10","date_gmt":"2025-07-07T08:52:10","guid":{"rendered":"https:\/\/vammencamping.dk\/wandelroute-7-oester-kaervej-lang\/"},"modified":"2025-07-07T09:52:12","modified_gmt":"2025-07-07T08:52:12","slug":"wandelroute-7-oester-kaervej-lang","status":"publish","type":"page","link":"https:\/\/vammencamping.dk\/nl\/wandelroute-7-oester-kaervej-lang\/","title":{"rendered":"Wandelroute 7 &#8211; \u00d8ster K\u00e6rvej (lang)"},"content":{"rendered":"\n<div class=\"wp-block-columns is-layout-flex wp-container-core-columns-is-layout-9d6595d7 wp-block-columns-is-layout-flex\">\n<div class=\"wp-block-column is-layout-flow wp-block-column-is-layout-flow\">\n<figure class=\"wp-block-image size-large is-resized\"><a href=\"https:\/\/vcamp.dk\/h7\/osm\" target=\"_blank\" rel=\" noreferrer noopener\"><img loading=\"lazy\" decoding=\"async\" width=\"1200\" height=\"400\" src=\"https:\/\/vammencamping.dk\/wp-content\/uploads\/2025\/06\/openstreetmap-1200x400.png\" alt=\"\" class=\"wp-image-9358\" style=\"width:264px;height:auto\" srcset=\"https:\/\/vammencamping.dk\/wp-content\/uploads\/2025\/06\/openstreetmap-1200x400.png 1200w, https:\/\/vammencamping.dk\/wp-content\/uploads\/2025\/06\/openstreetmap-744x248.png 744w, https:\/\/vammencamping.dk\/wp-content\/uploads\/2025\/06\/openstreetmap-420x140.png 420w, https:\/\/vammencamping.dk\/wp-content\/uploads\/2025\/06\/openstreetmap-768x256.png 768w, https:\/\/vammencamping.dk\/wp-content\/uploads\/2025\/06\/openstreetmap.png 900w\" sizes=\"auto, (max-width: 1200px) 100vw, 1200px\" \/><\/a><\/figure>\n<\/div>\n\n\n\n<div class=\"wp-block-column is-layout-flow wp-block-column-is-layout-flow\">\n<figure class=\"wp-block-image size-large is-resized\"><a href=\"https:\/\/vcamp.dk\/h7\/gm\" target=\"_blank\" rel=\" noreferrer noopener\"><img loading=\"lazy\" decoding=\"async\" width=\"1200\" height=\"324\" src=\"https:\/\/vammencamping.dk\/wp-content\/uploads\/2025\/06\/google_maps-1200x324.png\" alt=\"\" class=\"wp-image-9364\" style=\"width:242px;height:auto\" srcset=\"https:\/\/vammencamping.dk\/wp-content\/uploads\/2025\/06\/google_maps-1200x324.png 1200w, https:\/\/vammencamping.dk\/wp-content\/uploads\/2025\/06\/google_maps-744x201.png 744w, https:\/\/vammencamping.dk\/wp-content\/uploads\/2025\/06\/google_maps-420x113.png 420w, https:\/\/vammencamping.dk\/wp-content\/uploads\/2025\/06\/google_maps-768x207.png 768w, https:\/\/vammencamping.dk\/wp-content\/uploads\/2025\/06\/google_maps.png 2048w\" sizes=\"auto, (max-width: 1200px) 100vw, 1200px\" \/><\/a><\/figure>\n<\/div>\n\n\n\n<div class=\"wp-block-column is-layout-flow wp-block-column-is-layout-flow\">\n<figure class=\"wp-block-image size-large is-resized\"><a href=\"https:\/\/vcamp.dk\/h7\/km\" target=\"_blank\" rel=\" noreferrer noopener\"><img loading=\"lazy\" decoding=\"async\" width=\"1200\" height=\"362\" src=\"https:\/\/vammencamping.dk\/wp-content\/uploads\/2025\/06\/komoot-1200x362.png\" alt=\"\" class=\"wp-image-9368\" style=\"width:241px;height:auto\" srcset=\"https:\/\/vammencamping.dk\/wp-content\/uploads\/2025\/06\/komoot-1200x362.png 1200w, https:\/\/vammencamping.dk\/wp-content\/uploads\/2025\/06\/komoot-744x224.png 744w, https:\/\/vammencamping.dk\/wp-content\/uploads\/2025\/06\/komoot-420x126.png 420w, https:\/\/vammencamping.dk\/wp-content\/uploads\/2025\/06\/komoot-768x231.png 768w, https:\/\/vammencamping.dk\/wp-content\/uploads\/2025\/06\/komoot.png 716w\" sizes=\"auto, (max-width: 1200px) 100vw, 1200px\" \/><\/a><\/figure>\n<\/div>\n<\/div>\n\n<p><\/p>\n\n<p class=\"has-text-align-left\">Lengte: <strong>10,2 km<\/strong><\/p>\n\n<p class=\"has-text-align-left\">De wandeling voert je door Vammen en de oude weiden in waar je langs een kloof uit de ijstijd, een rijk vogelleven en uitzicht op de beschermde H\u00e6rup Heuvels komt. Volg de blauwe route langs bos en moeras tot je terugkeert naar de stad langs kleine, sfeervolle weggetjes. <\/p>\n\n<iframe loading=\"lazy\" width=\"100%\" height=\"500px\" frameborder=\"0\" allowfullscreen=\"\" allow=\"geolocation\" src=\"\/\/umap.openstreetmap.fr\/da\/map\/vammen-camping-hiking-route-7-ster-krvej-long_1240105?scaleControl=false&#038;miniMap=false&#038;scrollWheelZoom=false&#038;zoomControl=true&#038;editMode=disabled&#038;moreControl=true&#038;searchControl=null&#038;tilelayersControl=null&#038;embedControl=null&#038;datalayersControl=true&#038;onLoadPanel=none&#038;captionBar=false&#038;captionMenus=true\"><\/iframe><p><a href=\"\/\/umap.openstreetmap.fr\/da\/map\/vammen-camping-hiking-route-7-ster-krvej-long_1240105?scaleControl=false&#038;miniMap=false&#038;scrollWheelZoom=true&#038;zoomControl=true&#038;editMode=disabled&#038;moreControl=true&#038;searchControl=null&#038;tilelayersControl=null&#038;embedControl=null&#038;datalayersControl=true&#038;onLoadPanel=none&#038;captionBar=false&#038;captionMenus=true\">Bekijk op volledig scherm<\/a><\/p>\n\n<p>Volg de campingweg richting Vammen en houd links aan bij de Y-splitsing.<\/p>\n\n<p>Sla in Vammen linksaf naar Hobrovej.<\/p>\n\n<p>Ga bij de splitsing rechtsaf de N\u00f8rregade op. De weg loopt langs het Forsamlingshuset aan de linkerkant. <\/p>\n\n<p>De kerk van Vammen uit ongeveer 1200 heeft een Romaanse apsis, koor en schip. De toren en het portaal zijn laatgotische toevoegingen. <\/p>\n\n<p>Je loopt nu door het oudste deel van Vammen, Nederby, en gaat bij de afvalwaterzuiveringsinstallatie rechtsaf de \u00d8ster K\u00e6rvej op.<\/p>\n\n<p>Tegenwoordig worden de weiden voornamelijk gebruikt voor begrazing en hooibouw of liggen ze gewoon braak. Dit biedt mogelijkheden voor een rijk vogel- en dierenleven en een overvloed aan fauna. Aan de rechterkant is een prachtige kloof die in de ijstijd is gevormd (30 meter stijging).  <\/p>\n\n<p>Aan de noordkant van Skals\u00e5dalen liggen de beschermde en met heide begroeide H\u00e6rup Bakker, waar damherten en ree\u00ebn in kuddes rondlopen.<\/p>\n\n<p>Volg de \u00d8ster K\u00e6rvej op de donkerblauw gemarkeerde route. Kort na Moseg\u00e5rd (je ziet Fastruplund Forest voor je) gaat de grindweg naar rechts &#8211; blijf de blauwe paaltjes volgen tot aan Vammen via L\u00f8ndalen of rechtdoor naar N\u00f8rregade. Ga linksaf de N\u00f8rregade op en bij de kruising bij de kruidenier linksaf de Hobrovej op. Sla rechtsaf de Langs\u00f8vej op naar de camping.   <\/p>\n<div class=\"wp-block-image\">\n<figure class=\"aligncenter size-large is-resized\"><a href=\"https:\/\/vammencamping.dk\/wp-content\/uploads\/2025\/07\/Skaermbillede-2025-07-01-121316-1200x635.png\"><img loading=\"lazy\" decoding=\"async\" width=\"1200\" height=\"635\" src=\"https:\/\/vammencamping.dk\/wp-content\/uploads\/2025\/07\/Skaermbillede-2025-07-01-121316-1200x635.png\" alt=\"\" class=\"wp-image-9549\" style=\"width:144px\" srcset=\"https:\/\/vammencamping.dk\/wp-content\/uploads\/2025\/07\/Skaermbillede-2025-07-01-121316-1200x635.png 1200w, https:\/\/vammencamping.dk\/wp-content\/uploads\/2025\/07\/Skaermbillede-2025-07-01-121316-744x394.png 744w, https:\/\/vammencamping.dk\/wp-content\/uploads\/2025\/07\/Skaermbillede-2025-07-01-121316-420x222.png 420w, https:\/\/vammencamping.dk\/wp-content\/uploads\/2025\/07\/Skaermbillede-2025-07-01-121316-768x406.png 768w, https:\/\/vammencamping.dk\/wp-content\/uploads\/2025\/07\/Skaermbillede-2025-07-01-121316.png 823w\" sizes=\"auto, (max-width: 1200px) 100vw, 1200px\" \/><\/a><figcaption class=\"wp-element-caption\">Klik op de kaart om infopunten te zien<\/figcaption><\/figure>\n<\/div>\n<p><em>a) Een gemeenschapscentrum is een gemeenschappelijk cultureel centrum en ontmoetingsplaats van een kleine stad\/dorp dat gebruikt wordt voor lezingen, vergaderingen, evenementen, priv\u00e9- of openbare feesten, enz. Er zijn ongeveer 1000 buurthuizen in Denemarken. <\/em><\/p>\n\n<p><em>b) De weilanden zijn opgedeeld in veel kleine percelen omdat alle eigendommen in Vammen vroeger hooi maakten voor hun vee en turf groeven voor het huishouden.<\/em><\/p>\n\n<p><em>c) Als je iets verder de weilanden in wilt lopen, kun je ongeveer 200 meter verder langs \u00d8ster K\u00e6rvej lopen, linksaf slaan en de weg volgen die ongeveer 100 meter van Skals \u00c5 eindigt. De reiger wordt hier vaak gezien en de nachtegaal kun je horen van half mei tot St. Hans.  <\/em><\/p>\n","protected":false},"excerpt":{"rendered":"<p>Lengte: 10,2 km De wandeling voert je door Vammen en de oude weiden in waar je langs een kloof uit de ijstijd, een rijk vogelleven en uitzicht op de beschermde H\u00e6rup Heuvels komt. Volg de blauwe route langs bos en moeras tot je terugkeert naar de stad langs kleine, sfeervolle weggetjes. Bekijk op volledig scherm &#8230; <a class=\"read-more\" href=\"https:\/\/vammencamping.dk\/nl\/wandelroute-7-oester-kaervej-lang\/\">Read more&#8230;<\/a><\/p>\n","protected":false},"author":7,"featured_media":0,"parent":0,"menu_order":0,"comment_status":"closed","ping_status":"closed","template":"","meta":{"footnotes":""},"class_list":["post-10281","page","type-page","status-publish"],"featured_image_src":null,"_links":{"self":[{"href":"https:\/\/vammencamping.dk\/nl\/wp-json\/wp\/v2\/pages\/10281","targetHints":{"allow":["GET"]}}],"collection":[{"href":"https:\/\/vammencamping.dk\/nl\/wp-json\/wp\/v2\/pages"}],"about":[{"href":"https:\/\/vammencamping.dk\/nl\/wp-json\/wp\/v2\/types\/page"}],"author":[{"embeddable":true,"href":"https:\/\/vammencamping.dk\/nl\/wp-json\/wp\/v2\/users\/7"}],"replies":[{"embeddable":true,"href":"https:\/\/vammencamping.dk\/nl\/wp-json\/wp\/v2\/comments?post=10281"}],"version-history":[{"count":1,"href":"https:\/\/vammencamping.dk\/nl\/wp-json\/wp\/v2\/pages\/10281\/revisions"}],"predecessor-version":[{"id":10282,"href":"https:\/\/vammencamping.dk\/nl\/wp-json\/wp\/v2\/pages\/10281\/revisions\/10282"}],"wp:attachment":[{"href":"https:\/\/vammencamping.dk\/nl\/wp-json\/wp\/v2\/media?parent=10281"}],"curies":[{"name":"wp","href":"https:\/\/api.w.org\/{rel}","templated":true}]}}