{"id":10271,"date":"2025-07-07T09:48:36","date_gmt":"2025-07-07T08:48:36","guid":{"rendered":"https:\/\/vammencamping.dk\/wandelroute-5-soedal-bos\/"},"modified":"2025-07-07T12:16:55","modified_gmt":"2025-07-07T11:16:55","slug":"wandelroute-5-soedal-bos","status":"publish","type":"page","link":"https:\/\/vammencamping.dk\/nl\/wandelroute-5-soedal-bos\/","title":{"rendered":"Wandelroute 5 &#8211; S\u00f8dal Bos"},"content":{"rendered":"\n<div class=\"wp-block-columns is-layout-flex wp-container-core-columns-is-layout-9d6595d7 wp-block-columns-is-layout-flex\">\n<div class=\"wp-block-column is-layout-flow wp-block-column-is-layout-flow\">\n<figure class=\"wp-block-image size-large is-resized\"><a href=\"https:\/\/vcamp.dk\/h5\/osm\" target=\"_blank\" rel=\" noreferrer noopener\"><img loading=\"lazy\" decoding=\"async\" width=\"1200\" height=\"400\" src=\"https:\/\/vammencamping.dk\/wp-content\/uploads\/2025\/06\/openstreetmap-1200x400.png\" alt=\"\" class=\"wp-image-9358\" style=\"width:264px;height:auto\" srcset=\"https:\/\/vammencamping.dk\/wp-content\/uploads\/2025\/06\/openstreetmap-1200x400.png 1200w, https:\/\/vammencamping.dk\/wp-content\/uploads\/2025\/06\/openstreetmap-744x248.png 744w, https:\/\/vammencamping.dk\/wp-content\/uploads\/2025\/06\/openstreetmap-420x140.png 420w, https:\/\/vammencamping.dk\/wp-content\/uploads\/2025\/06\/openstreetmap-768x256.png 768w, https:\/\/vammencamping.dk\/wp-content\/uploads\/2025\/06\/openstreetmap.png 900w\" sizes=\"auto, (max-width: 1200px) 100vw, 1200px\" \/><\/a><\/figure>\n<\/div>\n\n\n\n<div class=\"wp-block-column is-layout-flow wp-block-column-is-layout-flow\">\n<figure class=\"wp-block-image size-large is-resized\"><a href=\"https:\/\/vcamp.dk\/h5\/gm\" target=\"_blank\" rel=\" noreferrer noopener\"><img loading=\"lazy\" decoding=\"async\" width=\"1200\" height=\"324\" src=\"https:\/\/vammencamping.dk\/wp-content\/uploads\/2025\/06\/google_maps-1200x324.png\" alt=\"\" class=\"wp-image-9364\" style=\"width:242px;height:auto\" srcset=\"https:\/\/vammencamping.dk\/wp-content\/uploads\/2025\/06\/google_maps-1200x324.png 1200w, https:\/\/vammencamping.dk\/wp-content\/uploads\/2025\/06\/google_maps-744x201.png 744w, https:\/\/vammencamping.dk\/wp-content\/uploads\/2025\/06\/google_maps-420x113.png 420w, https:\/\/vammencamping.dk\/wp-content\/uploads\/2025\/06\/google_maps-768x207.png 768w, https:\/\/vammencamping.dk\/wp-content\/uploads\/2025\/06\/google_maps.png 2048w\" sizes=\"auto, (max-width: 1200px) 100vw, 1200px\" \/><\/a><\/figure>\n<\/div>\n\n\n\n<div class=\"wp-block-column is-layout-flow wp-block-column-is-layout-flow\">\n<figure class=\"wp-block-image size-large is-resized\"><a href=\"https:\/\/vcamp.dk\/h5\/km\" target=\"_blank\" rel=\" noreferrer noopener\"><img loading=\"lazy\" decoding=\"async\" width=\"1200\" height=\"362\" src=\"https:\/\/vammencamping.dk\/wp-content\/uploads\/2025\/06\/komoot-1200x362.png\" alt=\"\" class=\"wp-image-9368\" style=\"width:241px;height:auto\" srcset=\"https:\/\/vammencamping.dk\/wp-content\/uploads\/2025\/06\/komoot-1200x362.png 1200w, https:\/\/vammencamping.dk\/wp-content\/uploads\/2025\/06\/komoot-744x224.png 744w, https:\/\/vammencamping.dk\/wp-content\/uploads\/2025\/06\/komoot-420x126.png 420w, https:\/\/vammencamping.dk\/wp-content\/uploads\/2025\/06\/komoot-768x231.png 768w, https:\/\/vammencamping.dk\/wp-content\/uploads\/2025\/06\/komoot.png 716w\" sizes=\"auto, (max-width: 1200px) 100vw, 1200px\" \/><\/a><\/figure>\n<\/div>\n<\/div>\n\n<p><\/p>\n\n<p class=\"has-text-align-left\">Lengte<strong> 6,9 km<\/strong><\/p>\n\n<p class=\"has-text-align-left\"><strong><strong><strong><strong>Verken het landschap rond R\u00f8ds\u00f8 en in het S\u00f8dal Woud, waar sporen uit het Stenen Tijdperk verborgen liggen tussen het meer, het bos en oude zagerijverhalen. Een route vol vergezichten, oude monumenten en mogelijkheden voor rust en bezinning in de natuur. <\/strong><\/strong><\/strong><\/strong><\/p>\n\n<iframe loading=\"lazy\" width=\"100%\" height=\"500px\" frameborder=\"0\" allowfullscreen=\"\" allow=\"geolocation\" src=\"\/\/umap.openstreetmap.fr\/da\/map\/vammen-camping-hiking-route-5-sdal-forest_1240100?scaleControl=false&#038;miniMap=false&#038;scrollWheelZoom=false&#038;zoomControl=true&#038;editMode=disabled&#038;moreControl=true&#038;searchControl=null&#038;tilelayersControl=null&#038;embedControl=null&#038;datalayersControl=true&#038;onLoadPanel=none&#038;captionBar=false&#038;captionMenus=true\"><\/iframe><p><a href=\"\/\/umap.openstreetmap.fr\/da\/map\/vammen-camping-hiking-route-5-sdal-forest_1240100?scaleControl=false&#038;miniMap=false&#038;scrollWheelZoom=true&#038;zoomControl=true&#038;editMode=disabled&#038;moreControl=true&#038;searchControl=null&#038;tilelayersControl=null&#038;embedControl=null&#038;datalayersControl=true&#038;onLoadPanel=none&#038;captionBar=false&#038;captionMenus=true\">Bekijk op volledig scherm<\/a><\/p>\n\n<p>Volg de campingweg richting Vammen en houd links aan bij de Y-splitsing. Sla linksaf naar Hobrovej. Ga op de kruising bij de kruidenier rechtsaf de N\u00f8rregade op. Sla linksaf de Haug\u00e5rdsvej op &#8211; je passeert Langs\u00f8 Friskole, de kleuterschool en de cr\u00e8che aan je rechterhand en gaat rechtdoor langs de Haug\u00e5rdsvej. De route heeft nu paarse markeringspalen.    <\/p>\n\n<p>Achter de boerderij Havg\u00e5rd (Haug\u00e5rdsvej 44) liggen de resten van een spuikoker. Vandaag de dag zijn er alleen nog twee draagstenen en een gevallen latei over. De steenkuil had waarschijnlijk een enkele kamer die in de grafheuvel werd geplaatst met een stenen voetcirkel eromheen. De greppel is een gewoon graf &#8211; waarschijnlijk gebouwd in de Vroege Steentijd of ergens in de Midden-Steentijd. (ca. 8.300 &#8211; 4.000 v. Chr.).    <\/p>\n\n<p>Vanaf hier heb je een prachtig uitzicht op R\u00f8ds\u00f8. Een klein meer met een brede rietkraag die aan het herstellen is. <\/p>\n\n<p>Volg de paars gemarkeerde route richting S\u00f8dal Skov en rijd S\u00f8dal Skov binnen via de bosweg na Haug\u00e5rdsvej 46 (waar Haug\u00e5rdsvej en Tingh\u00f8jvej samenkomen).<\/p>\n\n<p>S\u00f8dal Forest is een particulier bos van ongeveer 180 hectare groot en dus zonder gemarkeerde routes. Je kunt de kaart van S\u00f8dal Forest van de website van de camping gebruiken (in het gedrukte materiaal staat hij ook op de achterkant). Je bent welkom om op alle bospaden te wandelen &#8211; behalve op jachtdagen.<br\/>S\u00f8dal Forest is een prachtig klein gemengd bos.  <br\/><br\/>Midden in het bos staat een nu verdwenen houtzagerij. Hij werd aangedreven door een oude 1-cilinder kerosinemotor (Deutz motor) van rond 1900.<br\/>Al het hout voor het sanitairgebouw op de camping werd hier gekapt. <\/p>\n\n<p>In het bos liggen ongeveer 20 grafheuvels uit het Neolithicum (ca. 2500 &#8211; 1800 voor Christus). De bouwsteen is een rechtopstaande, vaak gebeeldhouwde steen die in de bronstijd vaak werd opgericht in West-Europa als gedenksteen of ori\u00ebntatiepunt. <\/p>\n\n<p>Keer terug naar het startpunt bij Haug\u00e5rdsvej\/Tingh\u00f8jvej en sla rechtsaf naar Tingh\u00f8jvej. Sla rechtsaf bij de Tingdalg\u00e5rd boerderij en volg de grindweg langs de bewegwijzerde route naar Hobrovej. Volg het geasfalteerde fiets\/wandelpad naar links terug naar Vammen. Ga op de kruising bij de kruidenier rechtdoor en sla rechtsaf bij Langs\u00f8vej. Volg dit pad terug naar de camping.    <\/p>\n<div class=\"wp-block-image\">\n<figure class=\"aligncenter size-large is-resized\"><a href=\"https:\/\/vammencamping.dk\/wp-content\/uploads\/2025\/06\/vandrerute_5_udsnit-1200x768.jpg\"><img loading=\"lazy\" decoding=\"async\" width=\"1200\" height=\"768\" src=\"https:\/\/vammencamping.dk\/wp-content\/uploads\/2025\/06\/vandrerute_5_udsnit-1200x768.jpg\" alt=\"\" class=\"wp-image-9466\" style=\"width:144px;height:auto\" srcset=\"https:\/\/vammencamping.dk\/wp-content\/uploads\/2025\/06\/vandrerute_5_udsnit-1200x768.jpg 1200w, https:\/\/vammencamping.dk\/wp-content\/uploads\/2025\/06\/vandrerute_5_udsnit-744x476.jpg 744w, https:\/\/vammencamping.dk\/wp-content\/uploads\/2025\/06\/vandrerute_5_udsnit-420x268.jpg 420w, https:\/\/vammencamping.dk\/wp-content\/uploads\/2025\/06\/vandrerute_5_udsnit-768x491.jpg 768w, https:\/\/vammencamping.dk\/wp-content\/uploads\/2025\/06\/vandrerute_5_udsnit.jpg 1100w\" sizes=\"auto, (max-width: 1200px) 100vw, 1200px\" \/><\/a><figcaption class=\"wp-element-caption\">Klik op de kaart om infopunten te zien<\/figcaption><\/figure>\n<\/div>\n<p><em>a) De technische haalbaarheidsstudies voor een groot nieuw &#8220;R\u00f8ds\u00f8 Laagland Project&#8221; zijn net van start gegaan. Het doel is om de natuurlijke hydrologie in een gebied van 650 hectare te herstellen en zo de uitstoot van broeikasgassen en stikstof te verminderen. Daarnaast zal het project zich richten op het verbeteren van de algehele natuurlijke omstandigheden in het gebied.  <\/em><\/p>\n\n<h2 class=\"wp-block-heading\">Kaart van S\u00f8dal Bos<\/h2>\n\n<figure class=\"wp-block-image size-large is-resized\"><img loading=\"lazy\" decoding=\"async\" width=\"1200\" height=\"855\" src=\"https:\/\/vammencamping.dk\/wp-content\/uploads\/2025\/06\/soedal-skov-kort-1200x855.png\" alt=\"\" class=\"wp-image-9410\" style=\"width:758px;height:auto\" srcset=\"https:\/\/vammencamping.dk\/wp-content\/uploads\/2025\/06\/soedal-skov-kort-1200x855.png 1200w, https:\/\/vammencamping.dk\/wp-content\/uploads\/2025\/06\/soedal-skov-kort-744x530.png 744w, https:\/\/vammencamping.dk\/wp-content\/uploads\/2025\/06\/soedal-skov-kort-420x299.png 420w, https:\/\/vammencamping.dk\/wp-content\/uploads\/2025\/06\/soedal-skov-kort-768x547.png 768w, https:\/\/vammencamping.dk\/wp-content\/uploads\/2025\/06\/soedal-skov-kort.png 791w\" sizes=\"auto, (max-width: 1200px) 100vw, 1200px\" \/><\/figure>\n\n<p>\u2299 = Grafheuvel X = oud monument<br\/>1) Een kleine heuvel met bovenaan een spuikoker, 2 grote draagstenen en een afgerolde latei.<br\/>2) Een bouwsteen, ca. 1,5 m hoog boven de grond, ca. 0,5 m onder het maaiveld; de doorsnede is ca. 1 m.<br\/>3) Een zeer kleine, goed bewaarde spuikoker, gemaakt van 3 kleine draagstenen en een latei van nauwelijks 1 m doorsnee.) Een zeer klein, goed bewaard gebleven mondstuk van 3 kleine draagstenen en een latei met een diameter van nauwelijks 1 m.<br\/>De heuvel zelf is slechts 0,5 m hoog en 5 m in doorsnee. Waarschijnlijk een kindergraf.<br\/>4) Resten van een doorgangsgraf. Er liggen nog 8 stenen, maar geen lateien.<br\/>5) Oude ronde heuvel in bos. <br\/>6) Een spuikamer in het noordwesten-zuidoosten. Twee grote zijstenen.<br\/>7) Een kleine stenen kamer. <br\/>8) Twee onaangetaste goed bewaard gebleven terpen; de meest westelijke heet &#8220;Bavneh\u00f8j&#8221;.<br\/>9) Een terp &#8220;Uglh\u00f8j&#8221;, die twee doorgangsgraven omsluit met een ingang vanuit het zuidoosten.   <\/p>\n","protected":false},"excerpt":{"rendered":"<p>Lengte 6,9 km Verken het landschap rond R\u00f8ds\u00f8 en in het S\u00f8dal Woud, waar sporen uit het Stenen Tijdperk verborgen liggen tussen het meer, het bos en oude zagerijverhalen. Een route vol vergezichten, oude monumenten en mogelijkheden voor rust en bezinning in de natuur. Bekijk op volledig scherm Volg de campingweg richting Vammen en houd &#8230; <a class=\"read-more\" href=\"https:\/\/vammencamping.dk\/nl\/wandelroute-5-soedal-bos\/\">Read more&#8230;<\/a><\/p>\n","protected":false},"author":7,"featured_media":0,"parent":0,"menu_order":0,"comment_status":"closed","ping_status":"closed","template":"","meta":{"footnotes":""},"class_list":["post-10271","page","type-page","status-publish"],"featured_image_src":null,"_links":{"self":[{"href":"https:\/\/vammencamping.dk\/nl\/wp-json\/wp\/v2\/pages\/10271","targetHints":{"allow":["GET"]}}],"collection":[{"href":"https:\/\/vammencamping.dk\/nl\/wp-json\/wp\/v2\/pages"}],"about":[{"href":"https:\/\/vammencamping.dk\/nl\/wp-json\/wp\/v2\/types\/page"}],"author":[{"embeddable":true,"href":"https:\/\/vammencamping.dk\/nl\/wp-json\/wp\/v2\/users\/7"}],"replies":[{"embeddable":true,"href":"https:\/\/vammencamping.dk\/nl\/wp-json\/wp\/v2\/comments?post=10271"}],"version-history":[{"count":5,"href":"https:\/\/vammencamping.dk\/nl\/wp-json\/wp\/v2\/pages\/10271\/revisions"}],"predecessor-version":[{"id":10319,"href":"https:\/\/vammencamping.dk\/nl\/wp-json\/wp\/v2\/pages\/10271\/revisions\/10319"}],"wp:attachment":[{"href":"https:\/\/vammencamping.dk\/nl\/wp-json\/wp\/v2\/media?parent=10271"}],"curies":[{"name":"wp","href":"https:\/\/api.w.org\/{rel}","templated":true}]}}