{"id":10267,"date":"2025-07-07T09:47:04","date_gmt":"2025-07-07T08:47:04","guid":{"rendered":"https:\/\/vammencamping.dk\/wandelroute-4-uitzicht-richting-roedsoe\/"},"modified":"2025-07-07T09:47:05","modified_gmt":"2025-07-07T08:47:05","slug":"wandelroute-4-uitzicht-richting-roedsoe","status":"publish","type":"page","link":"https:\/\/vammencamping.dk\/nl\/wandelroute-4-uitzicht-richting-roedsoe\/","title":{"rendered":"Wandelroute 4 &#8211; Uitzicht richting R\u00f8ds\u00f8"},"content":{"rendered":"\n<div class=\"wp-block-columns is-layout-flex wp-container-core-columns-is-layout-9d6595d7 wp-block-columns-is-layout-flex\">\n<div class=\"wp-block-column is-layout-flow wp-block-column-is-layout-flow\">\n<figure class=\"wp-block-image size-large is-resized\"><a href=\"https:\/\/vcamp.dk\/h4\/osm\" target=\"_blank\" rel=\" noreferrer noopener\"><img loading=\"lazy\" decoding=\"async\" width=\"1200\" height=\"400\" src=\"https:\/\/vammencamping.dk\/wp-content\/uploads\/2025\/06\/openstreetmap-1200x400.png\" alt=\"\" class=\"wp-image-9358\" style=\"width:264px;height:auto\" srcset=\"https:\/\/vammencamping.dk\/wp-content\/uploads\/2025\/06\/openstreetmap-1200x400.png 1200w, https:\/\/vammencamping.dk\/wp-content\/uploads\/2025\/06\/openstreetmap-744x248.png 744w, https:\/\/vammencamping.dk\/wp-content\/uploads\/2025\/06\/openstreetmap-420x140.png 420w, https:\/\/vammencamping.dk\/wp-content\/uploads\/2025\/06\/openstreetmap-768x256.png 768w, https:\/\/vammencamping.dk\/wp-content\/uploads\/2025\/06\/openstreetmap.png 900w\" sizes=\"auto, (max-width: 1200px) 100vw, 1200px\" \/><\/a><\/figure>\n<\/div>\n\n\n\n<div class=\"wp-block-column is-layout-flow wp-block-column-is-layout-flow\">\n<figure class=\"wp-block-image size-large is-resized\"><a href=\"https:\/\/vcamp.dk\/h4\/gm\" target=\"_blank\" rel=\" noreferrer noopener\"><img loading=\"lazy\" decoding=\"async\" width=\"1200\" height=\"324\" src=\"https:\/\/vammencamping.dk\/wp-content\/uploads\/2025\/06\/google_maps-1200x324.png\" alt=\"\" class=\"wp-image-9364\" style=\"width:242px;height:auto\" srcset=\"https:\/\/vammencamping.dk\/wp-content\/uploads\/2025\/06\/google_maps-1200x324.png 1200w, https:\/\/vammencamping.dk\/wp-content\/uploads\/2025\/06\/google_maps-744x201.png 744w, https:\/\/vammencamping.dk\/wp-content\/uploads\/2025\/06\/google_maps-420x113.png 420w, https:\/\/vammencamping.dk\/wp-content\/uploads\/2025\/06\/google_maps-768x207.png 768w, https:\/\/vammencamping.dk\/wp-content\/uploads\/2025\/06\/google_maps.png 2048w\" sizes=\"auto, (max-width: 1200px) 100vw, 1200px\" \/><\/a><\/figure>\n<\/div>\n\n\n\n<div class=\"wp-block-column is-layout-flow wp-block-column-is-layout-flow\">\n<figure class=\"wp-block-image size-large is-resized\"><a href=\"https:\/\/vcamp.dk\/h4\/km\" target=\"_blank\" rel=\" noreferrer noopener\"><img loading=\"lazy\" decoding=\"async\" width=\"1200\" height=\"362\" src=\"https:\/\/vammencamping.dk\/wp-content\/uploads\/2025\/06\/komoot-1200x362.png\" alt=\"\" class=\"wp-image-9368\" style=\"width:241px;height:auto\" srcset=\"https:\/\/vammencamping.dk\/wp-content\/uploads\/2025\/06\/komoot-1200x362.png 1200w, https:\/\/vammencamping.dk\/wp-content\/uploads\/2025\/06\/komoot-744x224.png 744w, https:\/\/vammencamping.dk\/wp-content\/uploads\/2025\/06\/komoot-420x126.png 420w, https:\/\/vammencamping.dk\/wp-content\/uploads\/2025\/06\/komoot-768x231.png 768w, https:\/\/vammencamping.dk\/wp-content\/uploads\/2025\/06\/komoot.png 716w\" sizes=\"auto, (max-width: 1200px) 100vw, 1200px\" \/><\/a><\/figure>\n<\/div>\n<\/div>\n\n<p><\/p>\n\n<p class=\"has-text-align-left\">Lengte<strong> 8,6 km<\/strong><\/p>\n\n<p class=\"has-text-align-left\"><strong><strong><strong>Volg een sfeervolle route door de oostelijke rand van Vammen, langs Langs\u00f8 Friskole en een oud monument uit het Stenen Tijdperk met uitzicht op het overwoekerde R\u00f8ds\u00f8. De route volgt paarse en zwarte markeringen door het open landschap richting het S\u00f8dal bos en terug via kleine weggetjes waarbij natuur, geschiedenis en nieuwe klimaatinitiatieven centraal staan. <\/strong><\/strong><\/strong><\/p>\n\n<iframe loading=\"lazy\" width=\"100%\" height=\"300px\" frameborder=\"0\" allowfullscreen=\"\" allow=\"geolocation\" src=\"\/\/umap.openstreetmap.fr\/da\/map\/vammen-camping-hiking-route-4-view-towards-rds_1240098?scaleControl=false&#038;miniMap=false&#038;scrollWheelZoom=false&#038;zoomControl=true&#038;editMode=disabled&#038;moreControl=true&#038;searchControl=null&#038;tilelayersControl=null&#038;embedControl=null&#038;datalayersControl=true&#038;onLoadPanel=none&#038;captionBar=false&#038;captionMenus=true\"><\/iframe><p><a href=\"\/\/umap.openstreetmap.fr\/da\/map\/vammen-camping-hiking-route-4-view-towards-rds_1240098?scaleControl=false&#038;miniMap=false&#038;scrollWheelZoom=true&#038;zoomControl=true&#038;editMode=disabled&#038;moreControl=true&#038;searchControl=null&#038;tilelayersControl=null&#038;embedControl=null&#038;datalayersControl=true&#038;onLoadPanel=none&#038;captionBar=false&#038;captionMenus=true\">Bekijk op volledig scherm<\/a><\/p>\n\n<p>Volg de campingweg richting Vammen en houd links aan bij de Y-splitsing, sla linksaf naar Hobrovej. Ga bij de kruising bij de kruidenier rechtsaf de N\u00f8rregade op. Sla linksaf de Haug\u00e5rdsvej op &#8211; je passeert Langs\u00f8 Friskole, de kleuterschool en de cr\u00e8che aan je rechterhand en gaat rechtdoor langs de Haug\u00e5rdsvej. De route heeft nu paarse markeringspalen.   <\/p>\n\n<p>Achter de boerderij Havg\u00e5rd (Haug\u00e5rdsvej 44) liggen de resten van een spuikoker. Vandaag de dag zijn er alleen nog twee draagstenen en een gevallen latei over. De steenkuil had waarschijnlijk een enkele kamer die in de grafheuvel werd geplaatst met een stenen voetcirkel eromheen. De greppel is een gewoon graf &#8211; waarschijnlijk gebouwd in de Vroege Steentijd of ergens in de Midden-Steentijd. (ca. 8.300 &#8211; 4.000 v. Chr.).    <\/p>\n\n<p>Vanaf hier heb je een prachtig uitzicht op R\u00f8ds\u00f8. Een klein meer met een brede rietkraag die aan het herstellen is. <\/p>\n\n<p>Volg de paars gemarkeerde route richting S\u00f8dal Skov. Je passeert de Tingdalg\u00e5rd boerderij en gaat linksaf. Ga na de boerderij omhoog naar de zwart gemarkeerde route op Bedehusvej. Ga rechtsaf deze route op Bedehusvej op en volg deze tot de weg eindigt in Haug\u00e5rdsvej.   <\/p>\n\n<p>Sla rechtsaf naar Haug\u00e5rdsvej. Ga bij de T-splitsing rechtsaf de N\u00f8rregade op naar de kruising bij de kruidenier. <\/p>\n\n<p>Ga linksaf langs Hobrovej naar Langs\u00f8vej aan je rechterhand en volg deze terug naar de camping.<\/p>\n<div class=\"wp-block-image\">\n<figure class=\"aligncenter size-large is-resized\"><a href=\"https:\/\/vammencamping.dk\/wp-content\/uploads\/2025\/07\/Skaermbillede-2025-07-01-112909-1200x636.png\"><img loading=\"lazy\" decoding=\"async\" width=\"1200\" height=\"636\" src=\"https:\/\/vammencamping.dk\/wp-content\/uploads\/2025\/07\/Skaermbillede-2025-07-01-112909-1200x636.png\" alt=\"\" class=\"wp-image-9532\" style=\"width:144px\" srcset=\"https:\/\/vammencamping.dk\/wp-content\/uploads\/2025\/07\/Skaermbillede-2025-07-01-112909-1200x636.png 1200w, https:\/\/vammencamping.dk\/wp-content\/uploads\/2025\/07\/Skaermbillede-2025-07-01-112909-744x394.png 744w, https:\/\/vammencamping.dk\/wp-content\/uploads\/2025\/07\/Skaermbillede-2025-07-01-112909-420x222.png 420w, https:\/\/vammencamping.dk\/wp-content\/uploads\/2025\/07\/Skaermbillede-2025-07-01-112909-768x407.png 768w, https:\/\/vammencamping.dk\/wp-content\/uploads\/2025\/07\/Skaermbillede-2025-07-01-112909.png 1047w\" sizes=\"auto, (max-width: 1200px) 100vw, 1200px\" \/><\/a><figcaption class=\"wp-element-caption\">Klik op de kaart om infopunten te zien<\/figcaption><\/figure>\n<\/div>\n<p><em>a)<\/em> <em>De technische haalbaarheidsstudies voor een groot nieuw &#8220;R\u00f8ds\u00f8 Laagland Project&#8221; zijn net van start gegaan. Het doel is om de natuurlijke hydrologie in een gebied van 650 hectare te herstellen en zo de uitstoot van broeikasgassen en stikstof te verminderen. Daarnaast zal het project zich richten op het verbeteren van de algehele natuurlijke omstandigheden in het gebied.  <\/em><\/p>\n","protected":false},"excerpt":{"rendered":"<p>Lengte 8,6 km Volg een sfeervolle route door de oostelijke rand van Vammen, langs Langs\u00f8 Friskole en een oud monument uit het Stenen Tijdperk met uitzicht op het overwoekerde R\u00f8ds\u00f8. De route volgt paarse en zwarte markeringen door het open landschap richting het S\u00f8dal bos en terug via kleine weggetjes waarbij natuur, geschiedenis en nieuwe &#8230; <a class=\"read-more\" href=\"https:\/\/vammencamping.dk\/nl\/wandelroute-4-uitzicht-richting-roedsoe\/\">Read more&#8230;<\/a><\/p>\n","protected":false},"author":7,"featured_media":0,"parent":0,"menu_order":0,"comment_status":"closed","ping_status":"closed","template":"","meta":{"footnotes":""},"class_list":["post-10267","page","type-page","status-publish"],"featured_image_src":null,"_links":{"self":[{"href":"https:\/\/vammencamping.dk\/nl\/wp-json\/wp\/v2\/pages\/10267","targetHints":{"allow":["GET"]}}],"collection":[{"href":"https:\/\/vammencamping.dk\/nl\/wp-json\/wp\/v2\/pages"}],"about":[{"href":"https:\/\/vammencamping.dk\/nl\/wp-json\/wp\/v2\/types\/page"}],"author":[{"embeddable":true,"href":"https:\/\/vammencamping.dk\/nl\/wp-json\/wp\/v2\/users\/7"}],"replies":[{"embeddable":true,"href":"https:\/\/vammencamping.dk\/nl\/wp-json\/wp\/v2\/comments?post=10267"}],"version-history":[{"count":1,"href":"https:\/\/vammencamping.dk\/nl\/wp-json\/wp\/v2\/pages\/10267\/revisions"}],"predecessor-version":[{"id":10268,"href":"https:\/\/vammencamping.dk\/nl\/wp-json\/wp\/v2\/pages\/10267\/revisions\/10268"}],"wp:attachment":[{"href":"https:\/\/vammencamping.dk\/nl\/wp-json\/wp\/v2\/media?parent=10267"}],"curies":[{"name":"wp","href":"https:\/\/api.w.org\/{rel}","templated":true}]}}