{"id":10259,"date":"2025-07-07T09:40:53","date_gmt":"2025-07-07T08:40:53","guid":{"rendered":"https:\/\/vammencamping.dk\/wandelroute-2-baunehoej-kaart\/"},"modified":"2025-07-07T09:40:54","modified_gmt":"2025-07-07T08:40:54","slug":"wandelroute-2-baunehoej-kaart","status":"publish","type":"page","link":"https:\/\/vammencamping.dk\/nl\/wandelroute-2-baunehoej-kaart\/","title":{"rendered":"Wandelroute 2 &#8211; Bauneh\u00f8j (kaart)"},"content":{"rendered":"\n<div class=\"wp-block-columns is-layout-flex wp-container-core-columns-is-layout-9d6595d7 wp-block-columns-is-layout-flex\">\n<div class=\"wp-block-column is-layout-flow wp-block-column-is-layout-flow\">\n<figure class=\"wp-block-image size-large is-resized\"><a href=\"https:\/\/vcamp.dk\/h2\/osm\" target=\"_blank\" rel=\" noreferrer noopener\"><img loading=\"lazy\" decoding=\"async\" width=\"1200\" height=\"400\" src=\"https:\/\/vammencamping.dk\/wp-content\/uploads\/2025\/06\/openstreetmap-1200x400.png\" alt=\"\" class=\"wp-image-9358\" style=\"width:264px;height:auto\" srcset=\"https:\/\/vammencamping.dk\/wp-content\/uploads\/2025\/06\/openstreetmap-1200x400.png 1200w, https:\/\/vammencamping.dk\/wp-content\/uploads\/2025\/06\/openstreetmap-744x248.png 744w, https:\/\/vammencamping.dk\/wp-content\/uploads\/2025\/06\/openstreetmap-420x140.png 420w, https:\/\/vammencamping.dk\/wp-content\/uploads\/2025\/06\/openstreetmap-768x256.png 768w, https:\/\/vammencamping.dk\/wp-content\/uploads\/2025\/06\/openstreetmap.png 900w\" sizes=\"auto, (max-width: 1200px) 100vw, 1200px\" \/><\/a><\/figure>\n<\/div>\n\n\n\n<div class=\"wp-block-column is-layout-flow wp-block-column-is-layout-flow\">\n<figure class=\"wp-block-image size-large is-resized\"><a href=\"https:\/\/vcamp.dk\/h2\/gm\" target=\"_blank\" rel=\" noreferrer noopener\"><img loading=\"lazy\" decoding=\"async\" width=\"1200\" height=\"324\" src=\"https:\/\/vammencamping.dk\/wp-content\/uploads\/2025\/06\/google_maps-1200x324.png\" alt=\"\" class=\"wp-image-9364\" style=\"width:242px;height:auto\" srcset=\"https:\/\/vammencamping.dk\/wp-content\/uploads\/2025\/06\/google_maps-1200x324.png 1200w, https:\/\/vammencamping.dk\/wp-content\/uploads\/2025\/06\/google_maps-744x201.png 744w, https:\/\/vammencamping.dk\/wp-content\/uploads\/2025\/06\/google_maps-420x113.png 420w, https:\/\/vammencamping.dk\/wp-content\/uploads\/2025\/06\/google_maps-768x207.png 768w, https:\/\/vammencamping.dk\/wp-content\/uploads\/2025\/06\/google_maps.png 2048w\" sizes=\"auto, (max-width: 1200px) 100vw, 1200px\" \/><\/a><\/figure>\n<\/div>\n\n\n\n<div class=\"wp-block-column is-layout-flow wp-block-column-is-layout-flow\">\n<figure class=\"wp-block-image size-large is-resized\"><a href=\"https:\/\/vcamp.dk\/h2\/km\" target=\"_blank\" rel=\" noreferrer noopener\"><img loading=\"lazy\" decoding=\"async\" width=\"1200\" height=\"362\" src=\"https:\/\/vammencamping.dk\/wp-content\/uploads\/2025\/06\/komoot-1200x362.png\" alt=\"\" class=\"wp-image-9368\" style=\"width:241px;height:auto\" srcset=\"https:\/\/vammencamping.dk\/wp-content\/uploads\/2025\/06\/komoot-1200x362.png 1200w, https:\/\/vammencamping.dk\/wp-content\/uploads\/2025\/06\/komoot-744x224.png 744w, https:\/\/vammencamping.dk\/wp-content\/uploads\/2025\/06\/komoot-420x126.png 420w, https:\/\/vammencamping.dk\/wp-content\/uploads\/2025\/06\/komoot-768x231.png 768w, https:\/\/vammencamping.dk\/wp-content\/uploads\/2025\/06\/komoot.png 716w\" sizes=\"auto, (max-width: 1200px) 100vw, 1200px\" \/><\/a><\/figure>\n<\/div>\n<\/div>\n\n<p><\/p>\n\n<p class=\"has-text-align-left\">Lengte: <strong>7,3 km<\/strong><\/p>\n\n<p class=\"has-text-align-left\"><strong>Beleef een prachtige route door Vammen met uitzicht op de weilanden van Skals \u00c5s en het landschap uit de ijstijd. De route voert je door een smeltwaterdal omhoog naar een opvallende heuvel uit de bronstijd &#8211; een voormalige beverheuvel op een unieke locatie. <\/strong><\/p>\n\n<iframe loading=\"lazy\" width=\"100%\" height=\"500px\" frameborder=\"0\" allowfullscreen=\"\" allow=\"geolocation\" src=\"\/\/umap.openstreetmap.fr\/da\/map\/vammen-camping-hiking-route-2-baunehj-short_1240096?scaleControl=false&#038;miniMap=false&#038;scrollWheelZoom=false&#038;zoomControl=true&#038;editMode=disabled&#038;moreControl=true&#038;searchControl=null&#038;tilelayersControl=null&#038;embedControl=null&#038;datalayersControl=true&#038;onLoadPanel=none&#038;captionBar=false&#038;captionMenus=true\"><\/iframe><p><a href=\"\/\/umap.openstreetmap.fr\/da\/map\/vammen-camping-hiking-route-2-baunehj-short_1240096?scaleControl=false&#038;miniMap=false&#038;scrollWheelZoom=true&#038;zoomControl=true&#038;editMode=disabled&#038;moreControl=true&#038;searchControl=null&#038;tilelayersControl=null&#038;embedControl=null&#038;datalayersControl=true&#038;onLoadPanel=none&#038;captionBar=false&#038;captionMenus=true\">Bekijk op volledig scherm<\/a><\/p>\n\n<p>Volg de campingweg richting Vammen en houd links aan bij de Y-splitsing.<\/p>\n\n<p>Sla in Vammen linksaf naar Hobrovej.<\/p>\n\n<p>Op de kruising bij de kruidenier ga je rechtsaf de N\u00f8rregade op. De weg loopt langs het Forsamlingshuset aan je linkerhand. <\/p>\n\n<p>De kerk van Vammen uit ongeveer 1200 heeft een Romaanse apsis, koor en schip. De toren en het portaal zijn laatgotische toevoegingen. <\/p>\n\n<p>Je loopt nu &#8211; nog steeds op de N\u00f8rregade &#8211; door het oudste deel van Vammen, Nederby, en buiten de stad krijg je een prachtig uitzicht op de uitgestrekte weilanden met Skals \u00c5. Je ziet ook de hellingen, valleien en ravijnen van het landschap uit de ijstijd, waar deze tocht ook langs loopt. <\/p>\n\n<p>Ga bij de waterzuiveringsinstallatie linksaf de Vester K\u00e6rvej op. Deze grindweg is een gemeenschappelijke weg die leidt naar enkele kleine eigendommen aan de rand van het weiland. Het is ook de toegangsweg naar de weilanden waar boeren vroeger hun vee vetmestten en waar turf werd gegraven. De camping had hier ook kleine weiden. Nu zijn veel van de weilanden ongebruikt, wat zorgt voor een rijk vogel- en dierenleven.    <\/p>\n\n<p>Een klein stukje langs Vester K\u00e6rvej, waar een paal staat met zwarte en rode markeringen, ga je linksaf omhoog door een smeltwatervallei. Boven het dal zie je een grote heuvel uit de Bronstijd. Hij is erg hoog (56,3 meter boven zeeniveau) en in vroeger tijden was het een beverheuvel.  <\/p>\n\n<p>Ga bij de T-splitsing linksaf de Norupvej op en volg deze tot deze eindigt in de Haug\u00e5rdsvej. Sla linksaf de Haug\u00e5rdsvej op. Je passeert Langs\u00f8 Friskole en de weg eindigt in N\u00f8rregade, waar je rechtsaf slaat. Op de kruising bij de kruidenier ga je linksaf de Hobrovej op. Na ongeveer 200 meter sla je rechtsaf de Langs\u00f8vej op en volg je deze tot aan de camping.    <\/p>\n<div class=\"wp-block-image\">\n<figure class=\"aligncenter size-large is-resized\"><a href=\"https:\/\/vammencamping.dk\/wp-content\/uploads\/2025\/07\/Skaermbillede-2025-07-01-110814-1200x634.png\"><img loading=\"lazy\" decoding=\"async\" width=\"1200\" height=\"634\" src=\"https:\/\/vammencamping.dk\/wp-content\/uploads\/2025\/07\/Skaermbillede-2025-07-01-110814-1200x634.png\" alt=\"\" class=\"wp-image-9516\" style=\"width:144px\" srcset=\"https:\/\/vammencamping.dk\/wp-content\/uploads\/2025\/07\/Skaermbillede-2025-07-01-110814-1200x634.png 1200w, https:\/\/vammencamping.dk\/wp-content\/uploads\/2025\/07\/Skaermbillede-2025-07-01-110814-744x393.png 744w, https:\/\/vammencamping.dk\/wp-content\/uploads\/2025\/07\/Skaermbillede-2025-07-01-110814-420x221.png 420w, https:\/\/vammencamping.dk\/wp-content\/uploads\/2025\/07\/Skaermbillede-2025-07-01-110814-768x405.png 768w, https:\/\/vammencamping.dk\/wp-content\/uploads\/2025\/07\/Skaermbillede-2025-07-01-110814.png 1088w\" sizes=\"auto, (max-width: 1200px) 100vw, 1200px\" \/><\/a><figcaption class=\"wp-element-caption\">Klik op de kaart om infopunten te zien<\/figcaption><\/figure>\n<\/div>\n<p><em>a) Een gemeenschapscentrum is een gemeenschappelijk cultureel centrum en ontmoetingsplaats van een kleine stad\/dorp dat gebruikt wordt voor lezingen, vergaderingen, evenementen, priv\u00e9- of openbare feesten, enz. Er zijn ongeveer 1000 buurthuizen in Denemarken. <\/em><\/p>\n\n<p><em>b)<\/em> <em>Een beverheuvel is een hoog punt dat vanaf de middeleeuwen tot in de 19e eeuw werd gebruikt om gevaarsituaties te signaleren, bijvoorbeeld van een aanvallende vijand. Een houtstapel, een baken, werd aangestoken zodat het gevaarsignaal al van verre te zien was. <\/em><\/p>\n","protected":false},"excerpt":{"rendered":"<p>Lengte: 7,3 km Beleef een prachtige route door Vammen met uitzicht op de weilanden van Skals \u00c5s en het landschap uit de ijstijd. De route voert je door een smeltwaterdal omhoog naar een opvallende heuvel uit de bronstijd &#8211; een voormalige beverheuvel op een unieke locatie. Bekijk op volledig scherm Volg de campingweg richting Vammen &#8230; <a class=\"read-more\" href=\"https:\/\/vammencamping.dk\/nl\/wandelroute-2-baunehoej-kaart\/\">Read more&#8230;<\/a><\/p>\n","protected":false},"author":7,"featured_media":0,"parent":0,"menu_order":0,"comment_status":"closed","ping_status":"closed","template":"","meta":{"footnotes":""},"class_list":["post-10259","page","type-page","status-publish"],"featured_image_src":null,"_links":{"self":[{"href":"https:\/\/vammencamping.dk\/nl\/wp-json\/wp\/v2\/pages\/10259","targetHints":{"allow":["GET"]}}],"collection":[{"href":"https:\/\/vammencamping.dk\/nl\/wp-json\/wp\/v2\/pages"}],"about":[{"href":"https:\/\/vammencamping.dk\/nl\/wp-json\/wp\/v2\/types\/page"}],"author":[{"embeddable":true,"href":"https:\/\/vammencamping.dk\/nl\/wp-json\/wp\/v2\/users\/7"}],"replies":[{"embeddable":true,"href":"https:\/\/vammencamping.dk\/nl\/wp-json\/wp\/v2\/comments?post=10259"}],"version-history":[{"count":1,"href":"https:\/\/vammencamping.dk\/nl\/wp-json\/wp\/v2\/pages\/10259\/revisions"}],"predecessor-version":[{"id":10260,"href":"https:\/\/vammencamping.dk\/nl\/wp-json\/wp\/v2\/pages\/10259\/revisions\/10260"}],"wp:attachment":[{"href":"https:\/\/vammencamping.dk\/nl\/wp-json\/wp\/v2\/media?parent=10259"}],"curies":[{"name":"wp","href":"https:\/\/api.w.org\/{rel}","templated":true}]}}