{"id":10255,"date":"2025-07-07T09:39:08","date_gmt":"2025-07-07T08:39:08","guid":{"rendered":"https:\/\/vammencamping.dk\/wandelroute-11-uglhoej-en-tinghoeje\/"},"modified":"2025-07-07T09:39:10","modified_gmt":"2025-07-07T08:39:10","slug":"wandelroute-11-uglhoej-en-tinghoeje","status":"publish","type":"page","link":"https:\/\/vammencamping.dk\/nl\/wandelroute-11-uglhoej-en-tinghoeje\/","title":{"rendered":"Wandelroute 11 &#8211; Uglh\u00f8j en Tingh\u00f8je"},"content":{"rendered":"\n<div class=\"wp-block-columns is-layout-flex wp-container-core-columns-is-layout-9d6595d7 wp-block-columns-is-layout-flex\">\n<div class=\"wp-block-column is-layout-flow wp-block-column-is-layout-flow\">\n<figure class=\"wp-block-image size-large is-resized\"><a href=\"https:\/\/vcamp.dk\/h11\/osm\" target=\"_blank\" rel=\" noreferrer noopener\"><img loading=\"lazy\" decoding=\"async\" width=\"1200\" height=\"400\" src=\"https:\/\/vammencamping.dk\/wp-content\/uploads\/2025\/06\/openstreetmap-1200x400.png\" alt=\"\" class=\"wp-image-9358\" style=\"width:264px;height:auto\" srcset=\"https:\/\/vammencamping.dk\/wp-content\/uploads\/2025\/06\/openstreetmap-1200x400.png 1200w, https:\/\/vammencamping.dk\/wp-content\/uploads\/2025\/06\/openstreetmap-744x248.png 744w, https:\/\/vammencamping.dk\/wp-content\/uploads\/2025\/06\/openstreetmap-420x140.png 420w, https:\/\/vammencamping.dk\/wp-content\/uploads\/2025\/06\/openstreetmap-768x256.png 768w, https:\/\/vammencamping.dk\/wp-content\/uploads\/2025\/06\/openstreetmap.png 900w\" sizes=\"auto, (max-width: 1200px) 100vw, 1200px\" \/><\/a><\/figure>\n<\/div>\n\n\n\n<div class=\"wp-block-column is-layout-flow wp-block-column-is-layout-flow\">\n<figure class=\"wp-block-image size-large is-resized\"><a href=\"https:\/\/vcamp.dk\/h11\/gm\" target=\"_blank\" rel=\" noreferrer noopener\"><img loading=\"lazy\" decoding=\"async\" width=\"1200\" height=\"324\" src=\"https:\/\/vammencamping.dk\/wp-content\/uploads\/2025\/06\/google_maps-1200x324.png\" alt=\"\" class=\"wp-image-9364\" style=\"width:242px;height:auto\" srcset=\"https:\/\/vammencamping.dk\/wp-content\/uploads\/2025\/06\/google_maps-1200x324.png 1200w, https:\/\/vammencamping.dk\/wp-content\/uploads\/2025\/06\/google_maps-744x201.png 744w, https:\/\/vammencamping.dk\/wp-content\/uploads\/2025\/06\/google_maps-420x113.png 420w, https:\/\/vammencamping.dk\/wp-content\/uploads\/2025\/06\/google_maps-768x207.png 768w, https:\/\/vammencamping.dk\/wp-content\/uploads\/2025\/06\/google_maps.png 2048w\" sizes=\"auto, (max-width: 1200px) 100vw, 1200px\" \/><\/a><\/figure>\n<\/div>\n\n\n\n<div class=\"wp-block-column is-layout-flow wp-block-column-is-layout-flow\">\n<figure class=\"wp-block-image size-large is-resized\"><a href=\"https:\/\/vcamp.dk\/h11\/km\" target=\"_blank\" rel=\" noreferrer noopener\"><img loading=\"lazy\" decoding=\"async\" width=\"1200\" height=\"362\" src=\"https:\/\/vammencamping.dk\/wp-content\/uploads\/2025\/06\/komoot-1200x362.png\" alt=\"\" class=\"wp-image-9368\" style=\"width:241px;height:auto\" srcset=\"https:\/\/vammencamping.dk\/wp-content\/uploads\/2025\/06\/komoot-1200x362.png 1200w, https:\/\/vammencamping.dk\/wp-content\/uploads\/2025\/06\/komoot-744x224.png 744w, https:\/\/vammencamping.dk\/wp-content\/uploads\/2025\/06\/komoot-420x126.png 420w, https:\/\/vammencamping.dk\/wp-content\/uploads\/2025\/06\/komoot-768x231.png 768w, https:\/\/vammencamping.dk\/wp-content\/uploads\/2025\/06\/komoot.png 716w\" sizes=\"auto, (max-width: 1200px) 100vw, 1200px\" \/><\/a><\/figure>\n<\/div>\n<\/div>\n\n<p><\/p>\n\n<p class=\"has-text-align-left\">Lengte: <strong>11,2 km<\/strong><\/p>\n\n<p class=\"has-text-align-left\">Maak een historische wandeling met uitzicht op indrukwekkende doorgangsgraven en uitzicht op Tjele \u00c5dal vanaf de opvallende grafheuvels bij Tingh\u00f8je. De route biedt zowel oude monumenten als schilderachtige panorama&#8217;s &#8211; met sporen van zowel het verleden als modern onderzoek aan de horizon. <\/p>\n\n<iframe loading=\"lazy\" width=\"100%\" height=\"500px\" frameborder=\"0\" allowfullscreen=\"\" allow=\"geolocation\" src=\"\/\/umap.openstreetmap.fr\/da\/map\/vammen-camping-hiking-route-11-tinghje_1240116?scaleControl=false&#038;miniMap=false&#038;scrollWheelZoom=false&#038;zoomControl=true&#038;editMode=disabled&#038;moreControl=true&#038;searchControl=null&#038;tilelayersControl=null&#038;embedControl=null&#038;datalayersControl=true&#038;onLoadPanel=none&#038;captionBar=false&#038;captionMenus=true\"><\/iframe><p><a href=\"\/\/umap.openstreetmap.fr\/da\/map\/vammen-camping-hiking-route-11-tinghje_1240116?scaleControl=false&#038;miniMap=false&#038;scrollWheelZoom=true&#038;zoomControl=true&#038;editMode=disabled&#038;moreControl=true&#038;searchControl=null&#038;tilelayersControl=null&#038;embedControl=null&#038;datalayersControl=true&#038;onLoadPanel=none&#038;captionBar=false&#038;captionMenus=true\">Bekijk op volledig scherm<\/a><\/p>\n\n<p>Volg de campingweg richting Vammen en houd links aan bij de Y-splitsing, ga linksaf de Hobrovej op. Ga op de kruising bij de kruidenier rechtdoor. Buiten de stad begint een geasfalteerd fiets\/wandelpad. Volg dit pad.   <\/p>\n\n<p>Waar de weg naar Tjele = S\u00f8nderupvej naar links gaat, ga je rechtdoor en in het noorden zie je verschillende doorgangsgraven. E\u00e9n heeft een toegankelijke dubbele kamer die met zijn twee openingen lijkt op de kop van een uil &#8211; vandaar de naam &#8220;Uglh\u00f8j&#8221;. <\/p>\n\n<p>Je mag er te voet heen en weer lopen.<\/p>\n\n<p>Volg de paarse route tot deze kort daarna naar het noorden afbuigt &#8211; gemarkeerd door een paal met paarse markeringen &#8211; je steekt Hobrovej over en verlaat het fietspad. Dit is kort voor de boerderij Tingh\u00f8jg\u00e5rd =Tingh\u00f8jvej 46. <\/p>\n\n<p>Net daarvoor, naar het zuiden &#8211; bij de grafheuvels van Tingh\u00f8je &#8211; heb je een prachtig uitzicht over Tjele \u00c5dal en richting Foulum Fors\u00f8gscenter.<\/p>\n\n<p>Volg de paars gemarkeerde route naar de boerderij Tingdalg\u00e5rd = Tingh\u00f8jvej 28, die je aan de rechterkant passeert en volg de route naar de zwart gemarkeerde route op Bedehusvej. Sla rechtsaf en volg deze zwarte route naar Haug\u00e5rdsvej. Sla rechtsaf en ga rechtdoor tot je bij de N\u00f8rregade komt. Sla rechtsaf en ga bij de kruising met de kruidenierswinkel linksaf de Hobrovej op.   <\/p>\n\n<p>Sla na ongeveer 200 meter rechtsaf langs Langs\u00f8vej terug naar de camping.<\/p>\n<div class=\"wp-block-image\">\n<figure class=\"aligncenter size-large is-resized\"><a href=\"https:\/\/vammencamping.dk\/wp-content\/uploads\/2025\/07\/image-1200x636.png\"><img loading=\"lazy\" decoding=\"async\" width=\"1200\" height=\"636\" src=\"https:\/\/vammencamping.dk\/wp-content\/uploads\/2025\/07\/image-1200x636.png\" alt=\"\" class=\"wp-image-9579\" style=\"width:144px\" srcset=\"https:\/\/vammencamping.dk\/wp-content\/uploads\/2025\/07\/image-1200x636.png 1200w, https:\/\/vammencamping.dk\/wp-content\/uploads\/2025\/07\/image-744x394.png 744w, https:\/\/vammencamping.dk\/wp-content\/uploads\/2025\/07\/image-420x222.png 420w, https:\/\/vammencamping.dk\/wp-content\/uploads\/2025\/07\/image-768x407.png 768w, https:\/\/vammencamping.dk\/wp-content\/uploads\/2025\/07\/image.png 722w\" sizes=\"auto, (max-width: 1200px) 100vw, 1200px\" \/><\/a><figcaption class=\"wp-element-caption\">Klik op de kaart om infopunten te zien<\/figcaption><\/figure>\n<\/div>\n<p>a)  <em>Foulum Experimental Centre is een onderzoeks- en ontwikkelingscentrum en onderdeel van de Universiteit van Aarhus. Onderzoek binnen voeding, landbouw, planten, ecologie, bio-energie, milieu, klimaat, bodem, genetica en technologie. <\/em><\/p>\n","protected":false},"excerpt":{"rendered":"<p>Lengte: 11,2 km Maak een historische wandeling met uitzicht op indrukwekkende doorgangsgraven en uitzicht op Tjele \u00c5dal vanaf de opvallende grafheuvels bij Tingh\u00f8je. De route biedt zowel oude monumenten als schilderachtige panorama&#8217;s &#8211; met sporen van zowel het verleden als modern onderzoek aan de horizon. Bekijk op volledig scherm Volg de campingweg richting Vammen en &#8230; <a class=\"read-more\" href=\"https:\/\/vammencamping.dk\/nl\/wandelroute-11-uglhoej-en-tinghoeje\/\">Read more&#8230;<\/a><\/p>\n","protected":false},"author":7,"featured_media":0,"parent":0,"menu_order":0,"comment_status":"closed","ping_status":"closed","template":"","meta":{"footnotes":""},"class_list":["post-10255","page","type-page","status-publish"],"featured_image_src":null,"_links":{"self":[{"href":"https:\/\/vammencamping.dk\/nl\/wp-json\/wp\/v2\/pages\/10255","targetHints":{"allow":["GET"]}}],"collection":[{"href":"https:\/\/vammencamping.dk\/nl\/wp-json\/wp\/v2\/pages"}],"about":[{"href":"https:\/\/vammencamping.dk\/nl\/wp-json\/wp\/v2\/types\/page"}],"author":[{"embeddable":true,"href":"https:\/\/vammencamping.dk\/nl\/wp-json\/wp\/v2\/users\/7"}],"replies":[{"embeddable":true,"href":"https:\/\/vammencamping.dk\/nl\/wp-json\/wp\/v2\/comments?post=10255"}],"version-history":[{"count":1,"href":"https:\/\/vammencamping.dk\/nl\/wp-json\/wp\/v2\/pages\/10255\/revisions"}],"predecessor-version":[{"id":10256,"href":"https:\/\/vammencamping.dk\/nl\/wp-json\/wp\/v2\/pages\/10255\/revisions\/10256"}],"wp:attachment":[{"href":"https:\/\/vammencamping.dk\/nl\/wp-json\/wp\/v2\/media?parent=10255"}],"curies":[{"name":"wp","href":"https:\/\/api.w.org\/{rel}","templated":true}]}}