{"id":10243,"date":"2025-07-07T09:33:15","date_gmt":"2025-07-07T08:33:15","guid":{"rendered":"https:\/\/vammencamping.dk\/fietsroute-9-vejlebaek-noerreaadalen\/"},"modified":"2025-07-07T09:33:17","modified_gmt":"2025-07-07T08:33:17","slug":"fietsroute-9-vejlebaek-noerreaadalen","status":"publish","type":"page","link":"https:\/\/vammencamping.dk\/nl\/fietsroute-9-vejlebaek-noerreaadalen\/","title":{"rendered":"Fietsroute 9 &#8211; Vejleb\u00e6k &#8211; N\u00f8rre\u00e5dalen"},"content":{"rendered":"\n<div class=\"wp-block-columns is-layout-flex wp-container-core-columns-is-layout-9d6595d7 wp-block-columns-is-layout-flex\">\n<div class=\"wp-block-column is-layout-flow wp-block-column-is-layout-flow\">\n<figure class=\"wp-block-image size-large is-resized\"><a href=\"https:\/\/vcamp.dk\/c9\/osm\" target=\"_blank\" rel=\" noreferrer noopener\"><img loading=\"lazy\" decoding=\"async\" width=\"1200\" height=\"400\" src=\"https:\/\/vammencamping.dk\/wp-content\/uploads\/2025\/06\/openstreetmap-1200x400.png\" alt=\"\" class=\"wp-image-9358\" style=\"width:264px;height:auto\" srcset=\"https:\/\/vammencamping.dk\/wp-content\/uploads\/2025\/06\/openstreetmap-1200x400.png 1200w, https:\/\/vammencamping.dk\/wp-content\/uploads\/2025\/06\/openstreetmap-744x248.png 744w, https:\/\/vammencamping.dk\/wp-content\/uploads\/2025\/06\/openstreetmap-420x140.png 420w, https:\/\/vammencamping.dk\/wp-content\/uploads\/2025\/06\/openstreetmap-768x256.png 768w, https:\/\/vammencamping.dk\/wp-content\/uploads\/2025\/06\/openstreetmap.png 900w\" sizes=\"auto, (max-width: 1200px) 100vw, 1200px\" \/><\/a><\/figure>\n<\/div>\n\n\n\n<div class=\"wp-block-column is-layout-flow wp-block-column-is-layout-flow\">\n<figure class=\"wp-block-image size-large is-resized\"><a href=\"https:\/\/vcamp.dk\/c9\/gm\" target=\"_blank\" rel=\" noreferrer noopener\"><img loading=\"lazy\" decoding=\"async\" width=\"1200\" height=\"324\" src=\"https:\/\/vammencamping.dk\/wp-content\/uploads\/2025\/06\/google_maps-1200x324.png\" alt=\"\" class=\"wp-image-9364\" style=\"width:242px;height:auto\" srcset=\"https:\/\/vammencamping.dk\/wp-content\/uploads\/2025\/06\/google_maps-1200x324.png 1200w, https:\/\/vammencamping.dk\/wp-content\/uploads\/2025\/06\/google_maps-744x201.png 744w, https:\/\/vammencamping.dk\/wp-content\/uploads\/2025\/06\/google_maps-420x113.png 420w, https:\/\/vammencamping.dk\/wp-content\/uploads\/2025\/06\/google_maps-768x207.png 768w, https:\/\/vammencamping.dk\/wp-content\/uploads\/2025\/06\/google_maps.png 2048w\" sizes=\"auto, (max-width: 1200px) 100vw, 1200px\" \/><\/a><\/figure>\n<\/div>\n\n\n\n<div class=\"wp-block-column is-layout-flow wp-block-column-is-layout-flow\">\n<figure class=\"wp-block-image size-large is-resized\"><a href=\"https:\/\/vcamp.dk\/c9\/bm\" target=\"_blank\" rel=\" noreferrer noopener\"><img loading=\"lazy\" decoding=\"async\" width=\"1200\" height=\"295\" src=\"https:\/\/vammencamping.dk\/wp-content\/uploads\/2025\/06\/bikemap-1200x295.png\" alt=\"\" class=\"wp-image-9440\" style=\"width:242px\" srcset=\"https:\/\/vammencamping.dk\/wp-content\/uploads\/2025\/06\/bikemap-1200x295.png 1200w, https:\/\/vammencamping.dk\/wp-content\/uploads\/2025\/06\/bikemap-744x183.png 744w, https:\/\/vammencamping.dk\/wp-content\/uploads\/2025\/06\/bikemap-420x103.png 420w, https:\/\/vammencamping.dk\/wp-content\/uploads\/2025\/06\/bikemap-768x189.png 768w, https:\/\/vammencamping.dk\/wp-content\/uploads\/2025\/06\/bikemap.png 642w\" sizes=\"auto, (max-width: 1200px) 100vw, 1200px\" \/><\/a><\/figure>\n<\/div>\n\n\n\n<div class=\"wp-block-column is-layout-flow wp-block-column-is-layout-flow\">\n<figure class=\"wp-block-image size-large is-resized\"><a href=\"https:\/\/vcamp.dk\/c9\/km\" target=\"_blank\" rel=\" noreferrer noopener\"><img loading=\"lazy\" decoding=\"async\" width=\"1200\" height=\"362\" src=\"https:\/\/vammencamping.dk\/wp-content\/uploads\/2025\/06\/komoot-1200x362.png\" alt=\"\" class=\"wp-image-9368\" style=\"width:241px;height:auto\" srcset=\"https:\/\/vammencamping.dk\/wp-content\/uploads\/2025\/06\/komoot-1200x362.png 1200w, https:\/\/vammencamping.dk\/wp-content\/uploads\/2025\/06\/komoot-744x224.png 744w, https:\/\/vammencamping.dk\/wp-content\/uploads\/2025\/06\/komoot-420x126.png 420w, https:\/\/vammencamping.dk\/wp-content\/uploads\/2025\/06\/komoot-768x231.png 768w, https:\/\/vammencamping.dk\/wp-content\/uploads\/2025\/06\/komoot.png 716w\" sizes=\"auto, (max-width: 1200px) 100vw, 1200px\" \/><\/a><\/figure>\n<\/div>\n<\/div>\n\n<p class=\"has-text-align-left\">Lengte: <strong>41 km<\/strong><\/p>\n\n<p class=\"has-text-align-left\">De fietsroute voert je door S\u00f8nderhede Plantage en langs N\u00f8rre\u00e5dalen met prachtige uitzichten en historische stops. Ontdek onderweg Tjele Manor en idyllische landschappen. <\/p>\n\n<iframe loading=\"lazy\" width=\"100%\" height=\"500px\" frameborder=\"0\" allowfullscreen=\"\" allow=\"geolocation\" src=\"\/\/umap.openstreetmap.fr\/da\/map\/vammen-camping-bicycle-route-9-vejlebk-nrrea_1240077?scaleControl=false&#038;miniMap=false&#038;scrollWheelZoom=false&#038;zoomControl=true&#038;editMode=disabled&#038;moreControl=true&#038;searchControl=null&#038;tilelayersControl=null&#038;embedControl=null&#038;datalayersControl=true&#038;onLoadPanel=none&#038;captionBar=false&#038;captionMenus=true\"><\/iframe><p><a href=\"\/\/umap.openstreetmap.fr\/da\/map\/vammen-camping-bicycle-route-9-vejlebk-nrrea_1240077?scaleControl=false&#038;miniMap=false&#038;scrollWheelZoom=true&#038;zoomControl=true&#038;editMode=disabled&#038;moreControl=true&#038;searchControl=null&#038;tilelayersControl=null&#038;embedControl=null&#038;datalayersControl=true&#038;onLoadPanel=none&#038;captionBar=false&#038;captionMenus=true\">Bekijk op volledig scherm<\/a><\/p>\n\n<p>Begin vanaf de camping en ga in Vammen linksaf over de asfaltweg. Ga bij de splitsing linksaf de Tjele M\u00f8llevej op. Houd links aan en rijd over Tjele \u00c5, rechtdoor langs de boerderij Vester Tjele. Ga bij de T-splitsing bij Tjele Gods (het oudste landhuis van Denemarken) linksaf de weg 517 op richting Hobro, en na 200 meter rechtsaf de Tjelevej op richting \u00d8rum. Ga na 100 meter linksaf (tegenover de schuur) de Tjele Skovvej op (grindweg).    <\/p>\n\n<p>Rijd over de grote velden van Tjele Estate de S\u00f8nderhede Plantage in. Ga bij de splitsing in het bos rechtdoor langs Tjele Skovvej. Kort na het bos begint de geasfalteerde weg &#8211; houd rechts aan bij de kleine T-splitsing bij de transformator en sla meteen linksaf het geasfalteerde fietspad &#8220;S2&#8221; op over de niet meer gebruikte spoorweg &#8211; in oostelijke richting naar Hammersh\u00f8j.  <\/p>\n\n<p>Rij rechtdoor tot het fietspad eindigt in Hammersh\u00f8j op Vorningvej. Ga bij de boerderij &#8220;Vestervang&#8221; rechtsaf in zuidelijke richting naar hoofdweg 16. Ga bij de rotonde linksaf de 16 op in de richting van Randers. Ga na ongeveer 600 meter bij de apotheek rechtsaf de Stadionvej op. Volg de asfaltweg omlaag langs het stadion en langs Vejleb\u00e6k. Rij over de brede asfaltweg Tindb\u00e6kvej en ga verder langs Langdyssevej richting \u00c5rup.    <\/p>\n\n<p>Houd in \u00c5rup &#8211; op het kruispunt &#8211; links aan richting het bord &#8220;Kvorning M\u00f8lle 3&#8221;, volg Langdyssevej. Volg de asfaltweg rechts om de boerderij heen en ga verder langs N\u00f8rre\u00e5dalen met de steile hellingen aan je rechterhand. Ga bij de splitsing rechtdoor langs Kvorning M\u00f8llevej richting Kvorning M\u00f8lle. De asfaltweg eindigt bij Kvorning M\u00f8lleg\u00e5rd &#8211; sla rechtsaf en kort daarna zie je het M\u00f8lles\u00f8en meer aan je rechterhand.   <\/p>\n\n<p>Ga linksaf en volg de weg &#8211; geniet van het unieke uitzicht op de vallei. Bij de T-splitsing ga je linksaf en dan meteen rechtsaf. PS: het volgende stuk is een beetje inspannend &#8211; het kan zijn dat je langs een boerderij moet rijden. De grindweg komt uit op een asfaltweg in Hulb\u00e6k. Sla hier rechtsaf &#8211; volg de asfaltweg.     <\/p>\n\n<p>Waar de asfaltweg splitst, ga je linksaf en volg je de weg naar hoofdweg 16. Fiets rechtdoor &#8211; over de hoofdweg en naar de verharde niet meer gebruikte spoorlijn &#8220;S2&#8221;. Sla linksaf en volg dit fietspad naar Tjelevej. Je kruist \u00d8stergade en Vingevej en passeert de \u00d8rum School. Sla bij Tjelevej rechtsaf en ga rechtdoor door de S\u00f8nderhede Plantage. Ga bij de T-splitsing bij Tjele Gods linksaf de 517 op en houd na ongeveer 200 meter rechts aan op Tjele M\u00f8llevej richting het bord &#8220;Vammen 4&#8221;. In Vammen ga je bij de kruising bij de kruidenier rechtsaf. Rijd naar de camping langs Langs\u00f8vej of Bygmarksvej.      <\/p>\n\n<p>De reis kan met ongeveer 11 km worden ingekort door met de auto te rijden en te parkeren bij de kerk van Tjele.<\/p>\n","protected":false},"excerpt":{"rendered":"<p>Lengte: 41 km De fietsroute voert je door S\u00f8nderhede Plantage en langs N\u00f8rre\u00e5dalen met prachtige uitzichten en historische stops. Ontdek onderweg Tjele Manor en idyllische landschappen. Bekijk op volledig scherm Begin vanaf de camping en ga in Vammen linksaf over de asfaltweg. Ga bij de splitsing linksaf de Tjele M\u00f8llevej op. Houd links aan en &#8230; <a class=\"read-more\" href=\"https:\/\/vammencamping.dk\/nl\/fietsroute-9-vejlebaek-noerreaadalen\/\">Read more&#8230;<\/a><\/p>\n","protected":false},"author":7,"featured_media":0,"parent":0,"menu_order":0,"comment_status":"closed","ping_status":"closed","template":"","meta":{"footnotes":""},"class_list":["post-10243","page","type-page","status-publish"],"featured_image_src":null,"_links":{"self":[{"href":"https:\/\/vammencamping.dk\/nl\/wp-json\/wp\/v2\/pages\/10243","targetHints":{"allow":["GET"]}}],"collection":[{"href":"https:\/\/vammencamping.dk\/nl\/wp-json\/wp\/v2\/pages"}],"about":[{"href":"https:\/\/vammencamping.dk\/nl\/wp-json\/wp\/v2\/types\/page"}],"author":[{"embeddable":true,"href":"https:\/\/vammencamping.dk\/nl\/wp-json\/wp\/v2\/users\/7"}],"replies":[{"embeddable":true,"href":"https:\/\/vammencamping.dk\/nl\/wp-json\/wp\/v2\/comments?post=10243"}],"version-history":[{"count":1,"href":"https:\/\/vammencamping.dk\/nl\/wp-json\/wp\/v2\/pages\/10243\/revisions"}],"predecessor-version":[{"id":10244,"href":"https:\/\/vammencamping.dk\/nl\/wp-json\/wp\/v2\/pages\/10243\/revisions\/10244"}],"wp:attachment":[{"href":"https:\/\/vammencamping.dk\/nl\/wp-json\/wp\/v2\/media?parent=10243"}],"curies":[{"name":"wp","href":"https:\/\/api.w.org\/{rel}","templated":true}]}}