{"id":10241,"date":"2025-07-07T09:32:51","date_gmt":"2025-07-07T08:32:51","guid":{"rendered":"https:\/\/vammencamping.dk\/fietsroute-8-fussingoe\/"},"modified":"2025-07-07T09:32:52","modified_gmt":"2025-07-07T08:32:52","slug":"fietsroute-8-fussingoe","status":"publish","type":"page","link":"https:\/\/vammencamping.dk\/nl\/fietsroute-8-fussingoe\/","title":{"rendered":"Fietsroute 8 &#8211; Fussing\u00f8"},"content":{"rendered":"\n<div class=\"wp-block-columns is-layout-flex wp-container-core-columns-is-layout-9d6595d7 wp-block-columns-is-layout-flex\">\n<div class=\"wp-block-column is-layout-flow wp-block-column-is-layout-flow\">\n<figure class=\"wp-block-image size-large is-resized\"><a href=\"https:\/\/vcamp.dk\/c8\/osm\" target=\"_blank\" rel=\" noreferrer noopener\"><img loading=\"lazy\" decoding=\"async\" width=\"1200\" height=\"400\" src=\"https:\/\/vammencamping.dk\/wp-content\/uploads\/2025\/06\/openstreetmap-1200x400.png\" alt=\"\" class=\"wp-image-9358\" style=\"width:264px;height:auto\" srcset=\"https:\/\/vammencamping.dk\/wp-content\/uploads\/2025\/06\/openstreetmap-1200x400.png 1200w, https:\/\/vammencamping.dk\/wp-content\/uploads\/2025\/06\/openstreetmap-744x248.png 744w, https:\/\/vammencamping.dk\/wp-content\/uploads\/2025\/06\/openstreetmap-420x140.png 420w, https:\/\/vammencamping.dk\/wp-content\/uploads\/2025\/06\/openstreetmap-768x256.png 768w, https:\/\/vammencamping.dk\/wp-content\/uploads\/2025\/06\/openstreetmap.png 900w\" sizes=\"auto, (max-width: 1200px) 100vw, 1200px\" \/><\/a><\/figure>\n<\/div>\n\n\n\n<div class=\"wp-block-column is-layout-flow wp-block-column-is-layout-flow\">\n<figure class=\"wp-block-image size-large is-resized\"><a href=\"https:\/\/vcamp.dk\/c8\/gm\" target=\"_blank\" rel=\" noreferrer noopener\"><img loading=\"lazy\" decoding=\"async\" width=\"1200\" height=\"324\" src=\"https:\/\/vammencamping.dk\/wp-content\/uploads\/2025\/06\/google_maps-1200x324.png\" alt=\"\" class=\"wp-image-9364\" style=\"width:242px;height:auto\" srcset=\"https:\/\/vammencamping.dk\/wp-content\/uploads\/2025\/06\/google_maps-1200x324.png 1200w, https:\/\/vammencamping.dk\/wp-content\/uploads\/2025\/06\/google_maps-744x201.png 744w, https:\/\/vammencamping.dk\/wp-content\/uploads\/2025\/06\/google_maps-420x113.png 420w, https:\/\/vammencamping.dk\/wp-content\/uploads\/2025\/06\/google_maps-768x207.png 768w, https:\/\/vammencamping.dk\/wp-content\/uploads\/2025\/06\/google_maps.png 2048w\" sizes=\"auto, (max-width: 1200px) 100vw, 1200px\" \/><\/a><\/figure>\n<\/div>\n\n\n\n<div class=\"wp-block-column is-layout-flow wp-block-column-is-layout-flow\">\n<figure class=\"wp-block-image size-large is-resized\"><a href=\"https:\/\/vcamp.dk\/c8\/bm\" target=\"_blank\" rel=\" noreferrer noopener\"><img loading=\"lazy\" decoding=\"async\" width=\"1200\" height=\"295\" src=\"https:\/\/vammencamping.dk\/wp-content\/uploads\/2025\/06\/bikemap-1200x295.png\" alt=\"\" class=\"wp-image-9440\" style=\"width:242px\" srcset=\"https:\/\/vammencamping.dk\/wp-content\/uploads\/2025\/06\/bikemap-1200x295.png 1200w, https:\/\/vammencamping.dk\/wp-content\/uploads\/2025\/06\/bikemap-744x183.png 744w, https:\/\/vammencamping.dk\/wp-content\/uploads\/2025\/06\/bikemap-420x103.png 420w, https:\/\/vammencamping.dk\/wp-content\/uploads\/2025\/06\/bikemap-768x189.png 768w, https:\/\/vammencamping.dk\/wp-content\/uploads\/2025\/06\/bikemap.png 642w\" sizes=\"auto, (max-width: 1200px) 100vw, 1200px\" \/><\/a><\/figure>\n<\/div>\n\n\n\n<div class=\"wp-block-column is-layout-flow wp-block-column-is-layout-flow\">\n<figure class=\"wp-block-image size-large is-resized\"><a href=\"https:\/\/vcamp.dk\/c8\/km\" target=\"_blank\" rel=\" noreferrer noopener\"><img loading=\"lazy\" decoding=\"async\" width=\"1200\" height=\"362\" src=\"https:\/\/vammencamping.dk\/wp-content\/uploads\/2025\/06\/komoot-1200x362.png\" alt=\"\" class=\"wp-image-9368\" style=\"width:241px;height:auto\" srcset=\"https:\/\/vammencamping.dk\/wp-content\/uploads\/2025\/06\/komoot-1200x362.png 1200w, https:\/\/vammencamping.dk\/wp-content\/uploads\/2025\/06\/komoot-744x224.png 744w, https:\/\/vammencamping.dk\/wp-content\/uploads\/2025\/06\/komoot-420x126.png 420w, https:\/\/vammencamping.dk\/wp-content\/uploads\/2025\/06\/komoot-768x231.png 768w, https:\/\/vammencamping.dk\/wp-content\/uploads\/2025\/06\/komoot.png 716w\" sizes=\"auto, (max-width: 1200px) 100vw, 1200px\" \/><\/a><\/figure>\n<\/div>\n<\/div>\n\n<p class=\"has-text-align-left\">Lengte: <strong>27 km<\/strong><\/p>\n\n<p class=\"has-text-align-left\">Maak een prachtige fietstocht naar het kasteel en het meer van Fussing\u00f8 door heideheuvels en bossen. De route biedt natuur, cultuur en uitzicht op N\u00f8rre \u00c5dal. <\/p>\n\n<iframe loading=\"lazy\" width=\"100%\" height=\"500px\" frameborder=\"0\" allowfullscreen=\"\" allow=\"geolocation\" src=\"\/\/umap.openstreetmap.fr\/da\/map\/vammen-camping-bicycle-route-8-fussing_1240070?scaleControl=false&#038;miniMap=false&#038;scrollWheelZoom=false&#038;zoomControl=true&#038;editMode=disabled&#038;moreControl=true&#038;searchControl=null&#038;tilelayersControl=null&#038;embedControl=null&#038;datalayersControl=true&#038;onLoadPanel=none&#038;captionBar=false&#038;captionMenus=true\"><\/iframe><p><a href=\"\/\/umap.openstreetmap.fr\/da\/map\/vammen-camping-bicycle-route-8-fussing_1240070?scaleControl=false&#038;miniMap=false&#038;scrollWheelZoom=true&#038;zoomControl=true&#038;editMode=disabled&#038;moreControl=true&#038;searchControl=null&#038;tilelayersControl=null&#038;embedControl=null&#038;datalayersControl=true&#038;onLoadPanel=none&#038;captionBar=false&#038;captionMenus=true\">Bekijk op volledig scherm<\/a><\/p>\n\n<p>Start in Hammersh\u00f8j &#8211; in verband met tocht nr. 10 of door je auto te parkeren bij Friluftsbadet en Hammersh\u00f8j Skole, Vorningvej 33, Hammersh\u00f8j, 8830 Tjele. Volg Vorningvej tot de rotonde. Sla linksaf naar weg 16, Randersvej. Ga na ongeveer 600 meter bij de apotheek rechtsaf de Stadionvej op. Volg de asfaltweg langs het stadion en rijd verder langs Vejleb\u00e6kdalen tot vlak voor de brede asfaltweg (Tindb\u00e6kvej). Sla linksaf naar N\u00f8ragervej, over het veen bij het bord &#8220;Tindb\u00e6k 3&#8221;. In het veen wordt nog steeds klei gegraven en Hammersh\u00f8j Teglv\u00e6rk produceert bakstenen voor het hele land &#8211; inclusief de camping. Vejleb\u00e6k wordt overgestoken.       <\/p>\n\n<p>Op de kruising N\u00f8ragervej\/Tindb\u00e6k F\u00e6lled ga je linksaf de Tindb\u00e6k F\u00e6lled op, die je volgt tot hij eindigt in een T-kruising. Net binnen de T-splitsing passeer je rechts een zijweg en sla je linksaf de Volstrupvej in, het bos in. Na het bosgedeelte ga je bij het bord &#8220;L\u00e6sten 2&#8221; linksaf de Rosenbakken op. Steek Vejleb\u00e6k weer over. Rijd door een binnenplaats en de weg slingert steil omhoog door de prachtige, met heide begroeide heuvels van L\u00e6sten Bakker.    <\/p>\n\n<p>In L\u00e6sten houd je bij Brugsen rechts aan op Engtoften, die via een bochtige, steile weg door L\u00e6sten Bakker naar beneden loopt. Houd rechts aan langs Vasevej. Steek Vejleb\u00e6k twee keer over, want de weg is hier verdeeld.  <\/p>\n\n<p>Ga rechtdoor langs de Vasevej door het bos. Het eindigt op de parkeerplaats bij Fussing\u00f8. <\/p>\n\n<p>Op de parkeerplaats vind je een kaart van het gebied. Fussing Watermill ligt aan de linkerkant, en Fussing\u00f8 Castle (eigendom van de staat), Fussing Lake en verschillende van de oude plantages zijn beschermd. Er zijn gemarkeerde wandelpaden. Ga bij de houtzagerij bij de T-splitsing na het bord &#8220;\u00c5lum 3&#8221; rechtsaf langs Fussing\u00f8vej. Zwemmen in het prachtige meer wordt afgeraden vanwege de zeer steile hellingen. Bij de bocht is er een pad van de parkeerplaats naar de Fussing\u00f8 ru\u00efne.     <\/p>\n\n<p>Ga verder door het S\u00f8nderskov bos. Bij de splitsing aan de rand van het bos, waar een aantal zeer oude eiken en beuken staan, ga je rechtsaf langs Fussing\u00f8vej in de richting van het bord &#8220;\u00c5lum 2&#8221;. Na ongeveer 300 meter ga je opnieuw rechtsaf langs de bosrand langs Nr. \u00c5lumvej en volg je het bord &#8220;Svinding 3&#8221;. Volg Nr. \u00c5lumvej en rijd rechtdoor richting Svinding.     <\/p>\n\n<p>Sla in Svinding rechtsaf naar H\u00f8vejen. Volg de asfaltweg omlaag door het bos en sla rechtsaf waar H\u00f8vejen eindigt in Gammel Viborgvej, wegnr. 503. Rijd langs het bos &#8211; met prachtig uitzicht op de brede N\u00f8rre \u00c5dal vallei. De weg verandert van naam in Gammel Randersvej. De Skjern-kerk ligt aan je linkerhand &#8211; bij het portaal staat een grote oude runesteen en boven de toegangsdeur hangt een oude zonnewijzer. Vanaf de begraafplaats heb je een prachtig uitzicht over het rivierdal.     <\/p>\n\n<p>Houd rechts aan op Tindb\u00e6kvej richting Tindb\u00e6k en Hammersh\u00f8j 5 (weg 575). Vanaf hier zijn er twee opties: <\/p>\n\n<p>1) Ga rechtdoor langs Tindb\u00e6kvej langs Tindb\u00e6k en Hammersh\u00f8j Teglv\u00e6rk tot aan hoofdweg 16 &#8211; het startpunt.<br\/>2) Ga rechtdoor langs Tindb\u00e6kvej, maar sla rechtsaf naar Tindb\u00e6k Byvej, en sla in het dorp rechtsaf naar N\u00f8ragervej. Rijd hierlangs en volg het over Vejleb\u00e6k tot het eindigt in Stadionvej. Ga bij de T-splitsing linksaf en meteen rechtsaf de Tindb\u00e6kvej op richting Hammersh\u00f8j en hoofdweg 16 &#8211; het startpunt.  <\/p>\n","protected":false},"excerpt":{"rendered":"<p>Lengte: 27 km Maak een prachtige fietstocht naar het kasteel en het meer van Fussing\u00f8 door heideheuvels en bossen. De route biedt natuur, cultuur en uitzicht op N\u00f8rre \u00c5dal. Bekijk op volledig scherm Start in Hammersh\u00f8j &#8211; in verband met tocht nr. 10 of door je auto te parkeren bij Friluftsbadet en Hammersh\u00f8j Skole, Vorningvej &#8230; <a class=\"read-more\" href=\"https:\/\/vammencamping.dk\/nl\/fietsroute-8-fussingoe\/\">Read more&#8230;<\/a><\/p>\n","protected":false},"author":7,"featured_media":0,"parent":0,"menu_order":0,"comment_status":"closed","ping_status":"closed","template":"","meta":{"footnotes":""},"class_list":["post-10241","page","type-page","status-publish"],"featured_image_src":null,"_links":{"self":[{"href":"https:\/\/vammencamping.dk\/nl\/wp-json\/wp\/v2\/pages\/10241","targetHints":{"allow":["GET"]}}],"collection":[{"href":"https:\/\/vammencamping.dk\/nl\/wp-json\/wp\/v2\/pages"}],"about":[{"href":"https:\/\/vammencamping.dk\/nl\/wp-json\/wp\/v2\/types\/page"}],"author":[{"embeddable":true,"href":"https:\/\/vammencamping.dk\/nl\/wp-json\/wp\/v2\/users\/7"}],"replies":[{"embeddable":true,"href":"https:\/\/vammencamping.dk\/nl\/wp-json\/wp\/v2\/comments?post=10241"}],"version-history":[{"count":1,"href":"https:\/\/vammencamping.dk\/nl\/wp-json\/wp\/v2\/pages\/10241\/revisions"}],"predecessor-version":[{"id":10242,"href":"https:\/\/vammencamping.dk\/nl\/wp-json\/wp\/v2\/pages\/10241\/revisions\/10242"}],"wp:attachment":[{"href":"https:\/\/vammencamping.dk\/nl\/wp-json\/wp\/v2\/media?parent=10241"}],"curies":[{"name":"wp","href":"https:\/\/api.w.org\/{rel}","templated":true}]}}