{"id":10239,"date":"2025-07-07T09:32:20","date_gmt":"2025-07-07T08:32:20","guid":{"rendered":"https:\/\/vammencamping.dk\/fietsroute-7-veteranenpad\/"},"modified":"2025-07-07T09:32:22","modified_gmt":"2025-07-07T08:32:22","slug":"fietsroute-7-veteranenpad","status":"publish","type":"page","link":"https:\/\/vammencamping.dk\/nl\/fietsroute-7-veteranenpad\/","title":{"rendered":"Fietsroute 7 &#8211; Veteranenpad"},"content":{"rendered":"\n<div class=\"wp-block-columns is-layout-flex wp-container-core-columns-is-layout-9d6595d7 wp-block-columns-is-layout-flex\">\n<div class=\"wp-block-column is-layout-flow wp-block-column-is-layout-flow\">\n<figure class=\"wp-block-image size-large is-resized\"><a href=\"https:\/\/vcamp.dk\/c7\/osm\" target=\"_blank\" rel=\" noreferrer noopener\"><img loading=\"lazy\" decoding=\"async\" width=\"1200\" height=\"400\" src=\"https:\/\/vammencamping.dk\/wp-content\/uploads\/2025\/06\/openstreetmap-1200x400.png\" alt=\"\" class=\"wp-image-9358\" style=\"width:264px;height:auto\" srcset=\"https:\/\/vammencamping.dk\/wp-content\/uploads\/2025\/06\/openstreetmap-1200x400.png 1200w, https:\/\/vammencamping.dk\/wp-content\/uploads\/2025\/06\/openstreetmap-744x248.png 744w, https:\/\/vammencamping.dk\/wp-content\/uploads\/2025\/06\/openstreetmap-420x140.png 420w, https:\/\/vammencamping.dk\/wp-content\/uploads\/2025\/06\/openstreetmap-768x256.png 768w, https:\/\/vammencamping.dk\/wp-content\/uploads\/2025\/06\/openstreetmap.png 900w\" sizes=\"auto, (max-width: 1200px) 100vw, 1200px\" \/><\/a><\/figure>\n<\/div>\n\n\n\n<div class=\"wp-block-column is-layout-flow wp-block-column-is-layout-flow\">\n<figure class=\"wp-block-image size-large is-resized\"><a href=\"https:\/\/vcamp.dk\/c7\/gm\" target=\"_blank\" rel=\" noreferrer noopener\"><img loading=\"lazy\" decoding=\"async\" width=\"1200\" height=\"324\" src=\"https:\/\/vammencamping.dk\/wp-content\/uploads\/2025\/06\/google_maps-1200x324.png\" alt=\"\" class=\"wp-image-9364\" style=\"width:242px;height:auto\" srcset=\"https:\/\/vammencamping.dk\/wp-content\/uploads\/2025\/06\/google_maps-1200x324.png 1200w, https:\/\/vammencamping.dk\/wp-content\/uploads\/2025\/06\/google_maps-744x201.png 744w, https:\/\/vammencamping.dk\/wp-content\/uploads\/2025\/06\/google_maps-420x113.png 420w, https:\/\/vammencamping.dk\/wp-content\/uploads\/2025\/06\/google_maps-768x207.png 768w, https:\/\/vammencamping.dk\/wp-content\/uploads\/2025\/06\/google_maps.png 2048w\" sizes=\"auto, (max-width: 1200px) 100vw, 1200px\" \/><\/a><\/figure>\n<\/div>\n\n\n\n<div class=\"wp-block-column is-layout-flow wp-block-column-is-layout-flow\">\n<figure class=\"wp-block-image size-large is-resized\"><a href=\"https:\/\/vcamp.dk\/c7\/bm\" target=\"_blank\" rel=\" noreferrer noopener\"><img loading=\"lazy\" decoding=\"async\" width=\"1200\" height=\"295\" src=\"https:\/\/vammencamping.dk\/wp-content\/uploads\/2025\/06\/bikemap-1200x295.png\" alt=\"\" class=\"wp-image-9440\" style=\"width:242px\" srcset=\"https:\/\/vammencamping.dk\/wp-content\/uploads\/2025\/06\/bikemap-1200x295.png 1200w, https:\/\/vammencamping.dk\/wp-content\/uploads\/2025\/06\/bikemap-744x183.png 744w, https:\/\/vammencamping.dk\/wp-content\/uploads\/2025\/06\/bikemap-420x103.png 420w, https:\/\/vammencamping.dk\/wp-content\/uploads\/2025\/06\/bikemap-768x189.png 768w, https:\/\/vammencamping.dk\/wp-content\/uploads\/2025\/06\/bikemap.png 642w\" sizes=\"auto, (max-width: 1200px) 100vw, 1200px\" \/><\/a><\/figure>\n<\/div>\n\n\n\n<div class=\"wp-block-column is-layout-flow wp-block-column-is-layout-flow\">\n<figure class=\"wp-block-image size-large is-resized\"><a href=\"https:\/\/vcamp.dk\/c7\/km\" target=\"_blank\" rel=\" noreferrer noopener\"><img loading=\"lazy\" decoding=\"async\" width=\"1200\" height=\"362\" src=\"https:\/\/vammencamping.dk\/wp-content\/uploads\/2025\/06\/komoot-1200x362.png\" alt=\"\" class=\"wp-image-9368\" style=\"width:241px;height:auto\" srcset=\"https:\/\/vammencamping.dk\/wp-content\/uploads\/2025\/06\/komoot-1200x362.png 1200w, https:\/\/vammencamping.dk\/wp-content\/uploads\/2025\/06\/komoot-744x224.png 744w, https:\/\/vammencamping.dk\/wp-content\/uploads\/2025\/06\/komoot-420x126.png 420w, https:\/\/vammencamping.dk\/wp-content\/uploads\/2025\/06\/komoot-768x231.png 768w, https:\/\/vammencamping.dk\/wp-content\/uploads\/2025\/06\/komoot.png 716w\" sizes=\"auto, (max-width: 1200px) 100vw, 1200px\" \/><\/a><\/figure>\n<\/div>\n<\/div>\n\n<p class=\"has-text-align-left\">Lengte: <strong>46 km<\/strong><\/p>\n\n<p class=\"has-text-align-left\">Beleef natuur en nostalgie op de fietsroute naar het eindpunt van de veteranentrein in Handest. De route voert je door eikenstruikgewas, over bruggen en langs spoorwegen. <\/p>\n\n<iframe loading=\"lazy\" width=\"100%\" height=\"500px\" frameborder=\"0\" allowfullscreen=\"\" allow=\"geolocation\" src=\"\/\/umap.openstreetmap.fr\/da\/map\/vammen-camping-bicycle-route-7-vintage-railroad_1240069?scaleControl=false&#038;miniMap=false&#038;scrollWheelZoom=false&#038;zoomControl=true&#038;editMode=disabled&#038;moreControl=true&#038;searchControl=null&#038;tilelayersControl=null&#038;embedControl=null&#038;datalayersControl=true&#038;onLoadPanel=none&#038;captionBar=false&#038;captionMenus=true\"><\/iframe><p><a href=\"\/\/umap.openstreetmap.fr\/da\/map\/vammen-camping-bicycle-route-7-vintage-railroad_1240069?scaleControl=false&#038;miniMap=false&#038;scrollWheelZoom=true&#038;zoomControl=true&#038;editMode=disabled&#038;moreControl=true&#038;searchControl=null&#038;tilelayersControl=null&#038;embedControl=null&#038;datalayersControl=true&#038;onLoadPanel=none&#038;captionBar=false&#038;captionMenus=true\">Bekijk op volledig scherm<\/a><\/p>\n\n<p>Begin vanaf de camping en rijd naar de asfaltweg in Vammen. Sla rechtsaf naar Hobrovej en volg de weg naar Lindum. In Lindum ga je na de kerk bij het bord &#8220;Hobro 13&#8221; rechtsaf de Lindum S\u00f8vej op. Ga bij de T-splitsing na het bord &#8220;Hobro 12&#8221; linksaf de weg 517 op. Na ongeveer 200 meter ga je na &#8220;Hammersh\u00f8j 7&#8221; rechtsaf de Vorningvej op. Je passeert Sj\u00f8rring K\u00e6r aan je linkerhand &#8211; Tjele \u00c5 en kort daarna sla je linksaf de Skovagervej op bij het bord &#8220;N\u00f8rb\u00e6k 6&#8221;.     <\/p>\n\n<p>Volg de weg met het beschermde Hvidding Krat (eikenbos met bijzonder vlinderleven) aan je rechterhand en Vesterk\u00e6ret aan je linkerhand. Ga verder naar N\u00f8rb\u00e6k. Sla vlak voor de oprit naar N\u00f8rb\u00e6k linksaf de eerste zijweg linksaf &#8211; Handestvej. De asfaltweg eindigt en gaat verder als een grindweg over de weilanden en Skals \u00c5 (N\u00f8rb\u00e6kbrug). Hier wordt het weer een asfaltweg en volg je Vesterlandsvej naar rechts over de spoorbrug. Houd rechts aan waar Gyden naar links draait en sla rechtsaf bij de hoofdweg 180\/16. Volg Randersvej, weg nr. 180. Na ongeveer 40 meter, bij de spoorwegovergang, vind je het eindpunt van de veteranentrein Handest &#8211; Mariager (zie speciale brochure in de kiosk op de camping).       <\/p>\n\n<p>Terugkeer &#8211; je kunt twee routes kiezen:<\/p>\n\n<p>** Optie 1 (alleen fiets):<br\/>Ga vanaf de hoofdweg 180\/16 linksaf de Vesterlandsvej op. Ga na N\u00f8rb\u00e6k rechtdoor over het spoor en sla dan rechtsaf de Gr\u00e5k\u00e6rvej op richting het bord &#8220;Gr\u00e5hus 3&#8221;. Rij langs het spoor. Ga rechtsaf de grindweg op bij boerderij nr. 6 &#8211; Handest Vesterg\u00e5rd. Fiets links om de boerderij heen en volg de veldweg. (Opmerking: de eigenaar vraagt uitdrukkelijk om niet te stoppen bij het bos). Ga bij het spoor linksaf de grindweg op die langs het spoor naar Onsild Stationsby loopt. Bij de asfaltweg ga je linksaf. Sla na ongeveer 3 km rechtsaf bij het bord Vammen 10. Volg de borden naar Vammen en sla linksaf langs Bygmarksvej richting de camping.        <\/p>\n\n<p>** Optie 2 (ook voor auto&#8217;s): **<br\/>Sla rechtsaf naar hoofdweg 180\/16 voor ongeveer 3 km. Sla linksaf naar Kongsvadvej bij het bord &#8220;S\u00f8nder Onsild 3&#8221;. Glenstrup Lake en een zeer hoge klif liggen aan je rechterhand. Bij de splitsing ga je rechtsaf bij het bord &#8220;Sdr. Onsild 3&#8221;. Steek de beek over, houd links aan op de asfaltweg en ga na het bord &#8220;Sdr. Onsild 3&#8221; rechtsaf (vlakke weg) of na het bord &#8220;Ulstrup 2&#8221; linksaf langs visvijvers. Volg de asfaltweg naar S\u00f8nder Onsild (steile heuvel) bij alle splitsingen. Houd in S\u00f8nder Onsild links aan op weg nr. 517 richting Sdr. Onsild Stationsby 1. Na ongeveer 3 km. Sla rechtsaf na Vammen 10. Volg de borden naar Vammen en sla linksaf de Bygmarksvej op naar de camping.        <\/p>\n","protected":false},"excerpt":{"rendered":"<p>Lengte: 46 km Beleef natuur en nostalgie op de fietsroute naar het eindpunt van de veteranentrein in Handest. De route voert je door eikenstruikgewas, over bruggen en langs spoorwegen. Bekijk op volledig scherm Begin vanaf de camping en rijd naar de asfaltweg in Vammen. Sla rechtsaf naar Hobrovej en volg de weg naar Lindum. In &#8230; <a class=\"read-more\" href=\"https:\/\/vammencamping.dk\/nl\/fietsroute-7-veteranenpad\/\">Read more&#8230;<\/a><\/p>\n","protected":false},"author":7,"featured_media":0,"parent":0,"menu_order":0,"comment_status":"closed","ping_status":"closed","template":"","meta":{"footnotes":""},"class_list":["post-10239","page","type-page","status-publish"],"featured_image_src":null,"_links":{"self":[{"href":"https:\/\/vammencamping.dk\/nl\/wp-json\/wp\/v2\/pages\/10239","targetHints":{"allow":["GET"]}}],"collection":[{"href":"https:\/\/vammencamping.dk\/nl\/wp-json\/wp\/v2\/pages"}],"about":[{"href":"https:\/\/vammencamping.dk\/nl\/wp-json\/wp\/v2\/types\/page"}],"author":[{"embeddable":true,"href":"https:\/\/vammencamping.dk\/nl\/wp-json\/wp\/v2\/users\/7"}],"replies":[{"embeddable":true,"href":"https:\/\/vammencamping.dk\/nl\/wp-json\/wp\/v2\/comments?post=10239"}],"version-history":[{"count":1,"href":"https:\/\/vammencamping.dk\/nl\/wp-json\/wp\/v2\/pages\/10239\/revisions"}],"predecessor-version":[{"id":10240,"href":"https:\/\/vammencamping.dk\/nl\/wp-json\/wp\/v2\/pages\/10239\/revisions\/10240"}],"wp:attachment":[{"href":"https:\/\/vammencamping.dk\/nl\/wp-json\/wp\/v2\/media?parent=10239"}],"curies":[{"name":"wp","href":"https:\/\/api.w.org\/{rel}","templated":true}]}}