{"id":10235,"date":"2025-07-07T09:31:08","date_gmt":"2025-07-07T08:31:08","guid":{"rendered":"https:\/\/vammencamping.dk\/fietsroute-5-snaebum\/"},"modified":"2025-07-07T09:31:09","modified_gmt":"2025-07-07T08:31:09","slug":"fietsroute-5-snaebum","status":"publish","type":"page","link":"https:\/\/vammencamping.dk\/nl\/fietsroute-5-snaebum\/","title":{"rendered":"Fietsroute 5 &#8211; Sn\u00e6bum"},"content":{"rendered":"\n<div class=\"wp-block-columns is-layout-flex wp-container-core-columns-is-layout-9d6595d7 wp-block-columns-is-layout-flex\">\n<div class=\"wp-block-column is-layout-flow wp-block-column-is-layout-flow\">\n<figure class=\"wp-block-image size-large is-resized\"><a href=\"https:\/\/vcamp.dk\/c5\/osm\" target=\"_blank\" rel=\" noreferrer noopener\"><img loading=\"lazy\" decoding=\"async\" width=\"1200\" height=\"400\" src=\"https:\/\/vammencamping.dk\/wp-content\/uploads\/2025\/06\/openstreetmap-1200x400.png\" alt=\"\" class=\"wp-image-9358\" style=\"width:264px;height:auto\" srcset=\"https:\/\/vammencamping.dk\/wp-content\/uploads\/2025\/06\/openstreetmap-1200x400.png 1200w, https:\/\/vammencamping.dk\/wp-content\/uploads\/2025\/06\/openstreetmap-744x248.png 744w, https:\/\/vammencamping.dk\/wp-content\/uploads\/2025\/06\/openstreetmap-420x140.png 420w, https:\/\/vammencamping.dk\/wp-content\/uploads\/2025\/06\/openstreetmap-768x256.png 768w, https:\/\/vammencamping.dk\/wp-content\/uploads\/2025\/06\/openstreetmap.png 900w\" sizes=\"auto, (max-width: 1200px) 100vw, 1200px\" \/><\/a><\/figure>\n<\/div>\n\n\n\n<div class=\"wp-block-column is-layout-flow wp-block-column-is-layout-flow\">\n<figure class=\"wp-block-image size-large is-resized\"><a href=\"https:\/\/vcamp.dk\/c5\/gm\" target=\"_blank\" rel=\" noreferrer noopener\"><img loading=\"lazy\" decoding=\"async\" width=\"1200\" height=\"324\" src=\"https:\/\/vammencamping.dk\/wp-content\/uploads\/2025\/06\/google_maps-1200x324.png\" alt=\"\" class=\"wp-image-9364\" style=\"width:242px;height:auto\" srcset=\"https:\/\/vammencamping.dk\/wp-content\/uploads\/2025\/06\/google_maps-1200x324.png 1200w, https:\/\/vammencamping.dk\/wp-content\/uploads\/2025\/06\/google_maps-744x201.png 744w, https:\/\/vammencamping.dk\/wp-content\/uploads\/2025\/06\/google_maps-420x113.png 420w, https:\/\/vammencamping.dk\/wp-content\/uploads\/2025\/06\/google_maps-768x207.png 768w, https:\/\/vammencamping.dk\/wp-content\/uploads\/2025\/06\/google_maps.png 2048w\" sizes=\"auto, (max-width: 1200px) 100vw, 1200px\" \/><\/a><\/figure>\n<\/div>\n\n\n\n<div class=\"wp-block-column is-layout-flow wp-block-column-is-layout-flow\">\n<figure class=\"wp-block-image size-large is-resized\"><a href=\"https:\/\/vcamp.dk\/c5\/bm\" target=\"_blank\" rel=\" noreferrer noopener\"><img loading=\"lazy\" decoding=\"async\" width=\"1200\" height=\"295\" src=\"https:\/\/vammencamping.dk\/wp-content\/uploads\/2025\/06\/bikemap-1200x295.png\" alt=\"\" class=\"wp-image-9440\" style=\"width:242px\" srcset=\"https:\/\/vammencamping.dk\/wp-content\/uploads\/2025\/06\/bikemap-1200x295.png 1200w, https:\/\/vammencamping.dk\/wp-content\/uploads\/2025\/06\/bikemap-744x183.png 744w, https:\/\/vammencamping.dk\/wp-content\/uploads\/2025\/06\/bikemap-420x103.png 420w, https:\/\/vammencamping.dk\/wp-content\/uploads\/2025\/06\/bikemap-768x189.png 768w, https:\/\/vammencamping.dk\/wp-content\/uploads\/2025\/06\/bikemap.png 642w\" sizes=\"auto, (max-width: 1200px) 100vw, 1200px\" \/><\/a><\/figure>\n<\/div>\n\n\n\n<div class=\"wp-block-column is-layout-flow wp-block-column-is-layout-flow\">\n<figure class=\"wp-block-image size-large is-resized\"><a href=\"https:\/\/vcamp.dk\/c5\/km\" target=\"_blank\" rel=\" noreferrer noopener\"><img loading=\"lazy\" decoding=\"async\" width=\"1200\" height=\"362\" src=\"https:\/\/vammencamping.dk\/wp-content\/uploads\/2025\/06\/komoot-1200x362.png\" alt=\"\" class=\"wp-image-9368\" style=\"width:241px;height:auto\" srcset=\"https:\/\/vammencamping.dk\/wp-content\/uploads\/2025\/06\/komoot-1200x362.png 1200w, https:\/\/vammencamping.dk\/wp-content\/uploads\/2025\/06\/komoot-744x224.png 744w, https:\/\/vammencamping.dk\/wp-content\/uploads\/2025\/06\/komoot-420x126.png 420w, https:\/\/vammencamping.dk\/wp-content\/uploads\/2025\/06\/komoot-768x231.png 768w, https:\/\/vammencamping.dk\/wp-content\/uploads\/2025\/06\/komoot.png 716w\" sizes=\"auto, (max-width: 1200px) 100vw, 1200px\" \/><\/a><\/figure>\n<\/div>\n<\/div>\n\n<p class=\"has-text-align-left\">Lengte: <strong>40 km<\/strong><\/p>\n\n<p class=\"has-text-align-left\">Een korte, gezellige fietstocht naar de passagegraven bij Sn\u00e6bum. De tocht gaat door bossen, kleine dorpjes en langs het Nordic Wildlife Park. <\/p>\n\n<iframe loading=\"lazy\" width=\"100%\" height=\"500px\" frameborder=\"0\" allowfullscreen=\"\" allow=\"geolocation\" src=\"\/\/umap.openstreetmap.fr\/da\/map\/vammen-camping-bicycle-route-5-snbum_1240060?scaleControl=false&#038;miniMap=false&#038;scrollWheelZoom=false&#038;zoomControl=true&#038;editMode=disabled&#038;moreControl=true&#038;searchControl=null&#038;tilelayersControl=null&#038;embedControl=null&#038;datalayersControl=true&#038;onLoadPanel=none&#038;captionBar=false&#038;captionMenus=true\"><\/iframe><p><a href=\"\/\/umap.openstreetmap.fr\/da\/map\/vammen-camping-bicycle-route-5-snbum_1240060?scaleControl=false&#038;miniMap=false&#038;scrollWheelZoom=true&#038;zoomControl=true&#038;editMode=disabled&#038;moreControl=true&#038;searchControl=null&#038;tilelayersControl=null&#038;embedControl=null&#038;datalayersControl=true&#038;onLoadPanel=none&#038;captionBar=false&#038;captionMenus=true\">Bekijk op volledig scherm<\/a><\/p>\n\n<p>Begin vanaf de camping en sla rechtsaf naar Hobrovej in Vammen &#8211; richting Lindum. Waar de weg splitst in Skibdalvej en Erikstrupvej ga je linksaf langs Erikstrupvej richting Klejtrup. Rij langs Bigum Skov en door Lindum Skov, dat bij Landgoed Tjele hoort. Bij de splitsing in het bos houd je links aan bij het bord &#8220;Klejtrup 2&#8221;. Na het oversteken van Skals \u00c5 houd je rechts aan bij het bord &#8220;Hvornum 2&#8221; en hier begint Lindumvej.    <\/p>\n\n<p>In Hvornum ga je bij de T-splitsing linksaf de Klejtrupvej op. Ga na 20 meter rechtsaf de Lillem\u00f8llevej op richting het bord &#8220;Sn\u00e6bum 6&#8221;. Aan je rechterhand is het kleine dierenpark &#8220;Nordisk Dyrepark&#8221; (zie speciale brochure in de campingkiosk). Rijd over weg nr. 579 naar het bord &#8220;Sn\u00e6bum 4&#8221; (Sn\u00e6bumvej). Rijd rechtdoor naar Sn\u00e6bum, houd rechts aan en sla ongeveer 100 meter buiten de stad (tussen een huis en een witte garage) linksaf richting Hvilsom op Tv\u00e6rvej.    <\/p>\n\n<p>Ga bij de T-splitsing rechtsaf de Hvilsomvej op richting de doorgangsgraven. De ingang van de doorgangsgraven is aan je rechterhand bij een witte boerderij. <\/p>\n\n<p>Terugreis:<br\/>Rijd dezelfde weg terug &#8211; let op dat je ongeveer 1 km na het begin van de terugreis linksaf slaat naar Tv\u00e6rvej. Je kunt de terugweg ook via Klejtrup maken. <\/p>\n","protected":false},"excerpt":{"rendered":"<p>Lengte: 40 km Een korte, gezellige fietstocht naar de passagegraven bij Sn\u00e6bum. De tocht gaat door bossen, kleine dorpjes en langs het Nordic Wildlife Park. Bekijk op volledig scherm Begin vanaf de camping en sla rechtsaf naar Hobrovej in Vammen &#8211; richting Lindum. Waar de weg splitst in Skibdalvej en Erikstrupvej ga je linksaf langs &#8230; <a class=\"read-more\" href=\"https:\/\/vammencamping.dk\/nl\/fietsroute-5-snaebum\/\">Read more&#8230;<\/a><\/p>\n","protected":false},"author":7,"featured_media":0,"parent":0,"menu_order":0,"comment_status":"closed","ping_status":"closed","template":"","meta":{"footnotes":""},"class_list":["post-10235","page","type-page","status-publish"],"featured_image_src":null,"_links":{"self":[{"href":"https:\/\/vammencamping.dk\/nl\/wp-json\/wp\/v2\/pages\/10235","targetHints":{"allow":["GET"]}}],"collection":[{"href":"https:\/\/vammencamping.dk\/nl\/wp-json\/wp\/v2\/pages"}],"about":[{"href":"https:\/\/vammencamping.dk\/nl\/wp-json\/wp\/v2\/types\/page"}],"author":[{"embeddable":true,"href":"https:\/\/vammencamping.dk\/nl\/wp-json\/wp\/v2\/users\/7"}],"replies":[{"embeddable":true,"href":"https:\/\/vammencamping.dk\/nl\/wp-json\/wp\/v2\/comments?post=10235"}],"version-history":[{"count":1,"href":"https:\/\/vammencamping.dk\/nl\/wp-json\/wp\/v2\/pages\/10235\/revisions"}],"predecessor-version":[{"id":10236,"href":"https:\/\/vammencamping.dk\/nl\/wp-json\/wp\/v2\/pages\/10235\/revisions\/10236"}],"wp:attachment":[{"href":"https:\/\/vammencamping.dk\/nl\/wp-json\/wp\/v2\/media?parent=10235"}],"curies":[{"name":"wp","href":"https:\/\/api.w.org\/{rel}","templated":true}]}}