{"id":10233,"date":"2025-07-07T09:30:08","date_gmt":"2025-07-07T08:30:08","guid":{"rendered":"https:\/\/vammencamping.dk\/fietsroute-4-haerup-soe\/"},"modified":"2025-07-07T09:30:10","modified_gmt":"2025-07-07T08:30:10","slug":"fietsroute-4-haerup-soe","status":"publish","type":"page","link":"https:\/\/vammencamping.dk\/nl\/fietsroute-4-haerup-soe\/","title":{"rendered":"Fietsroute 4 &#8211; H\u00e6rup S\u00f8"},"content":{"rendered":"\n<div class=\"wp-block-columns is-layout-flex wp-container-core-columns-is-layout-9d6595d7 wp-block-columns-is-layout-flex\">\n<div class=\"wp-block-column is-layout-flow wp-block-column-is-layout-flow\">\n<figure class=\"wp-block-image size-large is-resized\"><a href=\"https:\/\/vcamp.dk\/c4\/osm\" target=\"_blank\" rel=\" noreferrer noopener\"><img loading=\"lazy\" decoding=\"async\" width=\"1200\" height=\"400\" src=\"https:\/\/vammencamping.dk\/wp-content\/uploads\/2025\/06\/openstreetmap-1200x400.png\" alt=\"\" class=\"wp-image-9358\" style=\"width:264px;height:auto\" srcset=\"https:\/\/vammencamping.dk\/wp-content\/uploads\/2025\/06\/openstreetmap-1200x400.png 1200w, https:\/\/vammencamping.dk\/wp-content\/uploads\/2025\/06\/openstreetmap-744x248.png 744w, https:\/\/vammencamping.dk\/wp-content\/uploads\/2025\/06\/openstreetmap-420x140.png 420w, https:\/\/vammencamping.dk\/wp-content\/uploads\/2025\/06\/openstreetmap-768x256.png 768w, https:\/\/vammencamping.dk\/wp-content\/uploads\/2025\/06\/openstreetmap.png 900w\" sizes=\"auto, (max-width: 1200px) 100vw, 1200px\" \/><\/a><\/figure>\n<\/div>\n\n\n\n<div class=\"wp-block-column is-layout-flow wp-block-column-is-layout-flow\">\n<figure class=\"wp-block-image size-large is-resized\"><a href=\"https:\/\/vcamp.dk\/c4\/gm\" target=\"_blank\" rel=\" noreferrer noopener\"><img loading=\"lazy\" decoding=\"async\" width=\"1200\" height=\"324\" src=\"https:\/\/vammencamping.dk\/wp-content\/uploads\/2025\/06\/google_maps-1200x324.png\" alt=\"\" class=\"wp-image-9364\" style=\"width:242px;height:auto\" srcset=\"https:\/\/vammencamping.dk\/wp-content\/uploads\/2025\/06\/google_maps-1200x324.png 1200w, https:\/\/vammencamping.dk\/wp-content\/uploads\/2025\/06\/google_maps-744x201.png 744w, https:\/\/vammencamping.dk\/wp-content\/uploads\/2025\/06\/google_maps-420x113.png 420w, https:\/\/vammencamping.dk\/wp-content\/uploads\/2025\/06\/google_maps-768x207.png 768w, https:\/\/vammencamping.dk\/wp-content\/uploads\/2025\/06\/google_maps.png 2048w\" sizes=\"auto, (max-width: 1200px) 100vw, 1200px\" \/><\/a><\/figure>\n<\/div>\n\n\n\n<div class=\"wp-block-column is-layout-flow wp-block-column-is-layout-flow\">\n<figure class=\"wp-block-image size-large is-resized\"><a href=\"https:\/\/vcamp.dk\/c4\/bm\" target=\"_blank\" rel=\" noreferrer noopener\"><img loading=\"lazy\" decoding=\"async\" width=\"1200\" height=\"295\" src=\"https:\/\/vammencamping.dk\/wp-content\/uploads\/2025\/06\/bikemap-1200x295.png\" alt=\"\" class=\"wp-image-9440\" style=\"width:242px\" srcset=\"https:\/\/vammencamping.dk\/wp-content\/uploads\/2025\/06\/bikemap-1200x295.png 1200w, https:\/\/vammencamping.dk\/wp-content\/uploads\/2025\/06\/bikemap-744x183.png 744w, https:\/\/vammencamping.dk\/wp-content\/uploads\/2025\/06\/bikemap-420x103.png 420w, https:\/\/vammencamping.dk\/wp-content\/uploads\/2025\/06\/bikemap-768x189.png 768w, https:\/\/vammencamping.dk\/wp-content\/uploads\/2025\/06\/bikemap.png 642w\" sizes=\"auto, (max-width: 1200px) 100vw, 1200px\" \/><\/a><\/figure>\n<\/div>\n\n\n\n<div class=\"wp-block-column is-layout-flow wp-block-column-is-layout-flow\">\n<figure class=\"wp-block-image size-large is-resized\"><a href=\"https:\/\/vcamp.dk\/c4\/km\" target=\"_blank\" rel=\" noreferrer noopener\"><img loading=\"lazy\" decoding=\"async\" width=\"1200\" height=\"362\" src=\"https:\/\/vammencamping.dk\/wp-content\/uploads\/2025\/06\/komoot-1200x362.png\" alt=\"\" class=\"wp-image-9368\" style=\"width:241px;height:auto\" srcset=\"https:\/\/vammencamping.dk\/wp-content\/uploads\/2025\/06\/komoot-1200x362.png 1200w, https:\/\/vammencamping.dk\/wp-content\/uploads\/2025\/06\/komoot-744x224.png 744w, https:\/\/vammencamping.dk\/wp-content\/uploads\/2025\/06\/komoot-420x126.png 420w, https:\/\/vammencamping.dk\/wp-content\/uploads\/2025\/06\/komoot-768x231.png 768w, https:\/\/vammencamping.dk\/wp-content\/uploads\/2025\/06\/komoot.png 716w\" sizes=\"auto, (max-width: 1200px) 100vw, 1200px\" \/><\/a><\/figure>\n<\/div>\n<\/div>\n\n<p class=\"has-text-align-left\">Lengte: <strong>26 km<\/strong><\/p>\n\n<p class=\"has-text-align-left\"><\/p>\n\n<p class=\"has-text-align-left\">Verken het H\u00e6rup meer en Skals \u00c5dal tijdens een rustige fietstocht met natuurbelevenissen en keuzes. Bezoek de Wereldkaart, het Lindumbos en de prachtige, beschermde heuvels. <\/p>\n\n<iframe loading=\"lazy\" width=\"100%\" height=\"500px\" frameborder=\"0\" allowfullscreen=\"\" allow=\"geolocation\" src=\"\/\/umap.openstreetmap.fr\/da\/map\/vammen-camping-bicycle-route-4-hrup-lake_1240049?scaleControl=false&#038;miniMap=false&#038;scrollWheelZoom=false&#038;zoomControl=true&#038;editMode=disabled&#038;moreControl=true&#038;searchControl=null&#038;tilelayersControl=null&#038;embedControl=null&#038;datalayersControl=true&#038;onLoadPanel=none&#038;captionBar=false&#038;captionMenus=true\"><\/iframe><p><a href=\"\/\/umap.openstreetmap.fr\/da\/map\/vammen-camping-bicycle-route-4-hrup-lake_1240049?scaleControl=false&#038;miniMap=false&#038;scrollWheelZoom=true&#038;zoomControl=true&#038;editMode=disabled&#038;moreControl=true&#038;searchControl=null&#038;tilelayersControl=null&#038;embedControl=null&#038;datalayersControl=true&#038;onLoadPanel=none&#038;captionBar=false&#038;captionMenus=true\">Bekijk op volledig scherm<\/a><\/p>\n\n<p>Begin vanaf de camping. Sla linksaf naar Hobrovej in Vammen. Ga bij de kruising bij de kruidenier rechtsaf de N\u00f8rregade op richting Hersom. Rijd langs het dorpshuis en de kerk de heuvel af &#8211; het oudste deel van Vammen heet Nederby. Ga rechtdoor het Skals \u00c5dal in &#8211; een tunneldal uit de laatste ijstijd.     . Skals \u00c5 is geslaagd.<\/p>\n\n<p>Bij de T-splitsing ga je bij het bord &#8220;\u00d8rris 2&#8221; rechtsaf de \u00d8rrisvej op. Na 1 kilometer zie je het H\u00e6rup-meer met de beschermde heuvels aan je rechterhand. Volg de asfaltweg. Ga bij de T-splitsing rechtsaf bij het bord &#8220;Troelstrup 1&#8221; (Sognevej). Na 600 meter ga je bij de volgende kruising rechtsaf de Herredsvejen op bij het bord &#8220;Klejtrup 4&#8221;. Rijd 1,2 km rechtdoor en sla rechtsaf bij het bord &#8220;H\u00e6rup S\u00f8&#8221; (H\u00e6rupvej). Na 1,2 km is er een parkeerplaats aan je rechterhand. Vanaf hier zijn er twee gemarkeerde wandelingen in het beschermde gebied rond H\u00e6rup S\u00f8.       <\/p>\n\n<p>Bij de volgende T-splitsing (witte boerderij aan je linkerhand) volg je de asfaltweg naar links. (Recht vooruit zijn twee grafheuvels.) Bij de volgende T-splitsing (na 1,4 km) ga je rechtsaf langs Herredsvejen en kort daarna kom je in Klejtrup en verandert de weg van naam in Viborgvej. Houd de hele tijd rechts aan, richting Hobro, eerst heet de weg nu Brovej, kort daarna Klejtrupvej. Aan de rand van de stad zie je &#8220;Verdenskortet&#8221; en het Klejtrup meer aan je linkerhand.    <\/p>\n\n<p>Kort daarna ga je rechtsaf bij het bord &#8220;Lindum 4&#8221; (Brohusvej). Bij de volgende T-splitsing ga je rechtsaf bij het bord &#8220;Lindum 3&#8221; (Lindumvej). Nadat je Skals \u00c5 bent overgestoken, rijd je Lindum Skov in. Bij de kruising Erikstrupvej &#8211; Dr\u00f8wten kun je ervoor kiezen om rechtdoor te rijden bij het bord &#8220;Vammen 8&#8221; (door het bos), of linksaf te slaan en de reis met ongeveer 3 km te verlengen.   <\/p>\n\n<p>Als je de weg naar links neemt &#8220;Lindum 3&#8221; (Dr\u00f8wten), volg dan een kronkelige weg naar Lindum. Hier ga je rechtsaf bij het bord &#8220;Vammen 8&#8221;. 1 km buiten Lindum kun je rechtdoor richting Vammen of je slaat linksaf bij het bord &#8220;Bigum 2&#8221; (Lergravsvej), volgt de asfaltweg door Bigum en komt weer uit op Lindum-Vammenvejen, waar je linksaf slaat.  <\/p>\n\n<p>De asfaltweg rechtdoor door het bos leidt voorbij H\u00f8ndrupvej. Sla rechtsaf bij het bord &#8220;Vammen 4&#8221;. Sla linksaf langs Bygmarksvej terug naar de camping.  <\/p>\n","protected":false},"excerpt":{"rendered":"<p>Lengte: 26 km Verken het H\u00e6rup meer en Skals \u00c5dal tijdens een rustige fietstocht met natuurbelevenissen en keuzes. Bezoek de Wereldkaart, het Lindumbos en de prachtige, beschermde heuvels. Bekijk op volledig scherm Begin vanaf de camping. Sla linksaf naar Hobrovej in Vammen. Ga bij de kruising bij de kruidenier rechtsaf de N\u00f8rregade op richting Hersom. &#8230; <a class=\"read-more\" href=\"https:\/\/vammencamping.dk\/nl\/fietsroute-4-haerup-soe\/\">Read more&#8230;<\/a><\/p>\n","protected":false},"author":7,"featured_media":0,"parent":0,"menu_order":0,"comment_status":"closed","ping_status":"closed","template":"","meta":{"footnotes":""},"class_list":["post-10233","page","type-page","status-publish"],"featured_image_src":null,"_links":{"self":[{"href":"https:\/\/vammencamping.dk\/nl\/wp-json\/wp\/v2\/pages\/10233","targetHints":{"allow":["GET"]}}],"collection":[{"href":"https:\/\/vammencamping.dk\/nl\/wp-json\/wp\/v2\/pages"}],"about":[{"href":"https:\/\/vammencamping.dk\/nl\/wp-json\/wp\/v2\/types\/page"}],"author":[{"embeddable":true,"href":"https:\/\/vammencamping.dk\/nl\/wp-json\/wp\/v2\/users\/7"}],"replies":[{"embeddable":true,"href":"https:\/\/vammencamping.dk\/nl\/wp-json\/wp\/v2\/comments?post=10233"}],"version-history":[{"count":1,"href":"https:\/\/vammencamping.dk\/nl\/wp-json\/wp\/v2\/pages\/10233\/revisions"}],"predecessor-version":[{"id":10234,"href":"https:\/\/vammencamping.dk\/nl\/wp-json\/wp\/v2\/pages\/10233\/revisions\/10234"}],"wp:attachment":[{"href":"https:\/\/vammencamping.dk\/nl\/wp-json\/wp\/v2\/media?parent=10233"}],"curies":[{"name":"wp","href":"https:\/\/api.w.org\/{rel}","templated":true}]}}