{"id":10231,"date":"2025-07-07T09:29:28","date_gmt":"2025-07-07T08:29:28","guid":{"rendered":"https:\/\/vammencamping.dk\/fietsroute-12-niet-meer-gebruikt-spoorwegpad-west\/"},"modified":"2025-07-07T09:29:29","modified_gmt":"2025-07-07T08:29:29","slug":"fietsroute-12-niet-meer-gebruikt-spoorwegpad-west","status":"publish","type":"page","link":"https:\/\/vammencamping.dk\/nl\/fietsroute-12-niet-meer-gebruikt-spoorwegpad-west\/","title":{"rendered":"Fietsroute 12 &#8211; Niet meer gebruikt spoorwegpad (west)"},"content":{"rendered":"\n<div class=\"wp-block-columns is-layout-flex wp-container-core-columns-is-layout-9d6595d7 wp-block-columns-is-layout-flex\">\n<div class=\"wp-block-column is-layout-flow wp-block-column-is-layout-flow\">\n<figure class=\"wp-block-image size-large is-resized\"><a href=\"https:\/\/vcamp.dk\/c12\/osm\" target=\"_blank\" rel=\" noreferrer noopener\"><img loading=\"lazy\" decoding=\"async\" width=\"1200\" height=\"400\" src=\"https:\/\/vammencamping.dk\/wp-content\/uploads\/2025\/06\/openstreetmap-1200x400.png\" alt=\"\" class=\"wp-image-9358\" style=\"width:264px;height:auto\" srcset=\"https:\/\/vammencamping.dk\/wp-content\/uploads\/2025\/06\/openstreetmap-1200x400.png 1200w, https:\/\/vammencamping.dk\/wp-content\/uploads\/2025\/06\/openstreetmap-744x248.png 744w, https:\/\/vammencamping.dk\/wp-content\/uploads\/2025\/06\/openstreetmap-420x140.png 420w, https:\/\/vammencamping.dk\/wp-content\/uploads\/2025\/06\/openstreetmap-768x256.png 768w, https:\/\/vammencamping.dk\/wp-content\/uploads\/2025\/06\/openstreetmap.png 900w\" sizes=\"auto, (max-width: 1200px) 100vw, 1200px\" \/><\/a><\/figure>\n<\/div>\n\n\n\n<div class=\"wp-block-column is-layout-flow wp-block-column-is-layout-flow\">\n<figure class=\"wp-block-image size-large is-resized\"><a href=\"https:\/\/vcamp.dk\/c12\/gm\" target=\"_blank\" rel=\" noreferrer noopener\"><img loading=\"lazy\" decoding=\"async\" width=\"1200\" height=\"324\" src=\"https:\/\/vammencamping.dk\/wp-content\/uploads\/2025\/06\/google_maps-1200x324.png\" alt=\"\" class=\"wp-image-9364\" style=\"width:242px;height:auto\" srcset=\"https:\/\/vammencamping.dk\/wp-content\/uploads\/2025\/06\/google_maps-1200x324.png 1200w, https:\/\/vammencamping.dk\/wp-content\/uploads\/2025\/06\/google_maps-744x201.png 744w, https:\/\/vammencamping.dk\/wp-content\/uploads\/2025\/06\/google_maps-420x113.png 420w, https:\/\/vammencamping.dk\/wp-content\/uploads\/2025\/06\/google_maps-768x207.png 768w, https:\/\/vammencamping.dk\/wp-content\/uploads\/2025\/06\/google_maps.png 2048w\" sizes=\"auto, (max-width: 1200px) 100vw, 1200px\" \/><\/a><\/figure>\n<\/div>\n\n\n\n<div class=\"wp-block-column is-layout-flow wp-block-column-is-layout-flow\">\n<figure class=\"wp-block-image size-large is-resized\"><a href=\"https:\/\/vcamp.dk\/c12\/bm\" target=\"_blank\" rel=\" noreferrer noopener\"><img loading=\"lazy\" decoding=\"async\" width=\"1200\" height=\"295\" src=\"https:\/\/vammencamping.dk\/wp-content\/uploads\/2025\/06\/bikemap-1200x295.png\" alt=\"\" class=\"wp-image-9440\" style=\"width:242px\" srcset=\"https:\/\/vammencamping.dk\/wp-content\/uploads\/2025\/06\/bikemap-1200x295.png 1200w, https:\/\/vammencamping.dk\/wp-content\/uploads\/2025\/06\/bikemap-744x183.png 744w, https:\/\/vammencamping.dk\/wp-content\/uploads\/2025\/06\/bikemap-420x103.png 420w, https:\/\/vammencamping.dk\/wp-content\/uploads\/2025\/06\/bikemap-768x189.png 768w, https:\/\/vammencamping.dk\/wp-content\/uploads\/2025\/06\/bikemap.png 642w\" sizes=\"auto, (max-width: 1200px) 100vw, 1200px\" \/><\/a><\/figure>\n<\/div>\n\n\n\n<div class=\"wp-block-column is-layout-flow wp-block-column-is-layout-flow\">\n<figure class=\"wp-block-image size-large is-resized\"><a href=\"https:\/\/vcamp.dk\/c12\/km\" target=\"_blank\" rel=\" noreferrer noopener\"><img loading=\"lazy\" decoding=\"async\" width=\"1200\" height=\"362\" src=\"https:\/\/vammencamping.dk\/wp-content\/uploads\/2025\/06\/komoot-1200x362.png\" alt=\"\" class=\"wp-image-9368\" style=\"width:241px;height:auto\" srcset=\"https:\/\/vammencamping.dk\/wp-content\/uploads\/2025\/06\/komoot-1200x362.png 1200w, https:\/\/vammencamping.dk\/wp-content\/uploads\/2025\/06\/komoot-744x224.png 744w, https:\/\/vammencamping.dk\/wp-content\/uploads\/2025\/06\/komoot-420x126.png 420w, https:\/\/vammencamping.dk\/wp-content\/uploads\/2025\/06\/komoot-768x231.png 768w, https:\/\/vammencamping.dk\/wp-content\/uploads\/2025\/06\/komoot.png 716w\" sizes=\"auto, (max-width: 1200px) 100vw, 1200px\" \/><\/a><\/figure>\n<\/div>\n<\/div>\n\n<p class=\"has-text-align-left\">Lengte: <strong>33 km<\/strong><\/p>\n\n<p class=\"has-text-align-left\">Een ontspannen fietstocht langs een in onbruik geraakte spoorlijn door N\u00f8rre\u00e5dalen en gezellige dorpjes. Ontdek onderweg de natuur, geschiedenis en uitzichten op heuvels en rivierdalen. <\/p>\n\n<iframe loading=\"lazy\" width=\"100%\" height=\"500px\" frameborder=\"0\" allowfullscreen=\"\" allow=\"geolocation\" src=\"\/\/umap.openstreetmap.fr\/da\/map\/vammen-camping-bicycle-route-12-old-railway-track-_1240091?scaleControl=false&#038;miniMap=false&#038;scrollWheelZoom=false&#038;zoomControl=true&#038;editMode=disabled&#038;moreControl=true&#038;searchControl=null&#038;tilelayersControl=null&#038;embedControl=null&#038;datalayersControl=true&#038;onLoadPanel=none&#038;captionBar=false&#038;captionMenus=true\"><\/iframe><p><a href=\"\/\/umap.openstreetmap.fr\/da\/map\/vammen-camping-bicycle-route-12-old-railway-track-_1240091?scaleControl=false&#038;miniMap=false&#038;scrollWheelZoom=true&#038;zoomControl=true&#038;editMode=disabled&#038;moreControl=true&#038;searchControl=null&#038;tilelayersControl=null&#038;embedControl=null&#038;datalayersControl=true&#038;onLoadPanel=none&#038;captionBar=false&#038;captionMenus=true\">Bekijk op volledig scherm<\/a><\/p>\n\n<p>Begin vanaf de camping en rijd naar Vammen. Ga linksaf de Hobrovej op richting Viborg en ga rechtdoor op de kruising bij de kruidenier. Steek het fietspad over. Ga na ongeveer 4 km linksaf de veldweg Klarisg\u00e5rdsvej op, direct na een boerderij. Vanaf de Klarisg\u00e5rd boerderij wordt de weg geasfalteerd &#8211; ga rechtdoor en volg de asfaltweg naar links bij de splitsing. Ga bij de volgende T-splitsing linksaf de Ingstrupvej over M\u00f8lleb\u00e6k op. Ga bij de T-splitsing rechtsaf de F\u00e6dalh\u00f8jvej op richting het bord Kokholm 1. Vlak voor de splitsing is aan de rechterkant een voormalige school. Blijf rechtdoor rijden langs F\u00e6dalh\u00f8jvej, langs het oude missiehuis &#8220;Fredebo&#8221;, langs het Vans\u00f8-meer en vervolg je weg langs F\u00e6dalh\u00f8jvej naar hoofdweg 16.       <\/p>\n\n<p>Steek bij de diervoederwinkel hoofdweg 16 over (rechts en dan meteen links) en ga meteen linksaf de Taphedevej op richting het bord Tapdrup 3. Ga bij de T-splitsing in Tapdrup rechtsaf langs Brugsen en de kerk. Ga na ongeveer 150 meter linksaf de Stationsvej op. <\/p>\n\n<p>De in onbruik geraakte spoorlijn is nu een verhard wandel- en fietspad. Volg dit naar links in de richting van het bord Vejrumbro 4. Waar het asfaltpad bij Vejrumbro de N\u00f8rre\u00e5vej kruist, ga je rechtdoor. Na Vejrumbro passeer je Viskum Hovedg\u00e5rd en Viskum Kerk en heb je een prachtig uitzicht op \u00d8 Bakker en N\u00f8rre\u00e5<br\/>Dalen.  <\/p>\n\n<p>Ga verder op het fietspad naar Velds, Velds Husevej kruist. Sla linksaf naar Velds Husevej en vervolg de weg tot de weg eindigt in hoofdweg 16, Overlundvej. Sla rechtsaf en sla meteen linksaf naar Burreh\u00f8jvej richting Foulum. De afdeling DCA = Nationaal Centrum voor Voeding en Landbouw van de Universiteit van Aarhus ligt aan je linkerhand. In Foulum volg je de asfaltweg langs de oude school tot deze eindigt op een T-splitsing. Ga rechtsaf de Hobrovej op, langs het buurthuis (alle Deense dorpen hebben een buurthuis waar familiefeesten worden gehouden).     <\/p>\n\n<p>Op de weg naar beneden ga je linksaf de Foulumdalvej op, richting Vammen 4. Bij de T-splitsing &#8211; vanaf hier zie je de camping en Tjele Langs\u00f8 &#8211; ga je linksaf richting Vammen. Rij over Tjele \u00c5 en houd rechts aan richting Vammen. In Vammen vind je Pleje- og Omsorgscenter Pensionistg\u00e5rden aan je linkerhand. Op de kruising bij de kruidenier ga je rechtsaf de Hobrovej op richting de camping. Sla af naar Langs\u00f8vej of Bygmarksvej &#8211; beide eindigen op de camping.    <\/p>\n","protected":false},"excerpt":{"rendered":"<p>Lengte: 33 km Een ontspannen fietstocht langs een in onbruik geraakte spoorlijn door N\u00f8rre\u00e5dalen en gezellige dorpjes. Ontdek onderweg de natuur, geschiedenis en uitzichten op heuvels en rivierdalen. Bekijk op volledig scherm Begin vanaf de camping en rijd naar Vammen. Ga linksaf de Hobrovej op richting Viborg en ga rechtdoor op de kruising bij de &#8230; <a class=\"read-more\" href=\"https:\/\/vammencamping.dk\/nl\/fietsroute-12-niet-meer-gebruikt-spoorwegpad-west\/\">Read more&#8230;<\/a><\/p>\n","protected":false},"author":7,"featured_media":0,"parent":0,"menu_order":0,"comment_status":"closed","ping_status":"closed","template":"","meta":{"footnotes":""},"class_list":["post-10231","page","type-page","status-publish"],"featured_image_src":null,"_links":{"self":[{"href":"https:\/\/vammencamping.dk\/nl\/wp-json\/wp\/v2\/pages\/10231","targetHints":{"allow":["GET"]}}],"collection":[{"href":"https:\/\/vammencamping.dk\/nl\/wp-json\/wp\/v2\/pages"}],"about":[{"href":"https:\/\/vammencamping.dk\/nl\/wp-json\/wp\/v2\/types\/page"}],"author":[{"embeddable":true,"href":"https:\/\/vammencamping.dk\/nl\/wp-json\/wp\/v2\/users\/7"}],"replies":[{"embeddable":true,"href":"https:\/\/vammencamping.dk\/nl\/wp-json\/wp\/v2\/comments?post=10231"}],"version-history":[{"count":1,"href":"https:\/\/vammencamping.dk\/nl\/wp-json\/wp\/v2\/pages\/10231\/revisions"}],"predecessor-version":[{"id":10232,"href":"https:\/\/vammencamping.dk\/nl\/wp-json\/wp\/v2\/pages\/10231\/revisions\/10232"}],"wp:attachment":[{"href":"https:\/\/vammencamping.dk\/nl\/wp-json\/wp\/v2\/media?parent=10231"}],"curies":[{"name":"wp","href":"https:\/\/api.w.org\/{rel}","templated":true}]}}