{"id":10229,"date":"2025-07-07T09:29:00","date_gmt":"2025-07-07T08:29:00","guid":{"rendered":"https:\/\/vammencamping.dk\/fietsroute-11-oe-bakker\/"},"modified":"2025-07-07T09:29:02","modified_gmt":"2025-07-07T08:29:02","slug":"fietsroute-11-oe-bakker","status":"publish","type":"page","link":"https:\/\/vammencamping.dk\/nl\/fietsroute-11-oe-bakker\/","title":{"rendered":"Fietsroute 11 &#8211; \u00d8 Bakker"},"content":{"rendered":"\n<div class=\"wp-block-columns is-layout-flex wp-container-core-columns-is-layout-9d6595d7 wp-block-columns-is-layout-flex\">\n<div class=\"wp-block-column is-layout-flow wp-block-column-is-layout-flow\">\n<figure class=\"wp-block-image size-large is-resized\"><a href=\"https:\/\/vcamp.dk\/c11\/osm\" target=\"_blank\" rel=\" noreferrer noopener\"><img loading=\"lazy\" decoding=\"async\" width=\"1200\" height=\"400\" src=\"https:\/\/vammencamping.dk\/wp-content\/uploads\/2025\/06\/openstreetmap-1200x400.png\" alt=\"\" class=\"wp-image-9358\" style=\"width:264px;height:auto\" srcset=\"https:\/\/vammencamping.dk\/wp-content\/uploads\/2025\/06\/openstreetmap-1200x400.png 1200w, https:\/\/vammencamping.dk\/wp-content\/uploads\/2025\/06\/openstreetmap-744x248.png 744w, https:\/\/vammencamping.dk\/wp-content\/uploads\/2025\/06\/openstreetmap-420x140.png 420w, https:\/\/vammencamping.dk\/wp-content\/uploads\/2025\/06\/openstreetmap-768x256.png 768w, https:\/\/vammencamping.dk\/wp-content\/uploads\/2025\/06\/openstreetmap.png 900w\" sizes=\"auto, (max-width: 1200px) 100vw, 1200px\" \/><\/a><\/figure>\n<\/div>\n\n\n\n<div class=\"wp-block-column is-layout-flow wp-block-column-is-layout-flow\">\n<figure class=\"wp-block-image size-large is-resized\"><a href=\"https:\/\/vcamp.dk\/c11\/gm\" target=\"_blank\" rel=\" noreferrer noopener\"><img loading=\"lazy\" decoding=\"async\" width=\"1200\" height=\"324\" src=\"https:\/\/vammencamping.dk\/wp-content\/uploads\/2025\/06\/google_maps-1200x324.png\" alt=\"\" class=\"wp-image-9364\" style=\"width:242px;height:auto\" srcset=\"https:\/\/vammencamping.dk\/wp-content\/uploads\/2025\/06\/google_maps-1200x324.png 1200w, https:\/\/vammencamping.dk\/wp-content\/uploads\/2025\/06\/google_maps-744x201.png 744w, https:\/\/vammencamping.dk\/wp-content\/uploads\/2025\/06\/google_maps-420x113.png 420w, https:\/\/vammencamping.dk\/wp-content\/uploads\/2025\/06\/google_maps-768x207.png 768w, https:\/\/vammencamping.dk\/wp-content\/uploads\/2025\/06\/google_maps.png 2048w\" sizes=\"auto, (max-width: 1200px) 100vw, 1200px\" \/><\/a><\/figure>\n<\/div>\n\n\n\n<div class=\"wp-block-column is-layout-flow wp-block-column-is-layout-flow\">\n<figure class=\"wp-block-image size-large is-resized\"><a href=\"https:\/\/vcamp.dk\/c11\/bm\" target=\"_blank\" rel=\" noreferrer noopener\"><img loading=\"lazy\" decoding=\"async\" width=\"1200\" height=\"295\" src=\"https:\/\/vammencamping.dk\/wp-content\/uploads\/2025\/06\/bikemap-1200x295.png\" alt=\"\" class=\"wp-image-9440\" style=\"width:242px\" srcset=\"https:\/\/vammencamping.dk\/wp-content\/uploads\/2025\/06\/bikemap-1200x295.png 1200w, https:\/\/vammencamping.dk\/wp-content\/uploads\/2025\/06\/bikemap-744x183.png 744w, https:\/\/vammencamping.dk\/wp-content\/uploads\/2025\/06\/bikemap-420x103.png 420w, https:\/\/vammencamping.dk\/wp-content\/uploads\/2025\/06\/bikemap-768x189.png 768w, https:\/\/vammencamping.dk\/wp-content\/uploads\/2025\/06\/bikemap.png 642w\" sizes=\"auto, (max-width: 1200px) 100vw, 1200px\" \/><\/a><\/figure>\n<\/div>\n\n\n\n<div class=\"wp-block-column is-layout-flow wp-block-column-is-layout-flow\">\n<figure class=\"wp-block-image size-large is-resized\"><a href=\"https:\/\/vcamp.dk\/c11\/km\" target=\"_blank\" rel=\" noreferrer noopener\"><img loading=\"lazy\" decoding=\"async\" width=\"1200\" height=\"362\" src=\"https:\/\/vammencamping.dk\/wp-content\/uploads\/2025\/06\/komoot-1200x362.png\" alt=\"\" class=\"wp-image-9368\" style=\"width:241px;height:auto\" srcset=\"https:\/\/vammencamping.dk\/wp-content\/uploads\/2025\/06\/komoot-1200x362.png 1200w, https:\/\/vammencamping.dk\/wp-content\/uploads\/2025\/06\/komoot-744x224.png 744w, https:\/\/vammencamping.dk\/wp-content\/uploads\/2025\/06\/komoot-420x126.png 420w, https:\/\/vammencamping.dk\/wp-content\/uploads\/2025\/06\/komoot-768x231.png 768w, https:\/\/vammencamping.dk\/wp-content\/uploads\/2025\/06\/komoot.png 716w\" sizes=\"auto, (max-width: 1200px) 100vw, 1200px\" \/><\/a><\/figure>\n<\/div>\n<\/div>\n\n<p class=\"has-text-align-left\">Lengte: <strong>31 km<\/strong><\/p>\n\n<p class=\"has-text-align-left\">Ervaar de met heide begroeide heuvels van \u00d8 Bakker tijdens een fietstocht met vergezichten, geschiedenis en beschermde grafheuvels. De route voert langs heuvels, valleien en oude spoorwegen in een schilderachtige omgeving. <\/p>\n\n<iframe loading=\"lazy\" width=\"100%\" height=\"500px\" frameborder=\"0\" allowfullscreen=\"\" allow=\"geolocation\" src=\"\/\/umap.openstreetmap.fr\/da\/map\/vammen-camping-bicycle-route-11-heath_1240089?scaleControl=false&#038;miniMap=false&#038;scrollWheelZoom=false&#038;zoomControl=true&#038;editMode=disabled&#038;moreControl=true&#038;searchControl=null&#038;tilelayersControl=null&#038;embedControl=null&#038;datalayersControl=true&#038;onLoadPanel=none&#038;captionBar=false&#038;captionMenus=true\"><\/iframe><p><a href=\"\/\/umap.openstreetmap.fr\/da\/map\/vammen-camping-bicycle-route-11-heath_1240089?scaleControl=false&#038;miniMap=false&#038;scrollWheelZoom=true&#038;zoomControl=true&#038;editMode=disabled&#038;moreControl=true&#038;searchControl=null&#038;tilelayersControl=null&#038;embedControl=null&#038;datalayersControl=true&#038;onLoadPanel=none&#038;captionBar=false&#038;captionMenus=true\">Bekijk op volledig scherm<\/a><\/p>\n\n<p>Begin vanaf de camping en sla linksaf naar Hobrovej in Vammen. Ga op de kruising bij de kruidenier linksaf de Tjele M\u00f8llevej op richting Tjele. Houd links aan en steek Tjele \u00c5 over en rijd de heuvel op. Bovenaan sla je rechtsaf naar Foulumdalvej na het bord Foulum 1. Vanaf hier heb je een prachtig uitzicht &#8211; maar wees voorzichtig &#8211; de weg draait steil naar beneden richting Formyre.   <\/p>\n\n<p>Ga bij de T-splitsing rechtsaf de Hobro Landevej op, weg nr. 517 richting Viborg. In Foulum is een idyllische vuurvijver &#8211; ga linksaf Burreh\u00f8jvej op richting het bord Velds 4. Passeer het sportterrein en de oude school, volg de asfaltweg en kijk naar rechts AU = Aarhus University &#8211; dit deel is DCA = National Centre for Food and Agriculture. <\/p>\n\n<p>Ga op de T-splitsing bij hoofdweg 16 rechtsaf richting Viborg en sla na ongeveer 30 meter linksaf naar Velds Husevej richting Velds 1 en \u00d8 Bakker. Sla bij de T-splitsing in Velds linksaf naar F\u00e5rdalvej en sla na ongeveer 30 meter rechtsaf naar Rydalsvej en volg het bord \u00d8by 3 en \u00d8 Bakker. De weg slingert naar beneden. Je passeert een weiland en het noordelijke deel van N\u00f8rre \u00c5. Vanaf hier heb je uitzicht op \u00d8 Bakker en de met heide bedekte gebieden.    <\/p>\n\n<p>Op de parkeerplaats vind je een overzichtskaart van \u00d8 Bakker en vanaf hier kun je de heuvels op via een gemarkeerd pad. Loop door tot de volgende T-splitsing. Als je de weg naar links neemt richting \u00d8by 1, kom je bij de huizen en boerderijen in \u00d8by. Omdat dit een doodlopende weg is, moet je hier omkeren.   <\/p>\n\n<p>In plaats daarvan ga je rechtsaf langs de \u00d8stervangsvej in de richting van het bord Vejrumbro 4. Onderweg heb je een prachtig uitzicht op het zuidelijke deel van N\u00f8rre \u00c5 en de vallei. Kort na F\u00e5rdalvej gaat Vesterskovvej naar rechts en na ongeveer 20 meter gaat een verhard fiets- en wandelpad naar rechts (aangelegd op een in onbruik geraakte spoorlijn). Dit deel van de in onbruik geraakte spoorlijn ligt op een dijk met een weids uitzicht over N\u00f8rre\u00e5dalen. Het is dus aan te raden om er een korte wandeling naar rechts langs te maken, want het gaat ook door kloven en over een oude brug. Daarna moet je terug naar de geasfalteerde weg, Vesterskovvej.    <\/p>\n\n<p>Waar deze eindigt in een T-splitsing, ga je rechtsaf de Over Viskumvej op en dan meteen linksaf &#8211; dit is nog steeds de Over Viskumvej. Ga bij de splitsing rechtdoor en blijf op Over Viskumvej tot deze uitkomt op Overlundvej, hoofdweg nr. 16. Sla linksaf en ga bij de rotonde rechtsaf Hobro Landevej op. Sla linksaf en ga bij de rotonde rechtsaf de Hobro Landevej op, richting Hobro.<br\/>Sla na ongeveer 100 meter linksaf de Ingstrup M\u00f8llevej op, richting R\u00f8dding. <\/p>\n\n<p>Waar Ingstrup M\u00f8llevej, F\u00e6dalh\u00f8jvej en Ingstrupvej samenkomen, ga je rechtsaf de Ingstrupvej op richting R\u00f8dding en na ongeveer 300 meter weer rechtsaf, nu de Klarisg\u00e5rdvej op.<\/p>\n\n<p>Volg na ongeveer 500 meter de asfaltweg naar links in de bocht. Nog eens 500 meter verder houdt het asfalt op en gaat Meldg\u00e5rdsvej naar links. Ga rechtdoor over de grindweg (Klarisg\u00e5rdvej). Onderweg kom je langs verschillende grafheuvels, die &#8211; net als alle andere in Denemarken &#8211; al meer dan 100 jaar beschermd zijn.   <\/p>\n\n<p>Ga bij de T-splitsing rechtsaf en volg het fietspad langs Tingh\u00f8jvej naar Vammen. Sla rechtsaf langs Bygmarksvej en terug naar de camping. <\/p>\n","protected":false},"excerpt":{"rendered":"<p>Lengte: 31 km Ervaar de met heide begroeide heuvels van \u00d8 Bakker tijdens een fietstocht met vergezichten, geschiedenis en beschermde grafheuvels. De route voert langs heuvels, valleien en oude spoorwegen in een schilderachtige omgeving. Bekijk op volledig scherm Begin vanaf de camping en sla linksaf naar Hobrovej in Vammen. Ga op de kruising bij de &#8230; <a class=\"read-more\" href=\"https:\/\/vammencamping.dk\/nl\/fietsroute-11-oe-bakker\/\">Read more&#8230;<\/a><\/p>\n","protected":false},"author":7,"featured_media":0,"parent":0,"menu_order":0,"comment_status":"closed","ping_status":"closed","template":"","meta":{"footnotes":""},"class_list":["post-10229","page","type-page","status-publish"],"featured_image_src":null,"_links":{"self":[{"href":"https:\/\/vammencamping.dk\/nl\/wp-json\/wp\/v2\/pages\/10229","targetHints":{"allow":["GET"]}}],"collection":[{"href":"https:\/\/vammencamping.dk\/nl\/wp-json\/wp\/v2\/pages"}],"about":[{"href":"https:\/\/vammencamping.dk\/nl\/wp-json\/wp\/v2\/types\/page"}],"author":[{"embeddable":true,"href":"https:\/\/vammencamping.dk\/nl\/wp-json\/wp\/v2\/users\/7"}],"replies":[{"embeddable":true,"href":"https:\/\/vammencamping.dk\/nl\/wp-json\/wp\/v2\/comments?post=10229"}],"version-history":[{"count":1,"href":"https:\/\/vammencamping.dk\/nl\/wp-json\/wp\/v2\/pages\/10229\/revisions"}],"predecessor-version":[{"id":10230,"href":"https:\/\/vammencamping.dk\/nl\/wp-json\/wp\/v2\/pages\/10229\/revisions\/10230"}],"wp:attachment":[{"href":"https:\/\/vammencamping.dk\/nl\/wp-json\/wp\/v2\/media?parent=10229"}],"curies":[{"name":"wp","href":"https:\/\/api.w.org\/{rel}","templated":true}]}}