{"id":10227,"date":"2025-07-07T09:28:37","date_gmt":"2025-07-07T08:28:37","guid":{"rendered":"https:\/\/vammencamping.dk\/fietsroute-10-niet-meer-gebruikt-spoorwegpad-oost\/"},"modified":"2025-07-07T09:28:39","modified_gmt":"2025-07-07T08:28:39","slug":"fietsroute-10-niet-meer-gebruikt-spoorwegpad-oost","status":"publish","type":"page","link":"https:\/\/vammencamping.dk\/nl\/fietsroute-10-niet-meer-gebruikt-spoorwegpad-oost\/","title":{"rendered":"Fietsroute 10 &#8211; Niet meer gebruikt spoorwegpad (oost)"},"content":{"rendered":"\n<div class=\"wp-block-columns is-layout-flex wp-container-core-columns-is-layout-9d6595d7 wp-block-columns-is-layout-flex\">\n<div class=\"wp-block-column is-layout-flow wp-block-column-is-layout-flow\">\n<figure class=\"wp-block-image size-large is-resized\"><a href=\"https:\/\/vcamp.dk\/c10\/osm\" target=\"_blank\" rel=\" noreferrer noopener\"><img loading=\"lazy\" decoding=\"async\" width=\"1200\" height=\"400\" src=\"https:\/\/vammencamping.dk\/wp-content\/uploads\/2025\/06\/openstreetmap-1200x400.png\" alt=\"\" class=\"wp-image-9358\" style=\"width:264px;height:auto\" srcset=\"https:\/\/vammencamping.dk\/wp-content\/uploads\/2025\/06\/openstreetmap-1200x400.png 1200w, https:\/\/vammencamping.dk\/wp-content\/uploads\/2025\/06\/openstreetmap-744x248.png 744w, https:\/\/vammencamping.dk\/wp-content\/uploads\/2025\/06\/openstreetmap-420x140.png 420w, https:\/\/vammencamping.dk\/wp-content\/uploads\/2025\/06\/openstreetmap-768x256.png 768w, https:\/\/vammencamping.dk\/wp-content\/uploads\/2025\/06\/openstreetmap.png 900w\" sizes=\"auto, (max-width: 1200px) 100vw, 1200px\" \/><\/a><\/figure>\n<\/div>\n\n\n\n<div class=\"wp-block-column is-layout-flow wp-block-column-is-layout-flow\">\n<figure class=\"wp-block-image size-large is-resized\"><a href=\"https:\/\/vcamp.dk\/c10\/gm\" target=\"_blank\" rel=\" noreferrer noopener\"><img loading=\"lazy\" decoding=\"async\" width=\"1200\" height=\"324\" src=\"https:\/\/vammencamping.dk\/wp-content\/uploads\/2025\/06\/google_maps-1200x324.png\" alt=\"\" class=\"wp-image-9364\" style=\"width:242px;height:auto\" srcset=\"https:\/\/vammencamping.dk\/wp-content\/uploads\/2025\/06\/google_maps-1200x324.png 1200w, https:\/\/vammencamping.dk\/wp-content\/uploads\/2025\/06\/google_maps-744x201.png 744w, https:\/\/vammencamping.dk\/wp-content\/uploads\/2025\/06\/google_maps-420x113.png 420w, https:\/\/vammencamping.dk\/wp-content\/uploads\/2025\/06\/google_maps-768x207.png 768w, https:\/\/vammencamping.dk\/wp-content\/uploads\/2025\/06\/google_maps.png 2048w\" sizes=\"auto, (max-width: 1200px) 100vw, 1200px\" \/><\/a><\/figure>\n<\/div>\n\n\n\n<div class=\"wp-block-column is-layout-flow wp-block-column-is-layout-flow\">\n<figure class=\"wp-block-image size-large is-resized\"><a href=\"https:\/\/vcamp.dk\/c10\/bm\" target=\"_blank\" rel=\" noreferrer noopener\"><img loading=\"lazy\" decoding=\"async\" width=\"1200\" height=\"295\" src=\"https:\/\/vammencamping.dk\/wp-content\/uploads\/2025\/06\/bikemap-1200x295.png\" alt=\"\" class=\"wp-image-9440\" style=\"width:242px\" srcset=\"https:\/\/vammencamping.dk\/wp-content\/uploads\/2025\/06\/bikemap-1200x295.png 1200w, https:\/\/vammencamping.dk\/wp-content\/uploads\/2025\/06\/bikemap-744x183.png 744w, https:\/\/vammencamping.dk\/wp-content\/uploads\/2025\/06\/bikemap-420x103.png 420w, https:\/\/vammencamping.dk\/wp-content\/uploads\/2025\/06\/bikemap-768x189.png 768w, https:\/\/vammencamping.dk\/wp-content\/uploads\/2025\/06\/bikemap.png 642w\" sizes=\"auto, (max-width: 1200px) 100vw, 1200px\" \/><\/a><\/figure>\n<\/div>\n\n\n\n<div class=\"wp-block-column is-layout-flow wp-block-column-is-layout-flow\">\n<figure class=\"wp-block-image size-large is-resized\"><a href=\"https:\/\/vcamp.dk\/c10\/km\" target=\"_blank\" rel=\" noreferrer noopener\"><img loading=\"lazy\" decoding=\"async\" width=\"1200\" height=\"362\" src=\"https:\/\/vammencamping.dk\/wp-content\/uploads\/2025\/06\/komoot-1200x362.png\" alt=\"\" class=\"wp-image-9368\" style=\"width:241px;height:auto\" srcset=\"https:\/\/vammencamping.dk\/wp-content\/uploads\/2025\/06\/komoot-1200x362.png 1200w, https:\/\/vammencamping.dk\/wp-content\/uploads\/2025\/06\/komoot-744x224.png 744w, https:\/\/vammencamping.dk\/wp-content\/uploads\/2025\/06\/komoot-420x126.png 420w, https:\/\/vammencamping.dk\/wp-content\/uploads\/2025\/06\/komoot-768x231.png 768w, https:\/\/vammencamping.dk\/wp-content\/uploads\/2025\/06\/komoot.png 716w\" sizes=\"auto, (max-width: 1200px) 100vw, 1200px\" \/><\/a><\/figure>\n<\/div>\n<\/div>\n\n<p class=\"has-text-align-left\">Lengte: <strong>38 km<\/strong><\/p>\n\n<p class=\"has-text-align-left\">Een ontspannen fietstocht langs het in onbruik geraakte spoorwegpad met omwegen naar bos, meer en gezellige dorpjes. De route biedt zowel natuur als geschiedenis &#8211; perfect voor een ontspannen dag op de fiets. <\/p>\n\n<iframe loading=\"lazy\" width=\"100%\" height=\"500px\" frameborder=\"0\" allowfullscreen=\"\" allow=\"geolocation\" src=\"\/\/umap.openstreetmap.fr\/da\/map\/vammen-camping-bicycle-route-10-old-railway-track-_1240081?scaleControl=false&#038;miniMap=false&#038;scrollWheelZoom=false&#038;zoomControl=true&#038;editMode=disabled&#038;moreControl=true&#038;searchControl=null&#038;tilelayersControl=null&#038;embedControl=null&#038;datalayersControl=true&#038;onLoadPanel=none&#038;captionBar=false&#038;captionMenus=true\"><\/iframe><p><a href=\"\/\/umap.openstreetmap.fr\/da\/map\/vammen-camping-bicycle-route-10-old-railway-track-_1240081?scaleControl=false&#038;miniMap=false&#038;scrollWheelZoom=true&#038;zoomControl=true&#038;editMode=disabled&#038;moreControl=true&#038;searchControl=null&#038;tilelayersControl=null&#038;embedControl=null&#038;datalayersControl=true&#038;onLoadPanel=none&#038;captionBar=false&#038;captionMenus=true\">Bekijk op volledig scherm<\/a><\/p>\n\n<p>Start vanaf Vammen Camping en ga in Vammen linksaf de Hobrovej op. Op de kruising bij de kruidenier ga je linksaf de Tjele M\u00f8llevej op. Houd links aan en rijd over Tjele \u00c5, ga rechtdoor langs de boerderij Vester Tjele. Ga bij Tjele Gods (het oudste landhuis van Denemarken) linksaf de 517 op richting Hobro 2, en na 200 meter rechtsaf de Tjelevej op richting \u00d8rum. Ga na 100 meter linksaf (tegenover de schuur) de grindweg Tjele Skovvej op.    <\/p>\n\n<p>Rijd door de velden van Landgoed Tjele en naar S\u00f8nderhede Plantage. Bij de splitsing in het bos kun je een van twee routes kiezen: <\/p>\n\n<ol class=\"wp-block-list\">\n<li>Ga rechtsaf de asfaltweg Vingevej op en sla kort voor \u00d8rum bij het fietsbord linksaf het verharde pad op het niet meer gebruikte spoor in.<\/li>\n\n\n\n<li>Ga rechtdoor langs Tjele Skovvej door het bos. Na het bos begint de geasfalteerde weg &#8211; houd rechts aan bij de kleine T-splitsing bij de transformator en sla meteen linksaf het geasfalteerde fietspad op over de in onbruik geraakte spoorweg naar het oosten, in de richting van Hammersh\u00f8j. <\/li>\n<\/ol>\n\n<p>Ga in beide gevallen rechtdoor tot het fietspad eindigt in Hammersh\u00f8j op Vorningvej en sla linksaf bij de boerderij &#8220;Vestervang&#8221; naar het noorden &#8211; langs Vorningvej. Aan je linkerhand is een sportcentrum, een openbaar buitenzwembad en de Hammersh\u00f8j School.<br\/>In Vorning ga je na de kerk linksaf richting het bord Nr. Vinge 4 langs Holmevej. Rijd door een prachtige kloof en langs het beschermde Vinge M\u00f8lles\u00f8 meer.   <\/p>\n\n<p>Blijf de Holmevej volgen tot deze eindigt in Nr. Vinge bij Hobro Landevej, weg nr. 517. Ga linksaf langs Hobrovej (weg 517) richting Viborg. Ga bij Tjele Goden rechtsaf de Tjele M\u00f8llevej op richting Vammen. Steek Tjele \u00c5 over, houd rechts aan en sla rechtsaf bij de splitsing in Vammen, bij de kruidenier. Rijd naar de camping langs Langs\u00f8vej of Bygmarksvej.     <\/p>\n\n<p>Alternatieve route:<br\/>Ga rechtdoor in Vorning. Passeer Tjele \u00c5 en ga bij de T-splitsing in Sj\u00f8rring linksaf de 517 op richting Viborg. Sla na 100 meter rechtsaf Lindum S\u00f8vej op richting het bord Lindum 2 en Vammen 10. Ga in Lindum rechtdoor richting Vammen en verder naar de camping langs Bygmarksvej.  <\/p>\n","protected":false},"excerpt":{"rendered":"<p>Lengte: 38 km Een ontspannen fietstocht langs het in onbruik geraakte spoorwegpad met omwegen naar bos, meer en gezellige dorpjes. De route biedt zowel natuur als geschiedenis &#8211; perfect voor een ontspannen dag op de fiets. Bekijk op volledig scherm Start vanaf Vammen Camping en ga in Vammen linksaf de Hobrovej op. Op de kruising &#8230; <a class=\"read-more\" href=\"https:\/\/vammencamping.dk\/nl\/fietsroute-10-niet-meer-gebruikt-spoorwegpad-oost\/\">Read more&#8230;<\/a><\/p>\n","protected":false},"author":7,"featured_media":0,"parent":0,"menu_order":0,"comment_status":"closed","ping_status":"closed","template":"","meta":{"footnotes":""},"class_list":["post-10227","page","type-page","status-publish"],"featured_image_src":null,"_links":{"self":[{"href":"https:\/\/vammencamping.dk\/nl\/wp-json\/wp\/v2\/pages\/10227","targetHints":{"allow":["GET"]}}],"collection":[{"href":"https:\/\/vammencamping.dk\/nl\/wp-json\/wp\/v2\/pages"}],"about":[{"href":"https:\/\/vammencamping.dk\/nl\/wp-json\/wp\/v2\/types\/page"}],"author":[{"embeddable":true,"href":"https:\/\/vammencamping.dk\/nl\/wp-json\/wp\/v2\/users\/7"}],"replies":[{"embeddable":true,"href":"https:\/\/vammencamping.dk\/nl\/wp-json\/wp\/v2\/comments?post=10227"}],"version-history":[{"count":1,"href":"https:\/\/vammencamping.dk\/nl\/wp-json\/wp\/v2\/pages\/10227\/revisions"}],"predecessor-version":[{"id":10228,"href":"https:\/\/vammencamping.dk\/nl\/wp-json\/wp\/v2\/pages\/10227\/revisions\/10228"}],"wp:attachment":[{"href":"https:\/\/vammencamping.dk\/nl\/wp-json\/wp\/v2\/media?parent=10227"}],"curies":[{"name":"wp","href":"https:\/\/api.w.org\/{rel}","templated":true}]}}