{"id":9755,"date":"2025-07-03T12:05:30","date_gmt":"2025-07-03T11:05:30","guid":{"rendered":"https:\/\/vammencamping.dk\/bicycle-route-12-abandoned-railway-track-west\/"},"modified":"2025-07-03T12:05:31","modified_gmt":"2025-07-03T11:05:31","slug":"bicycle-route-12-abandoned-railway-track-west","status":"publish","type":"page","link":"https:\/\/vammencamping.dk\/en\/bicycle-route-12-abandoned-railway-track-west\/","title":{"rendered":"Bicycle route 12 &#8211; Abandoned Railway Track West"},"content":{"rendered":"\n<div class=\"wp-block-columns is-layout-flex wp-container-core-columns-is-layout-9d6595d7 wp-block-columns-is-layout-flex\">\n<div class=\"wp-block-column is-layout-flow wp-block-column-is-layout-flow\">\n<figure class=\"wp-block-image size-large is-resized\"><a href=\"https:\/\/vcamp.dk\/c12\/osm\" target=\"_blank\" rel=\" noreferrer noopener\"><img loading=\"lazy\" decoding=\"async\" width=\"1200\" height=\"400\" src=\"https:\/\/vammencamping.dk\/wp-content\/uploads\/2025\/06\/openstreetmap-1200x400.png\" alt=\"\" class=\"wp-image-9358\" style=\"width:264px;height:auto\" srcset=\"https:\/\/vammencamping.dk\/wp-content\/uploads\/2025\/06\/openstreetmap-1200x400.png 1200w, https:\/\/vammencamping.dk\/wp-content\/uploads\/2025\/06\/openstreetmap-744x248.png 744w, https:\/\/vammencamping.dk\/wp-content\/uploads\/2025\/06\/openstreetmap-420x140.png 420w, https:\/\/vammencamping.dk\/wp-content\/uploads\/2025\/06\/openstreetmap-768x256.png 768w, https:\/\/vammencamping.dk\/wp-content\/uploads\/2025\/06\/openstreetmap.png 900w\" sizes=\"auto, (max-width: 1200px) 100vw, 1200px\" \/><\/a><\/figure>\n<\/div>\n\n\n\n<div class=\"wp-block-column is-layout-flow wp-block-column-is-layout-flow\">\n<figure class=\"wp-block-image size-large is-resized\"><a href=\"https:\/\/vcamp.dk\/c12\/gm\" target=\"_blank\" rel=\" noreferrer noopener\"><img loading=\"lazy\" decoding=\"async\" width=\"1200\" height=\"324\" src=\"https:\/\/vammencamping.dk\/wp-content\/uploads\/2025\/06\/google_maps-1200x324.png\" alt=\"\" class=\"wp-image-9364\" style=\"width:242px;height:auto\" srcset=\"https:\/\/vammencamping.dk\/wp-content\/uploads\/2025\/06\/google_maps-1200x324.png 1200w, https:\/\/vammencamping.dk\/wp-content\/uploads\/2025\/06\/google_maps-744x201.png 744w, https:\/\/vammencamping.dk\/wp-content\/uploads\/2025\/06\/google_maps-420x113.png 420w, https:\/\/vammencamping.dk\/wp-content\/uploads\/2025\/06\/google_maps-768x207.png 768w, https:\/\/vammencamping.dk\/wp-content\/uploads\/2025\/06\/google_maps.png 2048w\" sizes=\"auto, (max-width: 1200px) 100vw, 1200px\" \/><\/a><\/figure>\n<\/div>\n\n\n\n<div class=\"wp-block-column is-layout-flow wp-block-column-is-layout-flow\">\n<figure class=\"wp-block-image size-large is-resized\"><a href=\"https:\/\/vcamp.dk\/c12\/bm\" target=\"_blank\" rel=\" noreferrer noopener\"><img loading=\"lazy\" decoding=\"async\" width=\"1200\" height=\"295\" src=\"https:\/\/vammencamping.dk\/wp-content\/uploads\/2025\/06\/bikemap-1200x295.png\" alt=\"\" class=\"wp-image-9440\" style=\"width:242px\" srcset=\"https:\/\/vammencamping.dk\/wp-content\/uploads\/2025\/06\/bikemap-1200x295.png 1200w, https:\/\/vammencamping.dk\/wp-content\/uploads\/2025\/06\/bikemap-744x183.png 744w, https:\/\/vammencamping.dk\/wp-content\/uploads\/2025\/06\/bikemap-420x103.png 420w, https:\/\/vammencamping.dk\/wp-content\/uploads\/2025\/06\/bikemap-768x189.png 768w, https:\/\/vammencamping.dk\/wp-content\/uploads\/2025\/06\/bikemap.png 642w\" sizes=\"auto, (max-width: 1200px) 100vw, 1200px\" \/><\/a><\/figure>\n<\/div>\n\n\n\n<div class=\"wp-block-column is-layout-flow wp-block-column-is-layout-flow\">\n<figure class=\"wp-block-image size-large is-resized\"><a href=\"https:\/\/vcamp.dk\/c12\/km\" target=\"_blank\" rel=\" noreferrer noopener\"><img loading=\"lazy\" decoding=\"async\" width=\"1200\" height=\"362\" src=\"https:\/\/vammencamping.dk\/wp-content\/uploads\/2025\/06\/komoot-1200x362.png\" alt=\"\" class=\"wp-image-9368\" style=\"width:241px;height:auto\" srcset=\"https:\/\/vammencamping.dk\/wp-content\/uploads\/2025\/06\/komoot-1200x362.png 1200w, https:\/\/vammencamping.dk\/wp-content\/uploads\/2025\/06\/komoot-744x224.png 744w, https:\/\/vammencamping.dk\/wp-content\/uploads\/2025\/06\/komoot-420x126.png 420w, https:\/\/vammencamping.dk\/wp-content\/uploads\/2025\/06\/komoot-768x231.png 768w, https:\/\/vammencamping.dk\/wp-content\/uploads\/2025\/06\/komoot.png 716w\" sizes=\"auto, (max-width: 1200px) 100vw, 1200px\" \/><\/a><\/figure>\n<\/div>\n<\/div>\n\n<p class=\"has-text-align-left\">Length: <strong>33 km<\/strong><\/p>\n\n<p class=\"has-text-align-left\">A peaceful bike ride along an abandoned railway through the N\u00f8rre\u00e5 Valley and charming villages. Experience nature, history, and views over hills and river valleys along the way. <\/p>\n\n<iframe loading=\"lazy\" width=\"100%\" height=\"500px\" frameborder=\"0\" allowfullscreen=\"\" allow=\"geolocation\" src=\"\/\/umap.openstreetmap.fr\/da\/map\/vammen-camping-bicycle-route-12-old-railway-track-_1240091?scaleControl=false&#038;miniMap=false&#038;scrollWheelZoom=false&#038;zoomControl=true&#038;editMode=disabled&#038;moreControl=true&#038;searchControl=null&#038;tilelayersControl=null&#038;embedControl=null&#038;datalayersControl=true&#038;onLoadPanel=none&#038;captionBar=false&#038;captionMenus=true\"><\/iframe><p><a href=\"\/\/umap.openstreetmap.fr\/da\/map\/vammen-camping-bicycle-route-12-old-railway-track-_1240091?scaleControl=false&#038;miniMap=false&#038;scrollWheelZoom=true&#038;zoomControl=true&#038;editMode=disabled&#038;moreControl=true&#038;searchControl=null&#038;tilelayersControl=null&#038;embedControl=null&#038;datalayersControl=true&#038;onLoadPanel=none&#038;captionBar=false&#038;captionMenus=true\">View in full screen<\/a><\/p>\n\n<p>Start from the campsite and ride to Vammen. Turn left towards Viborg and continue straight through the junction. Cross over onto the cycle path. After about 4 km, turn left onto the field road Klarisg\u00e5rdsvej immediately after a farm. From Klarisg\u00e5rd, the road becomes paved \u2013 continue straight and follow the road at the intersection. At the next T-junction, turn left onto Ingstrupvej over the M\u00f8lleb\u00e6k stream. At the next T-junction, turn right onto F\u00e6dalh\u00f8jvej towards the signposted Kokholm 1. On the right is a former school \u2013 continue straight past the old mission house &#8220;Fredebo&#8221;, past the Vans\u00f8 lake, and on F\u00e6dalh\u00f8jvej to highway 16.       <\/p>\n\n<p>At the feed store, cross highway 16 to the right and immediately after to the left and continue left along Taphedevej towards the signposted Tapdrup 3. At the T-junction in Tapdrup, turn right past the grocery store (Brugsen) and the church. After about 150 meters, turn left onto Stationsvej. <\/p>\n\n<p>The abandoned railway line has been converted into a bike path. Follow it to the left toward the signposted Vejrumbro 4. At a farm in Vejrumbro, where the path ends, turn left and then immediately right onto Hovedgaden. Then turn right again onto \u00d8stervangsvej towards the signposted Viskum 2. At Viskum Manor and Viskum Church, turn left onto F\u00e5rdalvej towards the signposted \u00d8rum 4 and Velds. Take a break along the way to enjoy the view over \u00d8 Bakker and the N\u00f8rre\u00e5 Valley.  <\/p>\n\n<p>In Velds, turn left onto Velds Husevej towards highway 16. At the highway, go about 30 meters to the right, then turn left onto Burreh\u00f8jvej towards Foulum. Aarhus University department DCA = Danish Centre for Food and Agriculture, is on the left. In Foulum, follow the paved road past the old school to a T-junction. Turn right up Hobrovej past the community hall (every Danish village has one for family celebrations and events).     <\/p>\n\n<p>Down the hill, turn left onto Foulumdalvej towards the signposted Vammen 4. At the T-junction \u2013 from here you can already see the campsite and Tjele Lake \u2013 turn left towards Vammen. Cross the stream and keep right towards Vammen. In Vammen, the nursing home (Pensionistg\u00e5rden) is on the left. At the junction, turn right towards the campsite. Take either Langs\u00f8vej or Bygmarksvej \u2013 both lead to the campsite.    <\/p>\n","protected":false},"excerpt":{"rendered":"<p>Length: 33 km A peaceful bike ride along an abandoned railway through the N\u00f8rre\u00e5 Valley and charming villages. Experience nature, history, and views over hills and river valleys along the way. View in full screen Start from the campsite and ride to Vammen. Turn left towards Viborg and continue straight through the junction. Cross over &#8230; <a class=\"read-more\" href=\"https:\/\/vammencamping.dk\/en\/bicycle-route-12-abandoned-railway-track-west\/\">Read more&#8230;<\/a><\/p>\n","protected":false},"author":7,"featured_media":0,"parent":0,"menu_order":0,"comment_status":"closed","ping_status":"closed","template":"","meta":{"footnotes":""},"class_list":["post-9755","page","type-page","status-publish"],"featured_image_src":null,"_links":{"self":[{"href":"https:\/\/vammencamping.dk\/en\/wp-json\/wp\/v2\/pages\/9755","targetHints":{"allow":["GET"]}}],"collection":[{"href":"https:\/\/vammencamping.dk\/en\/wp-json\/wp\/v2\/pages"}],"about":[{"href":"https:\/\/vammencamping.dk\/en\/wp-json\/wp\/v2\/types\/page"}],"author":[{"embeddable":true,"href":"https:\/\/vammencamping.dk\/en\/wp-json\/wp\/v2\/users\/7"}],"replies":[{"embeddable":true,"href":"https:\/\/vammencamping.dk\/en\/wp-json\/wp\/v2\/comments?post=9755"}],"version-history":[{"count":1,"href":"https:\/\/vammencamping.dk\/en\/wp-json\/wp\/v2\/pages\/9755\/revisions"}],"predecessor-version":[{"id":9756,"href":"https:\/\/vammencamping.dk\/en\/wp-json\/wp\/v2\/pages\/9755\/revisions\/9756"}],"wp:attachment":[{"href":"https:\/\/vammencamping.dk\/en\/wp-json\/wp\/v2\/media?parent=9755"}],"curies":[{"name":"wp","href":"https:\/\/api.w.org\/{rel}","templated":true}]}}