{"id":9751,"date":"2025-07-03T12:00:57","date_gmt":"2025-07-03T11:00:57","guid":{"rendered":"https:\/\/vammencamping.dk\/bicycle-route-11-oe-bakker\/"},"modified":"2025-07-03T12:00:58","modified_gmt":"2025-07-03T11:00:58","slug":"bicycle-route-11-oe-bakker","status":"publish","type":"page","link":"https:\/\/vammencamping.dk\/en\/bicycle-route-11-oe-bakker\/","title":{"rendered":"Bicycle route 11 &#8211; \u00d8 Bakker"},"content":{"rendered":"\n<div class=\"wp-block-columns is-layout-flex wp-container-core-columns-is-layout-9d6595d7 wp-block-columns-is-layout-flex\">\n<div class=\"wp-block-column is-layout-flow wp-block-column-is-layout-flow\">\n<figure class=\"wp-block-image size-large is-resized\"><a href=\"https:\/\/vcamp.dk\/c11\/osm\" target=\"_blank\" rel=\" noreferrer noopener\"><img loading=\"lazy\" decoding=\"async\" width=\"1200\" height=\"400\" src=\"https:\/\/vammencamping.dk\/wp-content\/uploads\/2025\/06\/openstreetmap-1200x400.png\" alt=\"\" class=\"wp-image-9358\" style=\"width:264px;height:auto\" srcset=\"https:\/\/vammencamping.dk\/wp-content\/uploads\/2025\/06\/openstreetmap-1200x400.png 1200w, https:\/\/vammencamping.dk\/wp-content\/uploads\/2025\/06\/openstreetmap-744x248.png 744w, https:\/\/vammencamping.dk\/wp-content\/uploads\/2025\/06\/openstreetmap-420x140.png 420w, https:\/\/vammencamping.dk\/wp-content\/uploads\/2025\/06\/openstreetmap-768x256.png 768w, https:\/\/vammencamping.dk\/wp-content\/uploads\/2025\/06\/openstreetmap.png 900w\" sizes=\"auto, (max-width: 1200px) 100vw, 1200px\" \/><\/a><\/figure>\n<\/div>\n\n\n\n<div class=\"wp-block-column is-layout-flow wp-block-column-is-layout-flow\">\n<figure class=\"wp-block-image size-large is-resized\"><a href=\"https:\/\/vcamp.dk\/c11\/gm\" target=\"_blank\" rel=\" noreferrer noopener\"><img loading=\"lazy\" decoding=\"async\" width=\"1200\" height=\"324\" src=\"https:\/\/vammencamping.dk\/wp-content\/uploads\/2025\/06\/google_maps-1200x324.png\" alt=\"\" class=\"wp-image-9364\" style=\"width:242px;height:auto\" srcset=\"https:\/\/vammencamping.dk\/wp-content\/uploads\/2025\/06\/google_maps-1200x324.png 1200w, https:\/\/vammencamping.dk\/wp-content\/uploads\/2025\/06\/google_maps-744x201.png 744w, https:\/\/vammencamping.dk\/wp-content\/uploads\/2025\/06\/google_maps-420x113.png 420w, https:\/\/vammencamping.dk\/wp-content\/uploads\/2025\/06\/google_maps-768x207.png 768w, https:\/\/vammencamping.dk\/wp-content\/uploads\/2025\/06\/google_maps.png 2048w\" sizes=\"auto, (max-width: 1200px) 100vw, 1200px\" \/><\/a><\/figure>\n<\/div>\n\n\n\n<div class=\"wp-block-column is-layout-flow wp-block-column-is-layout-flow\">\n<figure class=\"wp-block-image size-large is-resized\"><a href=\"https:\/\/vcamp.dk\/c11\/bm\" target=\"_blank\" rel=\" noreferrer noopener\"><img loading=\"lazy\" decoding=\"async\" width=\"1200\" height=\"295\" src=\"https:\/\/vammencamping.dk\/wp-content\/uploads\/2025\/06\/bikemap-1200x295.png\" alt=\"\" class=\"wp-image-9440\" style=\"width:242px\" srcset=\"https:\/\/vammencamping.dk\/wp-content\/uploads\/2025\/06\/bikemap-1200x295.png 1200w, https:\/\/vammencamping.dk\/wp-content\/uploads\/2025\/06\/bikemap-744x183.png 744w, https:\/\/vammencamping.dk\/wp-content\/uploads\/2025\/06\/bikemap-420x103.png 420w, https:\/\/vammencamping.dk\/wp-content\/uploads\/2025\/06\/bikemap-768x189.png 768w, https:\/\/vammencamping.dk\/wp-content\/uploads\/2025\/06\/bikemap.png 642w\" sizes=\"auto, (max-width: 1200px) 100vw, 1200px\" \/><\/a><\/figure>\n<\/div>\n\n\n\n<div class=\"wp-block-column is-layout-flow wp-block-column-is-layout-flow\">\n<figure class=\"wp-block-image size-large is-resized\"><a href=\"https:\/\/vcamp.dk\/c11\/km\" target=\"_blank\" rel=\" noreferrer noopener\"><img loading=\"lazy\" decoding=\"async\" width=\"1200\" height=\"362\" src=\"https:\/\/vammencamping.dk\/wp-content\/uploads\/2025\/06\/komoot-1200x362.png\" alt=\"\" class=\"wp-image-9368\" style=\"width:241px;height:auto\" srcset=\"https:\/\/vammencamping.dk\/wp-content\/uploads\/2025\/06\/komoot-1200x362.png 1200w, https:\/\/vammencamping.dk\/wp-content\/uploads\/2025\/06\/komoot-744x224.png 744w, https:\/\/vammencamping.dk\/wp-content\/uploads\/2025\/06\/komoot-420x126.png 420w, https:\/\/vammencamping.dk\/wp-content\/uploads\/2025\/06\/komoot-768x231.png 768w, https:\/\/vammencamping.dk\/wp-content\/uploads\/2025\/06\/komoot.png 716w\" sizes=\"auto, (max-width: 1200px) 100vw, 1200px\" \/><\/a><\/figure>\n<\/div>\n<\/div>\n\n<p class=\"has-text-align-left\">Length: <strong>31 km<\/strong><\/p>\n\n<p class=\"has-text-align-left\">Explore the heather-covered hills of \u00d8 Bakker on a bike tour filled with views, history, and ancient burial mounds. The route features hills, valleys, and old railway trails in scenic landscapes. <\/p>\n\n<iframe loading=\"lazy\" width=\"100%\" height=\"500px\" frameborder=\"0\" allowfullscreen=\"\" allow=\"geolocation\" src=\"\/\/umap.openstreetmap.fr\/da\/map\/vammen-camping-bicycle-route-11-heath_1240089?scaleControl=false&#038;miniMap=false&#038;scrollWheelZoom=false&#038;zoomControl=true&#038;editMode=disabled&#038;moreControl=true&#038;searchControl=null&#038;tilelayersControl=null&#038;embedControl=null&#038;datalayersControl=true&#038;onLoadPanel=none&#038;captionBar=false&#038;captionMenus=true\"><\/iframe><p><a href=\"\/\/umap.openstreetmap.fr\/da\/map\/vammen-camping-bicycle-route-11-heath_1240089?scaleControl=false&#038;miniMap=false&#038;scrollWheelZoom=true&#038;zoomControl=true&#038;editMode=disabled&#038;moreControl=true&#038;searchControl=null&#038;tilelayersControl=null&#038;embedControl=null&#038;datalayersControl=true&#038;onLoadPanel=none&#038;captionBar=false&#038;captionMenus=true\">View in full screen<\/a><\/p>\n\n<p>Start at the campsite and turn left on Hobrovej in Vammen. Ride to the paved road in Vammen. At the junction turn left again onto Tjele M\u00f8llevej toward Tjele. Hold to the left and cross Tjele \u00c5 (stream), then drive up the hill. At the top, turn right onto Foulumdalvej towards Foulum 1. From here, there&#8217;s a beautiful view \u2013 but be careful, the road descends steeply toward Formyre.   <\/p>\n\n<p>At the T-junction, turn right onto road 517 towards Viborg. In Foulum, there&#8217;s an idyllic fire pond \u2013 here turn left onto Burreh\u00f8jvej toward Velds 4. Pass the sports field and the old school, follow the paved road, and looking right AU = Aarhus University &#8211; this part is DCA = Danish Centre for Food and Agriculture. <\/p>\n\n<p>At the T-junction with road 16, turn right towards Viborg, and after about 30 m, turn left onto Velds Husevej towards Velds 1 and \u00d8 Bakker. At the T-junction in Velds, turn left. After the sign \u00d8 Bakker, turn right after 30 m onto \u00d8by 3 and \u00d8 Bakker (Rydalsvej). The road winds down. Cross a meadow and the northern part of the N\u00f8rre River. From here, enjoy the view over \u00d8 Bakker and the heather-covered hills.    <\/p>\n\n<p>At the parking area, you&#8217;ll find a map of \u00d8 Bakker, and from here you can access the hills via a marked trail. Continue to the next T-junction. If you turn left towards \u00d8by 1, you\u2019ll reach the little village \u2013 but as it\u2019s a dead end, you must turn back.   <\/p>\n\n<p>Instead, turn right along \u00d8stervangsvej towards the sign Vejrumbro 4. Along the way there are great views of the southern part of N\u00f8rre \u00c5 and the valley. Shortly after F\u00e5rdalvej, Vesterskovvej turns right and after approx. 20 meters a paved cycling and hiking path turns right (built on a disused railway). This part of the disused railroad line is located on an embankment with a wide view over N\u00f8rre\u00e5dalen. So it&#8217;s recommended to take a short walk to the right along it, as it also goes through gorges and over an old bridge. You must then return to the asphalt road, Vesterskovvej.    <\/p>\n\n<p>Instead, turn right onto \u00d8stervangsvej toward Vejrumbro 4. Enjoy the beautiful views over the southern part of the N\u00f8rre\u00e5 valley. At the junction, continue straight towards Vejrumbro 4 and Viskum 2. After about 20 m, turn right onto a disused railway, accessible by foot or bicycle only. It\u2019s recommended to park and walk 1\u20132 km. This part of the disused railway line is located along a raised embankment with panoramic views of the N\u00f8rre\u00e5 valley. It continues through ravines and over an old bridge. Return to the main road afterward. <\/p>\n\n<p>Where Ingstrup M\u00f8llevej, F\u00e6dalh\u00f8jvej and Ingstrupvej meet, turn right onto Ingstrupvej towards R\u00f8dding and after approx. 300 meters turn right again, now on Klarisg\u00e5rdvej.<\/p>\n\n<p>Turn right instead and in the village of Over Viskum turn right again towards road 16. At the yellow schoolhouse (now a Schnapps- and Flower workshop), turn left onto Over Viskumvej. Cross road 16, and after about 100 m also cross Hobro Landevej heading toward R\u00f8dding. Follow the paved road to a T-junction and turn right onto Ingstrupvej towards R\u00f8dding. After 300 m, turn right onto Klarisg\u00e5rdsvej. After about 500 m, follow the asphalt road left at the bend. After another 500 m the asphalt ends, and Meldg\u00e5rdsvej turns off to the left \u2013 continue straight on the gravel road (Klarisg\u00e5rdvej). Several burial mounds can be seen along the way \u2013 protected under Danish law for over a century.   <\/p>\n\n<p>At the T-junction, turn right onto the cycle path and continue straight to the Camping sign just beyond Vammen. Turn right onto Bygmarksvej and return to the campsite. <\/p>\n","protected":false},"excerpt":{"rendered":"<p>Length: 31 km Explore the heather-covered hills of \u00d8 Bakker on a bike tour filled with views, history, and ancient burial mounds. The route features hills, valleys, and old railway trails in scenic landscapes. View in full screen Start at the campsite and turn left on Hobrovej in Vammen. Ride to the paved road in &#8230; <a class=\"read-more\" href=\"https:\/\/vammencamping.dk\/en\/bicycle-route-11-oe-bakker\/\">Read more&#8230;<\/a><\/p>\n","protected":false},"author":7,"featured_media":0,"parent":0,"menu_order":0,"comment_status":"closed","ping_status":"closed","template":"","meta":{"footnotes":""},"class_list":["post-9751","page","type-page","status-publish"],"featured_image_src":null,"_links":{"self":[{"href":"https:\/\/vammencamping.dk\/en\/wp-json\/wp\/v2\/pages\/9751","targetHints":{"allow":["GET"]}}],"collection":[{"href":"https:\/\/vammencamping.dk\/en\/wp-json\/wp\/v2\/pages"}],"about":[{"href":"https:\/\/vammencamping.dk\/en\/wp-json\/wp\/v2\/types\/page"}],"author":[{"embeddable":true,"href":"https:\/\/vammencamping.dk\/en\/wp-json\/wp\/v2\/users\/7"}],"replies":[{"embeddable":true,"href":"https:\/\/vammencamping.dk\/en\/wp-json\/wp\/v2\/comments?post=9751"}],"version-history":[{"count":1,"href":"https:\/\/vammencamping.dk\/en\/wp-json\/wp\/v2\/pages\/9751\/revisions"}],"predecessor-version":[{"id":9752,"href":"https:\/\/vammencamping.dk\/en\/wp-json\/wp\/v2\/pages\/9751\/revisions\/9752"}],"wp:attachment":[{"href":"https:\/\/vammencamping.dk\/en\/wp-json\/wp\/v2\/media?parent=9751"}],"curies":[{"name":"wp","href":"https:\/\/api.w.org\/{rel}","templated":true}]}}