{"id":9747,"date":"2025-07-03T11:54:24","date_gmt":"2025-07-03T10:54:24","guid":{"rendered":"https:\/\/vammencamping.dk\/bicycle-route-10-abandoned-railway-path-east\/"},"modified":"2025-07-03T11:54:25","modified_gmt":"2025-07-03T10:54:25","slug":"bicycle-route-10-abandoned-railway-path-east","status":"publish","type":"page","link":"https:\/\/vammencamping.dk\/en\/bicycle-route-10-abandoned-railway-path-east\/","title":{"rendered":"Bicycle route 10 &#8211; Abandoned Railway Path East"},"content":{"rendered":"\n<div class=\"wp-block-columns is-layout-flex wp-container-core-columns-is-layout-9d6595d7 wp-block-columns-is-layout-flex\">\n<div class=\"wp-block-column is-layout-flow wp-block-column-is-layout-flow\">\n<figure class=\"wp-block-image size-large is-resized\"><a href=\"https:\/\/vcamp.dk\/c10\/osm\" target=\"_blank\" rel=\" noreferrer noopener\"><img loading=\"lazy\" decoding=\"async\" width=\"1200\" height=\"400\" src=\"https:\/\/vammencamping.dk\/wp-content\/uploads\/2025\/06\/openstreetmap-1200x400.png\" alt=\"\" class=\"wp-image-9358\" style=\"width:264px;height:auto\" srcset=\"https:\/\/vammencamping.dk\/wp-content\/uploads\/2025\/06\/openstreetmap-1200x400.png 1200w, https:\/\/vammencamping.dk\/wp-content\/uploads\/2025\/06\/openstreetmap-744x248.png 744w, https:\/\/vammencamping.dk\/wp-content\/uploads\/2025\/06\/openstreetmap-420x140.png 420w, https:\/\/vammencamping.dk\/wp-content\/uploads\/2025\/06\/openstreetmap-768x256.png 768w, https:\/\/vammencamping.dk\/wp-content\/uploads\/2025\/06\/openstreetmap.png 900w\" sizes=\"auto, (max-width: 1200px) 100vw, 1200px\" \/><\/a><\/figure>\n<\/div>\n\n\n\n<div class=\"wp-block-column is-layout-flow wp-block-column-is-layout-flow\">\n<figure class=\"wp-block-image size-large is-resized\"><a href=\"https:\/\/vcamp.dk\/c10\/gm\" target=\"_blank\" rel=\" noreferrer noopener\"><img loading=\"lazy\" decoding=\"async\" width=\"1200\" height=\"324\" src=\"https:\/\/vammencamping.dk\/wp-content\/uploads\/2025\/06\/google_maps-1200x324.png\" alt=\"\" class=\"wp-image-9364\" style=\"width:242px;height:auto\" srcset=\"https:\/\/vammencamping.dk\/wp-content\/uploads\/2025\/06\/google_maps-1200x324.png 1200w, https:\/\/vammencamping.dk\/wp-content\/uploads\/2025\/06\/google_maps-744x201.png 744w, https:\/\/vammencamping.dk\/wp-content\/uploads\/2025\/06\/google_maps-420x113.png 420w, https:\/\/vammencamping.dk\/wp-content\/uploads\/2025\/06\/google_maps-768x207.png 768w, https:\/\/vammencamping.dk\/wp-content\/uploads\/2025\/06\/google_maps.png 2048w\" sizes=\"auto, (max-width: 1200px) 100vw, 1200px\" \/><\/a><\/figure>\n<\/div>\n\n\n\n<div class=\"wp-block-column is-layout-flow wp-block-column-is-layout-flow\">\n<figure class=\"wp-block-image size-large is-resized\"><a href=\"https:\/\/vcamp.dk\/c10\/bm\" target=\"_blank\" rel=\" noreferrer noopener\"><img loading=\"lazy\" decoding=\"async\" width=\"1200\" height=\"295\" src=\"https:\/\/vammencamping.dk\/wp-content\/uploads\/2025\/06\/bikemap-1200x295.png\" alt=\"\" class=\"wp-image-9440\" style=\"width:242px\" srcset=\"https:\/\/vammencamping.dk\/wp-content\/uploads\/2025\/06\/bikemap-1200x295.png 1200w, https:\/\/vammencamping.dk\/wp-content\/uploads\/2025\/06\/bikemap-744x183.png 744w, https:\/\/vammencamping.dk\/wp-content\/uploads\/2025\/06\/bikemap-420x103.png 420w, https:\/\/vammencamping.dk\/wp-content\/uploads\/2025\/06\/bikemap-768x189.png 768w, https:\/\/vammencamping.dk\/wp-content\/uploads\/2025\/06\/bikemap.png 642w\" sizes=\"auto, (max-width: 1200px) 100vw, 1200px\" \/><\/a><\/figure>\n<\/div>\n\n\n\n<div class=\"wp-block-column is-layout-flow wp-block-column-is-layout-flow\">\n<figure class=\"wp-block-image size-large is-resized\"><a href=\"https:\/\/vcamp.dk\/c10\/km\" target=\"_blank\" rel=\" noreferrer noopener\"><img loading=\"lazy\" decoding=\"async\" width=\"1200\" height=\"362\" src=\"https:\/\/vammencamping.dk\/wp-content\/uploads\/2025\/06\/komoot-1200x362.png\" alt=\"\" class=\"wp-image-9368\" style=\"width:241px;height:auto\" srcset=\"https:\/\/vammencamping.dk\/wp-content\/uploads\/2025\/06\/komoot-1200x362.png 1200w, https:\/\/vammencamping.dk\/wp-content\/uploads\/2025\/06\/komoot-744x224.png 744w, https:\/\/vammencamping.dk\/wp-content\/uploads\/2025\/06\/komoot-420x126.png 420w, https:\/\/vammencamping.dk\/wp-content\/uploads\/2025\/06\/komoot-768x231.png 768w, https:\/\/vammencamping.dk\/wp-content\/uploads\/2025\/06\/komoot.png 716w\" sizes=\"auto, (max-width: 1200px) 100vw, 1200px\" \/><\/a><\/figure>\n<\/div>\n<\/div>\n\n<p class=\"has-text-align-left\">Length: <strong>38 km<\/strong><\/p>\n\n<p class=\"has-text-align-left\">A peaceful bike ride along the disused railway path with detours through forest, lake and charming villages. Perfect for a relaxed day combining nature and local history. <\/p>\n\n<iframe loading=\"lazy\" width=\"100%\" height=\"500px\" frameborder=\"0\" allowfullscreen=\"\" allow=\"geolocation\" src=\"\/\/umap.openstreetmap.fr\/da\/map\/vammen-camping-bicycle-route-10-old-railway-track-_1240081?scaleControl=false&#038;miniMap=false&#038;scrollWheelZoom=false&#038;zoomControl=true&#038;editMode=disabled&#038;moreControl=true&#038;searchControl=null&#038;tilelayersControl=null&#038;embedControl=null&#038;datalayersControl=true&#038;onLoadPanel=none&#038;captionBar=false&#038;captionMenus=true\"><\/iframe><p><a href=\"\/\/umap.openstreetmap.fr\/da\/map\/vammen-camping-bicycle-route-10-old-railway-track-_1240081?scaleControl=false&#038;miniMap=false&#038;scrollWheelZoom=true&#038;zoomControl=true&#038;editMode=disabled&#038;moreControl=true&#038;searchControl=null&#038;tilelayersControl=null&#038;embedControl=null&#038;datalayersControl=true&#038;onLoadPanel=none&#038;captionBar=false&#038;captionMenus=true\">View in full screen<\/a><\/p>\n\n<p>Start at Vammen Camping and turn left on Hobrovej in Vammen. At the junction, turn left onto Tjele M\u00f8llevej. Keep left and cross the Tjele River, continuing past the Vester Tjele farm. At Tjele Manor (Denmark&#8217;s oldest manor), turn left on 517 direction towards Hobro, and after 200 meters turn right at Tjelevej direction towards \u00d8rum. After 100 meters, turn left (opposite the barn) onto Tjele Skovvej.    <\/p>\n\n<p>Ride across Tjele Manor&#8217;s fields and into S\u00f8nderhede Plantation. At the forest junction, choose one of two routes: <\/p>\n\n<ol class=\"wp-block-list\">\n<li>1. Turn right onto the paved road Vingevej, and shortly before \u00d8rum, turn left at the bike path sign onto the paved trail on the former railway line.<\/li>\n\n\n\n<li>2. Continue straight on Tjele Skovvej through the forest. After the forest, a paved road begins \u2013 turn right at the small T-junction by the transformer, and then immediately left onto the paved bike path on the old railway toward Hammersh\u00f8j. <\/li>\n<\/ol>\n\n<p>Continue straight until the bike path ends in Hammersh\u00f8j at Vorningvej, then turn left by the &#8220;Vestervang&#8221; farm toward the north. On the left are a sports hall, an outdoor swimming pool, and a school. In Vorning, turn left after the church toward the sign post &#8220;Nr. Vinge&#8221; along Holmevej. Ride through a beautiful ravine and past the protected Vinge Mill Lake.   <\/p>\n\n<p>Alternative route:<br\/>Continue straight in Vorning. Cross Tjele River, and at the T-junction in Sj\u00f8rring turn left onto road 517 toward Viborg. After 100 meters, turn right at the sign post &#8220;Lindum 2&#8221; and &#8220;Vammen 10&#8221;. In Lindum, continue straight toward Vammen and follow Bygmarksvej back to the campsite.     <\/p>\n\n<p>Alternative route:<br\/>Continue straight ahead in Vorning. Pass Tjele \u00c5 and at the T-junction in Sj\u00f8rring, turn left onto road 517 towards Viborg. After 100 meters, turn right onto Lindum S\u00f8vej towards the sign Lindum 2 and Vammen 10. In Lindum, continue straight ahead towards Vammen and on to the campsite along Bygmarksvej.  <\/p>\n","protected":false},"excerpt":{"rendered":"<p>Length: 38 km A peaceful bike ride along the disused railway path with detours through forest, lake and charming villages. Perfect for a relaxed day combining nature and local history. View in full screen Start at Vammen Camping and turn left on Hobrovej in Vammen. At the junction, turn left onto Tjele M\u00f8llevej. Keep left &#8230; <a class=\"read-more\" href=\"https:\/\/vammencamping.dk\/en\/bicycle-route-10-abandoned-railway-path-east\/\">Read more&#8230;<\/a><\/p>\n","protected":false},"author":7,"featured_media":0,"parent":0,"menu_order":0,"comment_status":"closed","ping_status":"closed","template":"","meta":{"footnotes":""},"class_list":["post-9747","page","type-page","status-publish"],"featured_image_src":null,"_links":{"self":[{"href":"https:\/\/vammencamping.dk\/en\/wp-json\/wp\/v2\/pages\/9747","targetHints":{"allow":["GET"]}}],"collection":[{"href":"https:\/\/vammencamping.dk\/en\/wp-json\/wp\/v2\/pages"}],"about":[{"href":"https:\/\/vammencamping.dk\/en\/wp-json\/wp\/v2\/types\/page"}],"author":[{"embeddable":true,"href":"https:\/\/vammencamping.dk\/en\/wp-json\/wp\/v2\/users\/7"}],"replies":[{"embeddable":true,"href":"https:\/\/vammencamping.dk\/en\/wp-json\/wp\/v2\/comments?post=9747"}],"version-history":[{"count":1,"href":"https:\/\/vammencamping.dk\/en\/wp-json\/wp\/v2\/pages\/9747\/revisions"}],"predecessor-version":[{"id":9748,"href":"https:\/\/vammencamping.dk\/en\/wp-json\/wp\/v2\/pages\/9747\/revisions\/9748"}],"wp:attachment":[{"href":"https:\/\/vammencamping.dk\/en\/wp-json\/wp\/v2\/media?parent=9747"}],"curies":[{"name":"wp","href":"https:\/\/api.w.org\/{rel}","templated":true}]}}