{"id":9741,"date":"2025-07-03T11:46:33","date_gmt":"2025-07-03T10:46:33","guid":{"rendered":"https:\/\/vammencamping.dk\/bicycle-route-9-vejlebaek-noerreaa-valley\/"},"modified":"2025-07-03T11:47:14","modified_gmt":"2025-07-03T10:47:14","slug":"bicycle-route-9-vejlebaek-noerreaa-valley","status":"publish","type":"page","link":"https:\/\/vammencamping.dk\/en\/bicycle-route-9-vejlebaek-noerreaa-valley\/","title":{"rendered":"Bicycle route 9 &#8211; Vejleb\u00e6k &#8211; N\u00f8rre\u00e5 Valley"},"content":{"rendered":"\n<div class=\"wp-block-columns is-layout-flex wp-container-core-columns-is-layout-9d6595d7 wp-block-columns-is-layout-flex\">\n<div class=\"wp-block-column is-layout-flow wp-block-column-is-layout-flow\">\n<figure class=\"wp-block-image size-large is-resized\"><a href=\"https:\/\/vcamp.dk\/c9\/osm\" target=\"_blank\" rel=\" noreferrer noopener\"><img loading=\"lazy\" decoding=\"async\" width=\"1200\" height=\"400\" src=\"https:\/\/vammencamping.dk\/wp-content\/uploads\/2025\/06\/openstreetmap-1200x400.png\" alt=\"\" class=\"wp-image-9358\" style=\"width:264px;height:auto\" srcset=\"https:\/\/vammencamping.dk\/wp-content\/uploads\/2025\/06\/openstreetmap-1200x400.png 1200w, https:\/\/vammencamping.dk\/wp-content\/uploads\/2025\/06\/openstreetmap-744x248.png 744w, https:\/\/vammencamping.dk\/wp-content\/uploads\/2025\/06\/openstreetmap-420x140.png 420w, https:\/\/vammencamping.dk\/wp-content\/uploads\/2025\/06\/openstreetmap-768x256.png 768w, https:\/\/vammencamping.dk\/wp-content\/uploads\/2025\/06\/openstreetmap.png 900w\" sizes=\"auto, (max-width: 1200px) 100vw, 1200px\" \/><\/a><\/figure>\n<\/div>\n\n\n\n<div class=\"wp-block-column is-layout-flow wp-block-column-is-layout-flow\">\n<figure class=\"wp-block-image size-large is-resized\"><a href=\"https:\/\/vcamp.dk\/c9\/gm\" target=\"_blank\" rel=\" noreferrer noopener\"><img loading=\"lazy\" decoding=\"async\" width=\"1200\" height=\"324\" src=\"https:\/\/vammencamping.dk\/wp-content\/uploads\/2025\/06\/google_maps-1200x324.png\" alt=\"\" class=\"wp-image-9364\" style=\"width:242px;height:auto\" srcset=\"https:\/\/vammencamping.dk\/wp-content\/uploads\/2025\/06\/google_maps-1200x324.png 1200w, https:\/\/vammencamping.dk\/wp-content\/uploads\/2025\/06\/google_maps-744x201.png 744w, https:\/\/vammencamping.dk\/wp-content\/uploads\/2025\/06\/google_maps-420x113.png 420w, https:\/\/vammencamping.dk\/wp-content\/uploads\/2025\/06\/google_maps-768x207.png 768w, https:\/\/vammencamping.dk\/wp-content\/uploads\/2025\/06\/google_maps.png 2048w\" sizes=\"auto, (max-width: 1200px) 100vw, 1200px\" \/><\/a><\/figure>\n<\/div>\n\n\n\n<div class=\"wp-block-column is-layout-flow wp-block-column-is-layout-flow\">\n<figure class=\"wp-block-image size-large is-resized\"><a href=\"https:\/\/vcamp.dk\/c9\/bm\" target=\"_blank\" rel=\" noreferrer noopener\"><img loading=\"lazy\" decoding=\"async\" width=\"1200\" height=\"295\" src=\"https:\/\/vammencamping.dk\/wp-content\/uploads\/2025\/06\/bikemap-1200x295.png\" alt=\"\" class=\"wp-image-9440\" style=\"width:242px\" srcset=\"https:\/\/vammencamping.dk\/wp-content\/uploads\/2025\/06\/bikemap-1200x295.png 1200w, https:\/\/vammencamping.dk\/wp-content\/uploads\/2025\/06\/bikemap-744x183.png 744w, https:\/\/vammencamping.dk\/wp-content\/uploads\/2025\/06\/bikemap-420x103.png 420w, https:\/\/vammencamping.dk\/wp-content\/uploads\/2025\/06\/bikemap-768x189.png 768w, https:\/\/vammencamping.dk\/wp-content\/uploads\/2025\/06\/bikemap.png 642w\" sizes=\"auto, (max-width: 1200px) 100vw, 1200px\" \/><\/a><\/figure>\n<\/div>\n\n\n\n<div class=\"wp-block-column is-layout-flow wp-block-column-is-layout-flow\">\n<figure class=\"wp-block-image size-large is-resized\"><a href=\"https:\/\/vcamp.dk\/c9\/km\" target=\"_blank\" rel=\" noreferrer noopener\"><img loading=\"lazy\" decoding=\"async\" width=\"1200\" height=\"362\" src=\"https:\/\/vammencamping.dk\/wp-content\/uploads\/2025\/06\/komoot-1200x362.png\" alt=\"\" class=\"wp-image-9368\" style=\"width:241px;height:auto\" srcset=\"https:\/\/vammencamping.dk\/wp-content\/uploads\/2025\/06\/komoot-1200x362.png 1200w, https:\/\/vammencamping.dk\/wp-content\/uploads\/2025\/06\/komoot-744x224.png 744w, https:\/\/vammencamping.dk\/wp-content\/uploads\/2025\/06\/komoot-420x126.png 420w, https:\/\/vammencamping.dk\/wp-content\/uploads\/2025\/06\/komoot-768x231.png 768w, https:\/\/vammencamping.dk\/wp-content\/uploads\/2025\/06\/komoot.png 716w\" sizes=\"auto, (max-width: 1200px) 100vw, 1200px\" \/><\/a><\/figure>\n<\/div>\n<\/div>\n\n<p class=\"has-text-align-left\">Length: <strong>41 km<\/strong><\/p>\n\n<p class=\"has-text-align-left\">This bike tour takes you through S\u00f8nderhede Plantation and along the scenic N\u00f8rre\u00e5 Valley. Enjoy historic stops like Tjele Manor and breathtaking views throughout. <\/p>\n\n<iframe loading=\"lazy\" width=\"100%\" height=\"500px\" frameborder=\"0\" allowfullscreen=\"\" allow=\"geolocation\" src=\"\/\/umap.openstreetmap.fr\/da\/map\/vammen-camping-bicycle-route-9-vejlebk-nrrea_1240077?scaleControl=false&#038;miniMap=false&#038;scrollWheelZoom=false&#038;zoomControl=true&#038;editMode=disabled&#038;moreControl=true&#038;searchControl=null&#038;tilelayersControl=null&#038;embedControl=null&#038;datalayersControl=true&#038;onLoadPanel=none&#038;captionBar=false&#038;captionMenus=true\"><\/iframe><p><a href=\"\/\/umap.openstreetmap.fr\/da\/map\/vammen-camping-bicycle-route-9-vejlebk-nrrea_1240077?scaleControl=false&#038;miniMap=false&#038;scrollWheelZoom=true&#038;zoomControl=true&#038;editMode=disabled&#038;moreControl=true&#038;searchControl=null&#038;tilelayersControl=null&#038;embedControl=null&#038;datalayersControl=true&#038;onLoadPanel=none&#038;captionBar=false&#038;captionMenus=true\">View in full screen<\/a><\/p>\n\n<p>Start from the campsite and in Vammen turn left toward Viborg on the paved road. At the junction by the grocery store, turn left onto Tjele M\u00f8llevej. Keep left and cross Tjele River, continuing past the Vester Tjele farm. At the T-junction at Tjele Manor (Denmark&#8217;s oldest manor house), turn left on 517 towards Hobro, and after 200 meters turn right on Tjelevej at the sign post &#8220;\u00d8rum 4&#8221;. After 100 meters, turn left (opposite the barn) onto Tjele Skovvej (gravel road).    <\/p>\n\n<p>Ride across the large fields of Tjele Manor and into S\u00f8nderhede Plantation. At the forest junction, go straight to continue on Tjele Skovvej. After the forest, a paved road begins \u2013 turn right at the small T-junction by the transformer and then immediately left onto the paved bike path on the former railway line \u2013 heading east toward Hammersh\u00f8j.  <\/p>\n\n<p>Continue straight until the bike path ends in Hammersh\u00f8j at Vorningvej. Turn right at the &#8220;Vestervang&#8221; farm southward to route 16. At the roundabout, turn left onto road 16 toward Randers. After about 600 meters, turn right at the pharmacy onto Stadionvej. Follow the road past the stadium and continue along the Vejleb\u00e6k stream. Cross the main road Tindb\u00e6kvej and continue driving along Langdyssevej toward \u00c5rup.    <\/p>\n\n<p>In \u00c5rup, at the junction with the rhubarb bed, turn left at the sign post &#8220;Kvorning M\u00f8lle 3&#8221;, continuing on Langdyssevej. Follow the paved road right around the farm and ride along the N\u00f8rre\u00e5 Valley with steep slopes on your right. At the junction, continue straight on Kvorning M\u00f8llevej toward Kvorning M\u00f8lle. The paved road ends at Kvorning M\u00f8lleg\u00e5rd \u2013 turn right, and shortly after you\u2019ll see the mill lake on the right.   <\/p>\n\n<p>Turn left and follow the fence with deer \u2013 enjoy the unique view over the valley. At the T-junction, turn left and immediately right (the left road ends in the meadow). Pass a farm and a wooden house. The gravel road becomes paved in Hulb\u00e6k. Turn right here \u2013 follow the paved road.     <\/p>\n\n<p>Where the road forks, turn left and follow the road to main road 16. <br\/>Cycle straight ahead &#8211; across the main road and to the paved disused railway line \u2018S2\u2019. Turn left and follow this cycle path to Tjelevej. Cross \u00d8stergade and Vingevej and pass \u00d8rum School. At Tjelevej, turn right and continue straight through S\u00f8nderhede Plantage. At the T-junction at Tjele Gods, turn left onto 517 and after approx. 200 metres keep right onto Tjele M\u00f8llevej towards the sign post \u2018Vammen 4\u2019. In Vammen, turn right at the junction by the grocery store. Drive to the campsite along Langs\u00f8vej or Bygmarksvej      <\/p>\n\n<p>The trip can be shortened by approx. 11 km by driving by car and parking at Tjele Church.<\/p>\n","protected":false},"excerpt":{"rendered":"<p>Length: 41 km This bike tour takes you through S\u00f8nderhede Plantation and along the scenic N\u00f8rre\u00e5 Valley. Enjoy historic stops like Tjele Manor and breathtaking views throughout. View in full screen Start from the campsite and in Vammen turn left toward Viborg on the paved road. At the junction by the grocery store, turn left &#8230; <a class=\"read-more\" href=\"https:\/\/vammencamping.dk\/en\/bicycle-route-9-vejlebaek-noerreaa-valley\/\">Read more&#8230;<\/a><\/p>\n","protected":false},"author":7,"featured_media":0,"parent":0,"menu_order":0,"comment_status":"closed","ping_status":"closed","template":"","meta":{"footnotes":""},"class_list":["post-9741","page","type-page","status-publish"],"featured_image_src":null,"_links":{"self":[{"href":"https:\/\/vammencamping.dk\/en\/wp-json\/wp\/v2\/pages\/9741","targetHints":{"allow":["GET"]}}],"collection":[{"href":"https:\/\/vammencamping.dk\/en\/wp-json\/wp\/v2\/pages"}],"about":[{"href":"https:\/\/vammencamping.dk\/en\/wp-json\/wp\/v2\/types\/page"}],"author":[{"embeddable":true,"href":"https:\/\/vammencamping.dk\/en\/wp-json\/wp\/v2\/users\/7"}],"replies":[{"embeddable":true,"href":"https:\/\/vammencamping.dk\/en\/wp-json\/wp\/v2\/comments?post=9741"}],"version-history":[{"count":3,"href":"https:\/\/vammencamping.dk\/en\/wp-json\/wp\/v2\/pages\/9741\/revisions"}],"predecessor-version":[{"id":9744,"href":"https:\/\/vammencamping.dk\/en\/wp-json\/wp\/v2\/pages\/9741\/revisions\/9744"}],"wp:attachment":[{"href":"https:\/\/vammencamping.dk\/en\/wp-json\/wp\/v2\/media?parent=9741"}],"curies":[{"name":"wp","href":"https:\/\/api.w.org\/{rel}","templated":true}]}}