{"id":9737,"date":"2025-07-03T11:40:16","date_gmt":"2025-07-03T10:40:16","guid":{"rendered":"https:\/\/vammencamping.dk\/bicycle-route-8-fussingoe\/"},"modified":"2025-07-03T11:40:18","modified_gmt":"2025-07-03T10:40:18","slug":"bicycle-route-8-fussingoe","status":"publish","type":"page","link":"https:\/\/vammencamping.dk\/en\/bicycle-route-8-fussingoe\/","title":{"rendered":"Bicycle route 8 &#8211; Fussing\u00f8"},"content":{"rendered":"\n<div class=\"wp-block-columns is-layout-flex wp-container-core-columns-is-layout-9d6595d7 wp-block-columns-is-layout-flex\">\n<div class=\"wp-block-column is-layout-flow wp-block-column-is-layout-flow\">\n<figure class=\"wp-block-image size-large is-resized\"><a href=\"https:\/\/vcamp.dk\/c8\/osm\" target=\"_blank\" rel=\" noreferrer noopener\"><img loading=\"lazy\" decoding=\"async\" width=\"1200\" height=\"400\" src=\"https:\/\/vammencamping.dk\/wp-content\/uploads\/2025\/06\/openstreetmap-1200x400.png\" alt=\"\" class=\"wp-image-9358\" style=\"width:264px;height:auto\" srcset=\"https:\/\/vammencamping.dk\/wp-content\/uploads\/2025\/06\/openstreetmap-1200x400.png 1200w, https:\/\/vammencamping.dk\/wp-content\/uploads\/2025\/06\/openstreetmap-744x248.png 744w, https:\/\/vammencamping.dk\/wp-content\/uploads\/2025\/06\/openstreetmap-420x140.png 420w, https:\/\/vammencamping.dk\/wp-content\/uploads\/2025\/06\/openstreetmap-768x256.png 768w, https:\/\/vammencamping.dk\/wp-content\/uploads\/2025\/06\/openstreetmap.png 900w\" sizes=\"auto, (max-width: 1200px) 100vw, 1200px\" \/><\/a><\/figure>\n<\/div>\n\n\n\n<div class=\"wp-block-column is-layout-flow wp-block-column-is-layout-flow\">\n<figure class=\"wp-block-image size-large is-resized\"><a href=\"https:\/\/vcamp.dk\/c8\/gm\" target=\"_blank\" rel=\" noreferrer noopener\"><img loading=\"lazy\" decoding=\"async\" width=\"1200\" height=\"324\" src=\"https:\/\/vammencamping.dk\/wp-content\/uploads\/2025\/06\/google_maps-1200x324.png\" alt=\"\" class=\"wp-image-9364\" style=\"width:242px;height:auto\" srcset=\"https:\/\/vammencamping.dk\/wp-content\/uploads\/2025\/06\/google_maps-1200x324.png 1200w, https:\/\/vammencamping.dk\/wp-content\/uploads\/2025\/06\/google_maps-744x201.png 744w, https:\/\/vammencamping.dk\/wp-content\/uploads\/2025\/06\/google_maps-420x113.png 420w, https:\/\/vammencamping.dk\/wp-content\/uploads\/2025\/06\/google_maps-768x207.png 768w, https:\/\/vammencamping.dk\/wp-content\/uploads\/2025\/06\/google_maps.png 2048w\" sizes=\"auto, (max-width: 1200px) 100vw, 1200px\" \/><\/a><\/figure>\n<\/div>\n\n\n\n<div class=\"wp-block-column is-layout-flow wp-block-column-is-layout-flow\">\n<figure class=\"wp-block-image size-large is-resized\"><a href=\"https:\/\/vcamp.dk\/c8\/bm\" target=\"_blank\" rel=\" noreferrer noopener\"><img loading=\"lazy\" decoding=\"async\" width=\"1200\" height=\"295\" src=\"https:\/\/vammencamping.dk\/wp-content\/uploads\/2025\/06\/bikemap-1200x295.png\" alt=\"\" class=\"wp-image-9440\" style=\"width:242px\" srcset=\"https:\/\/vammencamping.dk\/wp-content\/uploads\/2025\/06\/bikemap-1200x295.png 1200w, https:\/\/vammencamping.dk\/wp-content\/uploads\/2025\/06\/bikemap-744x183.png 744w, https:\/\/vammencamping.dk\/wp-content\/uploads\/2025\/06\/bikemap-420x103.png 420w, https:\/\/vammencamping.dk\/wp-content\/uploads\/2025\/06\/bikemap-768x189.png 768w, https:\/\/vammencamping.dk\/wp-content\/uploads\/2025\/06\/bikemap.png 642w\" sizes=\"auto, (max-width: 1200px) 100vw, 1200px\" \/><\/a><\/figure>\n<\/div>\n\n\n\n<div class=\"wp-block-column is-layout-flow wp-block-column-is-layout-flow\">\n<figure class=\"wp-block-image size-large is-resized\"><a href=\"https:\/\/vcamp.dk\/c8\/km\" target=\"_blank\" rel=\" noreferrer noopener\"><img loading=\"lazy\" decoding=\"async\" width=\"1200\" height=\"362\" src=\"https:\/\/vammencamping.dk\/wp-content\/uploads\/2025\/06\/komoot-1200x362.png\" alt=\"\" class=\"wp-image-9368\" style=\"width:241px;height:auto\" srcset=\"https:\/\/vammencamping.dk\/wp-content\/uploads\/2025\/06\/komoot-1200x362.png 1200w, https:\/\/vammencamping.dk\/wp-content\/uploads\/2025\/06\/komoot-744x224.png 744w, https:\/\/vammencamping.dk\/wp-content\/uploads\/2025\/06\/komoot-420x126.png 420w, https:\/\/vammencamping.dk\/wp-content\/uploads\/2025\/06\/komoot-768x231.png 768w, https:\/\/vammencamping.dk\/wp-content\/uploads\/2025\/06\/komoot.png 716w\" sizes=\"auto, (max-width: 1200px) 100vw, 1200px\" \/><\/a><\/figure>\n<\/div>\n<\/div>\n\n<p class=\"has-text-align-left\">Length: <strong>27 km<\/strong><\/p>\n\n<p class=\"has-text-align-left\">Enjoy a scenic bike ride through heather hills and forest to Fussing\u00f8 Castle and lake. This route offers nature, culture, and views over the N\u00f8rre River Valley. <\/p>\n\n<iframe loading=\"lazy\" width=\"100%\" height=\"500px\" frameborder=\"0\" allowfullscreen=\"\" allow=\"geolocation\" src=\"\/\/umap.openstreetmap.fr\/da\/map\/vammen-camping-bicycle-route-8-fussing_1240070?scaleControl=false&#038;miniMap=false&#038;scrollWheelZoom=false&#038;zoomControl=true&#038;editMode=disabled&#038;moreControl=true&#038;searchControl=null&#038;tilelayersControl=null&#038;embedControl=null&#038;datalayersControl=true&#038;onLoadPanel=none&#038;captionBar=false&#038;captionMenus=true\"><\/iframe><p><a href=\"\/\/umap.openstreetmap.fr\/da\/map\/vammen-camping-bicycle-route-8-fussing_1240070?scaleControl=false&#038;miniMap=false&#038;scrollWheelZoom=true&#038;zoomControl=true&#038;editMode=disabled&#038;moreControl=true&#038;searchControl=null&#038;tilelayersControl=null&#038;embedControl=null&#038;datalayersControl=true&#038;onLoadPanel=none&#038;captionBar=false&#038;captionMenus=true\">View in full screen<\/a><\/p>\n\n<p>Start in Hammersh\u00f8j \u2013 either in connection with bicycle route No. 10 or by parking at Hammersh\u00f8j School and the outdoor swimming pool (Friluftsbadet). Ride to the main road junction and turn left onto road 16 toward Randers. After approx. 600 m, turn right at the pharmacy onto Stadionvej. Follow the asphalt road past the stadium and continue along the Vejleb\u00e6k valley until just before the main road \u2013 turn left here across the bog, sign post &#8220;Tindb\u00e6k 3&#8221;. Clay is still extracted here, and Hammersh\u00f8j Brickworks produces bricks for the entire country \u2013 including for the campsite. Cross Vejleb\u00e6k.       <\/p>\n\n<p>At the junction, turn left onto Tindb\u00e6k F\u00e6lled, past a side road to the right, then turn left onto H\u00f8jmarken into the forest. Turn left onto Rosenbakken, sign post &#8220;L\u00e6sten 2&#8221;. Cross Vejleb\u00e6k again and pass through a farmyard. The road winds steeply up through the beautiful, heather-covered L\u00e6sten Hills.    <\/p>\n\n<p>In L\u00e6sten, keep right at the grocery store (Brugsen), past the church and turn right again onto Engtoften. Descend a winding and steep road through L\u00e6sten Hills. Keep right onto Vasevej and cross the Vejleb\u00e6k twice, as it is divided here.  <\/p>\n\n<p>Continue straight. After about 1 km, farm no. 17 is on the right and a transformer on the left. Turn left here onto Troldeskovvej (sandy road). Follow the road through the forest to the parking area at Fussing\u00f8. <\/p>\n\n<p>At the parking area, you&#8217;ll find a map of the area (also in the campsite binder). On the left is Fussing Watermill, and nearby Fussing\u00f8 Castle (state-owned), Fussing Lake, and several protected plantings. There are marked hiking trails. At the sawmill, turn right at the T-junction toward the sign post &#8220;Alum 3&#8221; on Fussing\u00f8vej. Swimming in the lake is not recommended due to very steep slopes. From the parking area in the bend, there is a trail to the Fussing\u00f8 ruin.     <\/p>\n\n<p>Continue through S\u00f8nderskov. At the edge of the forest stands a row of very old oak and beech trees \u2013 here, turn right onto Fussing\u00f8vej toward the sign post &#8220;Alum 2&#8221;. After about 300 m, turn right again along the forest edge onto Nr. Alumvej toward the sign post &#8220;Svinding 3&#8221;. Continue straight toward Svinding. The first house on the right \u2013 the old school \u2013 is home to a potter who fires using a wood-burning kiln.     <\/p>\n\n<p>In Svinding, turn right onto H\u00f8vejen. Follow the asphalt road down through the forest and turn right at the T-junction. Continue along the forest with a beautiful view of the broad N\u00f8rre River Valley. On the left is Skjern Church, with a large runestone by the porch and a historic sundial above the door. There is a beautiful view of the valley from the churchyard.     <\/p>\n\n<p>Keep right toward the sign post &#8220;Tindb\u00e6k Hammersh\u00f8j 5&#8221; (road 575). Two return options: <\/p>\n\n<p>1) Continue straight past Tindb\u00e6k and the brickworks back to road 16 \u2013 the starting point.<br\/>2) Turn right onto Tindb\u00e6k Byvej, continue straight until N\u00f8ragervej forks right. Follow this over the Vejleb\u00e6k, then turn left at the T-junction and immediately right toward Hammersh\u00f8j and road 16 \u2013 the starting point.  <\/p>\n","protected":false},"excerpt":{"rendered":"<p>Length: 27 km Enjoy a scenic bike ride through heather hills and forest to Fussing\u00f8 Castle and lake. This route offers nature, culture, and views over the N\u00f8rre River Valley. View in full screen Start in Hammersh\u00f8j \u2013 either in connection with bicycle route No. 10 or by parking at Hammersh\u00f8j School and the outdoor &#8230; <a class=\"read-more\" href=\"https:\/\/vammencamping.dk\/en\/bicycle-route-8-fussingoe\/\">Read more&#8230;<\/a><\/p>\n","protected":false},"author":7,"featured_media":0,"parent":0,"menu_order":0,"comment_status":"closed","ping_status":"closed","template":"","meta":{"footnotes":""},"class_list":["post-9737","page","type-page","status-publish"],"featured_image_src":null,"_links":{"self":[{"href":"https:\/\/vammencamping.dk\/en\/wp-json\/wp\/v2\/pages\/9737","targetHints":{"allow":["GET"]}}],"collection":[{"href":"https:\/\/vammencamping.dk\/en\/wp-json\/wp\/v2\/pages"}],"about":[{"href":"https:\/\/vammencamping.dk\/en\/wp-json\/wp\/v2\/types\/page"}],"author":[{"embeddable":true,"href":"https:\/\/vammencamping.dk\/en\/wp-json\/wp\/v2\/users\/7"}],"replies":[{"embeddable":true,"href":"https:\/\/vammencamping.dk\/en\/wp-json\/wp\/v2\/comments?post=9737"}],"version-history":[{"count":1,"href":"https:\/\/vammencamping.dk\/en\/wp-json\/wp\/v2\/pages\/9737\/revisions"}],"predecessor-version":[{"id":9738,"href":"https:\/\/vammencamping.dk\/en\/wp-json\/wp\/v2\/pages\/9737\/revisions\/9738"}],"wp:attachment":[{"href":"https:\/\/vammencamping.dk\/en\/wp-json\/wp\/v2\/media?parent=9737"}],"curies":[{"name":"wp","href":"https:\/\/api.w.org\/{rel}","templated":true}]}}