{"id":9733,"date":"2025-07-03T11:30:43","date_gmt":"2025-07-03T10:30:43","guid":{"rendered":"https:\/\/vammencamping.dk\/biycle-route-7-the-vintage-railway\/"},"modified":"2025-07-03T11:30:45","modified_gmt":"2025-07-03T10:30:45","slug":"biycle-route-7-the-vintage-railway","status":"publish","type":"page","link":"https:\/\/vammencamping.dk\/en\/biycle-route-7-the-vintage-railway\/","title":{"rendered":"Biycle route 7 &#8211; The Vintage Railway"},"content":{"rendered":"\n<div class=\"wp-block-columns is-layout-flex wp-container-core-columns-is-layout-9d6595d7 wp-block-columns-is-layout-flex\">\n<div class=\"wp-block-column is-layout-flow wp-block-column-is-layout-flow\">\n<figure class=\"wp-block-image size-large is-resized\"><a href=\"https:\/\/vcamp.dk\/c7\/osm\" target=\"_blank\" rel=\" noreferrer noopener\"><img loading=\"lazy\" decoding=\"async\" width=\"1200\" height=\"400\" src=\"https:\/\/vammencamping.dk\/wp-content\/uploads\/2025\/06\/openstreetmap-1200x400.png\" alt=\"\" class=\"wp-image-9358\" style=\"width:264px;height:auto\" srcset=\"https:\/\/vammencamping.dk\/wp-content\/uploads\/2025\/06\/openstreetmap-1200x400.png 1200w, https:\/\/vammencamping.dk\/wp-content\/uploads\/2025\/06\/openstreetmap-744x248.png 744w, https:\/\/vammencamping.dk\/wp-content\/uploads\/2025\/06\/openstreetmap-420x140.png 420w, https:\/\/vammencamping.dk\/wp-content\/uploads\/2025\/06\/openstreetmap-768x256.png 768w, https:\/\/vammencamping.dk\/wp-content\/uploads\/2025\/06\/openstreetmap.png 900w\" sizes=\"auto, (max-width: 1200px) 100vw, 1200px\" \/><\/a><\/figure>\n<\/div>\n\n\n\n<div class=\"wp-block-column is-layout-flow wp-block-column-is-layout-flow\">\n<figure class=\"wp-block-image size-large is-resized\"><a href=\"https:\/\/vcamp.dk\/c7\/gm\" target=\"_blank\" rel=\" noreferrer noopener\"><img loading=\"lazy\" decoding=\"async\" width=\"1200\" height=\"324\" src=\"https:\/\/vammencamping.dk\/wp-content\/uploads\/2025\/06\/google_maps-1200x324.png\" alt=\"\" class=\"wp-image-9364\" style=\"width:242px;height:auto\" srcset=\"https:\/\/vammencamping.dk\/wp-content\/uploads\/2025\/06\/google_maps-1200x324.png 1200w, https:\/\/vammencamping.dk\/wp-content\/uploads\/2025\/06\/google_maps-744x201.png 744w, https:\/\/vammencamping.dk\/wp-content\/uploads\/2025\/06\/google_maps-420x113.png 420w, https:\/\/vammencamping.dk\/wp-content\/uploads\/2025\/06\/google_maps-768x207.png 768w, https:\/\/vammencamping.dk\/wp-content\/uploads\/2025\/06\/google_maps.png 2048w\" sizes=\"auto, (max-width: 1200px) 100vw, 1200px\" \/><\/a><\/figure>\n<\/div>\n\n\n\n<div class=\"wp-block-column is-layout-flow wp-block-column-is-layout-flow\">\n<figure class=\"wp-block-image size-large is-resized\"><a href=\"https:\/\/vcamp.dk\/c7\/bm\" target=\"_blank\" rel=\" noreferrer noopener\"><img loading=\"lazy\" decoding=\"async\" width=\"1200\" height=\"295\" src=\"https:\/\/vammencamping.dk\/wp-content\/uploads\/2025\/06\/bikemap-1200x295.png\" alt=\"\" class=\"wp-image-9440\" style=\"width:242px\" srcset=\"https:\/\/vammencamping.dk\/wp-content\/uploads\/2025\/06\/bikemap-1200x295.png 1200w, https:\/\/vammencamping.dk\/wp-content\/uploads\/2025\/06\/bikemap-744x183.png 744w, https:\/\/vammencamping.dk\/wp-content\/uploads\/2025\/06\/bikemap-420x103.png 420w, https:\/\/vammencamping.dk\/wp-content\/uploads\/2025\/06\/bikemap-768x189.png 768w, https:\/\/vammencamping.dk\/wp-content\/uploads\/2025\/06\/bikemap.png 642w\" sizes=\"auto, (max-width: 1200px) 100vw, 1200px\" \/><\/a><\/figure>\n<\/div>\n\n\n\n<div class=\"wp-block-column is-layout-flow wp-block-column-is-layout-flow\">\n<figure class=\"wp-block-image size-large is-resized\"><a href=\"https:\/\/vcamp.dk\/c7\/km\" target=\"_blank\" rel=\" noreferrer noopener\"><img loading=\"lazy\" decoding=\"async\" width=\"1200\" height=\"362\" src=\"https:\/\/vammencamping.dk\/wp-content\/uploads\/2025\/06\/komoot-1200x362.png\" alt=\"\" class=\"wp-image-9368\" style=\"width:241px;height:auto\" srcset=\"https:\/\/vammencamping.dk\/wp-content\/uploads\/2025\/06\/komoot-1200x362.png 1200w, https:\/\/vammencamping.dk\/wp-content\/uploads\/2025\/06\/komoot-744x224.png 744w, https:\/\/vammencamping.dk\/wp-content\/uploads\/2025\/06\/komoot-420x126.png 420w, https:\/\/vammencamping.dk\/wp-content\/uploads\/2025\/06\/komoot-768x231.png 768w, https:\/\/vammencamping.dk\/wp-content\/uploads\/2025\/06\/komoot.png 716w\" sizes=\"auto, (max-width: 1200px) 100vw, 1200px\" \/><\/a><\/figure>\n<\/div>\n<\/div>\n\n<p class=\"has-text-align-left\">Length: <strong>46 km<\/strong><\/p>\n\n<p class=\"has-text-align-left\">Discover nature and nostalgia on this scenic bike ride to the vintage railway&#8217;s terminus in Handest. Ride through oak woods, across bridges, and along railway tracks. <\/p>\n\n<iframe loading=\"lazy\" width=\"100%\" height=\"500px\" frameborder=\"0\" allowfullscreen=\"\" allow=\"geolocation\" src=\"\/\/umap.openstreetmap.fr\/da\/map\/vammen-camping-bicycle-route-7-vintage-railroad_1240069?scaleControl=false&#038;miniMap=false&#038;scrollWheelZoom=false&#038;zoomControl=true&#038;editMode=disabled&#038;moreControl=true&#038;searchControl=null&#038;tilelayersControl=null&#038;embedControl=null&#038;datalayersControl=true&#038;onLoadPanel=none&#038;captionBar=false&#038;captionMenus=true\"><\/iframe><p><a href=\"\/\/umap.openstreetmap.fr\/da\/map\/vammen-camping-bicycle-route-7-vintage-railroad_1240069?scaleControl=false&#038;miniMap=false&#038;scrollWheelZoom=true&#038;zoomControl=true&#038;editMode=disabled&#038;moreControl=true&#038;searchControl=null&#038;tilelayersControl=null&#038;embedControl=null&#038;datalayersControl=true&#038;onLoadPanel=none&#038;captionBar=false&#038;captionMenus=true\">View in full screen<\/a><\/p>\n\n<p>Start at the campsite and ride to the paved road in Vammen. Turn right and follow the road to Lindum. In Lindum, turn right after the church at the sign post &#8220;Hobro 13&#8221;. At the T-junction, turn left toward the sign post &#8220;Hobro 12&#8221;. After approx. 200 meters, turn right at the sign post &#8220;Hammersh\u00f8j 7&#8221;. On the left, you will pass Sj\u00f8rring K\u00e6r \u2013 cross the Tjele River and shortly after, turn left onto Skovagervej toward the sign post &#8220;N\u00f8rb\u00e6k 6&#8221;.     <\/p>\n\n<p>Follow the road past the protected Hvidding Krat (oak forest with rare butterflies) on your right and Vesterk\u00e6ret on your left. Continue to N\u00f8rb\u00e6k. Just before N\u00f8rb\u00e6k turn left onto the first side road \u2013 Handestvej. The paved road ends and continues as a gravel road across the meadows and over the Skals River (N\u00f8rb\u00e6k Bridge). It turns back as an asphalt road again, which you follow to the right over the railway bridge on Vesterlandsvej. Keep right and turn right at the main road 180\/16. After approx. 40 metres, at the railway crossing, you will find the terminus of the veteran train Handest &#8211; Mariager (see special brochure in the kiosk at the campsite).       <\/p>\n\n<p>Return \u2013 you can choose between two routes:<\/p>\n\n<p>** Option 1 (bike only): ** <br\/>From 180\/16, turn left onto Vesterlandsvej. Drive straight after N\u00f8rb\u00e6k over the railway, then turn right onto Gr\u00e5k\u00e6rvej towards the sign &#8220;Gr\u00e5hus 3&#8221;. Ride along the railway. Turn right onto a gravel road at farm no. 6 \u2013 Handest Vesterg\u00e5rd. Ride left around the farm and continue on the field track (note: the owner explicitly asks that you do not stop at the forest). At the railway, turn left onto the gravel road along the tracks to Onsild Stationsby. Turn left onto the paved road. After approx. 3 km, turn right at the sign Vammen 10. Follow the signs to Vammen and turn left along Bygmarksvej towards the campsite.        <\/p>\n\n<p>** Option 2 (also by car): ** <br\/>Turn right onto main road 180\/16 for approx. 3 km. Turn left onto Kongsvadvej toward the sign post &#8220;S\u00f8nder Onsild 3&#8221;. Glenstrup Lake and a very high cliff are visible on the right. At the crossroads, turn right at the sign post &#8220;Sdr. Onsild 3&#8221;. Cross the stream, keep left onto the paved road and either turn right at the sign post &#8220;Sdr. Onsild 3&#8221; (easy road) or left at the sign post &#8220;Ulstrup 2&#8221;, passing the fish ponds. In all road forks, follow the paved road to S\u00f8nder Onsild (steep hill). In S\u00f8nder Onsild, turn left on road no. 517 <br\/>towards Sdr. Onsild Stationsby 1. After approx. 3 km. turn right after Vammen 10. Follow the signs to Vammen and turn left onto Bygmarksvej to the campsite.        <\/p>\n","protected":false},"excerpt":{"rendered":"<p>Length: 46 km Discover nature and nostalgia on this scenic bike ride to the vintage railway&#8217;s terminus in Handest. Ride through oak woods, across bridges, and along railway tracks. View in full screen Start at the campsite and ride to the paved road in Vammen. Turn right and follow the road to Lindum. In Lindum, &#8230; <a class=\"read-more\" href=\"https:\/\/vammencamping.dk\/en\/biycle-route-7-the-vintage-railway\/\">Read more&#8230;<\/a><\/p>\n","protected":false},"author":7,"featured_media":0,"parent":0,"menu_order":0,"comment_status":"closed","ping_status":"closed","template":"","meta":{"footnotes":""},"class_list":["post-9733","page","type-page","status-publish"],"featured_image_src":null,"_links":{"self":[{"href":"https:\/\/vammencamping.dk\/en\/wp-json\/wp\/v2\/pages\/9733","targetHints":{"allow":["GET"]}}],"collection":[{"href":"https:\/\/vammencamping.dk\/en\/wp-json\/wp\/v2\/pages"}],"about":[{"href":"https:\/\/vammencamping.dk\/en\/wp-json\/wp\/v2\/types\/page"}],"author":[{"embeddable":true,"href":"https:\/\/vammencamping.dk\/en\/wp-json\/wp\/v2\/users\/7"}],"replies":[{"embeddable":true,"href":"https:\/\/vammencamping.dk\/en\/wp-json\/wp\/v2\/comments?post=9733"}],"version-history":[{"count":1,"href":"https:\/\/vammencamping.dk\/en\/wp-json\/wp\/v2\/pages\/9733\/revisions"}],"predecessor-version":[{"id":9734,"href":"https:\/\/vammencamping.dk\/en\/wp-json\/wp\/v2\/pages\/9733\/revisions\/9734"}],"wp:attachment":[{"href":"https:\/\/vammencamping.dk\/en\/wp-json\/wp\/v2\/media?parent=9733"}],"curies":[{"name":"wp","href":"https:\/\/api.w.org\/{rel}","templated":true}]}}