{"id":95,"date":"2015-01-17T10:36:46","date_gmt":"2015-01-17T09:36:46","guid":{"rendered":"http:\/\/vammen.sman.dk\/?page_id=95"},"modified":"2019-03-02T14:43:29","modified_gmt":"2019-03-02T13:43:29","slug":"activities","status":"publish","type":"page","link":"https:\/\/vammencamping.dk\/en\/activities\/","title":{"rendered":"Activities"},"content":{"rendered":"<div id=\"metaslider-id-975\" style=\"width: 100%;\" class=\"ml-slider-3-107-0 metaslider metaslider-flex metaslider-975 ml-slider has-dots-nav ms-theme-default\" role=\"region\" aria-label=\"Activities\" data-height=\"500\" data-width=\"1040\">\n    <div id=\"metaslider_container_975\">\n        <div id=\"metaslider_975\">\n            <ul class='slides'>\n                <li style=\"display: block; width: 100%;\" class=\"slide-965 ms-image \" aria-roledescription=\"slide\" data-date=\"2015-01-27 23:28:10\" data-filename=\"kapow2-1040x500.jpg\" data-slide-type=\"image\"><img loading=\"lazy\" decoding=\"async\" src=\"https:\/\/vammencamping.dk\/wp-content\/uploads\/2015\/01\/kapow2-1040x500.jpg\" height=\"500\" width=\"1040\" alt=\"[:da] Hele familien spiller Kapow - et sjovt familiespil med stor underholdningsv\u00e6rdi [:en] The whole family is playing Kapow - a fun family game wich is very entertaining [:de] Die ganze Familie spielt Kapow - ein lustiges Familienspiel [:nl] De hele familie speelt Kapow - een leuk familiespel[:]\" class=\"slider-975 slide-965 msDefaultImage\" \/><\/li>\n                <li style=\"display: none; width: 100%;\" class=\"slide-979 ms-image \" aria-roledescription=\"slide\" data-date=\"2015-01-27 23:58:54\" data-filename=\"kindermusikabend4_cropped-1040x500.jpg\" data-slide-type=\"image\"><img loading=\"lazy\" decoding=\"async\" src=\"https:\/\/vammencamping.dk\/wp-content\/uploads\/2015\/01\/kindermusikabend4_cropped-1040x500.jpg\" height=\"500\" width=\"1040\" alt=\"[:da] B\u00f8rnemusikaften. B\u00f8rn spiller for de voksne. F\u00e6llessang og sanglege. [:en] Childrens music night. The children are playing for the adults. Common singing and song games [:de] Kindermusikabend. Die Kinder spielen f\u00fcr die Erwachsene. Gemeinsammes singen und Gesangspiele. [:nl] Muziekavond voor de kinderen. Kinderen spelen voor de volwassenen.[:]\" class=\"slider-975 slide-979 msDefaultImage\" \/><\/li>\n                <li style=\"display: none; width: 100%;\" class=\"slide-969 ms-image \" aria-roledescription=\"slide\" data-date=\"2015-01-27 23:29:08\" data-filename=\"vammenkor-1040x500.jpg\" data-slide-type=\"image\"><img loading=\"lazy\" decoding=\"async\" src=\"https:\/\/vammencamping.dk\/wp-content\/uploads\/2015\/01\/vammenkor-1040x500.jpg\" height=\"500\" width=\"1040\" alt=\"[:da] Spontant kor hvor campisterne synger [:en] Sponteneously choir where campers are singing [:de] Spontanes Chor wor die camper singen [:nl] Een spontaan ontstaan koor, waarin campinggasten samen zingen[:]\" class=\"slider-975 slide-969 msDefaultImage\" \/><\/li>\n                <li style=\"display: none; width: 100%;\" class=\"slide-967 ms-image \" aria-roledescription=\"slide\" data-date=\"2015-01-27 23:28:35\" data-filename=\"pizza3-1040x500.jpg\" data-slide-type=\"image\"><img loading=\"lazy\" decoding=\"async\" src=\"https:\/\/vammencamping.dk\/wp-content\/uploads\/2015\/01\/pizza3-1040x500.jpg\" height=\"500\" width=\"1040\" alt=\"[:da] Madlavning: Lav din egen pizza. En aktivitet for hele familien. [:en] Cooking and baking: Do-it-yourself pizza. An activity for the whole family [:de] Essen: Mache deine eigene Pizza. Eine Aktivit\u00e4t f\u00fcr die ganze Familie [:nl] Koken: maak je eigen pizza. Een activiteit voor het hele gezin.[:]\" class=\"slider-975 slide-967 msDefaultImage\" \/><\/li>\n                <li style=\"display: none; width: 100%;\" class=\"slide-982 ms-image \" aria-roledescription=\"slide\" data-date=\"2015-01-28 00:08:17\" data-filename=\"pizza4_cropped-1040x500.jpg\" data-slide-type=\"image\"><img loading=\"lazy\" decoding=\"async\" src=\"https:\/\/vammencamping.dk\/wp-content\/uploads\/2015\/01\/pizza4_cropped-1040x500.jpg\" height=\"500\" width=\"1040\" alt=\"[:da] Hvert familiemedlem laver sin egen unikke pizza [:en] Each member of the family is making her own unique pizza [:de] Jedes Familienmitglied mach seine eigene einzigartige Pizza [:nl] Elk gezinslid mag zelf zijn eigen unieke pizza maken[:]\" class=\"slider-975 slide-982 msDefaultImage\" \/><\/li>\n                <li style=\"display: none; width: 100%;\" class=\"slide-978 ms-image \" aria-roledescription=\"slide\" data-date=\"2015-01-27 23:58:47\" data-filename=\"vammen_sports_challenge_cropped-1040x500.jpg\" data-slide-type=\"image\"><img loading=\"lazy\" decoding=\"async\" src=\"https:\/\/vammencamping.dk\/wp-content\/uploads\/2015\/01\/vammen_sports_challenge_cropped-1040x500.jpg\" height=\"500\" width=\"1040\" alt=\"[:da] Vammen Sports Challenge - en micro-duatlon, hvor vi konkurrerer p\u00e5 en kort l\u00f8bedistance og en sv\u00f8mmetur i s\u00f8en. [:en] Vammen Sports Challenge - a micro duathlon where we are competing on a short running distance and swimming in the lake [:de] Vammen Sport Challenge - ein Micro-duatlon wo wir eine kleine laufedistance haben und eine kurze strecke im See schwimmen [:nl] Vammen Sports Challenge - een micro-duatlon met een kort stukje hardlopen en zwemmen in het meer[:]\" class=\"slider-975 slide-978 msDefaultImage\" \/><\/li>\n                <li style=\"display: none; width: 100%;\" class=\"slide-980 ms-image \" aria-roledescription=\"slide\" data-date=\"2015-01-27 23:58:57\" data-filename=\"cirkus_flamme_cropped-1040x500.jpg\" data-slide-type=\"image\"><img loading=\"lazy\" decoding=\"async\" src=\"https:\/\/vammencamping.dk\/wp-content\/uploads\/2015\/01\/cirkus_flamme_cropped-1040x500.jpg\" height=\"500\" width=\"1040\" alt=\"[:da] Cirkus Flamme. Tryllekunsteren Jens (Troldmanden fra Sams\u00f8) underholder b\u00f8rnene p\u00e5 stranden. Underholdning med sang og musik. [:en] Circus Flame. The maigician Jens (Wizard of Sams\u00f8) entertains children on the beach. Entertainment with music and singing. [:de] Zrikus Flamme. Der zauberer Jens (Der Hexenmeister von Sams\u00f8) unterh\u00e4lt die Kinder am Strand. Unterhaltung mit Gesang und Musik. [:nl] Circus Flame. Goochelaar Jens (De tovenaar van Sams\u00f8) vermaakt de kinderen op het strand. Vermaak met liederen en muziek.[:]\" class=\"slider-975 slide-980 msDefaultImage\" \/><\/li>\n            <\/ul>\n        <\/div>\n        \n    <\/div>\n<\/div>\n<p>At Vammen Camping there is a rich opportunity to relax and enjoy yourself, and a bit more could happen then unspoiled nature and birds singing from the tree tops.<\/p>\n<p>Besides a number of <a title=\"Attractions\" href=\"\/en\/attractions\/\">attractions<\/a> in the area and <a title=\"Facilities\" href=\"\/en\/facilities\/\">facilities<\/a>, such as beach volleyball, ping-pong, swimming in the lake and play grounds etc., we arrange a number of various activities for all ages.<\/p>\n<p>On the bulletin board next to the office, you can see a plan for the activites for the next few days. Most activities are included in the accommodation <a title=\"Prices\" href=\"\/en\/prices\/\">price<\/a> and therefore do not cost extra.<\/p>\n<p>We have a large selection of activites, such as:<\/p>\n<h2>Children<\/h2>\n<p>&nbsp;<\/p>\n<ul>\n<li>Treasure hunt<\/li>\n<li>Singing games<\/li>\n<li>Childrens music evening, where children make music with each other<\/li>\n<li>Bread on a stick<\/li>\n<li>We collect materials in the nature &#8211; playing and creating something fun with what is collected<\/li>\n<li>We create patterns in the nature and create pictures.<\/li>\n<li>Creative playing with paper<\/li>\n<li>Storytelling by the open fireplace<\/li>\n<li>Come and build your own rthym instrument<\/li>\n<\/ul>\n<h2>All ages<\/h2>\n<p>&nbsp;<\/p>\n<ul>\n<li>Olympic games<\/li>\n<li>Beach volley and football tournament<\/li>\n<li>Vammen sports challenge (&#8220;micro duatlon&#8221;)<\/li>\n<li>Tour de terrassen<\/li>\n<li>Raft tour<\/li>\n<li>Guided hike<\/li>\n<li>Choir (also for beginners)<\/li>\n<li>Various hobby activities<\/li>\n<li>Kapow on the sports area<\/li>\n<li>Candle founding &#8211; make your own candle<\/li>\n<li>Make your own soap<\/li>\n<li>Needlework hour by the open fireplace<\/li>\n<li>Learn to crochet a key ring figure\/animal<\/li>\n<li>Tai chi by the beach<\/li>\n<li>Instructions in djembe drum playing<\/li>\n<\/ul>\n<h2>Food<\/h2>\n<p>Some of the courses are prepared by us, as an activity, while others are &#8220;do-it-yourself&#8221;, where children and adults can take part of the cooking process.<\/p>\n<ul>\n<li>Pizza baking &#8211; bring your own ingredients. We prepare the dough in a form and bake it in the big oven<\/li>\n<li>We smoke gold trouts in our own smoking chamber in the open fireplace room<\/li>\n<li>Danish meatball soup<\/li>\n<li>Good meaty sausages in the open fireplace room<\/li>\n<li>Home-baked waffles with ice cream and home-made fruit sauce<\/li>\n<li>Home-made danish apple cake<\/li>\n<li>Make your own viking m\u00fcsli (breakfast)<\/li>\n<li>Pancakes (arranged by the campers themselves, we supply the ingredients)<\/li>\n<li>Learn to make danish speciality &#8220;sm\u00f8rrebr\u00f8d&#8221; (open face sandwich) &#8211; and the rest of the family can eat aftwards<\/li>\n<li>Every morning from half past eight: Home-baked organic bread rolls<\/li>\n<\/ul>\n<p>Ideas for new activities are always welcome!<\/p>\n","protected":false},"excerpt":{"rendered":"<p>At Vammen Camping there is a rich opportunity to relax and enjoy yourself, and a bit more could happen then unspoiled nature and birds singing from the tree tops. Besides a number of attractions in the area and facilities, such as beach volleyball, ping-pong, swimming in the lake and play grounds etc., we arrange a &#8230; <a class=\"read-more\" href=\"https:\/\/vammencamping.dk\/en\/activities\/\">Read more&#8230;<\/a><\/p>\n","protected":false},"author":1,"featured_media":0,"parent":0,"menu_order":0,"comment_status":"closed","ping_status":"closed","template":"","meta":{"footnotes":""},"class_list":["post-95","page","type-page","status-publish"],"featured_image_src":null,"_links":{"self":[{"href":"https:\/\/vammencamping.dk\/en\/wp-json\/wp\/v2\/pages\/95","targetHints":{"allow":["GET"]}}],"collection":[{"href":"https:\/\/vammencamping.dk\/en\/wp-json\/wp\/v2\/pages"}],"about":[{"href":"https:\/\/vammencamping.dk\/en\/wp-json\/wp\/v2\/types\/page"}],"author":[{"embeddable":true,"href":"https:\/\/vammencamping.dk\/en\/wp-json\/wp\/v2\/users\/1"}],"replies":[{"embeddable":true,"href":"https:\/\/vammencamping.dk\/en\/wp-json\/wp\/v2\/comments?post=95"}],"version-history":[{"count":55,"href":"https:\/\/vammencamping.dk\/en\/wp-json\/wp\/v2\/pages\/95\/revisions"}],"predecessor-version":[{"id":3793,"href":"https:\/\/vammencamping.dk\/en\/wp-json\/wp\/v2\/pages\/95\/revisions\/3793"}],"wp:attachment":[{"href":"https:\/\/vammencamping.dk\/en\/wp-json\/wp\/v2\/media?parent=95"}],"curies":[{"name":"wp","href":"https:\/\/api.w.org\/{rel}","templated":true}]}}