{"id":48,"date":"2015-01-11T21:43:29","date_gmt":"2015-01-11T20:43:29","guid":{"rendered":"http:\/\/vammen.sman.dk\/?page_id=48"},"modified":"2025-04-04T22:26:11","modified_gmt":"2025-04-04T21:26:11","slug":"facilities","status":"publish","type":"page","link":"https:\/\/vammencamping.dk\/en\/facilities\/","title":{"rendered":"Facilities"},"content":{"rendered":"<div id=\"metaslider-id-55\" style=\"width: 100%;\" class=\"ml-slider-3-107-0 metaslider metaslider-flex metaslider-55 ml-slider has-dots-nav ms-theme-default\" role=\"region\" aria-label=\"Facilities\" data-height=\"500\" data-width=\"1040\">\n    <div id=\"metaslider_container_55\">\n        <div id=\"metaslider_55\">\n            <ul class='slides'>\n                <li style=\"display: block; width: 100%;\" class=\"slide-1004 ms-image \" aria-roledescription=\"slide\" data-date=\"2015-01-29 22:38:56\" data-filename=\"slider_fb_campingkoekken_Frauke_Kollatsch-904x434.jpg\" data-slide-type=\"image\"><img loading=\"lazy\" decoding=\"async\" src=\"https:\/\/vammencamping.dk\/wp-content\/uploads\/2015\/01\/slider_fb_campingkoekken_Frauke_Kollatsch-904x434.jpg\" height=\"500\" width=\"1040\" alt=\"[:da] Hele familien synger, spiller musik og hygger til opvasken i &quot;samtalek\u00f8kkenet&quot; p\u00e5 campingpladsen [:en] The whole family is singing, playing music and are having a good time in the camping ktichen [:de] Die ganze Familie singt, spielt Musik und machen es sich gem\u00fctlich beim Sp\u00fchlen in der Campingk\u00fcche [:nl] De hele familie zingt, speelt muziek en geniet in de campingkeuken[:]\" class=\"slider-55 slide-1004 msDefaultImage\" \/><\/li>\n                <li style=\"display: none; width: 100%;\" class=\"slide-1010 ms-image \" aria-roledescription=\"slide\" data-date=\"2015-01-29 22:40:01\" data-filename=\"slider_pejsestuen_fotogra_lars_horn-1040x500.jpg\" data-slide-type=\"image\"><img loading=\"lazy\" decoding=\"async\" src=\"https:\/\/vammencamping.dk\/wp-content\/uploads\/2015\/01\/slider_pejsestuen_fotogra_lars_horn-1040x500.jpg\" height=\"500\" width=\"1040\" alt=\"[:da] Hygge omkring det knitrende b\u00e5l med jodlen, sang og musik i pejsestuen der er opf\u00f8rt i bindingsv\u00e6rk. [:en] Campers having a good time around the open fireplace with yodel, campers singing and music in the room with the open fireplace [:de] Gem\u00fctlichkeit um die offene Feuerstelle mit knichterndem Feur mit Jodeln, Gesang und Musik im Aufenthaldsraum [:nl] Gezelligheid rondom de open haard in de gemeenschappelijke ruimte met jodelen, gezang en muziek[:]\" class=\"slider-55 slide-1010 msDefaultImage\" \/><\/li>\n                <li style=\"display: none; width: 100%;\" class=\"slide-1007 ms-image \" aria-roledescription=\"slide\" data-date=\"2015-01-29 22:39:30\" data-filename=\"slider_musik_pejsestue4-1040x500.jpg\" data-slide-type=\"image\"><img loading=\"lazy\" decoding=\"async\" src=\"https:\/\/vammencamping.dk\/wp-content\/uploads\/2015\/01\/slider_musik_pejsestue4-1040x500.jpg\" height=\"500\" width=\"1040\" alt=\"[:da] Live-musik i pejsestuen. Harmonika, bas, guitar og sang fremf\u00f8rt af campisterne selv [:en] Live musik in the room with the open fireplace. Accordion, Bass, guitar and song performed by the campers themselves [:de] Live-musik in der Feuerstube. Akkordium, Bas, Guitarre und Gesang vorgef\u00fchrt von den Campern [:nl] Live muziek bij de open haard. Accordeon, bas gitaar end gezang van kampeerders[:]\" class=\"slider-55 slide-1007 msDefaultImage\" \/><\/li>\n                <li style=\"display: none; width: 100%;\" class=\"slide-1009 ms-image \" aria-roledescription=\"slide\" data-date=\"2015-01-29 22:39:51\" data-filename=\"slider_boern_hopper_i_soeen_fotograf_lars_horn-1040x500.jpg\" data-slide-type=\"image\"><img loading=\"lazy\" decoding=\"async\" src=\"https:\/\/vammencamping.dk\/wp-content\/uploads\/2015\/01\/slider_boern_hopper_i_soeen_fotograf_lars_horn-1040x500.jpg\" height=\"500\" width=\"1040\" alt=\"[:da] Tag en dukkert i bades\u00f8en. Spring direkte i s\u00f8en fra badebroen (den store t\u00f8mmerfl\u00e5de) og sv\u00f8m en tur. [:en] Jump in to the lake from the wooden pier (the big raft) and swim out to the small raft [:de] Spring direkt in dem See und Swimme zum kleinen Badeflo\u00df hinaus [:nl] Spring in het meer en zwem naar het vlot[:]\" class=\"slider-55 slide-1009 msDefaultImage\" \/><\/li>\n                <li style=\"display: none; width: 100%;\" class=\"slide-1005 ms-image \" aria-roledescription=\"slide\" data-date=\"2015-01-29 22:39:10\" data-filename=\"slider_kano4-1040x500.jpg\" data-slide-type=\"image\"><img loading=\"lazy\" decoding=\"async\" src=\"https:\/\/vammencamping.dk\/wp-content\/uploads\/2015\/01\/slider_kano4-1040x500.jpg\" height=\"500\" width=\"1040\" alt=\"[:da] Oplev naturen: Kanotur p\u00e5 den store s\u00f8. Medbring selv b\u00e5d eller kano eller en af campingpladsens kanoer. [:en] Experience the nature: Canoe trip on the big lake. Bring your own boat or canor, og rent one of the canoes on the campsite [:de] Erlebe die Natur: Kanofahrt auf dem gro\u00dfen See. Bringt gerne eigenes Boot oder Kanu oder mietet ein von Campingplatz [:nl] Beleef de natuur; kanovaren op het grote meer. Breng uw eigen boot of kano mee, of huur \u00e9\u00e9n van de campingkano&#039;s[:]\" class=\"slider-55 slide-1005 msDefaultImage\" \/><\/li>\n                <li style=\"display: none; width: 100%;\" class=\"slide-1008 ms-image \" aria-roledescription=\"slide\" data-date=\"2015-01-29 22:39:43\" data-filename=\"slider_stranden-1040x500.jpg\" data-slide-type=\"image\"><img loading=\"lazy\" decoding=\"async\" src=\"https:\/\/vammencamping.dk\/wp-content\/uploads\/2015\/01\/slider_stranden-1040x500.jpg\" height=\"500\" width=\"1040\" alt=\"[:da] Badende campister der nyder solen ved stranden [:en] Swimming campers are enjoying the sun at the beach [:de] Badende Camper genie\u00dfen die Sonne am Strand [:nl] Badgasten genieten van de zon op het strand[:]\" class=\"slider-55 slide-1008 msDefaultImage\" \/><\/li>\n                <li style=\"display: none; width: 100%;\" class=\"slide-1003 ms-image \" aria-roledescription=\"slide\" data-date=\"2015-01-29 22:38:55\" data-filename=\"slider_fb_beachvolley2-960x461.jpg\" data-slide-type=\"image\"><img loading=\"lazy\" decoding=\"async\" src=\"https:\/\/vammencamping.dk\/wp-content\/uploads\/2015\/01\/slider_fb_beachvolley2-960x461.jpg\" height=\"500\" width=\"1040\" alt=\"[:da] B\u00f8rn og unge spille beach volley [:en] Children and youth are playing beach volley [:de] Kinder und Jugendliche spielen Beach Volley [:nl] Kinderen en jongeren spelen beachvolley[:]\" class=\"slider-55 slide-1003 msDefaultImage\" \/><\/li>\n            <\/ul>\n        <\/div>\n        \n    <\/div>\n<\/div>\n<h2>Comfortable\u00a0common room with an open fireplace and a pavillon<\/h2>\n<p>In the evening, or on rainy days, our guests gather in our common room which has an open fireplaces. Guests are welcome to perform or to enjoy the cosy atmosphere with, for example, a deck of cards.<\/p>\n<p>The youth can meetup in our pavillon in the evening, which also has an open fireplace. The same cosy atmosphere as in the big common room.<\/p>\n<h2>Free WiFi<\/h2>\n<p>We were the first camp site in Denmark to offer WiFi! We have free WiFi available for our guests with good coverage at the majority of the camp site, so that you may check your email while you enjoy the beautiful nature. WiFi is included in the accommodation <a title=\"prices\" href=\"\/en\/prices\/\">price<\/a>.<\/p>\n<h2>Bathing beach and rafts in the lake<\/h2>\n<ul>\n<li>9 km long lake for swimming and boating: Tjele Langs\u00f8 &#8211; one of the longest lakes in Denmark<\/li>\n<li>Big raft by the beach. Functions as a wooden pier, and sometimes we take a trip in the lake with it.<\/li>\n<li>Small raft that you can swim out to and sun yourself.<\/li>\n<li>Canoe rentals<\/li>\n<li>Feel free to bring your own kayak, boat (without motor) and surfboard etc. There is an area down by the lake where you may put it.<\/li>\n<li>Possibility to fish from the shore or from a large raft (the old raft, which now functions as a seperate fishing place next to the lakeshore.)<\/li>\n<li>Sauna located in an undisturbed area next to the lake shore with a dedicated wooden pier.<\/li>\n<\/ul>\n<h2>Games and playing<\/h2>\n<ul>\n<li>Beach volleyball<\/li>\n<li>Volleyball<\/li>\n<li>Ping-pong<\/li>\n<li>Sports ground for football, rounders, Kapow etc.<\/li>\n<li>Petanque field<\/li>\n<li>Lending of games for use in the common room with the open fireplace. Feel free to bring your own games<\/li>\n<li>Multiple play grounds and some\u00a0single playground equipment units distributed around the camp site.<\/li>\n<\/ul>\n<p>Balls, petanque-balls and bats are available in the information.<a class=\"fbx-instance fbx-link\" href=\"\/wp-content\/uploads\/2015\/02\/Klaverloefter_pandekage.jpg\"><img loading=\"lazy\" decoding=\"async\" class=\"alignright wp-image-1375 size-thumbnail\" src=\"\/wp-content\/uploads\/2015\/02\/Klaverloefter_pandekage-420x561.jpg\" alt=\"Pan cakes in the air in the camping kitchen\" width=\"420\" height=\"561\" srcset=\"https:\/\/vammencamping.dk\/wp-content\/uploads\/2015\/02\/Klaverloefter_pandekage-420x561.jpg 420w, https:\/\/vammencamping.dk\/wp-content\/uploads\/2015\/02\/Klaverloefter_pandekage-744x994.jpg 744w, https:\/\/vammencamping.dk\/wp-content\/uploads\/2015\/02\/Klaverloefter_pandekage-1200x1603.jpg 1200w, https:\/\/vammencamping.dk\/wp-content\/uploads\/2015\/02\/Klaverloefter_pandekage.jpg 1712w\" sizes=\"auto, (max-width: 420px) 100vw, 420px\" \/><\/a><\/p>\n<h2>Information and kiosk<\/h2>\n<ul>\n<li>A number of different tourist brochures and maps over the area<\/li>\n<li>Hiking and bicycle trips in the area with maps and descriptons<\/li>\n<li>Every morning home-baked organic bread rolls<\/li>\n<li>Ice cream, sweets, cold cuts and other items are available from the office<\/li>\n<li>A supermarket is located approximately 1,5 km from the camp site.<\/li>\n<\/ul>\n<h2>Sanitary<\/h2>\n<ul>\n<li>Free hot showers (included in the in the accommodation <a title=\"Prices\" href=\"\/en\/prices\/\">prices<\/a>)<\/li>\n<li>Changing table and baby tub in the gentlemen and ladies\u00a0 section<\/li>\n<li>Washing machine with automatic dispensing of soap without perfume and bleach<\/li>\n<li>Dryer<\/li>\n<li>Hand wash with hot water for laundering<\/li>\n<li>Drying cabinet for wet clothes<\/li>\n<li>Shoe dryer<\/li>\n<li>Fish cleaning area<\/li>\n<li>Slop sink<\/li>\n<li>Facilities for caravans<\/li>\n<li>Drinking water taps distributed around the camp site<\/li>\n<li>Camping kitchen with \u00a0cooking plates<\/li>\n<\/ul>\n<h2>Other<\/h2>\n<ul>\n<li>Grill for lending<\/li>\n<li>Lending of several music instruments for usage in the common room with the open fireplace. Feel free to bring your own instrument!<\/li>\n<li>Rental of cabins and glamping tents<\/li>\n<li>Access to electricity on all pitches<\/li>\n<li>Charging station for your electrical vehicle. <a href=\"\/en\/ev-charging-station-for-electrical-vehicles-at-vammen-camping\/\">Read more<\/a><\/li>\n<\/ul>\n\n\n<figure class=\"wp-block-gallery has-nested-images columns-default is-cropped wp-block-gallery-1 is-layout-flex wp-block-gallery-is-layout-flex\">\n<figure class=\"wp-block-image size-large\"><img loading=\"lazy\" decoding=\"async\" width=\"1200\" height=\"800\" data-id=\"9115\" src=\"https:\/\/vammencamping.dk\/wp-content\/uploads\/2025\/04\/FR66115-1200x800.jpg\" alt=\"\" class=\"wp-image-9115\" srcset=\"https:\/\/vammencamping.dk\/wp-content\/uploads\/2025\/04\/FR66115-1200x800.jpg 1200w, https:\/\/vammencamping.dk\/wp-content\/uploads\/2025\/04\/FR66115-744x496.jpg 744w, https:\/\/vammencamping.dk\/wp-content\/uploads\/2025\/04\/FR66115-420x280.jpg 420w, https:\/\/vammencamping.dk\/wp-content\/uploads\/2025\/04\/FR66115-768x512.jpg 768w, https:\/\/vammencamping.dk\/wp-content\/uploads\/2025\/04\/FR66115.jpg 1024w\" sizes=\"auto, (max-width: 1200px) 100vw, 1200px\" \/><\/figure>\n\n\n\n<figure class=\"wp-block-image size-large\"><img loading=\"lazy\" decoding=\"async\" width=\"1200\" height=\"800\" data-id=\"9119\" src=\"https:\/\/vammencamping.dk\/wp-content\/uploads\/2025\/04\/FR66117-1200x800.jpg\" alt=\"\" class=\"wp-image-9119\" srcset=\"https:\/\/vammencamping.dk\/wp-content\/uploads\/2025\/04\/FR66117-1200x800.jpg 1200w, https:\/\/vammencamping.dk\/wp-content\/uploads\/2025\/04\/FR66117-744x496.jpg 744w, https:\/\/vammencamping.dk\/wp-content\/uploads\/2025\/04\/FR66117-420x280.jpg 420w, https:\/\/vammencamping.dk\/wp-content\/uploads\/2025\/04\/FR66117-768x512.jpg 768w, https:\/\/vammencamping.dk\/wp-content\/uploads\/2025\/04\/FR66117.jpg 1024w\" sizes=\"auto, (max-width: 1200px) 100vw, 1200px\" \/><\/figure>\n\n\n\n<figure class=\"wp-block-image size-large\"><img loading=\"lazy\" decoding=\"async\" width=\"1200\" height=\"800\" data-id=\"9123\" src=\"https:\/\/vammencamping.dk\/wp-content\/uploads\/2025\/04\/FR66201-Verbessert-1200x800.jpg\" alt=\"\" class=\"wp-image-9123\" srcset=\"https:\/\/vammencamping.dk\/wp-content\/uploads\/2025\/04\/FR66201-Verbessert-1200x800.jpg 1200w, https:\/\/vammencamping.dk\/wp-content\/uploads\/2025\/04\/FR66201-Verbessert-744x496.jpg 744w, https:\/\/vammencamping.dk\/wp-content\/uploads\/2025\/04\/FR66201-Verbessert-420x280.jpg 420w, https:\/\/vammencamping.dk\/wp-content\/uploads\/2025\/04\/FR66201-Verbessert-768x512.jpg 768w, https:\/\/vammencamping.dk\/wp-content\/uploads\/2025\/04\/FR66201-Verbessert.jpg 1024w\" sizes=\"auto, (max-width: 1200px) 100vw, 1200px\" \/><\/figure>\n\n\n\n<figure class=\"wp-block-image size-large\"><img loading=\"lazy\" decoding=\"async\" width=\"1200\" height=\"800\" data-id=\"9127\" src=\"https:\/\/vammencamping.dk\/wp-content\/uploads\/2025\/04\/FR66218-1200x800.jpg\" alt=\"\" class=\"wp-image-9127\" srcset=\"https:\/\/vammencamping.dk\/wp-content\/uploads\/2025\/04\/FR66218-1200x800.jpg 1200w, https:\/\/vammencamping.dk\/wp-content\/uploads\/2025\/04\/FR66218-744x496.jpg 744w, https:\/\/vammencamping.dk\/wp-content\/uploads\/2025\/04\/FR66218-420x280.jpg 420w, https:\/\/vammencamping.dk\/wp-content\/uploads\/2025\/04\/FR66218-768x512.jpg 768w, https:\/\/vammencamping.dk\/wp-content\/uploads\/2025\/04\/FR66218.jpg 1024w\" sizes=\"auto, (max-width: 1200px) 100vw, 1200px\" \/><\/figure>\n\n\n\n<figure class=\"wp-block-image size-large\"><img loading=\"lazy\" decoding=\"async\" width=\"1200\" height=\"1600\" data-id=\"9132\" src=\"https:\/\/vammencamping.dk\/wp-content\/uploads\/2025\/04\/IMG_1724-1200x1600.jpeg\" alt=\"\" class=\"wp-image-9132\" srcset=\"https:\/\/vammencamping.dk\/wp-content\/uploads\/2025\/04\/IMG_1724-1200x1600.jpeg 1200w, https:\/\/vammencamping.dk\/wp-content\/uploads\/2025\/04\/IMG_1724-744x992.jpeg 744w, https:\/\/vammencamping.dk\/wp-content\/uploads\/2025\/04\/IMG_1724-420x560.jpeg 420w, https:\/\/vammencamping.dk\/wp-content\/uploads\/2025\/04\/IMG_1724-768x1024.jpeg 768w\" sizes=\"auto, (max-width: 1200px) 100vw, 1200px\" \/><\/figure>\n\n\n\n<figure class=\"wp-block-image size-large\"><img loading=\"lazy\" decoding=\"async\" width=\"1200\" height=\"799\" data-id=\"8744\" src=\"https:\/\/vammencamping.dk\/wp-content\/uploads\/2025\/04\/campingkitchen_guitar_cropped23-1200x799.jpg\" alt=\"\" class=\"wp-image-8744\" srcset=\"https:\/\/vammencamping.dk\/wp-content\/uploads\/2025\/04\/campingkitchen_guitar_cropped23-1200x799.jpg 1200w, https:\/\/vammencamping.dk\/wp-content\/uploads\/2025\/04\/campingkitchen_guitar_cropped23-744x495.jpg 744w, https:\/\/vammencamping.dk\/wp-content\/uploads\/2025\/04\/campingkitchen_guitar_cropped23-420x279.jpg 420w, https:\/\/vammencamping.dk\/wp-content\/uploads\/2025\/04\/campingkitchen_guitar_cropped23-768x511.jpg 768w, https:\/\/vammencamping.dk\/wp-content\/uploads\/2025\/04\/campingkitchen_guitar_cropped23.jpg 2000w\" sizes=\"auto, (max-width: 1200px) 100vw, 1200px\" \/><\/figure>\n\n\n\n<figure class=\"wp-block-image size-large\"><img loading=\"lazy\" decoding=\"async\" width=\"1200\" height=\"799\" data-id=\"8701\" src=\"https:\/\/vammencamping.dk\/wp-content\/uploads\/2025\/04\/campingkitchen_cropped-1-1200x799.jpg\" alt=\"\" class=\"wp-image-8701\" srcset=\"https:\/\/vammencamping.dk\/wp-content\/uploads\/2025\/04\/campingkitchen_cropped-1-1200x799.jpg 1200w, https:\/\/vammencamping.dk\/wp-content\/uploads\/2025\/04\/campingkitchen_cropped-1-744x495.jpg 744w, https:\/\/vammencamping.dk\/wp-content\/uploads\/2025\/04\/campingkitchen_cropped-1-420x279.jpg 420w, https:\/\/vammencamping.dk\/wp-content\/uploads\/2025\/04\/campingkitchen_cropped-1-768x511.jpg 768w, https:\/\/vammencamping.dk\/wp-content\/uploads\/2025\/04\/campingkitchen_cropped-1.jpg 2000w\" sizes=\"auto, (max-width: 1200px) 100vw, 1200px\" \/><\/figure>\n<\/figure>\n","protected":false},"excerpt":{"rendered":"<p>Comfortable\u00a0common room with an open fireplace and a pavillon In the evening, or on rainy days, our guests gather in our common room which has an open fireplaces. Guests are welcome to perform or to enjoy the cosy atmosphere with, for example, a deck of cards. The youth can meetup in our pavillon in the &#8230; <a class=\"read-more\" href=\"https:\/\/vammencamping.dk\/en\/facilities\/\">Read more&#8230;<\/a><\/p>\n","protected":false},"author":1,"featured_media":0,"parent":0,"menu_order":0,"comment_status":"closed","ping_status":"closed","template":"","meta":{"footnotes":""},"class_list":["post-48","page","type-page","status-publish"],"featured_image_src":null,"_links":{"self":[{"href":"https:\/\/vammencamping.dk\/en\/wp-json\/wp\/v2\/pages\/48","targetHints":{"allow":["GET"]}}],"collection":[{"href":"https:\/\/vammencamping.dk\/en\/wp-json\/wp\/v2\/pages"}],"about":[{"href":"https:\/\/vammencamping.dk\/en\/wp-json\/wp\/v2\/types\/page"}],"author":[{"embeddable":true,"href":"https:\/\/vammencamping.dk\/en\/wp-json\/wp\/v2\/users\/1"}],"replies":[{"embeddable":true,"href":"https:\/\/vammencamping.dk\/en\/wp-json\/wp\/v2\/comments?post=48"}],"version-history":[{"count":85,"href":"https:\/\/vammencamping.dk\/en\/wp-json\/wp\/v2\/pages\/48\/revisions"}],"predecessor-version":[{"id":9136,"href":"https:\/\/vammencamping.dk\/en\/wp-json\/wp\/v2\/pages\/48\/revisions\/9136"}],"wp:attachment":[{"href":"https:\/\/vammencamping.dk\/en\/wp-json\/wp\/v2\/media?parent=48"}],"curies":[{"name":"wp","href":"https:\/\/api.w.org\/{rel}","templated":true}]}}