{"id":111,"date":"2015-01-17T12:37:26","date_gmt":"2015-01-17T11:37:26","guid":{"rendered":"http:\/\/vammen.sman.dk\/?page_id=111"},"modified":"2025-11-21T21:27:37","modified_gmt":"2025-11-21T20:27:37","slug":"contact","status":"publish","type":"page","link":"https:\/\/vammencamping.dk\/en\/contact\/","title":{"rendered":"Contact"},"content":{"rendered":"\n<div class=\"alignright\"><div id=\"metaslider-id-1011\" style=\"max-width: 350px;\" class=\"ml-slider-3-108-0 metaslider metaslider-flex metaslider-1011 ml-slider has-dots-nav ms-theme-default\" role=\"region\" aria-label=\"Contact\" data-height=\"350\" data-width=\"350\">\n    <div id=\"metaslider_container_1011\">\n        <div id=\"metaslider_1011\">\n            <ul class='slides'>\n                <li style=\"display: block; width: 100%;\" class=\"slide-1026 ms-image \" aria-roledescription=\"slide\" data-date=\"2015-01-29 23:54:23\" data-filename=\"square_indgang-350x350.jpg\" data-slide-type=\"image\"><img loading=\"lazy\" decoding=\"async\" src=\"https:\/\/vammencamping.dk\/wp-content\/uploads\/2015\/01\/square_indgang-350x350.jpg\" height=\"350\" width=\"350\" alt=\"[:da] Indgangen til Vammen Camping og informationen udsmykket med blomster. [:en] The entrance to Vammen Camping and the information decorated with flowers. [:de] Der Eingang zum Vammen Camping und zur Information mit Blumen geschm\u00fcckt [:nl] De ingang van Vammen Camping en informatie versierd met bloemen[:]\" class=\"slider-1011 slide-1026 msDefaultImage\" \/><\/li>\n                <li style=\"display: none; width: 100%;\" class=\"slide-1023 ms-image \" aria-roledescription=\"slide\" data-date=\"2015-01-29 23:42:42\" data-filename=\"square_klaver_guitar_pejsestuen_fotograf_lars_horn-350x350.jpg\" data-slide-type=\"image\"><img loading=\"lazy\" decoding=\"async\" src=\"https:\/\/vammencamping.dk\/wp-content\/uploads\/2015\/01\/square_klaver_guitar_pejsestuen_fotograf_lars_horn-350x350.jpg\" height=\"350\" width=\"350\" alt=\"[:da] Harm-Wulf og Dick hygger sig og har det sjovt imens de musicerer og jodler i den rustikke pejsestue [:en] Harm-Wuld and Dick are having a good time while playing music and yodeling in the rustic common room with the open fireplace [:de] Harm-Wulf und Dick machen es sich gem\u00fctlich und haben Spa\u00df w\u00e4hrend die musizieren und jodeln in der rustikale Feuerstube [:nl] Harm-Wulf en Dick vermaken zich met het piano, gitaar en jodelen[:]\" class=\"slider-1011 slide-1023 msDefaultImage\" \/><\/li>\n                <li style=\"display: none; width: 100%;\" class=\"slide-1021 ms-image \" aria-roledescription=\"slide\" data-date=\"2015-01-29 23:42:34\" data-filename=\"square_guitar_musik_camping_fotograf_lars_horn-350x350.jpg\" data-slide-type=\"image\"><img loading=\"lazy\" decoding=\"async\" src=\"https:\/\/vammencamping.dk\/wp-content\/uploads\/2015\/01\/square_guitar_musik_camping_fotograf_lars_horn-350x350.jpg\" height=\"350\" width=\"350\" alt=\"[:da] Guitarspil i god l\u00e6 p\u00e5 en af terrasserne [:en] Guitar play in good shelter on one of the terraces [:de] Guitarrenspiel in guter Schutz auf einer der Terrassen [:nl] Gitaarspelen kampeerplaats[:]\" class=\"slider-1011 slide-1021 msDefaultImage\" \/><\/li>\n            <\/ul>\n        <\/div>\n        \n    <\/div>\n<\/div><\/div>\n\n\n\n<hr class=\"wp-block-separator has-css-opacity\"\/>\n\n\n\n<p>Questions? Please see our <a href=\"https:\/\/vammencamping.dk\/faq\/\" data-type=\"page\">FAQ<\/a> or send us an <a href=\"mailto:info@vammencamping.dk\">email<\/a> if you have further questions.<\/p>\n\n\n\n<div class=\"wp-block-buttons is-horizontal is-content-justification-left is-layout-flex wp-container-core-buttons-is-layout-7e5fce0a wp-block-buttons-is-layout-flex\">\n<div class=\"wp-block-button\"><a class=\"wp-block-button__link has-text-color has-background wp-element-button\" href=\"https:\/\/vcamp.dk\/book\" style=\"border-radius:50px;color:#fffffa;background:linear-gradient(317deg,rgb(135,9,53) 0%,rgb(179,22,22) 100%)\" target=\"_blank\" rel=\"noreferrer noopener\">Book now<\/a><\/div>\n<\/div>\n\n\n\n<div class=\"wp-block-contact-form-7-contact-form-selector\">\n<div class=\"wpcf7 no-js\" id=\"wpcf7-f1757-o1\" lang=\"en-US\" dir=\"ltr\" data-wpcf7-id=\"1757\">\n<div class=\"screen-reader-response\"><p role=\"status\" aria-live=\"polite\" aria-atomic=\"true\"><\/p> <ul><\/ul><\/div>\n<form action=\"\/en\/wp-json\/wp\/v2\/pages\/111#wpcf7-f1757-o1\" method=\"post\" class=\"wpcf7-form init\" aria-label=\"Contact form\" novalidate=\"novalidate\" data-status=\"init\">\n<fieldset class=\"hidden-fields-container\"><input type=\"hidden\" name=\"_wpcf7\" value=\"1757\" \/><input type=\"hidden\" name=\"_wpcf7_version\" value=\"6.1.5\" \/><input type=\"hidden\" name=\"_wpcf7_locale\" value=\"en_US\" \/><input type=\"hidden\" name=\"_wpcf7_unit_tag\" value=\"wpcf7-f1757-o1\" \/><input type=\"hidden\" name=\"_wpcf7_container_post\" value=\"0\" \/><input type=\"hidden\" name=\"_wpcf7_posted_data_hash\" value=\"\" \/>\n<\/fieldset>\n<p>You are welcome to contact us by <a href=\"mailto:info@vammencamping.dk\">email<\/a> for questions or fill out this form.\n<\/p>\n<p>First name*\n<\/p>\n<p><span class=\"wpcf7-form-control-wrap\" data-name=\"first-name\"><input size=\"40\" maxlength=\"400\" class=\"wpcf7-form-control wpcf7-text wpcf7-validates-as-required\" aria-required=\"true\" aria-invalid=\"false\" value=\"\" type=\"text\" name=\"first-name\" \/><\/span>\n<\/p>\n<p>Surname*\n<\/p>\n<p><span class=\"wpcf7-form-control-wrap\" data-name=\"last-name\"><input size=\"40\" maxlength=\"400\" class=\"wpcf7-form-control wpcf7-text wpcf7-validates-as-required\" aria-required=\"true\" aria-invalid=\"false\" value=\"\" type=\"text\" name=\"last-name\" \/><\/span>\n<\/p>\n<p>Phone number\n<\/p>\n<p><span class=\"wpcf7-form-control-wrap\" data-name=\"tel\"><input size=\"40\" maxlength=\"400\" class=\"wpcf7-form-control wpcf7-tel wpcf7-text wpcf7-validates-as-tel\" aria-invalid=\"false\" value=\"\" type=\"tel\" name=\"tel\" \/><\/span>\n<\/p>\n<p>Email-address*\n<\/p>\n<p><span class=\"wpcf7-form-control-wrap\" data-name=\"your-email\"><input size=\"40\" maxlength=\"400\" class=\"wpcf7-form-control wpcf7-email wpcf7-validates-as-required wpcf7-text wpcf7-validates-as-email\" aria-required=\"true\" aria-invalid=\"false\" value=\"\" type=\"email\" name=\"your-email\" \/><\/span>\n<\/p>\n<p>Message\n<\/p>\n<p><span class=\"wpcf7-form-control-wrap\" data-name=\"your-message\"><textarea cols=\"40\" rows=\"10\" maxlength=\"2000\" class=\"wpcf7-form-control wpcf7-textarea\" aria-invalid=\"false\" name=\"your-message\"><\/textarea><\/span>\n<\/p>\n<p><span class=\"wpcf7-form-control-wrap kc_captcha\" data-name=\"kc_captcha\"><span class=\"wpcf7-form-control wpcf7-radio\"><span class=\"captcha-image\" ><span class=\"cf7ic_instructions\">Please prove you are human by selecting the<span> truck<\/span>.<\/span><label><input aria-label=\"1\" type=\"radio\" name=\"kc_captcha\" value=\"bot\" \/><svg aria-hidden=\"true\" role=\"img\" xmlns=\"http:\/\/www.w3.org\/2000\/svg\" viewBox=\"0 0 576 512\"><path fill=\"currentColor\" d=\"M488 313v143c0 13-11 24-24 24H348c-7 0-12-5-12-12V356c0-7-5-12-12-12h-72c-7 0-12 5-12 12v112c0 7-5 12-12 12H112c-13 0-24-11-24-24V313c0-4 2-7 4-10l188-154c5-4 11-4 16 0l188 154c2 3 4 6 4 10zm84-61l-84-69V44c0-6-5-12-12-12h-56c-7 0-12 6-12 12v73l-89-74a48 48 0 00-61 0L4 252c-5 4-5 12-1 17l25 31c5 5 12 5 17 1l235-193c5-4 11-4 16 0l235 193c5 5 13 4 17-1l25-31c4-6 4-13-1-17z\"\/><\/svg><\/label><label><input aria-label=\"2\" type=\"radio\" name=\"kc_captcha\" value=\"kc_human\" \/><svg aria-hidden=\"true\" role=\"img\" xmlns=\"http:\/\/www.w3.org\/2000\/svg\" viewBox=\"0 0 640 512\"><path fill=\"currentColor\" d=\"M624 352h-16V244c0-13-5-25-14-34L494 110c-9-9-21-14-34-14h-44V48c0-26-21-48-48-48H48C22 0 0 22 0 48v320c0 27 22 48 48 48h16a96 96 0 00192 0h128a96 96 0 00192 0h48c9 0 16-7 16-16v-32c0-9-7-16-16-16zM160 464a48 48 0 110-96 48 48 0 010 96zm320 0a48 48 0 110-96 48 48 0 010 96zm80-208H416V144h44l100 100v12z\"\/><\/svg><\/label><label><input aria-label=\"3\" type=\"radio\" name=\"kc_captcha\" value=\"bot\" \/><svg aria-hidden=\"true\" role=\"img\" xmlns=\"http:\/\/www.w3.org\/2000\/svg\" viewBox=\"0 0 576 512\"><path fill=\"currentColor\" d=\"M472 200H360L256 6a12 12 0 00-10-6h-58c-8 0-14 7-12 15l34 185H100l-35-58a12 12 0 00-10-6H12c-8 0-13 7-12 14l21 106L0 362c-1 7 4 14 12 14h43c4 0 8-2 10-6l35-58h110l-34 185c-2 8 4 15 12 15h58a12 12 0 0010-6l104-194h112c57 0 104-25 104-56s-47-56-104-56z\"\/><\/svg><\/label>\r\n    <\/span>\r\n    <span style=\"display:none\">\r\n        <input type=\"text\" name=\"kc_honeypot\">\r\n    <\/span><\/span><\/span>\n<\/p>\n<p><input class=\"wpcf7-form-control wpcf7-submit has-spinner\" type=\"submit\" value=\"Send\" \/>\n<\/p>\n<p>*= Must be filled out\n<\/p>\n<p>If your experience any problems with this form please send us an <a href=\"mailto:info@vammencamping.dk\">email<\/a>.\n<\/p><div class=\"wpcf7-response-output\" aria-hidden=\"true\"><\/div>\n<\/form>\n<\/div>\n<\/div>\n\n\n\n<p id=\"contact-details\"><b>Contact details<\/b><\/p>\n\n\n\n<p>Georg Sluyterman<\/p>\n\n\n\n<p>Vammen Camping<\/p>\n\n\n\n<p>Langs\u00f8vej 15<\/p>\n\n\n\n<p>8830 Tjele<\/p>\n\n\n\n<p>Tlf. +45 86 69 01 52<\/p>\n\n\n\n<p>E-mail <a href=\"mailto:info@vammencamping.dk\">info@vammencamping.dk<\/a><\/p>\n\n\n\n<p>VAT: DK42907685<\/p>\n\n\n\n<p>OBS: The postal address is Langs\u00f8vej, but for the best road from Vammen to the camp site, please follow the camp site signs from the village Vammen and drive on Bygmarksvej (see also <a title=\"Directions\" href=\"\/en\/directions\/\">Directions<\/a>).<\/p>\n\n\n\n<p><b>Opening Hours<\/b><\/p>\n\n\n\n<p><br>Vammen Camping is open from <strong>May 1st to August 31st<\/strong>.<\/p>\n\n\n\n<p>The campsite is open for new arrivals every day for 8:30 to 12:00 and from 14:00 to 22:00. If you expect to arrive outside this timeframe please contact us beforehand; we have have pitches for late (after 22:00) and early arrivals.<\/p>\n\n\n\n<p>The front barrier is open from 7:00-22:00 (note however also the times mentioned above).<\/p>\n\n\n\n<p>The kiosk is open every day from 8:30-12:00 and 14:00-18:00.<\/p>\n\n\n\n<p>The open fire in the common room is lighted every day at 21:00.<\/p>\n\n\n\n<script data-jsd-embedded=\"\" data-key=\"bfae59be-b345-4bb9-be55-94fb4ed9baee\" data-base-url=\"https:\/\/jsd-widget.atlassian.com\" src=\"https:\/\/jsd-widget.atlassian.com\/assets\/embed.js\"><\/script>\n\n\n\n<p><strong>Bank Account info<\/strong><\/p>\n\n\n\n<p>Please see <a href=\"https:\/\/vammencamping.dk\/bank\/\" data-type=\"page\" data-id=\"6895\">this page<\/a> for further information.<\/p>\n\n\n\n<div style=\"text-align: left\" class=\"sender-form-field\" data-sender-form-id=\"epYqor\"><\/div>\n\n\n\n<p><em><a href=\"https:\/\/vammencamping.dk\/privacy-policy\/\" data-type=\"page\" data-id=\"5704\">Privacy Policy<\/a> &#8211; <a href=\"https:\/\/vammencamping.dk\/terms-and-conditions\/\" data-type=\"page\" data-id=\"5705\">Terms and Conditions<\/a> &#8211; <a rel=\"noreferrer noopener\" href=\"http:\/\/www.findsmiley.dk\/Sider\/GroupSearch.aspx?Keyword=VammenCamping\" target=\"_blank\">Food agency inspection <\/a><\/em><a href=\"http:\/\/www.findsmiley.dk\/Sider\/GroupSearch.aspx?Keyword=VammenCamping\" target=\"_blank\" rel=\"noopener\"><em>report<\/em><\/a><\/p>\n","protected":false},"excerpt":{"rendered":"<p>Questions? Please see our FAQ or send us an email if you have further questions. Contact details Georg Sluyterman Vammen Camping Langs\u00f8vej 15 8830 Tjele Tlf. +45 86 69 01 52 E-mail info@vammencamping.dk VAT: DK42907685 OBS: The postal address is Langs\u00f8vej, but for the best road from Vammen to the camp site, please follow the &#8230; <a class=\"read-more\" href=\"https:\/\/vammencamping.dk\/en\/contact\/\">Read more&#8230;<\/a><\/p>\n","protected":false},"author":1,"featured_media":0,"parent":0,"menu_order":0,"comment_status":"closed","ping_status":"closed","template":"","meta":{"footnotes":""},"class_list":["post-111","page","type-page","status-publish"],"featured_image_src":null,"_links":{"self":[{"href":"https:\/\/vammencamping.dk\/en\/wp-json\/wp\/v2\/pages\/111","targetHints":{"allow":["GET"]}}],"collection":[{"href":"https:\/\/vammencamping.dk\/en\/wp-json\/wp\/v2\/pages"}],"about":[{"href":"https:\/\/vammencamping.dk\/en\/wp-json\/wp\/v2\/types\/page"}],"author":[{"embeddable":true,"href":"https:\/\/vammencamping.dk\/en\/wp-json\/wp\/v2\/users\/1"}],"replies":[{"embeddable":true,"href":"https:\/\/vammencamping.dk\/en\/wp-json\/wp\/v2\/comments?post=111"}],"version-history":[{"count":92,"href":"https:\/\/vammencamping.dk\/en\/wp-json\/wp\/v2\/pages\/111\/revisions"}],"predecessor-version":[{"id":10982,"href":"https:\/\/vammencamping.dk\/en\/wp-json\/wp\/v2\/pages\/111\/revisions\/10982"}],"wp:attachment":[{"href":"https:\/\/vammencamping.dk\/en\/wp-json\/wp\/v2\/media?parent=111"}],"curies":[{"name":"wp","href":"https:\/\/api.w.org\/{rel}","templated":true}]}}