{"id":10265,"date":"2025-07-07T09:46:39","date_gmt":"2025-07-07T08:46:39","guid":{"rendered":"https:\/\/vammencamping.dk\/hiking-route-4-view-towards-roedsoe\/"},"modified":"2025-07-07T09:46:41","modified_gmt":"2025-07-07T08:46:41","slug":"hiking-route-4-view-towards-roedsoe","status":"publish","type":"page","link":"https:\/\/vammencamping.dk\/en\/hiking-route-4-view-towards-roedsoe\/","title":{"rendered":"Hiking route 4 &#8211; View towards R\u00f8ds\u00f8"},"content":{"rendered":"\n<div class=\"wp-block-columns is-layout-flex wp-container-core-columns-is-layout-9d6595d7 wp-block-columns-is-layout-flex\">\n<div class=\"wp-block-column is-layout-flow wp-block-column-is-layout-flow\">\n<figure class=\"wp-block-image size-large is-resized\"><a href=\"https:\/\/vcamp.dk\/h4\/osm\" target=\"_blank\" rel=\" noreferrer noopener\"><img loading=\"lazy\" decoding=\"async\" width=\"1200\" height=\"400\" src=\"https:\/\/vammencamping.dk\/wp-content\/uploads\/2025\/06\/openstreetmap-1200x400.png\" alt=\"\" class=\"wp-image-9358\" style=\"width:264px;height:auto\" srcset=\"https:\/\/vammencamping.dk\/wp-content\/uploads\/2025\/06\/openstreetmap-1200x400.png 1200w, https:\/\/vammencamping.dk\/wp-content\/uploads\/2025\/06\/openstreetmap-744x248.png 744w, https:\/\/vammencamping.dk\/wp-content\/uploads\/2025\/06\/openstreetmap-420x140.png 420w, https:\/\/vammencamping.dk\/wp-content\/uploads\/2025\/06\/openstreetmap-768x256.png 768w, https:\/\/vammencamping.dk\/wp-content\/uploads\/2025\/06\/openstreetmap.png 900w\" sizes=\"auto, (max-width: 1200px) 100vw, 1200px\" \/><\/a><\/figure>\n<\/div>\n\n\n\n<div class=\"wp-block-column is-layout-flow wp-block-column-is-layout-flow\">\n<figure class=\"wp-block-image size-large is-resized\"><a href=\"https:\/\/vcamp.dk\/h4\/gm\" target=\"_blank\" rel=\" noreferrer noopener\"><img loading=\"lazy\" decoding=\"async\" width=\"1200\" height=\"324\" src=\"https:\/\/vammencamping.dk\/wp-content\/uploads\/2025\/06\/google_maps-1200x324.png\" alt=\"\" class=\"wp-image-9364\" style=\"width:242px;height:auto\" srcset=\"https:\/\/vammencamping.dk\/wp-content\/uploads\/2025\/06\/google_maps-1200x324.png 1200w, https:\/\/vammencamping.dk\/wp-content\/uploads\/2025\/06\/google_maps-744x201.png 744w, https:\/\/vammencamping.dk\/wp-content\/uploads\/2025\/06\/google_maps-420x113.png 420w, https:\/\/vammencamping.dk\/wp-content\/uploads\/2025\/06\/google_maps-768x207.png 768w, https:\/\/vammencamping.dk\/wp-content\/uploads\/2025\/06\/google_maps.png 2048w\" sizes=\"auto, (max-width: 1200px) 100vw, 1200px\" \/><\/a><\/figure>\n<\/div>\n\n\n\n<div class=\"wp-block-column is-layout-flow wp-block-column-is-layout-flow\">\n<figure class=\"wp-block-image size-large is-resized\"><a href=\"https:\/\/vcamp.dk\/h4\/km\" target=\"_blank\" rel=\" noreferrer noopener\"><img loading=\"lazy\" decoding=\"async\" width=\"1200\" height=\"362\" src=\"https:\/\/vammencamping.dk\/wp-content\/uploads\/2025\/06\/komoot-1200x362.png\" alt=\"\" class=\"wp-image-9368\" style=\"width:241px;height:auto\" srcset=\"https:\/\/vammencamping.dk\/wp-content\/uploads\/2025\/06\/komoot-1200x362.png 1200w, https:\/\/vammencamping.dk\/wp-content\/uploads\/2025\/06\/komoot-744x224.png 744w, https:\/\/vammencamping.dk\/wp-content\/uploads\/2025\/06\/komoot-420x126.png 420w, https:\/\/vammencamping.dk\/wp-content\/uploads\/2025\/06\/komoot-768x231.png 768w, https:\/\/vammencamping.dk\/wp-content\/uploads\/2025\/06\/komoot.png 716w\" sizes=\"auto, (max-width: 1200px) 100vw, 1200px\" \/><\/a><\/figure>\n<\/div>\n<\/div>\n\n<p><\/p>\n\n<p class=\"has-text-align-left\">Length<strong> 8.6 km<\/strong><\/p>\n\n<p class=\"has-text-align-left\"><strong><strong><strong>Take an atmospheric route through the eastern edge of Vammen, past Langs\u00f8 Friskole and an ancient monument from the Stone Age overlooking the overgrown R\u00f8ds\u00f8. The route follows purple and black markings through the open landscape towards S\u00f8dal Forest and back via small roads with nature, history and new climate efforts in focus. <\/strong><\/strong><\/strong><\/p>\n\n<iframe loading=\"lazy\" width=\"100%\" height=\"300px\" frameborder=\"0\" allowfullscreen=\"\" allow=\"geolocation\" src=\"\/\/umap.openstreetmap.fr\/da\/map\/vammen-camping-hiking-route-4-view-towards-rds_1240098?scaleControl=false&#038;miniMap=false&#038;scrollWheelZoom=false&#038;zoomControl=true&#038;editMode=disabled&#038;moreControl=true&#038;searchControl=null&#038;tilelayersControl=null&#038;embedControl=null&#038;datalayersControl=true&#038;onLoadPanel=none&#038;captionBar=false&#038;captionMenus=true\"><\/iframe><p><a href=\"\/\/umap.openstreetmap.fr\/da\/map\/vammen-camping-hiking-route-4-view-towards-rds_1240098?scaleControl=false&#038;miniMap=false&#038;scrollWheelZoom=true&#038;zoomControl=true&#038;editMode=disabled&#038;moreControl=true&#038;searchControl=null&#038;tilelayersControl=null&#038;embedControl=null&#038;datalayersControl=true&#038;onLoadPanel=none&#038;captionBar=false&#038;captionMenus=true\">View in full screen<\/a><\/p>\n\n<p>Follow the camping road towards Vammen and keep left in the Y-junction, turn left onto Hobrovej. At the grocery store intersection, turn right onto N\u00f8rregade. Turn left onto Haug\u00e5rdsvej &#8211; you&#8217;ll pass Langs\u00f8 Friskole, kindergarten and nursery on your right and continue straight ahead along Haug\u00e5rdsvej. The route now has purple markers.   <\/p>\n\n<p>Behind the Havg\u00e5rd farm (Haug\u00e5rdsvej 44) are the remains of a nozzle chamber. Today, only two supporting stones and a fallen lintel remain. The stone pit probably had a single chamber, which was placed in the burial mound with a stone foot circle around it. The ditch is a common grave &#8211; probably built in the Early Stone Age or some time into the Middle Stone Age. (approx. 8,300 &#8211; 4,000 BC).    <\/p>\n\n<p>From here you have a beautiful view of R\u00f8ds\u00f8. A small lake with a wide reedbed that is in the process of regenerating. <\/p>\n\n<p>Follow the purple marked route towards S\u00f8dal Skov. You pass the Tingdalg\u00e5rd farm and turn left. After the farm, head up towards the black marked route on Bedehusvej. Turn right onto this route on Bedehusvej and follow it until the road ends in Haug\u00e5rdsvej.   <\/p>\n\n<p>Turn right onto Haug\u00e5rdsvej. At the T-junction, turn right onto N\u00f8rregade to the grocery store intersection. <\/p>\n\n<p>Turn left on Hobrovej to Langs\u00f8vej on your right and follow it back to the campsite.<\/p>\n<div class=\"wp-block-image\">\n<figure class=\"aligncenter size-large is-resized\"><a href=\"https:\/\/vammencamping.dk\/wp-content\/uploads\/2025\/07\/Skaermbillede-2025-07-01-112909-1200x636.png\"><img loading=\"lazy\" decoding=\"async\" width=\"1200\" height=\"636\" src=\"https:\/\/vammencamping.dk\/wp-content\/uploads\/2025\/07\/Skaermbillede-2025-07-01-112909-1200x636.png\" alt=\"\" class=\"wp-image-9532\" style=\"width:144px\" srcset=\"https:\/\/vammencamping.dk\/wp-content\/uploads\/2025\/07\/Skaermbillede-2025-07-01-112909-1200x636.png 1200w, https:\/\/vammencamping.dk\/wp-content\/uploads\/2025\/07\/Skaermbillede-2025-07-01-112909-744x394.png 744w, https:\/\/vammencamping.dk\/wp-content\/uploads\/2025\/07\/Skaermbillede-2025-07-01-112909-420x222.png 420w, https:\/\/vammencamping.dk\/wp-content\/uploads\/2025\/07\/Skaermbillede-2025-07-01-112909-768x407.png 768w, https:\/\/vammencamping.dk\/wp-content\/uploads\/2025\/07\/Skaermbillede-2025-07-01-112909.png 1047w\" sizes=\"auto, (max-width: 1200px) 100vw, 1200px\" \/><\/a><figcaption class=\"wp-element-caption\">Click on the map to see info points<\/figcaption><\/figure>\n<\/div>\n<p><em>a)<\/em> <em>The technical feasibility studies for a major new &#8220;R\u00f8ds\u00f8 Lowlands Project&#8221; have just started. The aim is to restore the natural hydrology in an area of 650 hectares, thereby reducing greenhouse gas emissions and reducing nitrogen emissions. In addition, the project will focus on improving the overall natural conditions in the area.  <\/em><\/p>\n","protected":false},"excerpt":{"rendered":"<p>Length 8.6 km Take an atmospheric route through the eastern edge of Vammen, past Langs\u00f8 Friskole and an ancient monument from the Stone Age overlooking the overgrown R\u00f8ds\u00f8. The route follows purple and black markings through the open landscape towards S\u00f8dal Forest and back via small roads with nature, history and new climate efforts in &#8230; <a class=\"read-more\" href=\"https:\/\/vammencamping.dk\/en\/hiking-route-4-view-towards-roedsoe\/\">Read more&#8230;<\/a><\/p>\n","protected":false},"author":7,"featured_media":0,"parent":0,"menu_order":0,"comment_status":"closed","ping_status":"closed","template":"","meta":{"footnotes":""},"class_list":["post-10265","page","type-page","status-publish"],"featured_image_src":null,"_links":{"self":[{"href":"https:\/\/vammencamping.dk\/en\/wp-json\/wp\/v2\/pages\/10265","targetHints":{"allow":["GET"]}}],"collection":[{"href":"https:\/\/vammencamping.dk\/en\/wp-json\/wp\/v2\/pages"}],"about":[{"href":"https:\/\/vammencamping.dk\/en\/wp-json\/wp\/v2\/types\/page"}],"author":[{"embeddable":true,"href":"https:\/\/vammencamping.dk\/en\/wp-json\/wp\/v2\/users\/7"}],"replies":[{"embeddable":true,"href":"https:\/\/vammencamping.dk\/en\/wp-json\/wp\/v2\/comments?post=10265"}],"version-history":[{"count":1,"href":"https:\/\/vammencamping.dk\/en\/wp-json\/wp\/v2\/pages\/10265\/revisions"}],"predecessor-version":[{"id":10266,"href":"https:\/\/vammencamping.dk\/en\/wp-json\/wp\/v2\/pages\/10265\/revisions\/10266"}],"wp:attachment":[{"href":"https:\/\/vammencamping.dk\/en\/wp-json\/wp\/v2\/media?parent=10265"}],"curies":[{"name":"wp","href":"https:\/\/api.w.org\/{rel}","templated":true}]}}