{"id":10257,"date":"2025-07-07T09:40:16","date_gmt":"2025-07-07T08:40:16","guid":{"rendered":"https:\/\/vammencamping.dk\/hiking-route-2-baunehoej-map\/"},"modified":"2025-07-07T09:50:27","modified_gmt":"2025-07-07T08:50:27","slug":"hiking-route-2-baunehoej-map","status":"publish","type":"page","link":"https:\/\/vammencamping.dk\/en\/hiking-route-2-baunehoej-map\/","title":{"rendered":"Hiking route 2 &#8211; Bauneh\u00f8j (short)"},"content":{"rendered":"\n<div class=\"wp-block-columns is-layout-flex wp-container-core-columns-is-layout-9d6595d7 wp-block-columns-is-layout-flex\">\n<div class=\"wp-block-column is-layout-flow wp-block-column-is-layout-flow\">\n<figure class=\"wp-block-image size-large is-resized\"><a href=\"https:\/\/vcamp.dk\/h2\/osm\" target=\"_blank\" rel=\" noreferrer noopener\"><img loading=\"lazy\" decoding=\"async\" width=\"1200\" height=\"400\" src=\"https:\/\/vammencamping.dk\/wp-content\/uploads\/2025\/06\/openstreetmap-1200x400.png\" alt=\"\" class=\"wp-image-9358\" style=\"width:264px;height:auto\" srcset=\"https:\/\/vammencamping.dk\/wp-content\/uploads\/2025\/06\/openstreetmap-1200x400.png 1200w, https:\/\/vammencamping.dk\/wp-content\/uploads\/2025\/06\/openstreetmap-744x248.png 744w, https:\/\/vammencamping.dk\/wp-content\/uploads\/2025\/06\/openstreetmap-420x140.png 420w, https:\/\/vammencamping.dk\/wp-content\/uploads\/2025\/06\/openstreetmap-768x256.png 768w, https:\/\/vammencamping.dk\/wp-content\/uploads\/2025\/06\/openstreetmap.png 900w\" sizes=\"auto, (max-width: 1200px) 100vw, 1200px\" \/><\/a><\/figure>\n<\/div>\n\n\n\n<div class=\"wp-block-column is-layout-flow wp-block-column-is-layout-flow\">\n<figure class=\"wp-block-image size-large is-resized\"><a href=\"https:\/\/vcamp.dk\/h2\/gm\" target=\"_blank\" rel=\" noreferrer noopener\"><img loading=\"lazy\" decoding=\"async\" width=\"1200\" height=\"324\" src=\"https:\/\/vammencamping.dk\/wp-content\/uploads\/2025\/06\/google_maps-1200x324.png\" alt=\"\" class=\"wp-image-9364\" style=\"width:242px;height:auto\" srcset=\"https:\/\/vammencamping.dk\/wp-content\/uploads\/2025\/06\/google_maps-1200x324.png 1200w, https:\/\/vammencamping.dk\/wp-content\/uploads\/2025\/06\/google_maps-744x201.png 744w, https:\/\/vammencamping.dk\/wp-content\/uploads\/2025\/06\/google_maps-420x113.png 420w, https:\/\/vammencamping.dk\/wp-content\/uploads\/2025\/06\/google_maps-768x207.png 768w, https:\/\/vammencamping.dk\/wp-content\/uploads\/2025\/06\/google_maps.png 2048w\" sizes=\"auto, (max-width: 1200px) 100vw, 1200px\" \/><\/a><\/figure>\n<\/div>\n\n\n\n<div class=\"wp-block-column is-layout-flow wp-block-column-is-layout-flow\">\n<figure class=\"wp-block-image size-large is-resized\"><a href=\"https:\/\/vcamp.dk\/h2\/km\" target=\"_blank\" rel=\" noreferrer noopener\"><img loading=\"lazy\" decoding=\"async\" width=\"1200\" height=\"362\" src=\"https:\/\/vammencamping.dk\/wp-content\/uploads\/2025\/06\/komoot-1200x362.png\" alt=\"\" class=\"wp-image-9368\" style=\"width:241px;height:auto\" srcset=\"https:\/\/vammencamping.dk\/wp-content\/uploads\/2025\/06\/komoot-1200x362.png 1200w, https:\/\/vammencamping.dk\/wp-content\/uploads\/2025\/06\/komoot-744x224.png 744w, https:\/\/vammencamping.dk\/wp-content\/uploads\/2025\/06\/komoot-420x126.png 420w, https:\/\/vammencamping.dk\/wp-content\/uploads\/2025\/06\/komoot-768x231.png 768w, https:\/\/vammencamping.dk\/wp-content\/uploads\/2025\/06\/komoot.png 716w\" sizes=\"auto, (max-width: 1200px) 100vw, 1200px\" \/><\/a><\/figure>\n<\/div>\n<\/div>\n\n<p><\/p>\n\n<p class=\"has-text-align-left\">Length: <strong>7.3 km<\/strong><\/p>\n\n<p class=\"has-text-align-left\"><strong>Experience a beautiful route through Vammen with views of Skals \u00c5s meadows and the Ice Age landscape. The route takes you through a meltwater valley up to a distinctive Bronze Age mound &#8211; a former beaver mound in a unique location. <\/strong><\/p>\n\n<iframe loading=\"lazy\" width=\"100%\" height=\"500px\" frameborder=\"0\" allowfullscreen=\"\" allow=\"geolocation\" src=\"\/\/umap.openstreetmap.fr\/da\/map\/vammen-camping-hiking-route-2-baunehj-short_1240096?scaleControl=false&#038;miniMap=false&#038;scrollWheelZoom=false&#038;zoomControl=true&#038;editMode=disabled&#038;moreControl=true&#038;searchControl=null&#038;tilelayersControl=null&#038;embedControl=null&#038;datalayersControl=true&#038;onLoadPanel=none&#038;captionBar=false&#038;captionMenus=true\"><\/iframe><p><a href=\"\/\/umap.openstreetmap.fr\/da\/map\/vammen-camping-hiking-route-2-baunehj-short_1240096?scaleControl=false&#038;miniMap=false&#038;scrollWheelZoom=true&#038;zoomControl=true&#038;editMode=disabled&#038;moreControl=true&#038;searchControl=null&#038;tilelayersControl=null&#038;embedControl=null&#038;datalayersControl=true&#038;onLoadPanel=none&#038;captionBar=false&#038;captionMenus=true\">View in full screen<\/a><\/p>\n\n<p>Follow the camping road towards Vammen and keep left at the Y-junction.<\/p>\n\n<p>In Vammen, turn left onto Hobrovej.<\/p>\n\n<p>At the intersection by the grocery store, turn right onto N\u00f8rregade. The road leads past Forsamlingshuset on your left. <\/p>\n\n<p>Vammen Church from around 1200 has a Romanesque apse, choir and nave. The tower and porch are late Gothic additions. <\/p>\n\n<p>You now walk &#8211; still on N\u00f8rregade &#8211; through the oldest part of Vammen, Nederby, and outside the town you get a magnificent view of the vast meadows with Skals \u00c5. Here you can also see the slopes, valleys and ravines of the Ice Age landscape, which this tour also passes. <\/p>\n\n<p>Turn left on Vester K\u00e6rvej at the wastewater treatment plant. This gravel road is a communal road that leads to some smaller properties on the edge of the meadow. It is also the access road to the meadows where farmers used to fatten their cattle and where peat used to be dug. The campsite also had small meadows here. Now many of the meadows are unused, which allows for a rich bird and animal life.    <\/p>\n\n<p>A short distance along Vester K\u00e6rvej, where there is a pole with black and red markings, turn left up through a meltwater valley. Above the valley you can see a large Bronze Age mound. It is very high (56.3 meters above sea level) and was once a beaver mound.  <\/p>\n\n<p>At the T-junction, turn left onto Norupvej and follow it until it ends in Haug\u00e5rdsvej. Turn left onto Haug\u00e5rdsvej. You pass Langs\u00f8 Friskole and the road ends in N\u00f8rregade, where you turn right. At the grocery store intersection, turn left onto Hobrovej. After approx. 200 meters, turn right onto Langs\u00f8vej and follow it to the campsite.    <\/p>\n<div class=\"wp-block-image\">\n<figure class=\"aligncenter size-large is-resized\"><a href=\"https:\/\/vammencamping.dk\/wp-content\/uploads\/2025\/07\/Skaermbillede-2025-07-01-110814-1200x634.png\"><img loading=\"lazy\" decoding=\"async\" width=\"1200\" height=\"634\" src=\"https:\/\/vammencamping.dk\/wp-content\/uploads\/2025\/07\/Skaermbillede-2025-07-01-110814-1200x634.png\" alt=\"\" class=\"wp-image-9516\" style=\"width:144px\" srcset=\"https:\/\/vammencamping.dk\/wp-content\/uploads\/2025\/07\/Skaermbillede-2025-07-01-110814-1200x634.png 1200w, https:\/\/vammencamping.dk\/wp-content\/uploads\/2025\/07\/Skaermbillede-2025-07-01-110814-744x393.png 744w, https:\/\/vammencamping.dk\/wp-content\/uploads\/2025\/07\/Skaermbillede-2025-07-01-110814-420x221.png 420w, https:\/\/vammencamping.dk\/wp-content\/uploads\/2025\/07\/Skaermbillede-2025-07-01-110814-768x405.png 768w, https:\/\/vammencamping.dk\/wp-content\/uploads\/2025\/07\/Skaermbillede-2025-07-01-110814.png 1088w\" sizes=\"auto, (max-width: 1200px) 100vw, 1200px\" \/><\/a><figcaption class=\"wp-element-caption\">Click on the map to see info points<\/figcaption><\/figure>\n<\/div>\n<p><em>a) A village hall is a small town&#8217;s\/village&#8217;s shared cultural center and meeting place used for lectures, meetings, events, private or public parties, etc. There are approximately 1,000 village halls in Denmark. <\/em><\/p>\n\n<p><em>b)<\/em> <em>A beacon mound is a high point that was used from the Middle Ages until the 19th century to signal danger situations, for example from an attacking enemy. A woodpile, a beacon, was lit so that the danger signal could be seen from afar. <\/em><\/p>\n","protected":false},"excerpt":{"rendered":"<p>Length: 7.3 km Experience a beautiful route through Vammen with views of Skals \u00c5s meadows and the Ice Age landscape. The route takes you through a meltwater valley up to a distinctive Bronze Age mound &#8211; a former beaver mound in a unique location. View in full screen Follow the camping road towards Vammen and &#8230; <a class=\"read-more\" href=\"https:\/\/vammencamping.dk\/en\/hiking-route-2-baunehoej-map\/\">Read more&#8230;<\/a><\/p>\n","protected":false},"author":7,"featured_media":0,"parent":0,"menu_order":0,"comment_status":"closed","ping_status":"closed","template":"","meta":{"footnotes":""},"class_list":["post-10257","page","type-page","status-publish"],"featured_image_src":null,"_links":{"self":[{"href":"https:\/\/vammencamping.dk\/en\/wp-json\/wp\/v2\/pages\/10257","targetHints":{"allow":["GET"]}}],"collection":[{"href":"https:\/\/vammencamping.dk\/en\/wp-json\/wp\/v2\/pages"}],"about":[{"href":"https:\/\/vammencamping.dk\/en\/wp-json\/wp\/v2\/types\/page"}],"author":[{"embeddable":true,"href":"https:\/\/vammencamping.dk\/en\/wp-json\/wp\/v2\/users\/7"}],"replies":[{"embeddable":true,"href":"https:\/\/vammencamping.dk\/en\/wp-json\/wp\/v2\/comments?post=10257"}],"version-history":[{"count":3,"href":"https:\/\/vammencamping.dk\/en\/wp-json\/wp\/v2\/pages\/10257\/revisions"}],"predecessor-version":[{"id":10276,"href":"https:\/\/vammencamping.dk\/en\/wp-json\/wp\/v2\/pages\/10257\/revisions\/10276"}],"wp:attachment":[{"href":"https:\/\/vammencamping.dk\/en\/wp-json\/wp\/v2\/media?parent=10257"}],"curies":[{"name":"wp","href":"https:\/\/api.w.org\/{rel}","templated":true}]}}