{"id":10253,"date":"2025-07-07T09:37:59","date_gmt":"2025-07-07T08:37:59","guid":{"rendered":"https:\/\/vammencamping.dk\/hiking-route-11-uglhoej-and-tinghoeje\/"},"modified":"2025-07-07T09:38:01","modified_gmt":"2025-07-07T08:38:01","slug":"hiking-route-11-uglhoej-and-tinghoeje","status":"publish","type":"page","link":"https:\/\/vammencamping.dk\/en\/hiking-route-11-uglhoej-and-tinghoeje\/","title":{"rendered":"Hiking route 11 &#8211; Uglh\u00f8j and Tingh\u00f8je"},"content":{"rendered":"\n<div class=\"wp-block-columns is-layout-flex wp-container-core-columns-is-layout-9d6595d7 wp-block-columns-is-layout-flex\">\n<div class=\"wp-block-column is-layout-flow wp-block-column-is-layout-flow\">\n<figure class=\"wp-block-image size-large is-resized\"><a href=\"https:\/\/vcamp.dk\/h11\/osm\" target=\"_blank\" rel=\" noreferrer noopener\"><img loading=\"lazy\" decoding=\"async\" width=\"1200\" height=\"400\" src=\"https:\/\/vammencamping.dk\/wp-content\/uploads\/2025\/06\/openstreetmap-1200x400.png\" alt=\"\" class=\"wp-image-9358\" style=\"width:264px;height:auto\" srcset=\"https:\/\/vammencamping.dk\/wp-content\/uploads\/2025\/06\/openstreetmap-1200x400.png 1200w, https:\/\/vammencamping.dk\/wp-content\/uploads\/2025\/06\/openstreetmap-744x248.png 744w, https:\/\/vammencamping.dk\/wp-content\/uploads\/2025\/06\/openstreetmap-420x140.png 420w, https:\/\/vammencamping.dk\/wp-content\/uploads\/2025\/06\/openstreetmap-768x256.png 768w, https:\/\/vammencamping.dk\/wp-content\/uploads\/2025\/06\/openstreetmap.png 900w\" sizes=\"auto, (max-width: 1200px) 100vw, 1200px\" \/><\/a><\/figure>\n<\/div>\n\n\n\n<div class=\"wp-block-column is-layout-flow wp-block-column-is-layout-flow\">\n<figure class=\"wp-block-image size-large is-resized\"><a href=\"https:\/\/vcamp.dk\/h11\/gm\" target=\"_blank\" rel=\" noreferrer noopener\"><img loading=\"lazy\" decoding=\"async\" width=\"1200\" height=\"324\" src=\"https:\/\/vammencamping.dk\/wp-content\/uploads\/2025\/06\/google_maps-1200x324.png\" alt=\"\" class=\"wp-image-9364\" style=\"width:242px;height:auto\" srcset=\"https:\/\/vammencamping.dk\/wp-content\/uploads\/2025\/06\/google_maps-1200x324.png 1200w, https:\/\/vammencamping.dk\/wp-content\/uploads\/2025\/06\/google_maps-744x201.png 744w, https:\/\/vammencamping.dk\/wp-content\/uploads\/2025\/06\/google_maps-420x113.png 420w, https:\/\/vammencamping.dk\/wp-content\/uploads\/2025\/06\/google_maps-768x207.png 768w, https:\/\/vammencamping.dk\/wp-content\/uploads\/2025\/06\/google_maps.png 2048w\" sizes=\"auto, (max-width: 1200px) 100vw, 1200px\" \/><\/a><\/figure>\n<\/div>\n\n\n\n<div class=\"wp-block-column is-layout-flow wp-block-column-is-layout-flow\">\n<figure class=\"wp-block-image size-large is-resized\"><a href=\"https:\/\/vcamp.dk\/h11\/km\" target=\"_blank\" rel=\" noreferrer noopener\"><img loading=\"lazy\" decoding=\"async\" width=\"1200\" height=\"362\" src=\"https:\/\/vammencamping.dk\/wp-content\/uploads\/2025\/06\/komoot-1200x362.png\" alt=\"\" class=\"wp-image-9368\" style=\"width:241px;height:auto\" srcset=\"https:\/\/vammencamping.dk\/wp-content\/uploads\/2025\/06\/komoot-1200x362.png 1200w, https:\/\/vammencamping.dk\/wp-content\/uploads\/2025\/06\/komoot-744x224.png 744w, https:\/\/vammencamping.dk\/wp-content\/uploads\/2025\/06\/komoot-420x126.png 420w, https:\/\/vammencamping.dk\/wp-content\/uploads\/2025\/06\/komoot-768x231.png 768w, https:\/\/vammencamping.dk\/wp-content\/uploads\/2025\/06\/komoot.png 716w\" sizes=\"auto, (max-width: 1200px) 100vw, 1200px\" \/><\/a><\/figure>\n<\/div>\n<\/div>\n\n<p><\/p>\n\n<p class=\"has-text-align-left\">Length: <strong>11.2 km<\/strong><\/p>\n\n<p class=\"has-text-align-left\">Go on a historical hike with views of impressive passage graves and views of Tjele \u00c5dal from the distinctive burial mounds at Tingh\u00f8je. The route offers both ancient monuments and scenic panoramas &#8211; with traces of both past and modern research on the horizon. <\/p>\n\n<iframe loading=\"lazy\" width=\"100%\" height=\"500px\" frameborder=\"0\" allowfullscreen=\"\" allow=\"geolocation\" src=\"\/\/umap.openstreetmap.fr\/da\/map\/vammen-camping-hiking-route-11-tinghje_1240116?scaleControl=false&#038;miniMap=false&#038;scrollWheelZoom=false&#038;zoomControl=true&#038;editMode=disabled&#038;moreControl=true&#038;searchControl=null&#038;tilelayersControl=null&#038;embedControl=null&#038;datalayersControl=true&#038;onLoadPanel=none&#038;captionBar=false&#038;captionMenus=true\"><\/iframe><p><a href=\"\/\/umap.openstreetmap.fr\/da\/map\/vammen-camping-hiking-route-11-tinghje_1240116?scaleControl=false&#038;miniMap=false&#038;scrollWheelZoom=true&#038;zoomControl=true&#038;editMode=disabled&#038;moreControl=true&#038;searchControl=null&#038;tilelayersControl=null&#038;embedControl=null&#038;datalayersControl=true&#038;onLoadPanel=none&#038;captionBar=false&#038;captionMenus=true\">View in full screen<\/a><\/p>\n\n<p>Follow the camping road towards Vammen and keep left in the Y-junction, turn left onto Hobrovej. At the junction by the grocery store, continue straight ahead. Outside the town, a paved bike\/hiking trail starts. Follow this.   <\/p>\n\n<p>Where the road towards Tjele = S\u00f8nderupvej turns left, continue straight ahead and to the north you&#8217;ll see several passage graves. One has an accessible double chamber that with its two openings resembles the head of an owl &#8211; hence the name &#8220;Uglh\u00f8j&#8221;. <\/p>\n\n<p>You are allowed to walk to and into these on foot.<\/p>\n\n<p>Follow the purple route until it turns north shortly after &#8211; marked with a pole with purple markings &#8211; you cross Hobrovej and leave the bike path. This is shortly before the farm Tingh\u00f8jg\u00e5rd =Tingh\u00f8jvej 46. <\/p>\n\n<p>Just before that, to the south &#8211; at the Tingh\u00f8je burial mounds &#8211; there is a beautiful view down over Tjele \u00c5dal and towards Foulum Fors\u00f8gscenter.<\/p>\n\n<p>Follow the purple marked route to the farm Tingdalg\u00e5rd = Tingh\u00f8jvej 28, which you pass on the right and follow the route to the black marked route on Bedehusvej. Turn right and follow this black route to Haug\u00e5rdsvej. Turn right and go straight ahead until you reach N\u00f8rregade. Turn right and at the grocery store intersection, turn left onto Hobrovej.   <\/p>\n\n<p>After about 200 meters, turn right along Langs\u00f8vej back to the campsite.<\/p>\n<div class=\"wp-block-image\">\n<figure class=\"aligncenter size-large is-resized\"><a href=\"https:\/\/vammencamping.dk\/wp-content\/uploads\/2025\/07\/image-1200x636.png\"><img loading=\"lazy\" decoding=\"async\" width=\"1200\" height=\"636\" src=\"https:\/\/vammencamping.dk\/wp-content\/uploads\/2025\/07\/image-1200x636.png\" alt=\"\" class=\"wp-image-9579\" style=\"width:144px\" srcset=\"https:\/\/vammencamping.dk\/wp-content\/uploads\/2025\/07\/image-1200x636.png 1200w, https:\/\/vammencamping.dk\/wp-content\/uploads\/2025\/07\/image-744x394.png 744w, https:\/\/vammencamping.dk\/wp-content\/uploads\/2025\/07\/image-420x222.png 420w, https:\/\/vammencamping.dk\/wp-content\/uploads\/2025\/07\/image-768x407.png 768w, https:\/\/vammencamping.dk\/wp-content\/uploads\/2025\/07\/image.png 722w\" sizes=\"auto, (max-width: 1200px) 100vw, 1200px\" \/><\/a><figcaption class=\"wp-element-caption\">Click on the map to see info points<\/figcaption><\/figure>\n<\/div>\n<p>a)  <em>Foulum Experimental Center is a research and development center and part of Aarhus University. Research within food, agriculture, plants, ecology, bioenergy, environment, climate, soil, genetics and technology. <\/em><\/p>\n","protected":false},"excerpt":{"rendered":"<p>Length: 11.2 km Go on a historical hike with views of impressive passage graves and views of Tjele \u00c5dal from the distinctive burial mounds at Tingh\u00f8je. The route offers both ancient monuments and scenic panoramas &#8211; with traces of both past and modern research on the horizon. View in full screen Follow the camping road &#8230; <a class=\"read-more\" href=\"https:\/\/vammencamping.dk\/en\/hiking-route-11-uglhoej-and-tinghoeje\/\">Read more&#8230;<\/a><\/p>\n","protected":false},"author":7,"featured_media":0,"parent":0,"menu_order":0,"comment_status":"closed","ping_status":"closed","template":"","meta":{"footnotes":""},"class_list":["post-10253","page","type-page","status-publish"],"featured_image_src":null,"_links":{"self":[{"href":"https:\/\/vammencamping.dk\/en\/wp-json\/wp\/v2\/pages\/10253","targetHints":{"allow":["GET"]}}],"collection":[{"href":"https:\/\/vammencamping.dk\/en\/wp-json\/wp\/v2\/pages"}],"about":[{"href":"https:\/\/vammencamping.dk\/en\/wp-json\/wp\/v2\/types\/page"}],"author":[{"embeddable":true,"href":"https:\/\/vammencamping.dk\/en\/wp-json\/wp\/v2\/users\/7"}],"replies":[{"embeddable":true,"href":"https:\/\/vammencamping.dk\/en\/wp-json\/wp\/v2\/comments?post=10253"}],"version-history":[{"count":1,"href":"https:\/\/vammencamping.dk\/en\/wp-json\/wp\/v2\/pages\/10253\/revisions"}],"predecessor-version":[{"id":10254,"href":"https:\/\/vammencamping.dk\/en\/wp-json\/wp\/v2\/pages\/10253\/revisions\/10254"}],"wp:attachment":[{"href":"https:\/\/vammencamping.dk\/en\/wp-json\/wp\/v2\/media?parent=10253"}],"curies":[{"name":"wp","href":"https:\/\/api.w.org\/{rel}","templated":true}]}}