{"id":9753,"date":"2025-07-03T12:03:31","date_gmt":"2025-07-03T11:03:31","guid":{"rendered":"https:\/\/vammencamping.dk\/radtour-12-verlassene-eisenbahnstrecke-westen\/"},"modified":"2025-07-03T12:03:33","modified_gmt":"2025-07-03T11:03:33","slug":"radtour-12-verlassene-eisenbahnstrecke-westen","status":"publish","type":"page","link":"https:\/\/vammencamping.dk\/de\/radtour-12-verlassene-eisenbahnstrecke-westen\/","title":{"rendered":"Radtour 12 &#8211; Verlassene Eisenbahnstrecke (Westen)"},"content":{"rendered":"\n<div class=\"wp-block-columns is-layout-flex wp-container-core-columns-is-layout-9d6595d7 wp-block-columns-is-layout-flex\">\n<div class=\"wp-block-column is-layout-flow wp-block-column-is-layout-flow\">\n<figure class=\"wp-block-image size-large is-resized\"><a href=\"https:\/\/vcamp.dk\/c12\/osm\" target=\"_blank\" rel=\" noreferrer noopener\"><img loading=\"lazy\" decoding=\"async\" width=\"1200\" height=\"400\" src=\"https:\/\/vammencamping.dk\/wp-content\/uploads\/2025\/06\/openstreetmap-1200x400.png\" alt=\"\" class=\"wp-image-9358\" style=\"width:264px;height:auto\" srcset=\"https:\/\/vammencamping.dk\/wp-content\/uploads\/2025\/06\/openstreetmap-1200x400.png 1200w, https:\/\/vammencamping.dk\/wp-content\/uploads\/2025\/06\/openstreetmap-744x248.png 744w, https:\/\/vammencamping.dk\/wp-content\/uploads\/2025\/06\/openstreetmap-420x140.png 420w, https:\/\/vammencamping.dk\/wp-content\/uploads\/2025\/06\/openstreetmap-768x256.png 768w, https:\/\/vammencamping.dk\/wp-content\/uploads\/2025\/06\/openstreetmap.png 900w\" sizes=\"auto, (max-width: 1200px) 100vw, 1200px\" \/><\/a><\/figure>\n<\/div>\n\n\n\n<div class=\"wp-block-column is-layout-flow wp-block-column-is-layout-flow\">\n<figure class=\"wp-block-image size-large is-resized\"><a href=\"https:\/\/vcamp.dk\/c12\/gm\" target=\"_blank\" rel=\" noreferrer noopener\"><img loading=\"lazy\" decoding=\"async\" width=\"1200\" height=\"324\" src=\"https:\/\/vammencamping.dk\/wp-content\/uploads\/2025\/06\/google_maps-1200x324.png\" alt=\"\" class=\"wp-image-9364\" style=\"width:242px;height:auto\" srcset=\"https:\/\/vammencamping.dk\/wp-content\/uploads\/2025\/06\/google_maps-1200x324.png 1200w, https:\/\/vammencamping.dk\/wp-content\/uploads\/2025\/06\/google_maps-744x201.png 744w, https:\/\/vammencamping.dk\/wp-content\/uploads\/2025\/06\/google_maps-420x113.png 420w, https:\/\/vammencamping.dk\/wp-content\/uploads\/2025\/06\/google_maps-768x207.png 768w, https:\/\/vammencamping.dk\/wp-content\/uploads\/2025\/06\/google_maps.png 2048w\" sizes=\"auto, (max-width: 1200px) 100vw, 1200px\" \/><\/a><\/figure>\n<\/div>\n\n\n\n<div class=\"wp-block-column is-layout-flow wp-block-column-is-layout-flow\">\n<figure class=\"wp-block-image size-large is-resized\"><a href=\"https:\/\/vcamp.dk\/c12\/bm\" target=\"_blank\" rel=\" noreferrer noopener\"><img loading=\"lazy\" decoding=\"async\" width=\"1200\" height=\"295\" src=\"https:\/\/vammencamping.dk\/wp-content\/uploads\/2025\/06\/bikemap-1200x295.png\" alt=\"\" class=\"wp-image-9440\" style=\"width:242px\" srcset=\"https:\/\/vammencamping.dk\/wp-content\/uploads\/2025\/06\/bikemap-1200x295.png 1200w, https:\/\/vammencamping.dk\/wp-content\/uploads\/2025\/06\/bikemap-744x183.png 744w, https:\/\/vammencamping.dk\/wp-content\/uploads\/2025\/06\/bikemap-420x103.png 420w, https:\/\/vammencamping.dk\/wp-content\/uploads\/2025\/06\/bikemap-768x189.png 768w, https:\/\/vammencamping.dk\/wp-content\/uploads\/2025\/06\/bikemap.png 642w\" sizes=\"auto, (max-width: 1200px) 100vw, 1200px\" \/><\/a><\/figure>\n<\/div>\n\n\n\n<div class=\"wp-block-column is-layout-flow wp-block-column-is-layout-flow\">\n<figure class=\"wp-block-image size-large is-resized\"><a href=\"https:\/\/vcamp.dk\/c12\/km\" target=\"_blank\" rel=\" noreferrer noopener\"><img loading=\"lazy\" decoding=\"async\" width=\"1200\" height=\"362\" src=\"https:\/\/vammencamping.dk\/wp-content\/uploads\/2025\/06\/komoot-1200x362.png\" alt=\"\" class=\"wp-image-9368\" style=\"width:241px;height:auto\" srcset=\"https:\/\/vammencamping.dk\/wp-content\/uploads\/2025\/06\/komoot-1200x362.png 1200w, https:\/\/vammencamping.dk\/wp-content\/uploads\/2025\/06\/komoot-744x224.png 744w, https:\/\/vammencamping.dk\/wp-content\/uploads\/2025\/06\/komoot-420x126.png 420w, https:\/\/vammencamping.dk\/wp-content\/uploads\/2025\/06\/komoot-768x231.png 768w, https:\/\/vammencamping.dk\/wp-content\/uploads\/2025\/06\/komoot.png 716w\" sizes=\"auto, (max-width: 1200px) 100vw, 1200px\" \/><\/a><\/figure>\n<\/div>\n<\/div>\n\n<p class=\"has-text-align-left\">L\u00e4nge: <strong>33 km<\/strong><\/p>\n\n<p class=\"has-text-align-left\">Eine entspannte Radtour entlang einer stillgelegten Bahnstrecke durch das N\u00f8rre\u00e5-Tal und gem\u00fctliche D\u00f6rfer. Entdecke Natur, Geschichte und Aussichten \u00fcber H\u00fcgel und Flusst\u00e4ler. <\/p>\n\n<iframe loading=\"lazy\" width=\"100%\" height=\"500px\" frameborder=\"0\" allowfullscreen=\"\" allow=\"geolocation\" src=\"\/\/umap.openstreetmap.fr\/da\/map\/vammen-camping-bicycle-route-12-old-railway-track-_1240091?scaleControl=false&#038;miniMap=false&#038;scrollWheelZoom=false&#038;zoomControl=true&#038;editMode=disabled&#038;moreControl=true&#038;searchControl=null&#038;tilelayersControl=null&#038;embedControl=null&#038;datalayersControl=true&#038;onLoadPanel=none&#038;captionBar=false&#038;captionMenus=true\"><\/iframe><p><a href=\"\/\/umap.openstreetmap.fr\/da\/map\/vammen-camping-bicycle-route-12-old-railway-track-_1240091?scaleControl=false&#038;miniMap=false&#038;scrollWheelZoom=true&#038;zoomControl=true&#038;editMode=disabled&#038;moreControl=true&#038;searchControl=null&#038;tilelayersControl=null&#038;embedControl=null&#038;datalayersControl=true&#038;onLoadPanel=none&#038;captionBar=false&#038;captionMenus=true\">Im Vollbild anzeigen<\/a><\/p>\n\n<p>tarten Sie vom Campingplatz aus und fahren Sie nach Vammen. Biegen Sie links in Richtung Viborg ab und fahren Sie geradeaus \u00fcber die Kreuzung. Wechseln Sie auf den Radweg. Nach etwa 4 km biegen Sie unmittelbar nach einem Bauernhof links auf den Feldweg Klarisg\u00e5rdsvej ab. Ab Klarisg\u00e5rd ist die Stra\u00dfe asphaltiert \u2013 fahren Sie geradeaus weiter und folgen Sie der Stra\u00dfe an der Kreuzung. An der n\u00e4chsten T-Kreuzung biegen Sie links auf den Ingstrupvej ab und \u00fcberqueren den Bach M\u00f8lleb\u00e6k. An der n\u00e4chsten T-Kreuzung biegen Sie rechts auf den F\u00e6dalh\u00f8jvej in Richtung des ausgeschilderten Kokholm 1 ab. Auf der rechten Seite befindet sich eine ehemalige Schule \u2013 fahren Sie geradeaus weiter, vorbei am alten Missionshaus \u201eFredebo\u201c, am See Vans\u00f8 und auf dem F\u00e6dalh\u00f8jvej bis zur Autobahn 16.       <\/p>\n\n<p>Am Futtermittelgesch\u00e4ft \u00fcberqueren Sie die Autobahn 16 nach rechts und unmittelbar danach nach links und fahren links weiter auf dem Taphedevej in Richtung des ausgeschilderten Tapdrup 3. An der T-Kreuzung in Tapdrup biegen Sie rechts ab, vorbei am Lebensmittelgesch\u00e4ft (Brugsen) und der Kirche. Nach etwa 150 Metern biegen Sie links auf den Stationsvej ab. <\/p>\n\n<p>Die stillgelegte Eisenbahnstrecke wurde zu einem Radweg umgebaut. Folgen Sie diesem nach links in Richtung des ausgeschilderten Vejrumbro 4. An einem Bauernhof in Vejrumbro, wo der Weg endet, biegen Sie links und dann sofort rechts auf den Hovedgaden ab. Biegen Sie dann erneut rechts auf den \u00d8stervangsvej in Richtung des ausgeschilderten Viskum 2 ab. Am Viskum Manor und der Viskum Church biegen Sie links auf den F\u00e5rdalvej in Richtung des ausgeschilderten \u00d8rum 4 und Velds ab. Machen Sie unterwegs eine Pause, um die Aussicht \u00fcber \u00d8 Bakker und das N\u00f8rre\u00e5-Tal zu genie\u00dfen.  <\/p>\n\n<p>In Velds biegen Sie links auf den Velds Husevej in Richtung Autobahn 16 ab. An der Autobahn fahren Sie etwa 30 Meter nach rechts und biegen dann links auf den Burreh\u00f8jvej in Richtung Foulum ab. Die Abteilung DCA = D\u00e4nisches Zentrum f\u00fcr Ern\u00e4hrung und Landwirtschaft der Universit\u00e4t Aarhus befindet sich auf der linken Seite. In Foulum folgen Sie der asphaltierten Stra\u00dfe vorbei an der alten Schule bis zu einer T-Kreuzung. Biegen Sie rechts auf den Hobrovej ab und fahren Sie an der Gemeindhalle vorbei (jedes d\u00e4nische Dorf hat eine f\u00fcr Familienfeiern und Veranstaltungen).     <\/p>\n\n<p>Biegen Sie den H\u00fcgel hinunter links auf den Foulumdalvej in Richtung des ausgeschilderten Vammen 4 ab. An der T-Kreuzung \u2013 von hier aus k\u00f6nnen Sie bereits den Campingplatz und den Tjele-See sehen \u2013 biegen Sie links in Richtung Vammen ab. \u00dcberqueren Sie den Bach und halten Sie sich rechts in Richtung Vammen. In Vammen befindet sich das Pflegeheim (Pensionistg\u00e5rden) auf der linken Seite. An der Kreuzung biegen Sie rechts in Richtung Campingplatz ab. Nehmen Sie entweder den Langs\u00f8vej oder den Bygmarksvej \u2013 beide f\u00fchren zum Campingplatz.    <\/p>\n","protected":false},"excerpt":{"rendered":"<p>L\u00e4nge: 33 km Eine entspannte Radtour entlang einer stillgelegten Bahnstrecke durch das N\u00f8rre\u00e5-Tal und gem\u00fctliche D\u00f6rfer. Entdecke Natur, Geschichte und Aussichten \u00fcber H\u00fcgel und Flusst\u00e4ler. Im Vollbild anzeigen tarten Sie vom Campingplatz aus und fahren Sie nach Vammen. Biegen Sie links in Richtung Viborg ab und fahren Sie geradeaus \u00fcber die Kreuzung. Wechseln Sie auf &#8230; <a class=\"read-more\" href=\"https:\/\/vammencamping.dk\/de\/radtour-12-verlassene-eisenbahnstrecke-westen\/\">Read more&#8230;<\/a><\/p>\n","protected":false},"author":7,"featured_media":0,"parent":0,"menu_order":0,"comment_status":"closed","ping_status":"closed","template":"","meta":{"footnotes":""},"class_list":["post-9753","page","type-page","status-publish"],"featured_image_src":null,"_links":{"self":[{"href":"https:\/\/vammencamping.dk\/de\/wp-json\/wp\/v2\/pages\/9753","targetHints":{"allow":["GET"]}}],"collection":[{"href":"https:\/\/vammencamping.dk\/de\/wp-json\/wp\/v2\/pages"}],"about":[{"href":"https:\/\/vammencamping.dk\/de\/wp-json\/wp\/v2\/types\/page"}],"author":[{"embeddable":true,"href":"https:\/\/vammencamping.dk\/de\/wp-json\/wp\/v2\/users\/7"}],"replies":[{"embeddable":true,"href":"https:\/\/vammencamping.dk\/de\/wp-json\/wp\/v2\/comments?post=9753"}],"version-history":[{"count":1,"href":"https:\/\/vammencamping.dk\/de\/wp-json\/wp\/v2\/pages\/9753\/revisions"}],"predecessor-version":[{"id":9754,"href":"https:\/\/vammencamping.dk\/de\/wp-json\/wp\/v2\/pages\/9753\/revisions\/9754"}],"wp:attachment":[{"href":"https:\/\/vammencamping.dk\/de\/wp-json\/wp\/v2\/media?parent=9753"}],"curies":[{"name":"wp","href":"https:\/\/api.w.org\/{rel}","templated":true}]}}