{"id":9749,"date":"2025-07-03T11:58:54","date_gmt":"2025-07-03T10:58:54","guid":{"rendered":"https:\/\/vammencamping.dk\/radtour-11-oe-bakker\/"},"modified":"2025-07-03T11:58:56","modified_gmt":"2025-07-03T10:58:56","slug":"radtour-11-oe-bakker","status":"publish","type":"page","link":"https:\/\/vammencamping.dk\/de\/radtour-11-oe-bakker\/","title":{"rendered":"Radtour 11 &#8211; \u00d8 Bakker"},"content":{"rendered":"\n<div class=\"wp-block-columns is-layout-flex wp-container-core-columns-is-layout-9d6595d7 wp-block-columns-is-layout-flex\">\n<div class=\"wp-block-column is-layout-flow wp-block-column-is-layout-flow\">\n<figure class=\"wp-block-image size-large is-resized\"><a href=\"https:\/\/vcamp.dk\/c11\/osm\" target=\"_blank\" rel=\" noreferrer noopener\"><img loading=\"lazy\" decoding=\"async\" width=\"1200\" height=\"400\" src=\"https:\/\/vammencamping.dk\/wp-content\/uploads\/2025\/06\/openstreetmap-1200x400.png\" alt=\"\" class=\"wp-image-9358\" style=\"width:264px;height:auto\" srcset=\"https:\/\/vammencamping.dk\/wp-content\/uploads\/2025\/06\/openstreetmap-1200x400.png 1200w, https:\/\/vammencamping.dk\/wp-content\/uploads\/2025\/06\/openstreetmap-744x248.png 744w, https:\/\/vammencamping.dk\/wp-content\/uploads\/2025\/06\/openstreetmap-420x140.png 420w, https:\/\/vammencamping.dk\/wp-content\/uploads\/2025\/06\/openstreetmap-768x256.png 768w, https:\/\/vammencamping.dk\/wp-content\/uploads\/2025\/06\/openstreetmap.png 900w\" sizes=\"auto, (max-width: 1200px) 100vw, 1200px\" \/><\/a><\/figure>\n<\/div>\n\n\n\n<div class=\"wp-block-column is-layout-flow wp-block-column-is-layout-flow\">\n<figure class=\"wp-block-image size-large is-resized\"><a href=\"https:\/\/vcamp.dk\/c11\/gm\" target=\"_blank\" rel=\" noreferrer noopener\"><img loading=\"lazy\" decoding=\"async\" width=\"1200\" height=\"324\" src=\"https:\/\/vammencamping.dk\/wp-content\/uploads\/2025\/06\/google_maps-1200x324.png\" alt=\"\" class=\"wp-image-9364\" style=\"width:242px;height:auto\" srcset=\"https:\/\/vammencamping.dk\/wp-content\/uploads\/2025\/06\/google_maps-1200x324.png 1200w, https:\/\/vammencamping.dk\/wp-content\/uploads\/2025\/06\/google_maps-744x201.png 744w, https:\/\/vammencamping.dk\/wp-content\/uploads\/2025\/06\/google_maps-420x113.png 420w, https:\/\/vammencamping.dk\/wp-content\/uploads\/2025\/06\/google_maps-768x207.png 768w, https:\/\/vammencamping.dk\/wp-content\/uploads\/2025\/06\/google_maps.png 2048w\" sizes=\"auto, (max-width: 1200px) 100vw, 1200px\" \/><\/a><\/figure>\n<\/div>\n\n\n\n<div class=\"wp-block-column is-layout-flow wp-block-column-is-layout-flow\">\n<figure class=\"wp-block-image size-large is-resized\"><a href=\"https:\/\/vcamp.dk\/c11\/bm\" target=\"_blank\" rel=\" noreferrer noopener\"><img loading=\"lazy\" decoding=\"async\" width=\"1200\" height=\"295\" src=\"https:\/\/vammencamping.dk\/wp-content\/uploads\/2025\/06\/bikemap-1200x295.png\" alt=\"\" class=\"wp-image-9440\" style=\"width:242px\" srcset=\"https:\/\/vammencamping.dk\/wp-content\/uploads\/2025\/06\/bikemap-1200x295.png 1200w, https:\/\/vammencamping.dk\/wp-content\/uploads\/2025\/06\/bikemap-744x183.png 744w, https:\/\/vammencamping.dk\/wp-content\/uploads\/2025\/06\/bikemap-420x103.png 420w, https:\/\/vammencamping.dk\/wp-content\/uploads\/2025\/06\/bikemap-768x189.png 768w, https:\/\/vammencamping.dk\/wp-content\/uploads\/2025\/06\/bikemap.png 642w\" sizes=\"auto, (max-width: 1200px) 100vw, 1200px\" \/><\/a><\/figure>\n<\/div>\n\n\n\n<div class=\"wp-block-column is-layout-flow wp-block-column-is-layout-flow\">\n<figure class=\"wp-block-image size-large is-resized\"><a href=\"https:\/\/vcamp.dk\/c11\/km\" target=\"_blank\" rel=\" noreferrer noopener\"><img loading=\"lazy\" decoding=\"async\" width=\"1200\" height=\"362\" src=\"https:\/\/vammencamping.dk\/wp-content\/uploads\/2025\/06\/komoot-1200x362.png\" alt=\"\" class=\"wp-image-9368\" style=\"width:241px;height:auto\" srcset=\"https:\/\/vammencamping.dk\/wp-content\/uploads\/2025\/06\/komoot-1200x362.png 1200w, https:\/\/vammencamping.dk\/wp-content\/uploads\/2025\/06\/komoot-744x224.png 744w, https:\/\/vammencamping.dk\/wp-content\/uploads\/2025\/06\/komoot-420x126.png 420w, https:\/\/vammencamping.dk\/wp-content\/uploads\/2025\/06\/komoot-768x231.png 768w, https:\/\/vammencamping.dk\/wp-content\/uploads\/2025\/06\/komoot.png 716w\" sizes=\"auto, (max-width: 1200px) 100vw, 1200px\" \/><\/a><\/figure>\n<\/div>\n<\/div>\n\n<p class=\"has-text-align-left\">L\u00e4nge: <strong>31 km<\/strong><\/p>\n\n<p class=\"has-text-align-left\">Erlebe die Heideh\u00fcgel von \u00d8 Bakker auf einer Radtour mit Aussicht, Geschichte und gesch\u00fctzten Grabh\u00fcgeln. Die Route bietet H\u00fcgel, T\u00e4ler und stillgelegte Bahntrassen in sch\u00f6ner Natur. <\/p>\n\n<iframe loading=\"lazy\" width=\"100%\" height=\"500px\" frameborder=\"0\" allowfullscreen=\"\" allow=\"geolocation\" src=\"\/\/umap.openstreetmap.fr\/da\/map\/vammen-camping-bicycle-route-11-heath_1240089?scaleControl=false&#038;miniMap=false&#038;scrollWheelZoom=false&#038;zoomControl=true&#038;editMode=disabled&#038;moreControl=true&#038;searchControl=null&#038;tilelayersControl=null&#038;embedControl=null&#038;datalayersControl=true&#038;onLoadPanel=none&#038;captionBar=false&#038;captionMenus=true\"><\/iframe><p><a href=\"\/\/umap.openstreetmap.fr\/da\/map\/vammen-camping-bicycle-route-11-heath_1240089?scaleControl=false&#038;miniMap=false&#038;scrollWheelZoom=true&#038;zoomControl=true&#038;editMode=disabled&#038;moreControl=true&#038;searchControl=null&#038;tilelayersControl=null&#038;embedControl=null&#038;datalayersControl=true&#038;onLoadPanel=none&#038;captionBar=false&#038;captionMenus=true\">Im Vollbild anzeigen<\/a><\/p>\n\n<p>Starten Sie am Campingplatz und biegen Sie in Vammen links in die Hobrovej ein. Fahren Sie bis zur asphaltierten Stra\u00dfe in Vammen. An der Kreuzung biegen Sie erneut links in die Tjele M\u00f8llevej in Richtung Tjele ein. Halten Sie sich links und \u00fcberqueren Sie den Tjele \u00c5 (Bach), dann fahren Sie den H\u00fcgel hinauf. Oben angekommen, biegen Sie rechts in die Foulumdalvej in Richtung Foulum 1 ein. Von hier aus haben Sie eine wundersch\u00f6ne Aussicht \u2013 aber Vorsicht, die Stra\u00dfe f\u00fchrt steil hinunter nach Formyre.   <\/p>\n\n<p>An der T-Kreuzung biegen Sie rechts auf die Stra\u00dfe 517 in Richtung Viborg ab. In Foulum gibt es einen idyllischen L\u00f6schteich \u2013 hier biegen Sie links auf den Burreh\u00f8jvej in Richtung Velds 4 ab. Fahren Sie am Sportplatz und der alten Schule vorbei, folgen Sie der asphaltierten Stra\u00dfe und schauen Sie nach rechts: AU = Universit\u00e4t Aarhus \u2013 dieser Teil ist DCA = D\u00e4nisches Zentrum f\u00fcr Ern\u00e4hrung und Landwirtschaft. <\/p>\n\n<p>An der T-Kreuzung mit der Stra\u00dfe 16 biegen Sie rechts ab in Richtung Viborg und nach etwa 30 m links auf den Velds Husevej in Richtung Velds 1 und \u00d8 Bakker. An der T-Kreuzung in Velds biegen Sie links ab. Nach dem Schild \u00d8 Bakker biegen Sie nach 30 m rechts ab auf \u00d8by 3 und \u00d8 Bakker (Rydalsvej). Die Stra\u00dfe schl\u00e4ngelt sich bergab. \u00dcberqueren Sie eine Wiese und den n\u00f6rdlichen Teil des Flusses N\u00f8rre. Von hier aus genie\u00dfen Sie die Aussicht \u00fcber \u00d8 Bakker und die mit Heidekraut bewachsenen H\u00fcgel.    <\/p>\n\n<p>Auf dem Parkplatz finden Sie eine Karte von \u00d8 Bakker, und von hier aus gelangen Sie \u00fcber einen markierten Weg zu den H\u00fcgeln. Fahren Sie weiter bis zur n\u00e4chsten T-Kreuzung. Wenn Sie links in Richtung \u00d8by 1 abbiegen, erreichen Sie das kleine Dorf \u2013 da es sich jedoch um eine Sackgasse handelt, m\u00fcssen Sie umkehren.   <\/p>\n\n<p>Biegen Sie stattdessen rechts auf den \u00d8stervangsvej in Richtung Vejrumbro 4 ab. Genie\u00dfen Sie die sch\u00f6ne Aussicht \u00fcber den s\u00fcdlichen Teil des N\u00f8rre\u00e5-Tals. An der Kreuzung fahren Sie geradeaus weiter in Richtung Vejrumbro 4 und Viskum 2. Nach etwa 20 m biegen Sie rechts auf eine stillgelegte Eisenbahnstrecke ab, die nur zu Fu\u00df oder mit dem Fahrrad befahrbar ist. Es wird empfohlen, zu parken und 1\u20132 km zu Fu\u00df zu gehen. Dieser Teil der stillgelegten Eisenbahnstrecke verl\u00e4uft entlang eines erh\u00f6hten Damms mit Panoramablick auf das N\u00f8rre\u00e5-Tal. Er f\u00fchrt durch Schluchten und \u00fcber eine alte Br\u00fccke. Kehren Sie anschlie\u00dfend zur Hauptstra\u00dfe zur\u00fcck.    <\/p>\n\n<p>Biegen Sie stattdessen rechts ab und biegen Sie im Dorf Over Viskum erneut rechts ab in Richtung Stra\u00dfe 16. Biegen Sie am gelben Schulhaus (heute eine Schnaps- und Blumenwerkstatt) links ab auf den Over Viskumvej. \u00dcberqueren Sie die Stra\u00dfe 16 und nach etwa 100 m auch den Hobro Landevej in Richtung R\u00f8dding. <\/p>\n\n<p>Folgen Sie der asphaltierten Stra\u00dfe bis zu einer T-Kreuzung und biegen Sie rechts ab auf den Ingstrupvej in Richtung R\u00f8dding. Nach 300 m biegen Sie rechts auf den Klarisg\u00e5rdsvej ab.<\/p>\n\n<p>Nach etwa 500 m folgen Sie der asphaltierten Stra\u00dfe links in der Kurve. Nach weiteren 500 m endet der Asphalt und der Meldg\u00e5rdsvej biegt nach links ab \u2013 fahren Sie geradeaus weiter auf der Schotterstra\u00dfe (Klarisg\u00e5rdvej). Entlang der Strecke sind mehrere Grabh\u00fcgel zu sehen, die seit \u00fcber einem Jahrhundert unter d\u00e4nischem Naturschutz stehen.   <\/p>\n\n<p>An der T-Kreuzung biegen Sie rechts auf den Radweg ab und fahren geradeaus weiter bis zum Camping-Schild kurz hinter Vammen. Biegen Sie rechts auf den Bygmarksvej ab und kehren Sie zum Campingplatz zur\u00fcck. <\/p>\n","protected":false},"excerpt":{"rendered":"<p>L\u00e4nge: 31 km Erlebe die Heideh\u00fcgel von \u00d8 Bakker auf einer Radtour mit Aussicht, Geschichte und gesch\u00fctzten Grabh\u00fcgeln. Die Route bietet H\u00fcgel, T\u00e4ler und stillgelegte Bahntrassen in sch\u00f6ner Natur. Im Vollbild anzeigen Starten Sie am Campingplatz und biegen Sie in Vammen links in die Hobrovej ein. Fahren Sie bis zur asphaltierten Stra\u00dfe in Vammen. An &#8230; <a class=\"read-more\" href=\"https:\/\/vammencamping.dk\/de\/radtour-11-oe-bakker\/\">Read more&#8230;<\/a><\/p>\n","protected":false},"author":7,"featured_media":0,"parent":0,"menu_order":0,"comment_status":"closed","ping_status":"closed","template":"","meta":{"footnotes":""},"class_list":["post-9749","page","type-page","status-publish"],"featured_image_src":null,"_links":{"self":[{"href":"https:\/\/vammencamping.dk\/de\/wp-json\/wp\/v2\/pages\/9749","targetHints":{"allow":["GET"]}}],"collection":[{"href":"https:\/\/vammencamping.dk\/de\/wp-json\/wp\/v2\/pages"}],"about":[{"href":"https:\/\/vammencamping.dk\/de\/wp-json\/wp\/v2\/types\/page"}],"author":[{"embeddable":true,"href":"https:\/\/vammencamping.dk\/de\/wp-json\/wp\/v2\/users\/7"}],"replies":[{"embeddable":true,"href":"https:\/\/vammencamping.dk\/de\/wp-json\/wp\/v2\/comments?post=9749"}],"version-history":[{"count":1,"href":"https:\/\/vammencamping.dk\/de\/wp-json\/wp\/v2\/pages\/9749\/revisions"}],"predecessor-version":[{"id":9750,"href":"https:\/\/vammencamping.dk\/de\/wp-json\/wp\/v2\/pages\/9749\/revisions\/9750"}],"wp:attachment":[{"href":"https:\/\/vammencamping.dk\/de\/wp-json\/wp\/v2\/media?parent=9749"}],"curies":[{"name":"wp","href":"https:\/\/api.w.org\/{rel}","templated":true}]}}