{"id":9745,"date":"2025-07-03T11:51:43","date_gmt":"2025-07-03T10:51:43","guid":{"rendered":"https:\/\/vammencamping.dk\/radtour-10-verlassene-eisenbahnstrecke-ost\/"},"modified":"2025-07-03T11:51:45","modified_gmt":"2025-07-03T10:51:45","slug":"radtour-10-verlassene-eisenbahnstrecke-ost","status":"publish","type":"page","link":"https:\/\/vammencamping.dk\/de\/radtour-10-verlassene-eisenbahnstrecke-ost\/","title":{"rendered":"Radtour 10 &#8211; Verlassene Eisenbahnstrecke Ost"},"content":{"rendered":"\n<div class=\"wp-block-columns is-layout-flex wp-container-core-columns-is-layout-9d6595d7 wp-block-columns-is-layout-flex\">\n<div class=\"wp-block-column is-layout-flow wp-block-column-is-layout-flow\">\n<figure class=\"wp-block-image size-large is-resized\"><a href=\"https:\/\/vcamp.dk\/c10\/osm\" target=\"_blank\" rel=\" noreferrer noopener\"><img loading=\"lazy\" decoding=\"async\" width=\"1200\" height=\"400\" src=\"https:\/\/vammencamping.dk\/wp-content\/uploads\/2025\/06\/openstreetmap-1200x400.png\" alt=\"\" class=\"wp-image-9358\" style=\"width:264px;height:auto\" srcset=\"https:\/\/vammencamping.dk\/wp-content\/uploads\/2025\/06\/openstreetmap-1200x400.png 1200w, https:\/\/vammencamping.dk\/wp-content\/uploads\/2025\/06\/openstreetmap-744x248.png 744w, https:\/\/vammencamping.dk\/wp-content\/uploads\/2025\/06\/openstreetmap-420x140.png 420w, https:\/\/vammencamping.dk\/wp-content\/uploads\/2025\/06\/openstreetmap-768x256.png 768w, https:\/\/vammencamping.dk\/wp-content\/uploads\/2025\/06\/openstreetmap.png 900w\" sizes=\"auto, (max-width: 1200px) 100vw, 1200px\" \/><\/a><\/figure>\n<\/div>\n\n\n\n<div class=\"wp-block-column is-layout-flow wp-block-column-is-layout-flow\">\n<figure class=\"wp-block-image size-large is-resized\"><a href=\"https:\/\/vcamp.dk\/c10\/gm\" target=\"_blank\" rel=\" noreferrer noopener\"><img loading=\"lazy\" decoding=\"async\" width=\"1200\" height=\"324\" src=\"https:\/\/vammencamping.dk\/wp-content\/uploads\/2025\/06\/google_maps-1200x324.png\" alt=\"\" class=\"wp-image-9364\" style=\"width:242px;height:auto\" srcset=\"https:\/\/vammencamping.dk\/wp-content\/uploads\/2025\/06\/google_maps-1200x324.png 1200w, https:\/\/vammencamping.dk\/wp-content\/uploads\/2025\/06\/google_maps-744x201.png 744w, https:\/\/vammencamping.dk\/wp-content\/uploads\/2025\/06\/google_maps-420x113.png 420w, https:\/\/vammencamping.dk\/wp-content\/uploads\/2025\/06\/google_maps-768x207.png 768w, https:\/\/vammencamping.dk\/wp-content\/uploads\/2025\/06\/google_maps.png 2048w\" sizes=\"auto, (max-width: 1200px) 100vw, 1200px\" \/><\/a><\/figure>\n<\/div>\n\n\n\n<div class=\"wp-block-column is-layout-flow wp-block-column-is-layout-flow\">\n<figure class=\"wp-block-image size-large is-resized\"><a href=\"https:\/\/vcamp.dk\/c10\/bm\" target=\"_blank\" rel=\" noreferrer noopener\"><img loading=\"lazy\" decoding=\"async\" width=\"1200\" height=\"295\" src=\"https:\/\/vammencamping.dk\/wp-content\/uploads\/2025\/06\/bikemap-1200x295.png\" alt=\"\" class=\"wp-image-9440\" style=\"width:242px\" srcset=\"https:\/\/vammencamping.dk\/wp-content\/uploads\/2025\/06\/bikemap-1200x295.png 1200w, https:\/\/vammencamping.dk\/wp-content\/uploads\/2025\/06\/bikemap-744x183.png 744w, https:\/\/vammencamping.dk\/wp-content\/uploads\/2025\/06\/bikemap-420x103.png 420w, https:\/\/vammencamping.dk\/wp-content\/uploads\/2025\/06\/bikemap-768x189.png 768w, https:\/\/vammencamping.dk\/wp-content\/uploads\/2025\/06\/bikemap.png 642w\" sizes=\"auto, (max-width: 1200px) 100vw, 1200px\" \/><\/a><\/figure>\n<\/div>\n\n\n\n<div class=\"wp-block-column is-layout-flow wp-block-column-is-layout-flow\">\n<figure class=\"wp-block-image size-large is-resized\"><a href=\"https:\/\/vcamp.dk\/c10\/km\" target=\"_blank\" rel=\" noreferrer noopener\"><img loading=\"lazy\" decoding=\"async\" width=\"1200\" height=\"362\" src=\"https:\/\/vammencamping.dk\/wp-content\/uploads\/2025\/06\/komoot-1200x362.png\" alt=\"\" class=\"wp-image-9368\" style=\"width:241px;height:auto\" srcset=\"https:\/\/vammencamping.dk\/wp-content\/uploads\/2025\/06\/komoot-1200x362.png 1200w, https:\/\/vammencamping.dk\/wp-content\/uploads\/2025\/06\/komoot-744x224.png 744w, https:\/\/vammencamping.dk\/wp-content\/uploads\/2025\/06\/komoot-420x126.png 420w, https:\/\/vammencamping.dk\/wp-content\/uploads\/2025\/06\/komoot-768x231.png 768w, https:\/\/vammencamping.dk\/wp-content\/uploads\/2025\/06\/komoot.png 716w\" sizes=\"auto, (max-width: 1200px) 100vw, 1200px\" \/><\/a><\/figure>\n<\/div>\n<\/div>\n\n<p class=\"has-text-align-left\">L\u00e4nge: <strong>38 km<\/strong><\/p>\n\n<p class=\"has-text-align-left\">Eine entspannte Radtour entlang der stillgelegten Eisenbahnstrecke mit Abstechern zu Wald, See und D\u00f6rfern. Natur und Geschichte machen diese Route ideal f\u00fcr einen gem\u00fctlichen Ausflug. <\/p>\n\n<iframe loading=\"lazy\" width=\"100%\" height=\"500px\" frameborder=\"0\" allowfullscreen=\"\" allow=\"geolocation\" src=\"\/\/umap.openstreetmap.fr\/da\/map\/vammen-camping-bicycle-route-10-old-railway-track-_1240081?scaleControl=false&#038;miniMap=false&#038;scrollWheelZoom=false&#038;zoomControl=true&#038;editMode=disabled&#038;moreControl=true&#038;searchControl=null&#038;tilelayersControl=null&#038;embedControl=null&#038;datalayersControl=true&#038;onLoadPanel=none&#038;captionBar=false&#038;captionMenus=true\"><\/iframe><p><a href=\"\/\/umap.openstreetmap.fr\/da\/map\/vammen-camping-bicycle-route-10-old-railway-track-_1240081?scaleControl=false&#038;miniMap=false&#038;scrollWheelZoom=true&#038;zoomControl=true&#038;editMode=disabled&#038;moreControl=true&#038;searchControl=null&#038;tilelayersControl=null&#038;embedControl=null&#038;datalayersControl=true&#038;onLoadPanel=none&#038;captionBar=false&#038;captionMenus=true\">Im Vollbild anzeigen<\/a><\/p>\n\n<p>Starten Sie am Campingplatz Vammen und biegen Sie in Vammen links in die Hobrovej ein. An der Kreuzung biegen Sie links in die Tjele M\u00f8llevej ein. Halten Sie sich links und \u00fcberqueren Sie den Fluss Tjele, vorbei an der Farm Vester Tjele. Am Tjele Manor (dem \u00e4ltesten Herrenhaus D\u00e4nemarks) biegen Sie links auf die 517 in Richtung Hobro ab und nach 200 Metern rechts auf die Tjelevej in Richtung \u00d8rum. Nach 100 Metern biegen Sie links (gegen\u00fcber der Scheune) auf den Tjele Skovvej ab.    <\/p>\n\n<p>Fahren Sie \u00fcber die Felder des Tjele Manor und in die S\u00f8nderhede-Plantage hinein. An der Waldkreuzung w\u00e4hlen Sie eine von zwei Routen: <\/p>\n\n<ol class=\"wp-block-list\">\n<li>1. Biegen Sie rechts auf die asphaltierte Stra\u00dfe Vingevej ab und kurz vor \u00d8rum biegen Sie am Fahrradwegschild links auf den asphaltierten Weg auf der ehemaligen Eisenbahnlinie ab.<\/li>\n\n\n\n<li>2. Fahren Sie geradeaus auf dem Tjele Skovvej durch den Wald. Nach dem Wald beginnt eine asphaltierte Stra\u00dfe \u2013 biegen Sie an der kleinen T-Kreuzung beim Transformator rechts ab und dann sofort links auf den asphaltierten Radweg auf der alten Eisenbahnstrecke in Richtung Hammersh\u00f8j. <\/li>\n<\/ol>\n\n<p>Fahren Sie geradeaus weiter, bis der Radweg in Hammersh\u00f8j am Vorningvej endet, und biegen Sie dann an der Farm \u201eVestervang\u201d nach links in Richtung Norden ab. Auf der linken Seite befinden sich eine Sporthalle, ein Freibad und eine Schule. In Vorning biegen Sie nach der Kirche links ab in Richtung des ausgeschilderten Nr. Vinge entlang des Holmevej. Fahren Sie durch eine wundersch\u00f6ne Schlucht und vorbei am unter Naturschutz stehenden Vinge Mill Lake.   <\/p>\n\n<p>An der Kreuzung (asphaltierte Stra\u00dfe links nach Mollerup, Schotterstra\u00dfe rechts) fahren Sie geradeaus weiter in Richtung Nr. Vinge 1. In Nr. Vinge biegen Sie links auf die Hobrovej (Stra\u00dfe 517) in Richtung Viborg ab. Bei Tjele Manor halten Sie sich rechts in Richtung des ausgeschilderten \u201eVammen 4\u201d. Halten Sie sich erneut rechts und biegen Sie an der Kreuzung in Vammen rechts ab. Kehren Sie \u00fcber die Langs\u00f8vej oder Bygmarksvej zum Campingplatz zur\u00fcck.     <\/p>\n\n<p>Alternative Route:<br\/>Fahren Sie in Vorning geradeaus weiter. \u00dcberqueren Sie den Fluss Tjele und biegen Sie an der T-Kreuzung in Sj\u00f8rring links auf die Stra\u00dfe 517 in Richtung Viborg ab. Nach 100 Metern biegen Sie rechts ab an der Beschilderung \u201eLindum 2\u201d und \u201eVammen 10\u201d. In Lindum fahren Sie geradeaus weiter in Richtung Vammen und folgen dem Bygmarksvej zur\u00fcck zum Campingplatz.  <\/p>\n","protected":false},"excerpt":{"rendered":"<p>L\u00e4nge: 38 km Eine entspannte Radtour entlang der stillgelegten Eisenbahnstrecke mit Abstechern zu Wald, See und D\u00f6rfern. Natur und Geschichte machen diese Route ideal f\u00fcr einen gem\u00fctlichen Ausflug. Im Vollbild anzeigen Starten Sie am Campingplatz Vammen und biegen Sie in Vammen links in die Hobrovej ein. An der Kreuzung biegen Sie links in die Tjele &#8230; <a class=\"read-more\" href=\"https:\/\/vammencamping.dk\/de\/radtour-10-verlassene-eisenbahnstrecke-ost\/\">Read more&#8230;<\/a><\/p>\n","protected":false},"author":7,"featured_media":0,"parent":0,"menu_order":0,"comment_status":"closed","ping_status":"closed","template":"","meta":{"footnotes":""},"class_list":["post-9745","page","type-page","status-publish"],"featured_image_src":null,"_links":{"self":[{"href":"https:\/\/vammencamping.dk\/de\/wp-json\/wp\/v2\/pages\/9745","targetHints":{"allow":["GET"]}}],"collection":[{"href":"https:\/\/vammencamping.dk\/de\/wp-json\/wp\/v2\/pages"}],"about":[{"href":"https:\/\/vammencamping.dk\/de\/wp-json\/wp\/v2\/types\/page"}],"author":[{"embeddable":true,"href":"https:\/\/vammencamping.dk\/de\/wp-json\/wp\/v2\/users\/7"}],"replies":[{"embeddable":true,"href":"https:\/\/vammencamping.dk\/de\/wp-json\/wp\/v2\/comments?post=9745"}],"version-history":[{"count":1,"href":"https:\/\/vammencamping.dk\/de\/wp-json\/wp\/v2\/pages\/9745\/revisions"}],"predecessor-version":[{"id":9746,"href":"https:\/\/vammencamping.dk\/de\/wp-json\/wp\/v2\/pages\/9745\/revisions\/9746"}],"wp:attachment":[{"href":"https:\/\/vammencamping.dk\/de\/wp-json\/wp\/v2\/media?parent=9745"}],"curies":[{"name":"wp","href":"https:\/\/api.w.org\/{rel}","templated":true}]}}