{"id":9739,"date":"2025-07-03T11:44:00","date_gmt":"2025-07-03T10:44:00","guid":{"rendered":"https:\/\/vammencamping.dk\/radtour-9-vejlebaek-noerreaa-tal\/"},"modified":"2025-07-03T11:44:02","modified_gmt":"2025-07-03T10:44:02","slug":"radtour-9-vejlebaek-noerreaa-tal","status":"publish","type":"page","link":"https:\/\/vammencamping.dk\/de\/radtour-9-vejlebaek-noerreaa-tal\/","title":{"rendered":"Radtour 9 &#8211; Vejleb\u00e6k &#8211; N\u00f8rre\u00e5-Tal"},"content":{"rendered":"\n<div class=\"wp-block-columns is-layout-flex wp-container-core-columns-is-layout-9d6595d7 wp-block-columns-is-layout-flex\">\n<div class=\"wp-block-column is-layout-flow wp-block-column-is-layout-flow\">\n<figure class=\"wp-block-image size-large is-resized\"><a href=\"https:\/\/vcamp.dk\/c9\/osm\" target=\"_blank\" rel=\" noreferrer noopener\"><img loading=\"lazy\" decoding=\"async\" width=\"1200\" height=\"400\" src=\"https:\/\/vammencamping.dk\/wp-content\/uploads\/2025\/06\/openstreetmap-1200x400.png\" alt=\"\" class=\"wp-image-9358\" style=\"width:264px;height:auto\" srcset=\"https:\/\/vammencamping.dk\/wp-content\/uploads\/2025\/06\/openstreetmap-1200x400.png 1200w, https:\/\/vammencamping.dk\/wp-content\/uploads\/2025\/06\/openstreetmap-744x248.png 744w, https:\/\/vammencamping.dk\/wp-content\/uploads\/2025\/06\/openstreetmap-420x140.png 420w, https:\/\/vammencamping.dk\/wp-content\/uploads\/2025\/06\/openstreetmap-768x256.png 768w, https:\/\/vammencamping.dk\/wp-content\/uploads\/2025\/06\/openstreetmap.png 900w\" sizes=\"auto, (max-width: 1200px) 100vw, 1200px\" \/><\/a><\/figure>\n<\/div>\n\n\n\n<div class=\"wp-block-column is-layout-flow wp-block-column-is-layout-flow\">\n<figure class=\"wp-block-image size-large is-resized\"><a href=\"https:\/\/vcamp.dk\/c9\/gm\" target=\"_blank\" rel=\" noreferrer noopener\"><img loading=\"lazy\" decoding=\"async\" width=\"1200\" height=\"324\" src=\"https:\/\/vammencamping.dk\/wp-content\/uploads\/2025\/06\/google_maps-1200x324.png\" alt=\"\" class=\"wp-image-9364\" style=\"width:242px;height:auto\" srcset=\"https:\/\/vammencamping.dk\/wp-content\/uploads\/2025\/06\/google_maps-1200x324.png 1200w, https:\/\/vammencamping.dk\/wp-content\/uploads\/2025\/06\/google_maps-744x201.png 744w, https:\/\/vammencamping.dk\/wp-content\/uploads\/2025\/06\/google_maps-420x113.png 420w, https:\/\/vammencamping.dk\/wp-content\/uploads\/2025\/06\/google_maps-768x207.png 768w, https:\/\/vammencamping.dk\/wp-content\/uploads\/2025\/06\/google_maps.png 2048w\" sizes=\"auto, (max-width: 1200px) 100vw, 1200px\" \/><\/a><\/figure>\n<\/div>\n\n\n\n<div class=\"wp-block-column is-layout-flow wp-block-column-is-layout-flow\">\n<figure class=\"wp-block-image size-large is-resized\"><a href=\"https:\/\/vcamp.dk\/c9\/bm\" target=\"_blank\" rel=\" noreferrer noopener\"><img loading=\"lazy\" decoding=\"async\" width=\"1200\" height=\"295\" src=\"https:\/\/vammencamping.dk\/wp-content\/uploads\/2025\/06\/bikemap-1200x295.png\" alt=\"\" class=\"wp-image-9440\" style=\"width:242px\" srcset=\"https:\/\/vammencamping.dk\/wp-content\/uploads\/2025\/06\/bikemap-1200x295.png 1200w, https:\/\/vammencamping.dk\/wp-content\/uploads\/2025\/06\/bikemap-744x183.png 744w, https:\/\/vammencamping.dk\/wp-content\/uploads\/2025\/06\/bikemap-420x103.png 420w, https:\/\/vammencamping.dk\/wp-content\/uploads\/2025\/06\/bikemap-768x189.png 768w, https:\/\/vammencamping.dk\/wp-content\/uploads\/2025\/06\/bikemap.png 642w\" sizes=\"auto, (max-width: 1200px) 100vw, 1200px\" \/><\/a><\/figure>\n<\/div>\n\n\n\n<div class=\"wp-block-column is-layout-flow wp-block-column-is-layout-flow\">\n<figure class=\"wp-block-image size-large is-resized\"><a href=\"https:\/\/vcamp.dk\/c9\/km\" target=\"_blank\" rel=\" noreferrer noopener\"><img loading=\"lazy\" decoding=\"async\" width=\"1200\" height=\"362\" src=\"https:\/\/vammencamping.dk\/wp-content\/uploads\/2025\/06\/komoot-1200x362.png\" alt=\"\" class=\"wp-image-9368\" style=\"width:241px;height:auto\" srcset=\"https:\/\/vammencamping.dk\/wp-content\/uploads\/2025\/06\/komoot-1200x362.png 1200w, https:\/\/vammencamping.dk\/wp-content\/uploads\/2025\/06\/komoot-744x224.png 744w, https:\/\/vammencamping.dk\/wp-content\/uploads\/2025\/06\/komoot-420x126.png 420w, https:\/\/vammencamping.dk\/wp-content\/uploads\/2025\/06\/komoot-768x231.png 768w, https:\/\/vammencamping.dk\/wp-content\/uploads\/2025\/06\/komoot.png 716w\" sizes=\"auto, (max-width: 1200px) 100vw, 1200px\" \/><\/a><\/figure>\n<\/div>\n<\/div>\n\n<p class=\"has-text-align-left\">L\u00e4nge: <strong>41 km<\/strong><\/p>\n\n<p class=\"has-text-align-left\">Diese Radtour f\u00fchrt dich durch die S\u00f8nderhede-Plantage und entlang des malerischen N\u00f8rre\u00e5-Tals. Genie\u00dfe die historische Orte wie das Tjele Herrenhaus und herrliche Ausblicke. <\/p>\n\n<iframe loading=\"lazy\" width=\"100%\" height=\"500px\" frameborder=\"0\" allowfullscreen=\"\" allow=\"geolocation\" src=\"\/\/umap.openstreetmap.fr\/da\/map\/vammen-camping-bicycle-route-9-vejlebk-nrrea_1240077?scaleControl=false&#038;miniMap=false&#038;scrollWheelZoom=false&#038;zoomControl=true&#038;editMode=disabled&#038;moreControl=true&#038;searchControl=null&#038;tilelayersControl=null&#038;embedControl=null&#038;datalayersControl=true&#038;onLoadPanel=none&#038;captionBar=false&#038;captionMenus=true\"><\/iframe><p><a href=\"\/\/umap.openstreetmap.fr\/da\/map\/vammen-camping-bicycle-route-9-vejlebk-nrrea_1240077?scaleControl=false&#038;miniMap=false&#038;scrollWheelZoom=true&#038;zoomControl=true&#038;editMode=disabled&#038;moreControl=true&#038;searchControl=null&#038;tilelayersControl=null&#038;embedControl=null&#038;datalayersControl=true&#038;onLoadPanel=none&#038;captionBar=false&#038;captionMenus=true\">Im Vollbild anzeigen<\/a><\/p>\n\n<p>Starten Sie vom Campingplatz aus und biegen Sie in Vammen links auf die asphaltierte Stra\u00dfe in Richtung Viborg ab. An der Kreuzung beim Lebensmittelgesch\u00e4ft biegen Sie links in den Tjele M\u00f8llevej ein. Halten Sie sich links und \u00fcberqueren Sie den Fluss Tjele, vorbei an der Farm Vester Tjele. An der T-Kreuzung bei Tjele Manor (D\u00e4nemarks \u00e4ltestem Herrenhaus) biegen Sie links auf die 517 in Richtung Hobro ab und nach 200 Metern rechts auf den Tjelevej am Schild \u201e\u00d8rum 4\u201d. Nach 100 Metern biegen Sie links (gegen\u00fcber der Scheune) auf den Tjele Skovvej (Schotterstra\u00dfe) ab.    <\/p>\n\n<p>Fahren Sie \u00fcber die gro\u00dfen Felder des Tjele Manor und in die S\u00f8nderhede Plantation hinein. An der Waldkreuzung fahren Sie geradeaus weiter auf dem Tjele Skovvej. Nach dem Wald beginnt eine asphaltierte Stra\u00dfe \u2013 biegen Sie an der kleinen T-Kreuzung beim Transformator rechts ab und dann sofort links auf den asphaltierten Radweg auf der ehemaligen Eisenbahnstrecke \u2013 in \u00f6stlicher Richtung nach Hammersh\u00f8j.  <\/p>\n\n<p>Fahren Sie geradeaus weiter, bis der Radweg in Hammersh\u00f8j am Vorningvej endet. Biegen Sie an der Farm \u201eVestervang\u201d rechts ab in Richtung S\u00fcden zur Route 16. Biegen Sie am Kreisverkehr links auf die Stra\u00dfe 16 in Richtung Randers ab. Nach etwa 600 Metern biegen Sie an der Apotheke rechts auf den Stadionvej ab. Folgen Sie der Stra\u00dfe am Stadion vorbei und fahren Sie weiter entlang des Vejleb\u00e6k-Baches. \u00dcberqueren Sie die Hauptstra\u00dfe Tindb\u00e6kvej und fahren Sie weiter auf dem Langdyssevej in Richtung \u00c5rup.    <\/p>\n\n<p>In \u00c5rup, an der Kreuzung mit dem Rhabarberbeet, biegen Sie am Schild \u201eKvorning M\u00f8lle 3\u201d links ab und fahren weiter auf dem Langdyssevej. Folgen Sie der asphaltierten Stra\u00dfe rechts um den Bauernhof herum und fahren Sie entlang des N\u00f8rre\u00e5-Tals mit steilen H\u00e4ngen zu Ihrer Rechten. An der Kreuzung fahren Sie geradeaus auf dem Kvorning M\u00f8llevej in Richtung Kvorning M\u00f8lle weiter. Die asphaltierte Stra\u00dfe endet bei Kvorning M\u00f8lleg\u00e5rd \u2013 biegen Sie rechts ab, und kurz darauf sehen Sie den M\u00fchlenteich auf der rechten Seite.   <\/p>\n\n<p>Biegen Sie links ab und folgen Sie dem Zaun mit den Rehen \u2013 genie\u00dfen Sie den einzigartigen Blick \u00fcber das Tal. An der T-Kreuzung biegen Sie links und sofort rechts ab (die linke Stra\u00dfe endet auf der Wiese). Sie passieren einen Bauernhof und ein Holzhaus. Die Schotterstra\u00dfe wird in Hulb\u00e6k asphaltiert. Biegen Sie hier rechts ab \u2013 folgen Sie der asphaltierten Stra\u00dfe.     <\/p>\n\n<p>An der Weggabelung biegen Sie links ab und folgen der Stra\u00dfe bis zur Hauptstra\u00dfe 16. <br\/>Fahren Sie geradeaus weiter \u2013 \u00fcber die Hauptstra\u00dfe und zur asphaltierten stillgelegten Eisenbahnlinie \u201eS2\u201c. Biegen Sie links ab und folgen Sie diesem Radweg bis zum Tjelevej. \u00dcberqueren Sie die \u00d8stergade und die Vingevej und passieren Sie die \u00d8rum-Schule. Am Tjelevej biegen Sie rechts ab und fahren geradeaus durch die S\u00f8nderhede Plantage. An der T-Kreuzung bei Tjele Gods biegen Sie links auf die 517 ab und halten sich nach ca. 200 Metern rechts auf den Tjele M\u00f8llevej in Richtung des Schildes \u201eVammen 4\u201d. In Vammen biegen Sie an der Kreuzung beim Lebensmittelgesch\u00e4ft rechts ab. Fahren Sie auf dem Langs\u00f8vej oder Bygmarksvej zum Campingplatz.      <\/p>\n\n<p>Die Fahrt kann um ca. 11 km abgek\u00fcrzt werden, wenn du mit dem Auto f\u00e4hrst und an der Tjele-Kirche parkst.<\/p>\n","protected":false},"excerpt":{"rendered":"<p>L\u00e4nge: 41 km Diese Radtour f\u00fchrt dich durch die S\u00f8nderhede-Plantage und entlang des malerischen N\u00f8rre\u00e5-Tals. Genie\u00dfe die historische Orte wie das Tjele Herrenhaus und herrliche Ausblicke. Im Vollbild anzeigen Starten Sie vom Campingplatz aus und biegen Sie in Vammen links auf die asphaltierte Stra\u00dfe in Richtung Viborg ab. An der Kreuzung beim Lebensmittelgesch\u00e4ft biegen Sie &#8230; <a class=\"read-more\" href=\"https:\/\/vammencamping.dk\/de\/radtour-9-vejlebaek-noerreaa-tal\/\">Read more&#8230;<\/a><\/p>\n","protected":false},"author":7,"featured_media":0,"parent":0,"menu_order":0,"comment_status":"closed","ping_status":"closed","template":"","meta":{"footnotes":""},"class_list":["post-9739","page","type-page","status-publish"],"featured_image_src":null,"_links":{"self":[{"href":"https:\/\/vammencamping.dk\/de\/wp-json\/wp\/v2\/pages\/9739","targetHints":{"allow":["GET"]}}],"collection":[{"href":"https:\/\/vammencamping.dk\/de\/wp-json\/wp\/v2\/pages"}],"about":[{"href":"https:\/\/vammencamping.dk\/de\/wp-json\/wp\/v2\/types\/page"}],"author":[{"embeddable":true,"href":"https:\/\/vammencamping.dk\/de\/wp-json\/wp\/v2\/users\/7"}],"replies":[{"embeddable":true,"href":"https:\/\/vammencamping.dk\/de\/wp-json\/wp\/v2\/comments?post=9739"}],"version-history":[{"count":1,"href":"https:\/\/vammencamping.dk\/de\/wp-json\/wp\/v2\/pages\/9739\/revisions"}],"predecessor-version":[{"id":9740,"href":"https:\/\/vammencamping.dk\/de\/wp-json\/wp\/v2\/pages\/9739\/revisions\/9740"}],"wp:attachment":[{"href":"https:\/\/vammencamping.dk\/de\/wp-json\/wp\/v2\/media?parent=9739"}],"curies":[{"name":"wp","href":"https:\/\/api.w.org\/{rel}","templated":true}]}}