{"id":9735,"date":"2025-07-03T11:35:54","date_gmt":"2025-07-03T10:35:54","guid":{"rendered":"https:\/\/vammencamping.dk\/radtour-8-fussingoe\/"},"modified":"2025-07-03T11:35:56","modified_gmt":"2025-07-03T10:35:56","slug":"radtour-8-fussingoe","status":"publish","type":"page","link":"https:\/\/vammencamping.dk\/de\/radtour-8-fussingoe\/","title":{"rendered":"Radtour 8 &#8211; Fussing\u00f8"},"content":{"rendered":"\n<div class=\"wp-block-columns is-layout-flex wp-container-core-columns-is-layout-9d6595d7 wp-block-columns-is-layout-flex\">\n<div class=\"wp-block-column is-layout-flow wp-block-column-is-layout-flow\">\n<figure class=\"wp-block-image size-large is-resized\"><a href=\"https:\/\/vcamp.dk\/c8\/osm\" target=\"_blank\" rel=\" noreferrer noopener\"><img loading=\"lazy\" decoding=\"async\" width=\"1200\" height=\"400\" src=\"https:\/\/vammencamping.dk\/wp-content\/uploads\/2025\/06\/openstreetmap-1200x400.png\" alt=\"\" class=\"wp-image-9358\" style=\"width:264px;height:auto\" srcset=\"https:\/\/vammencamping.dk\/wp-content\/uploads\/2025\/06\/openstreetmap-1200x400.png 1200w, https:\/\/vammencamping.dk\/wp-content\/uploads\/2025\/06\/openstreetmap-744x248.png 744w, https:\/\/vammencamping.dk\/wp-content\/uploads\/2025\/06\/openstreetmap-420x140.png 420w, https:\/\/vammencamping.dk\/wp-content\/uploads\/2025\/06\/openstreetmap-768x256.png 768w, https:\/\/vammencamping.dk\/wp-content\/uploads\/2025\/06\/openstreetmap.png 900w\" sizes=\"auto, (max-width: 1200px) 100vw, 1200px\" \/><\/a><\/figure>\n<\/div>\n\n\n\n<div class=\"wp-block-column is-layout-flow wp-block-column-is-layout-flow\">\n<figure class=\"wp-block-image size-large is-resized\"><a href=\"https:\/\/vcamp.dk\/c8\/gm\" target=\"_blank\" rel=\" noreferrer noopener\"><img loading=\"lazy\" decoding=\"async\" width=\"1200\" height=\"324\" src=\"https:\/\/vammencamping.dk\/wp-content\/uploads\/2025\/06\/google_maps-1200x324.png\" alt=\"\" class=\"wp-image-9364\" style=\"width:242px;height:auto\" srcset=\"https:\/\/vammencamping.dk\/wp-content\/uploads\/2025\/06\/google_maps-1200x324.png 1200w, https:\/\/vammencamping.dk\/wp-content\/uploads\/2025\/06\/google_maps-744x201.png 744w, https:\/\/vammencamping.dk\/wp-content\/uploads\/2025\/06\/google_maps-420x113.png 420w, https:\/\/vammencamping.dk\/wp-content\/uploads\/2025\/06\/google_maps-768x207.png 768w, https:\/\/vammencamping.dk\/wp-content\/uploads\/2025\/06\/google_maps.png 2048w\" sizes=\"auto, (max-width: 1200px) 100vw, 1200px\" \/><\/a><\/figure>\n<\/div>\n\n\n\n<div class=\"wp-block-column is-layout-flow wp-block-column-is-layout-flow\">\n<figure class=\"wp-block-image size-large is-resized\"><a href=\"https:\/\/vcamp.dk\/c8\/bm\" target=\"_blank\" rel=\" noreferrer noopener\"><img loading=\"lazy\" decoding=\"async\" width=\"1200\" height=\"295\" src=\"https:\/\/vammencamping.dk\/wp-content\/uploads\/2025\/06\/bikemap-1200x295.png\" alt=\"\" class=\"wp-image-9440\" style=\"width:242px\" srcset=\"https:\/\/vammencamping.dk\/wp-content\/uploads\/2025\/06\/bikemap-1200x295.png 1200w, https:\/\/vammencamping.dk\/wp-content\/uploads\/2025\/06\/bikemap-744x183.png 744w, https:\/\/vammencamping.dk\/wp-content\/uploads\/2025\/06\/bikemap-420x103.png 420w, https:\/\/vammencamping.dk\/wp-content\/uploads\/2025\/06\/bikemap-768x189.png 768w, https:\/\/vammencamping.dk\/wp-content\/uploads\/2025\/06\/bikemap.png 642w\" sizes=\"auto, (max-width: 1200px) 100vw, 1200px\" \/><\/a><\/figure>\n<\/div>\n\n\n\n<div class=\"wp-block-column is-layout-flow wp-block-column-is-layout-flow\">\n<figure class=\"wp-block-image size-large is-resized\"><a href=\"https:\/\/vcamp.dk\/c8\/km\" target=\"_blank\" rel=\" noreferrer noopener\"><img loading=\"lazy\" decoding=\"async\" width=\"1200\" height=\"362\" src=\"https:\/\/vammencamping.dk\/wp-content\/uploads\/2025\/06\/komoot-1200x362.png\" alt=\"\" class=\"wp-image-9368\" style=\"width:241px;height:auto\" srcset=\"https:\/\/vammencamping.dk\/wp-content\/uploads\/2025\/06\/komoot-1200x362.png 1200w, https:\/\/vammencamping.dk\/wp-content\/uploads\/2025\/06\/komoot-744x224.png 744w, https:\/\/vammencamping.dk\/wp-content\/uploads\/2025\/06\/komoot-420x126.png 420w, https:\/\/vammencamping.dk\/wp-content\/uploads\/2025\/06\/komoot-768x231.png 768w, https:\/\/vammencamping.dk\/wp-content\/uploads\/2025\/06\/komoot.png 716w\" sizes=\"auto, (max-width: 1200px) 100vw, 1200px\" \/><\/a><\/figure>\n<\/div>\n<\/div>\n\n<p class=\"has-text-align-left\">L\u00e4nge: <strong>27 km<\/strong><\/p>\n\n<p class=\"has-text-align-left\">Erlebe eine sch\u00f6ne Radtour durch Heideh\u00fcgel und Wald zum Schloss und See Fussing\u00f8. Die Route bietet Natur, Kultur und Ausblicke \u00fcber das N\u00f8rre-Flusstal. <\/p>\n\n<iframe loading=\"lazy\" width=\"100%\" height=\"500px\" frameborder=\"0\" allowfullscreen=\"\" allow=\"geolocation\" src=\"\/\/umap.openstreetmap.fr\/da\/map\/vammen-camping-bicycle-route-8-fussing_1240070?scaleControl=false&#038;miniMap=false&#038;scrollWheelZoom=false&#038;zoomControl=true&#038;editMode=disabled&#038;moreControl=true&#038;searchControl=null&#038;tilelayersControl=null&#038;embedControl=null&#038;datalayersControl=true&#038;onLoadPanel=none&#038;captionBar=false&#038;captionMenus=true\"><\/iframe><p><a href=\"\/\/umap.openstreetmap.fr\/da\/map\/vammen-camping-bicycle-route-8-fussing_1240070?scaleControl=false&#038;miniMap=false&#038;scrollWheelZoom=true&#038;zoomControl=true&#038;editMode=disabled&#038;moreControl=true&#038;searchControl=null&#038;tilelayersControl=null&#038;embedControl=null&#038;datalayersControl=true&#038;onLoadPanel=none&#038;captionBar=false&#038;captionMenus=true\">Im Vollbild anzeigen<\/a><\/p>\n\n<p>Start in Hammersh\u00f8j \u2013 entweder in Verbindung mit Tour Nr. 10 oder indem Sie an der Hammersh\u00f8j-Schule und dem Freibad (Friluftsbadet) parken. Fahren Sie bis zur Hauptstra\u00dfenkreuzung und biegen Sie links auf die Stra\u00dfe 16 in Richtung Randers ab. Nach ca. 600 m biegen Sie an der Apotheke rechts in den Stadionvej ein. Folgen Sie der asphaltierten Stra\u00dfe am Stadion vorbei und fahren Sie weiter entlang des Vejleb\u00e6k-Tals bis kurz vor die Hauptstra\u00dfe \u2013 hier biegen Sie links ab \u00fcber das Moor, ausgeschildert mit \u201eTindb\u00e6k 3\u201c. Hier wird noch immer Ton abgebaut, und die Ziegelei Hammersh\u00f8j produziert Ziegel f\u00fcr das ganze Land \u2013 auch f\u00fcr den Campingplatz. \u00dcberqueren Sie den Vejleb\u00e6k.       <\/p>\n\n<p>An der Kreuzung biegen Sie links ab auf den Tindb\u00e6k F\u00e6lled, vorbei an einer Seitenstra\u00dfe auf der rechten Seite, dann links auf den H\u00f8jmarken in den Wald. Biegen Sie links ab auf den Rosenbakken, ausgeschildert mit \u201eL\u00e6sten 2\u201d. \u00dcberqueren Sie erneut den Vejleb\u00e6k und passieren Sie einen Bauernhof. Die Stra\u00dfe schl\u00e4ngelt sich steil hinauf durch die sch\u00f6nen, mit Heidekraut bewachsenen L\u00e6sten-H\u00fcgel.    <\/p>\n\n<p>In L\u00e6sten halten Sie sich rechts am Lebensmittelgesch\u00e4ft (Brugsen), fahren an der Kirche vorbei und biegen wieder rechts auf den Engtoften ab. Fahren Sie eine kurvige und steile Stra\u00dfe durch die L\u00e6sten-H\u00fcgel hinunter. Halten Sie sich rechts auf dem Vasevej und \u00fcberqueren Sie den Vejleb\u00e6k zweimal, da er hier geteilt ist.  <\/p>\n\n<p>Fahren Sie geradeaus weiter. Nach etwa 1 km befindet sich auf der rechten Seite der Bauernhof Nr. 17 und auf der linken Seite ein Transformator. Biegen Sie hier links auf den Troldeskovvej (Sandstra\u00dfe) ab. Folgen Sie der Stra\u00dfe durch den Wald bis zum Parkplatz am Fussing\u00f8. <\/p>\n\n<p>Auf dem Parkplatz finden Sie eine Karte der Umgebung (auch im Ordner des Campingplatzes). Auf der linken Seite befindet sich die Wasserm\u00fchle von Fussing und in der N\u00e4he das Schloss Fussing\u00f8 (in staatlichem Besitz), der See Fussing\u00f8 und mehrere gesch\u00fctzte Pflanzungen. Es gibt markierte Wanderwege. Biegen Sie an der S\u00e4gem\u00fchle an der T-Kreuzung rechts ab in Richtung des ausgeschilderten \u201eAlum 3\u201d auf dem Fussing\u00f8vej. Das Schwimmen im See wird aufgrund der sehr steilen Uferb\u00f6schungen nicht empfohlen. Vom Parkplatz in der Kurve f\u00fchrt ein Weg zur Ruine von Fussing\u00f8.     <\/p>\n\n<p>Fahren Sie weiter durch S\u00f8nderskov. Am Waldrand steht eine Reihe sehr alter Eichen und Buchen \u2013 hier biegen Sie rechts auf den Fussing\u00f8vej in Richtung des ausgeschilderten \u201eAlum 2\u201d ab. Nach etwa 300 m biegen Sie erneut rechts am Waldrand auf den Nr. Alumvej in Richtung des ausgeschilderten \u201eSvinding 3\u201d ab. Fahren Sie geradeaus weiter in Richtung Svinding. Das erste Haus auf der rechten Seite \u2013 die alte Schule \u2013 beherbergt einen T\u00f6pfer, der mit einem Holzofen brennt.     <\/p>\n\n<p>In Svinding biegen Sie rechts auf den H\u00f8vejen ab. Folgen Sie der asphaltierten Stra\u00dfe durch den Wald und biegen Sie an der T-Kreuzung rechts ab. Fahren Sie weiter am Wald entlang und genie\u00dfen Sie die sch\u00f6ne Aussicht auf das weite N\u00f8rre-Flusstal. Auf der linken Seite befindet sich die Skjern-Kirche mit einem gro\u00dfen Runenstein neben dem Portal und einer historischen Sonnenuhr \u00fcber der T\u00fcr. Vom Friedhof aus hat man einen sch\u00f6nen Blick auf das Tal.     <\/p>\n\n<p>Halten Sie sich rechts in Richtung der Beschilderung \u201eTindb\u00e6k Hammersh\u00f8j 5\u201d (Stra\u00dfe 575). Zwei M\u00f6glichkeiten f\u00fcr die R\u00fcckfahrt: <\/p>\n\n<p>1) Fahren Sie geradeaus an Tindb\u00e6k und der Ziegelei vorbei zur\u00fcck zur Stra\u00dfe 16 \u2013 dem Ausgangspunkt.<br\/>2) Biegen Sie rechts auf die Tindb\u00e6k Byvej ab, fahren Sie geradeaus weiter, bis die N\u00f8ragervej nach rechts abzweigt. Folgen Sie dieser \u00fcber den Vejleb\u00e6k, biegen Sie dann an der T-Kreuzung links ab und sofort rechts in Richtung Hammersh\u00f8j und Stra\u00dfe 16 \u2013 dem Ausgangspunkt.  <\/p>\n","protected":false},"excerpt":{"rendered":"<p>L\u00e4nge: 27 km Erlebe eine sch\u00f6ne Radtour durch Heideh\u00fcgel und Wald zum Schloss und See Fussing\u00f8. Die Route bietet Natur, Kultur und Ausblicke \u00fcber das N\u00f8rre-Flusstal. Im Vollbild anzeigen Start in Hammersh\u00f8j \u2013 entweder in Verbindung mit Tour Nr. 10 oder indem Sie an der Hammersh\u00f8j-Schule und dem Freibad (Friluftsbadet) parken. Fahren Sie bis zur &#8230; <a class=\"read-more\" href=\"https:\/\/vammencamping.dk\/de\/radtour-8-fussingoe\/\">Read more&#8230;<\/a><\/p>\n","protected":false},"author":7,"featured_media":0,"parent":0,"menu_order":0,"comment_status":"closed","ping_status":"closed","template":"","meta":{"footnotes":""},"class_list":["post-9735","page","type-page","status-publish"],"featured_image_src":null,"_links":{"self":[{"href":"https:\/\/vammencamping.dk\/de\/wp-json\/wp\/v2\/pages\/9735","targetHints":{"allow":["GET"]}}],"collection":[{"href":"https:\/\/vammencamping.dk\/de\/wp-json\/wp\/v2\/pages"}],"about":[{"href":"https:\/\/vammencamping.dk\/de\/wp-json\/wp\/v2\/types\/page"}],"author":[{"embeddable":true,"href":"https:\/\/vammencamping.dk\/de\/wp-json\/wp\/v2\/users\/7"}],"replies":[{"embeddable":true,"href":"https:\/\/vammencamping.dk\/de\/wp-json\/wp\/v2\/comments?post=9735"}],"version-history":[{"count":1,"href":"https:\/\/vammencamping.dk\/de\/wp-json\/wp\/v2\/pages\/9735\/revisions"}],"predecessor-version":[{"id":9736,"href":"https:\/\/vammencamping.dk\/de\/wp-json\/wp\/v2\/pages\/9735\/revisions\/9736"}],"wp:attachment":[{"href":"https:\/\/vammencamping.dk\/de\/wp-json\/wp\/v2\/media?parent=9735"}],"curies":[{"name":"wp","href":"https:\/\/api.w.org\/{rel}","templated":true}]}}