{"id":9729,"date":"2025-07-03T11:25:21","date_gmt":"2025-07-03T10:25:21","guid":{"rendered":"https:\/\/vammencamping.dk\/radtour-7-die-vintage-eisenbahn\/"},"modified":"2025-07-03T11:25:51","modified_gmt":"2025-07-03T10:25:51","slug":"radtour-7-die-vintage-eisenbahn","status":"publish","type":"page","link":"https:\/\/vammencamping.dk\/de\/radtour-7-die-vintage-eisenbahn\/","title":{"rendered":"Radtour 7 &#8211; Die Vintage-Eisenbahn"},"content":{"rendered":"\n<div class=\"wp-block-columns is-layout-flex wp-container-core-columns-is-layout-9d6595d7 wp-block-columns-is-layout-flex\">\n<div class=\"wp-block-column is-layout-flow wp-block-column-is-layout-flow\">\n<figure class=\"wp-block-image size-large is-resized\"><a href=\"https:\/\/vcamp.dk\/c7\/osm\" target=\"_blank\" rel=\" noreferrer noopener\"><img loading=\"lazy\" decoding=\"async\" width=\"1200\" height=\"400\" src=\"https:\/\/vammencamping.dk\/wp-content\/uploads\/2025\/06\/openstreetmap-1200x400.png\" alt=\"\" class=\"wp-image-9358\" style=\"width:264px;height:auto\" srcset=\"https:\/\/vammencamping.dk\/wp-content\/uploads\/2025\/06\/openstreetmap-1200x400.png 1200w, https:\/\/vammencamping.dk\/wp-content\/uploads\/2025\/06\/openstreetmap-744x248.png 744w, https:\/\/vammencamping.dk\/wp-content\/uploads\/2025\/06\/openstreetmap-420x140.png 420w, https:\/\/vammencamping.dk\/wp-content\/uploads\/2025\/06\/openstreetmap-768x256.png 768w, https:\/\/vammencamping.dk\/wp-content\/uploads\/2025\/06\/openstreetmap.png 900w\" sizes=\"auto, (max-width: 1200px) 100vw, 1200px\" \/><\/a><\/figure>\n<\/div>\n\n\n\n<div class=\"wp-block-column is-layout-flow wp-block-column-is-layout-flow\">\n<figure class=\"wp-block-image size-large is-resized\"><a href=\"https:\/\/vcamp.dk\/c7\/gm\" target=\"_blank\" rel=\" noreferrer noopener\"><img loading=\"lazy\" decoding=\"async\" width=\"1200\" height=\"324\" src=\"https:\/\/vammencamping.dk\/wp-content\/uploads\/2025\/06\/google_maps-1200x324.png\" alt=\"\" class=\"wp-image-9364\" style=\"width:242px;height:auto\" srcset=\"https:\/\/vammencamping.dk\/wp-content\/uploads\/2025\/06\/google_maps-1200x324.png 1200w, https:\/\/vammencamping.dk\/wp-content\/uploads\/2025\/06\/google_maps-744x201.png 744w, https:\/\/vammencamping.dk\/wp-content\/uploads\/2025\/06\/google_maps-420x113.png 420w, https:\/\/vammencamping.dk\/wp-content\/uploads\/2025\/06\/google_maps-768x207.png 768w, https:\/\/vammencamping.dk\/wp-content\/uploads\/2025\/06\/google_maps.png 2048w\" sizes=\"auto, (max-width: 1200px) 100vw, 1200px\" \/><\/a><\/figure>\n<\/div>\n\n\n\n<div class=\"wp-block-column is-layout-flow wp-block-column-is-layout-flow\">\n<figure class=\"wp-block-image size-large is-resized\"><a href=\"https:\/\/vcamp.dk\/c7\/bm\" target=\"_blank\" rel=\" noreferrer noopener\"><img loading=\"lazy\" decoding=\"async\" width=\"1200\" height=\"295\" src=\"https:\/\/vammencamping.dk\/wp-content\/uploads\/2025\/06\/bikemap-1200x295.png\" alt=\"\" class=\"wp-image-9440\" style=\"width:242px\" srcset=\"https:\/\/vammencamping.dk\/wp-content\/uploads\/2025\/06\/bikemap-1200x295.png 1200w, https:\/\/vammencamping.dk\/wp-content\/uploads\/2025\/06\/bikemap-744x183.png 744w, https:\/\/vammencamping.dk\/wp-content\/uploads\/2025\/06\/bikemap-420x103.png 420w, https:\/\/vammencamping.dk\/wp-content\/uploads\/2025\/06\/bikemap-768x189.png 768w, https:\/\/vammencamping.dk\/wp-content\/uploads\/2025\/06\/bikemap.png 642w\" sizes=\"auto, (max-width: 1200px) 100vw, 1200px\" \/><\/a><\/figure>\n<\/div>\n\n\n\n<div class=\"wp-block-column is-layout-flow wp-block-column-is-layout-flow\">\n<figure class=\"wp-block-image size-large is-resized\"><a href=\"https:\/\/vcamp.dk\/c7\/km\" target=\"_blank\" rel=\" noreferrer noopener\"><img loading=\"lazy\" decoding=\"async\" width=\"1200\" height=\"362\" src=\"https:\/\/vammencamping.dk\/wp-content\/uploads\/2025\/06\/komoot-1200x362.png\" alt=\"\" class=\"wp-image-9368\" style=\"width:241px;height:auto\" srcset=\"https:\/\/vammencamping.dk\/wp-content\/uploads\/2025\/06\/komoot-1200x362.png 1200w, https:\/\/vammencamping.dk\/wp-content\/uploads\/2025\/06\/komoot-744x224.png 744w, https:\/\/vammencamping.dk\/wp-content\/uploads\/2025\/06\/komoot-420x126.png 420w, https:\/\/vammencamping.dk\/wp-content\/uploads\/2025\/06\/komoot-768x231.png 768w, https:\/\/vammencamping.dk\/wp-content\/uploads\/2025\/06\/komoot.png 716w\" sizes=\"auto, (max-width: 1200px) 100vw, 1200px\" \/><\/a><\/figure>\n<\/div>\n<\/div>\n\n<p class=\"has-text-align-left\">L\u00e4nge: <strong>46 km<\/strong><\/p>\n\n<p class=\"has-text-align-left\">Erlebe Natur und Nostalgie auf der Radtour zur Endstation der Veteranenbahn in Handest. Die Strecke f\u00fchrt durch Eichenw\u00e4lder, \u00fcber Br\u00fccken und entlang der Gleise. <\/p>\n\n<iframe loading=\"lazy\" width=\"100%\" height=\"500px\" frameborder=\"0\" allowfullscreen=\"\" allow=\"geolocation\" src=\"\/\/umap.openstreetmap.fr\/da\/map\/vammen-camping-bicycle-route-7-vintage-railroad_1240069?scaleControl=false&#038;miniMap=false&#038;scrollWheelZoom=false&#038;zoomControl=true&#038;editMode=disabled&#038;moreControl=true&#038;searchControl=null&#038;tilelayersControl=null&#038;embedControl=null&#038;datalayersControl=true&#038;onLoadPanel=none&#038;captionBar=false&#038;captionMenus=true\"><\/iframe><p><a href=\"\/\/umap.openstreetmap.fr\/da\/map\/vammen-camping-bicycle-route-7-vintage-railroad_1240069?scaleControl=false&#038;miniMap=false&#038;scrollWheelZoom=true&#038;zoomControl=true&#038;editMode=disabled&#038;moreControl=true&#038;searchControl=null&#038;tilelayersControl=null&#038;embedControl=null&#038;datalayersControl=true&#038;onLoadPanel=none&#038;captionBar=false&#038;captionMenus=true\">Im Vollbild anzeigen<\/a><\/p>\n\n<p>Starten Sie am Campingplatz und fahren Sie bis zur asphaltierten Stra\u00dfe in Vammen. Biegen Sie rechts ab und folgen Sie der Stra\u00dfe nach Lindum. In Lindum biegen Sie nach der Kirche rechts ab, wo das Schild \u201eHobro 13\u201d steht. An der T-Kreuzung biegen Sie links ab in Richtung \u201eHobro 12\u201d. Nach ca. 200 Metern biegen Sie rechts ab in Richtung \u201eHammersh\u00f8j 7\u201d. Auf der linken Seite passieren Sie Sj\u00f8rring K\u00e6r \u2013 \u00fcberqueren Sie den Fluss Tjele und biegen Sie kurz danach links ab auf den Skovagervej in Richtung \u201eN\u00f8rb\u00e6k 6\u201d.     <\/p>\n\n<p>Folgen Sie der Stra\u00dfe vorbei am Naturschutzgebiet Hvidding Krat (Eichenwald mit seltenen Schmetterlingen) auf der rechten Seite und Vesterk\u00e6ret auf der linken Seite. Fahren Sie weiter nach N\u00f8rb\u00e6k. Biegen Sie kurz vor N\u00f8rb\u00e6k links in die erste Seitenstra\u00dfe \u2013 Handestvej \u2013 ein. Die asphaltierte Stra\u00dfe endet und geht als Schotterstra\u00dfe weiter \u00fcber die Wiesen und \u00fcber den Fluss Skals (N\u00f8rb\u00e6k-Br\u00fccke). Sie wird wieder zu einer asphaltierten Stra\u00dfe, der Sie nach rechts \u00fcber die Eisenbahnbr\u00fccke auf dem Vesterlandsvej folgen. Halten Sie sich rechts und biegen Sie an der Hauptstra\u00dfe 180\/16 rechts ab. Nach ca. 40 Metern, am Bahn\u00fcbergang, finden Sie die Endstation der Veteranenbahn Handest \u2013 Mariager (siehe Sonderbrosch\u00fcre im Kiosk auf dem Campingplatz).       <\/p>\n\n<p>R\u00fcckfahrt \u2013 Sie k\u00f6nnen zwischen zwei Routen w\u00e4hlen:<\/p>\n\n<p>** Option 1 (nur mit dem Fahrrad): ** <br\/>Von der 180\/16 biegen Sie links auf den Vesterlandsvej ab. Fahren Sie nach N\u00f8rb\u00e6k geradeaus \u00fcber die Eisenbahn, dann biegen Sie rechts auf den Gr\u00e5k\u00e6rvej in Richtung des Schildes \u201eGr\u00e5hus 3\u201c ab. Fahren Sie entlang der Eisenbahn. Biegen Sie bei Hof Nr. 6 \u2013 Handest Vesterg\u00e5rd \u2013 rechts auf einen Schotterweg ab. Fahren Sie links um den Hof herum und weiter auf dem Feldweg (Hinweis: Der Eigent\u00fcmer bittet ausdr\u00fccklich darum, nicht am Wald anzuhalten). Biegen Sie an der Eisenbahnlinie links auf die Schotterstra\u00dfe entlang der Gleise nach Onsild Stationsby ab. Biegen Sie links auf die asphaltierte Stra\u00dfe ab. Nach ca. 3 km biegen Sie rechts am Schild Vammen 10 ab. Folgen Sie den Schildern nach Vammen und biegen Sie links auf den Bygmarksvej in Richtung Campingplatz ab.        <\/p>\n\n<p>** Option 2 (auch mit dem Auto): ** <br\/>Biegen Sie rechts auf die Hauptstra\u00dfe 180\/16 ab und fahren Sie ca. 3 km. Biegen Sie links auf den Kongsvadvej in Richtung des ausgeschilderten \u201eS\u00f8nder Onsild 3\u201d ab. Der Glenstrup-See und eine sehr hohe Klippe sind auf der rechten Seite zu sehen. Biegen Sie an der Kreuzung rechts am ausgeschilderten \u201eSdr. Onsild 3\u201d ab. \u00dcberqueren Sie den Bach, halten Sie sich links auf der asphaltierten Stra\u00dfe und biegen Sie entweder rechts an der Beschilderung \u201eSdr. Onsild 3\u201d (einfache Stra\u00dfe) oder links an der Beschilderung \u201eUlstrup 2\u201d ab, vorbei an den Fischteichen. Folgen Sie an allen Weggabelungen der asphaltierten Stra\u00dfe nach S\u00f8nder Onsild (steiler H\u00fcgel). In S\u00f8nder Onsild biegen Sie links auf die Stra\u00dfe Nr. 517 <br\/>in Richtung Sdr. Onsild Stationsby 1 ab. Nach ca. 3 km biegen Sie nach Vammen 10 rechts ab. Folgen Sie den Schildern nach Vammen und biegen Sie links auf den Bygmarksvej zum Campingplatz ab.        <\/p>\n","protected":false},"excerpt":{"rendered":"<p>L\u00e4nge: 46 km Erlebe Natur und Nostalgie auf der Radtour zur Endstation der Veteranenbahn in Handest. Die Strecke f\u00fchrt durch Eichenw\u00e4lder, \u00fcber Br\u00fccken und entlang der Gleise. Im Vollbild anzeigen Starten Sie am Campingplatz und fahren Sie bis zur asphaltierten Stra\u00dfe in Vammen. Biegen Sie rechts ab und folgen Sie der Stra\u00dfe nach Lindum. In &#8230; <a class=\"read-more\" href=\"https:\/\/vammencamping.dk\/de\/radtour-7-die-vintage-eisenbahn\/\">Read more&#8230;<\/a><\/p>\n","protected":false},"author":7,"featured_media":0,"parent":0,"menu_order":0,"comment_status":"closed","ping_status":"closed","template":"","meta":{"footnotes":""},"class_list":["post-9729","page","type-page","status-publish"],"featured_image_src":null,"_links":{"self":[{"href":"https:\/\/vammencamping.dk\/de\/wp-json\/wp\/v2\/pages\/9729","targetHints":{"allow":["GET"]}}],"collection":[{"href":"https:\/\/vammencamping.dk\/de\/wp-json\/wp\/v2\/pages"}],"about":[{"href":"https:\/\/vammencamping.dk\/de\/wp-json\/wp\/v2\/types\/page"}],"author":[{"embeddable":true,"href":"https:\/\/vammencamping.dk\/de\/wp-json\/wp\/v2\/users\/7"}],"replies":[{"embeddable":true,"href":"https:\/\/vammencamping.dk\/de\/wp-json\/wp\/v2\/comments?post=9729"}],"version-history":[{"count":3,"href":"https:\/\/vammencamping.dk\/de\/wp-json\/wp\/v2\/pages\/9729\/revisions"}],"predecessor-version":[{"id":9732,"href":"https:\/\/vammencamping.dk\/de\/wp-json\/wp\/v2\/pages\/9729\/revisions\/9732"}],"wp:attachment":[{"href":"https:\/\/vammencamping.dk\/de\/wp-json\/wp\/v2\/media?parent=9729"}],"curies":[{"name":"wp","href":"https:\/\/api.w.org\/{rel}","templated":true}]}}