{"id":9725,"date":"2025-07-03T11:18:31","date_gmt":"2025-07-03T10:18:31","guid":{"rendered":"https:\/\/vammencamping.dk\/radtour-6-fyrkat\/"},"modified":"2025-07-03T11:18:33","modified_gmt":"2025-07-03T10:18:33","slug":"radtour-6-fyrkat","status":"publish","type":"page","link":"https:\/\/vammencamping.dk\/de\/radtour-6-fyrkat\/","title":{"rendered":"Radtour 6 &#8211; Fyrkat"},"content":{"rendered":"\n<div class=\"wp-block-columns is-layout-flex wp-container-core-columns-is-layout-9d6595d7 wp-block-columns-is-layout-flex\">\n<div class=\"wp-block-column is-layout-flow wp-block-column-is-layout-flow\">\n<figure class=\"wp-block-image size-large is-resized\"><a href=\"https:\/\/vcamp.dk\/h6\/osm\" target=\"_blank\" rel=\" noreferrer noopener\"><img loading=\"lazy\" decoding=\"async\" width=\"1200\" height=\"400\" src=\"https:\/\/vammencamping.dk\/wp-content\/uploads\/2025\/06\/openstreetmap-1200x400.png\" alt=\"\" class=\"wp-image-9358\" style=\"width:264px;height:auto\" srcset=\"https:\/\/vammencamping.dk\/wp-content\/uploads\/2025\/06\/openstreetmap-1200x400.png 1200w, https:\/\/vammencamping.dk\/wp-content\/uploads\/2025\/06\/openstreetmap-744x248.png 744w, https:\/\/vammencamping.dk\/wp-content\/uploads\/2025\/06\/openstreetmap-420x140.png 420w, https:\/\/vammencamping.dk\/wp-content\/uploads\/2025\/06\/openstreetmap-768x256.png 768w, https:\/\/vammencamping.dk\/wp-content\/uploads\/2025\/06\/openstreetmap.png 900w\" sizes=\"auto, (max-width: 1200px) 100vw, 1200px\" \/><\/a><\/figure>\n<\/div>\n\n\n\n<div class=\"wp-block-column is-layout-flow wp-block-column-is-layout-flow\">\n<figure class=\"wp-block-image size-large is-resized\"><a href=\"https:\/\/vcamp.dk\/h6\/gm\" target=\"_blank\" rel=\" noreferrer noopener\"><img loading=\"lazy\" decoding=\"async\" width=\"1200\" height=\"324\" src=\"https:\/\/vammencamping.dk\/wp-content\/uploads\/2025\/06\/google_maps-1200x324.png\" alt=\"\" class=\"wp-image-9364\" style=\"width:242px;height:auto\" srcset=\"https:\/\/vammencamping.dk\/wp-content\/uploads\/2025\/06\/google_maps-1200x324.png 1200w, https:\/\/vammencamping.dk\/wp-content\/uploads\/2025\/06\/google_maps-744x201.png 744w, https:\/\/vammencamping.dk\/wp-content\/uploads\/2025\/06\/google_maps-420x113.png 420w, https:\/\/vammencamping.dk\/wp-content\/uploads\/2025\/06\/google_maps-768x207.png 768w, https:\/\/vammencamping.dk\/wp-content\/uploads\/2025\/06\/google_maps.png 2048w\" sizes=\"auto, (max-width: 1200px) 100vw, 1200px\" \/><\/a><\/figure>\n<\/div>\n\n\n\n<div class=\"wp-block-column is-layout-flow wp-block-column-is-layout-flow\">\n<figure class=\"wp-block-image size-large\"><a href=\"https:\/\/vcamp.dk\/h6\/bm\" target=\"_blank\" rel=\" noreferrer noopener\"><img loading=\"lazy\" decoding=\"async\" width=\"1200\" height=\"295\" src=\"https:\/\/vammencamping.dk\/wp-content\/uploads\/2025\/06\/bikemap-1200x295.png\" alt=\"\" class=\"wp-image-9440\" srcset=\"https:\/\/vammencamping.dk\/wp-content\/uploads\/2025\/06\/bikemap-1200x295.png 1200w, https:\/\/vammencamping.dk\/wp-content\/uploads\/2025\/06\/bikemap-744x183.png 744w, https:\/\/vammencamping.dk\/wp-content\/uploads\/2025\/06\/bikemap-420x103.png 420w, https:\/\/vammencamping.dk\/wp-content\/uploads\/2025\/06\/bikemap-768x189.png 768w, https:\/\/vammencamping.dk\/wp-content\/uploads\/2025\/06\/bikemap.png 642w\" sizes=\"auto, (max-width: 1200px) 100vw, 1200px\" \/><\/a><\/figure>\n<\/div>\n\n\n\n<div class=\"wp-block-column is-layout-flow wp-block-column-is-layout-flow\">\n<figure class=\"wp-block-image size-large is-resized\"><a href=\"https:\/\/vcamp.dk\/h6\/km\" target=\"_blank\" rel=\" noreferrer noopener\"><img loading=\"lazy\" decoding=\"async\" width=\"1200\" height=\"362\" src=\"https:\/\/vammencamping.dk\/wp-content\/uploads\/2025\/06\/komoot-1200x362.png\" alt=\"\" class=\"wp-image-9368\" style=\"width:241px;height:auto\" srcset=\"https:\/\/vammencamping.dk\/wp-content\/uploads\/2025\/06\/komoot-1200x362.png 1200w, https:\/\/vammencamping.dk\/wp-content\/uploads\/2025\/06\/komoot-744x224.png 744w, https:\/\/vammencamping.dk\/wp-content\/uploads\/2025\/06\/komoot-420x126.png 420w, https:\/\/vammencamping.dk\/wp-content\/uploads\/2025\/06\/komoot-768x231.png 768w, https:\/\/vammencamping.dk\/wp-content\/uploads\/2025\/06\/komoot.png 716w\" sizes=\"auto, (max-width: 1200px) 100vw, 1200px\" \/><\/a><\/figure>\n<\/div>\n<\/div>\n\n<p class=\"has-text-align-left\">L\u00e4nge: <strong>41 km<\/strong><\/p>\n\n<p class=\"has-text-align-left\">Eine historische Radtour zur Wikingersiedlung Fyrkat bei Hobro. Erlebe W\u00e4lder, Landstra\u00dfen und ein Fenster in D\u00e4nemarks Vergangenheit.. <\/p>\n\n<iframe loading=\"lazy\" width=\"100%\" height=\"500px\" frameborder=\"0\" allowfullscreen=\"\" allow=\"geolocation\" src=\"\/\/umap.openstreetmap.fr\/da\/map\/vammen-camping-bicycle-route-6-fyrkat_1240065?scaleControl=false&#038;miniMap=false&#038;scrollWheelZoom=false&#038;zoomControl=true&#038;editMode=disabled&#038;moreControl=true&#038;searchControl=null&#038;tilelayersControl=null&#038;embedControl=null&#038;datalayersControl=true&#038;onLoadPanel=none&#038;captionBar=false&#038;captionMenus=true\"><\/iframe><p><a href=\"\/\/umap.openstreetmap.fr\/da\/map\/vammen-camping-bicycle-route-6-fyrkat_1240065?scaleControl=false&#038;miniMap=false&#038;scrollWheelZoom=true&#038;zoomControl=true&#038;editMode=disabled&#038;moreControl=true&#038;searchControl=null&#038;tilelayersControl=null&#038;embedControl=null&#038;datalayersControl=true&#038;onLoadPanel=none&#038;captionBar=false&#038;captionMenus=true\">Im Vollbild anzeigen<\/a><\/p>\n\n<p>Starten Sie am Campingplatz und fahren Sie bis zur asphaltierten Stra\u00dfe in Vammen. Biegen Sie rechts auf die Hobrovej in Richtung Lindum ab. Halten Sie sich an jeder Weggabelung links. Biegen Sie am Schild \u201eKlejtrup\u201d links ab und folgen Sie der Stra\u00dfe durch den Wald. An der Waldkreuzung Erikstrupvej \u2013 Dr\u00f8wten fahren Sie geradeaus weiter am Schild \u201eKlejtrup 2, Hobro 12\u201d. Nach der \u00dcberquerung des Flusses Skals \u00c5 halten Sie sich rechts am Schild \u201eHvornum 2\u201d.     <\/p>\n\n<p>Biegen Sie in Hvornum rechts auf die Klejtrupvej ab. Biegen Sie kurz nach dem Eisenbahnviadukt und dem Wald links auf die V\u00e6ggedalen in Richtung des Schildes \u201eHobro 7\u201d ab. Halten Sie sich in Nr. Onsild links, passieren Sie die Kirche und biegen Sie nach etwa \u00bd km links auf eine Schotterstra\u00dfe (Bundeg\u00e5rdsvej) ab. Nehmen Sie dann die zweite Stra\u00dfe rechts (direkt nach einem wei\u00dfen Bauernhof). Hinweis: Fahren Sie nicht den steilen H\u00fcgel hinunter, sondern folgen Sie dem Waldrand.      <\/p>\n\n<p>Folgen Sie dieser Schotterstra\u00dfe, bis Sie die asphaltierte Stra\u00dfe erreichen. Biegen Sie hier links ab und fahren Sie direkt nach Fyrkat \u2013 einer um das Jahr 1000 ausgegrabenen Wikinger-Ringfestung, einschlie\u00dflich eines rekonstruierten Wikinger-Langhauses.  <\/p>\n\n<p>R\u00fcckweg:<br\/>Nehmen Sie denselben Weg zur\u00fcck oder folgen Sie der asphaltierten Stra\u00dfe bis zum Stadtzentrum von Hobro. Halten Sie sich rechts und folgen Sie der Hauptstra\u00dfe 180\/16 in Richtung S\u00fcden nach Aarhus und Randers. Es gibt einen Radweg bis zur Abzweigung Viborgvej. Biegen Sie rechts ab in Richtung des ausgeschilderten \u201eViborg 31\u201d auf der Stra\u00dfe Nr. 517. Fahren Sie durch Onsild. Nach Sj\u00f8rring biegen Sie rechts ab an der Beschilderung \u201eVammen 10\u201d. Biegen Sie links ab auf den Bygmarksvej, um zum Campingplatz zur\u00fcckzukehren.      <\/p>\n","protected":false},"excerpt":{"rendered":"<p>L\u00e4nge: 41 km Eine historische Radtour zur Wikingersiedlung Fyrkat bei Hobro. Erlebe W\u00e4lder, Landstra\u00dfen und ein Fenster in D\u00e4nemarks Vergangenheit.. Im Vollbild anzeigen Starten Sie am Campingplatz und fahren Sie bis zur asphaltierten Stra\u00dfe in Vammen. Biegen Sie rechts auf die Hobrovej in Richtung Lindum ab. Halten Sie sich an jeder Weggabelung links. Biegen Sie &#8230; <a class=\"read-more\" href=\"https:\/\/vammencamping.dk\/de\/radtour-6-fyrkat\/\">Read more&#8230;<\/a><\/p>\n","protected":false},"author":7,"featured_media":0,"parent":0,"menu_order":0,"comment_status":"closed","ping_status":"closed","template":"","meta":{"footnotes":""},"class_list":["post-9725","page","type-page","status-publish"],"featured_image_src":null,"_links":{"self":[{"href":"https:\/\/vammencamping.dk\/de\/wp-json\/wp\/v2\/pages\/9725","targetHints":{"allow":["GET"]}}],"collection":[{"href":"https:\/\/vammencamping.dk\/de\/wp-json\/wp\/v2\/pages"}],"about":[{"href":"https:\/\/vammencamping.dk\/de\/wp-json\/wp\/v2\/types\/page"}],"author":[{"embeddable":true,"href":"https:\/\/vammencamping.dk\/de\/wp-json\/wp\/v2\/users\/7"}],"replies":[{"embeddable":true,"href":"https:\/\/vammencamping.dk\/de\/wp-json\/wp\/v2\/comments?post=9725"}],"version-history":[{"count":1,"href":"https:\/\/vammencamping.dk\/de\/wp-json\/wp\/v2\/pages\/9725\/revisions"}],"predecessor-version":[{"id":9726,"href":"https:\/\/vammencamping.dk\/de\/wp-json\/wp\/v2\/pages\/9725\/revisions\/9726"}],"wp:attachment":[{"href":"https:\/\/vammencamping.dk\/de\/wp-json\/wp\/v2\/media?parent=9725"}],"curies":[{"name":"wp","href":"https:\/\/api.w.org\/{rel}","templated":true}]}}