{"id":9721,"date":"2025-07-03T11:11:41","date_gmt":"2025-07-03T10:11:41","guid":{"rendered":"https:\/\/vammencamping.dk\/radtour-5-snaebum\/"},"modified":"2025-07-03T11:11:43","modified_gmt":"2025-07-03T10:11:43","slug":"radtour-5-snaebum","status":"publish","type":"page","link":"https:\/\/vammencamping.dk\/de\/radtour-5-snaebum\/","title":{"rendered":"Radtour 5 &#8211; Sn\u00e6bum"},"content":{"rendered":"\n<div class=\"wp-block-columns is-layout-flex wp-container-core-columns-is-layout-9d6595d7 wp-block-columns-is-layout-flex\">\n<div class=\"wp-block-column is-layout-flow wp-block-column-is-layout-flow\">\n<figure class=\"wp-block-image size-large is-resized\"><a href=\"https:\/\/vcamp.dk\/c5\/osm\" target=\"_blank\" rel=\" noreferrer noopener\"><img loading=\"lazy\" decoding=\"async\" width=\"1200\" height=\"400\" src=\"https:\/\/vammencamping.dk\/wp-content\/uploads\/2025\/06\/openstreetmap-1200x400.png\" alt=\"\" class=\"wp-image-9358\" style=\"width:264px;height:auto\" srcset=\"https:\/\/vammencamping.dk\/wp-content\/uploads\/2025\/06\/openstreetmap-1200x400.png 1200w, https:\/\/vammencamping.dk\/wp-content\/uploads\/2025\/06\/openstreetmap-744x248.png 744w, https:\/\/vammencamping.dk\/wp-content\/uploads\/2025\/06\/openstreetmap-420x140.png 420w, https:\/\/vammencamping.dk\/wp-content\/uploads\/2025\/06\/openstreetmap-768x256.png 768w, https:\/\/vammencamping.dk\/wp-content\/uploads\/2025\/06\/openstreetmap.png 900w\" sizes=\"auto, (max-width: 1200px) 100vw, 1200px\" \/><\/a><\/figure>\n<\/div>\n\n\n\n<div class=\"wp-block-column is-layout-flow wp-block-column-is-layout-flow\">\n<figure class=\"wp-block-image size-large is-resized\"><a href=\"https:\/\/vcamp.dk\/c5\/gm\" target=\"_blank\" rel=\" noreferrer noopener\"><img loading=\"lazy\" decoding=\"async\" width=\"1200\" height=\"324\" src=\"https:\/\/vammencamping.dk\/wp-content\/uploads\/2025\/06\/google_maps-1200x324.png\" alt=\"\" class=\"wp-image-9364\" style=\"width:242px;height:auto\" srcset=\"https:\/\/vammencamping.dk\/wp-content\/uploads\/2025\/06\/google_maps-1200x324.png 1200w, https:\/\/vammencamping.dk\/wp-content\/uploads\/2025\/06\/google_maps-744x201.png 744w, https:\/\/vammencamping.dk\/wp-content\/uploads\/2025\/06\/google_maps-420x113.png 420w, https:\/\/vammencamping.dk\/wp-content\/uploads\/2025\/06\/google_maps-768x207.png 768w, https:\/\/vammencamping.dk\/wp-content\/uploads\/2025\/06\/google_maps.png 2048w\" sizes=\"auto, (max-width: 1200px) 100vw, 1200px\" \/><\/a><\/figure>\n<\/div>\n\n\n\n<div class=\"wp-block-column is-layout-flow wp-block-column-is-layout-flow\">\n<figure class=\"wp-block-image size-large is-resized\"><a href=\"https:\/\/vcamp.dk\/c5\/bm\" target=\"_blank\" rel=\" noreferrer noopener\"><img loading=\"lazy\" decoding=\"async\" width=\"1200\" height=\"295\" src=\"https:\/\/vammencamping.dk\/wp-content\/uploads\/2025\/06\/bikemap-1200x295.png\" alt=\"\" class=\"wp-image-9440\" style=\"width:242px\" srcset=\"https:\/\/vammencamping.dk\/wp-content\/uploads\/2025\/06\/bikemap-1200x295.png 1200w, https:\/\/vammencamping.dk\/wp-content\/uploads\/2025\/06\/bikemap-744x183.png 744w, https:\/\/vammencamping.dk\/wp-content\/uploads\/2025\/06\/bikemap-420x103.png 420w, https:\/\/vammencamping.dk\/wp-content\/uploads\/2025\/06\/bikemap-768x189.png 768w, https:\/\/vammencamping.dk\/wp-content\/uploads\/2025\/06\/bikemap.png 642w\" sizes=\"auto, (max-width: 1200px) 100vw, 1200px\" \/><\/a><\/figure>\n<\/div>\n\n\n\n<div class=\"wp-block-column is-layout-flow wp-block-column-is-layout-flow\">\n<figure class=\"wp-block-image size-large is-resized\"><a href=\"https:\/\/vcamp.dk\/c5\/km\" target=\"_blank\" rel=\" noreferrer noopener\"><img loading=\"lazy\" decoding=\"async\" width=\"1200\" height=\"362\" src=\"https:\/\/vammencamping.dk\/wp-content\/uploads\/2025\/06\/komoot-1200x362.png\" alt=\"\" class=\"wp-image-9368\" style=\"width:241px;height:auto\" srcset=\"https:\/\/vammencamping.dk\/wp-content\/uploads\/2025\/06\/komoot-1200x362.png 1200w, https:\/\/vammencamping.dk\/wp-content\/uploads\/2025\/06\/komoot-744x224.png 744w, https:\/\/vammencamping.dk\/wp-content\/uploads\/2025\/06\/komoot-420x126.png 420w, https:\/\/vammencamping.dk\/wp-content\/uploads\/2025\/06\/komoot-768x231.png 768w, https:\/\/vammencamping.dk\/wp-content\/uploads\/2025\/06\/komoot.png 716w\" sizes=\"auto, (max-width: 1200px) 100vw, 1200px\" \/><\/a><\/figure>\n<\/div>\n<\/div>\n\n<p class=\"has-text-align-left\">L\u00e4nge: <strong>40 km<\/strong><\/p>\n\n<p class=\"has-text-align-left\">Eine kurze, gem\u00fctliche Radtour zu den Ganggr\u00e4bern bei Sn\u00e6bum. Die Route f\u00fchrt durch W\u00e4lder, kleine D\u00f6rfer und am Nordisk Dyrepark vorbei. <\/p>\n\n<iframe loading=\"lazy\" width=\"100%\" height=\"500px\" frameborder=\"0\" allowfullscreen=\"\" allow=\"geolocation\" src=\"\/\/umap.openstreetmap.fr\/da\/map\/vammen-camping-bicycle-route-5-snbum_1240060?scaleControl=false&#038;miniMap=false&#038;scrollWheelZoom=false&#038;zoomControl=true&#038;editMode=disabled&#038;moreControl=true&#038;searchControl=null&#038;tilelayersControl=null&#038;embedControl=null&#038;datalayersControl=true&#038;onLoadPanel=none&#038;captionBar=false&#038;captionMenus=true\"><\/iframe><p><a href=\"\/\/umap.openstreetmap.fr\/da\/map\/vammen-camping-bicycle-route-5-snbum_1240060?scaleControl=false&#038;miniMap=false&#038;scrollWheelZoom=true&#038;zoomControl=true&#038;editMode=disabled&#038;moreControl=true&#038;searchControl=null&#038;tilelayersControl=null&#038;embedControl=null&#038;datalayersControl=true&#038;onLoadPanel=none&#038;captionBar=false&#038;captionMenus=true\">Im Vollbild anzeigen<\/a><\/p>\n\n<p>Starte am Campingplatz und biege in Vammen rechts ab \u2013 Richtung Lindum. An der Weggabelung biegst du links auf den Erikstrupvej Richtung Klejtrup ab. Fahre am Bigum-Wald vorbei und durch den Lindum-Wald, der zum Gut Tjele geh\u00f6rt. An der Kreuzung im Wald halte links und folge der Beschilderung \u201eKlejtrup 2\u201d. Nachdem du den Fluss Skals \u00c5 \u00fcberquerst hast, h\u00e4lst du dich rechts und folgst der Beschilderung \u201eHvornum 2\u201d.    <\/p>\n\n<p>In Hvornum an der T-Kreuzung links abbiegen auf den Klejtrupvej. Nach 20 Metern biegst du rechts auf den Lillem\u00f8llevej ab und folgst der Beschilderung \u201eSn\u00e6bum 6\u201d. Auf der rechten Seite befindet sich der kleine Zoo \u201eNordisk Dyrepark\u201c (siehe Sonderbrosch\u00fcre im Kiosk des Campingplatzes). \u00dcberquere die Stra\u00dfe Nr. 579 und fahre auf die Stra\u00dfe mit der Beschilderung \u201eSn\u00e6bum 4\u201c (Sn\u00e6bumvej). Fahre geradeaus weiter nach Sn\u00e6bum, halte rechts und biege etwa 100 Meter au\u00dferhalb des Dorfes (zwischen einem Haus und einer wei\u00dfen Garage) links ab in Richtung Hvilsom \u00fcber den Tv\u00e6rvej.    <\/p>\n\n<p>An der T-Kreuzung biegst du rechts auf den Hvilsomvej in Richtung \u201eJ\u00e6ttestuerne\u201d (die Ganggr\u00e4ber) ab. Der Eingang zu den Gr\u00e4bern befindet sich auf der rechten Seite bei einem wei\u00dfen Bauernhof. <\/p>\n\n<p>R\u00fcckfahrt:<br\/>Fahre denselben Weg zur\u00fcck \u2013 achte darauf, etwa 1 km nach Beginn der R\u00fcckfahrt links auf den Tv\u00e6rvej abzubiegen. Alternativ kannst du auch \u00fcber Klejtrup zur\u00fcckfahren. <\/p>\n","protected":false},"excerpt":{"rendered":"<p>L\u00e4nge: 40 km Eine kurze, gem\u00fctliche Radtour zu den Ganggr\u00e4bern bei Sn\u00e6bum. Die Route f\u00fchrt durch W\u00e4lder, kleine D\u00f6rfer und am Nordisk Dyrepark vorbei. Im Vollbild anzeigen Starte am Campingplatz und biege in Vammen rechts ab \u2013 Richtung Lindum. An der Weggabelung biegst du links auf den Erikstrupvej Richtung Klejtrup ab. Fahre am Bigum-Wald vorbei &#8230; <a class=\"read-more\" href=\"https:\/\/vammencamping.dk\/de\/radtour-5-snaebum\/\">Read more&#8230;<\/a><\/p>\n","protected":false},"author":7,"featured_media":0,"parent":0,"menu_order":0,"comment_status":"closed","ping_status":"closed","template":"","meta":{"footnotes":""},"class_list":["post-9721","page","type-page","status-publish"],"featured_image_src":null,"_links":{"self":[{"href":"https:\/\/vammencamping.dk\/de\/wp-json\/wp\/v2\/pages\/9721","targetHints":{"allow":["GET"]}}],"collection":[{"href":"https:\/\/vammencamping.dk\/de\/wp-json\/wp\/v2\/pages"}],"about":[{"href":"https:\/\/vammencamping.dk\/de\/wp-json\/wp\/v2\/types\/page"}],"author":[{"embeddable":true,"href":"https:\/\/vammencamping.dk\/de\/wp-json\/wp\/v2\/users\/7"}],"replies":[{"embeddable":true,"href":"https:\/\/vammencamping.dk\/de\/wp-json\/wp\/v2\/comments?post=9721"}],"version-history":[{"count":1,"href":"https:\/\/vammencamping.dk\/de\/wp-json\/wp\/v2\/pages\/9721\/revisions"}],"predecessor-version":[{"id":9722,"href":"https:\/\/vammencamping.dk\/de\/wp-json\/wp\/v2\/pages\/9721\/revisions\/9722"}],"wp:attachment":[{"href":"https:\/\/vammencamping.dk\/de\/wp-json\/wp\/v2\/media?parent=9721"}],"curies":[{"name":"wp","href":"https:\/\/api.w.org\/{rel}","templated":true}]}}