{"id":9715,"date":"2025-07-03T10:58:55","date_gmt":"2025-07-03T09:58:55","guid":{"rendered":"https:\/\/vammencamping.dk\/radtour-4-haerup-see\/"},"modified":"2025-07-03T10:58:57","modified_gmt":"2025-07-03T09:58:57","slug":"radtour-4-haerup-see","status":"publish","type":"page","link":"https:\/\/vammencamping.dk\/de\/radtour-4-haerup-see\/","title":{"rendered":"Radtour 4 &#8211; H\u00e6rup-See"},"content":{"rendered":"\n<div class=\"wp-block-columns is-layout-flex wp-container-core-columns-is-layout-9d6595d7 wp-block-columns-is-layout-flex\">\n<div class=\"wp-block-column is-layout-flow wp-block-column-is-layout-flow\">\n<figure class=\"wp-block-image size-large is-resized\"><a href=\"https:\/\/vcamp.dk\/c4\/osm\" target=\"_blank\" rel=\" noreferrer noopener\"><img loading=\"lazy\" decoding=\"async\" width=\"1200\" height=\"400\" src=\"https:\/\/vammencamping.dk\/wp-content\/uploads\/2025\/06\/openstreetmap-1200x400.png\" alt=\"\" class=\"wp-image-9358\" style=\"width:264px;height:auto\" srcset=\"https:\/\/vammencamping.dk\/wp-content\/uploads\/2025\/06\/openstreetmap-1200x400.png 1200w, https:\/\/vammencamping.dk\/wp-content\/uploads\/2025\/06\/openstreetmap-744x248.png 744w, https:\/\/vammencamping.dk\/wp-content\/uploads\/2025\/06\/openstreetmap-420x140.png 420w, https:\/\/vammencamping.dk\/wp-content\/uploads\/2025\/06\/openstreetmap-768x256.png 768w, https:\/\/vammencamping.dk\/wp-content\/uploads\/2025\/06\/openstreetmap.png 900w\" sizes=\"auto, (max-width: 1200px) 100vw, 1200px\" \/><\/a><\/figure>\n<\/div>\n\n\n\n<div class=\"wp-block-column is-layout-flow wp-block-column-is-layout-flow\">\n<figure class=\"wp-block-image size-large is-resized\"><a href=\"https:\/\/vcamp.dk\/c4\/gm\" target=\"_blank\" rel=\" noreferrer noopener\"><img loading=\"lazy\" decoding=\"async\" width=\"1200\" height=\"324\" src=\"https:\/\/vammencamping.dk\/wp-content\/uploads\/2025\/06\/google_maps-1200x324.png\" alt=\"\" class=\"wp-image-9364\" style=\"width:242px;height:auto\" srcset=\"https:\/\/vammencamping.dk\/wp-content\/uploads\/2025\/06\/google_maps-1200x324.png 1200w, https:\/\/vammencamping.dk\/wp-content\/uploads\/2025\/06\/google_maps-744x201.png 744w, https:\/\/vammencamping.dk\/wp-content\/uploads\/2025\/06\/google_maps-420x113.png 420w, https:\/\/vammencamping.dk\/wp-content\/uploads\/2025\/06\/google_maps-768x207.png 768w, https:\/\/vammencamping.dk\/wp-content\/uploads\/2025\/06\/google_maps.png 2048w\" sizes=\"auto, (max-width: 1200px) 100vw, 1200px\" \/><\/a><\/figure>\n<\/div>\n\n\n\n<div class=\"wp-block-column is-layout-flow wp-block-column-is-layout-flow\">\n<figure class=\"wp-block-image size-large is-resized\"><a href=\"https:\/\/vcamp.dk\/c4\/bm\" target=\"_blank\" rel=\" noreferrer noopener\"><img loading=\"lazy\" decoding=\"async\" width=\"1200\" height=\"295\" src=\"https:\/\/vammencamping.dk\/wp-content\/uploads\/2025\/06\/bikemap-1200x295.png\" alt=\"\" class=\"wp-image-9440\" style=\"width:242px\" srcset=\"https:\/\/vammencamping.dk\/wp-content\/uploads\/2025\/06\/bikemap-1200x295.png 1200w, https:\/\/vammencamping.dk\/wp-content\/uploads\/2025\/06\/bikemap-744x183.png 744w, https:\/\/vammencamping.dk\/wp-content\/uploads\/2025\/06\/bikemap-420x103.png 420w, https:\/\/vammencamping.dk\/wp-content\/uploads\/2025\/06\/bikemap-768x189.png 768w, https:\/\/vammencamping.dk\/wp-content\/uploads\/2025\/06\/bikemap.png 642w\" sizes=\"auto, (max-width: 1200px) 100vw, 1200px\" \/><\/a><\/figure>\n<\/div>\n\n\n\n<div class=\"wp-block-column is-layout-flow wp-block-column-is-layout-flow\">\n<figure class=\"wp-block-image size-large is-resized\"><a href=\"https:\/\/vcamp.dk\/c4\/km\" target=\"_blank\" rel=\" noreferrer noopener\"><img loading=\"lazy\" decoding=\"async\" width=\"1200\" height=\"362\" src=\"https:\/\/vammencamping.dk\/wp-content\/uploads\/2025\/06\/komoot-1200x362.png\" alt=\"\" class=\"wp-image-9368\" style=\"width:241px;height:auto\" srcset=\"https:\/\/vammencamping.dk\/wp-content\/uploads\/2025\/06\/komoot-1200x362.png 1200w, https:\/\/vammencamping.dk\/wp-content\/uploads\/2025\/06\/komoot-744x224.png 744w, https:\/\/vammencamping.dk\/wp-content\/uploads\/2025\/06\/komoot-420x126.png 420w, https:\/\/vammencamping.dk\/wp-content\/uploads\/2025\/06\/komoot-768x231.png 768w, https:\/\/vammencamping.dk\/wp-content\/uploads\/2025\/06\/komoot.png 716w\" sizes=\"auto, (max-width: 1200px) 100vw, 1200px\" \/><\/a><\/figure>\n<\/div>\n<\/div>\n\n<p class=\"has-text-align-left\">L\u00e4nge: <strong>26 km<\/strong><\/p>\n\n<p class=\"has-text-align-left\"><\/p>\n\n<p class=\"has-text-align-left\">Erkunden Sie den H\u00e6rup-See und das Skals-Flusstal auf einer friedlichen Radtour voller Naturerlebnisse. Besuche die Weltkarte, den Lindum-Wald und gesch\u00fctzte H\u00fcgel. <\/p>\n\n<iframe loading=\"lazy\" width=\"100%\" height=\"500px\" frameborder=\"0\" allowfullscreen=\"\" allow=\"geolocation\" src=\"\/\/umap.openstreetmap.fr\/da\/map\/vammen-camping-bicycle-route-4-hrup-lake_1240049?scaleControl=false&#038;miniMap=false&#038;scrollWheelZoom=false&#038;zoomControl=true&#038;editMode=disabled&#038;moreControl=true&#038;searchControl=null&#038;tilelayersControl=null&#038;embedControl=null&#038;datalayersControl=true&#038;onLoadPanel=none&#038;captionBar=false&#038;captionMenus=true\"><\/iframe><p><a href=\"\/\/umap.openstreetmap.fr\/da\/map\/vammen-camping-bicycle-route-4-hrup-lake_1240049?scaleControl=false&#038;miniMap=false&#038;scrollWheelZoom=true&#038;zoomControl=true&#038;editMode=disabled&#038;moreControl=true&#038;searchControl=null&#038;tilelayersControl=null&#038;embedControl=null&#038;datalayersControl=true&#038;onLoadPanel=none&#038;captionBar=false&#038;captionMenus=true\">Im Vollbild anzeigen<\/a><\/p>\n\n<p>Starte am Campingplatz und biege in Vammen in Hobrovej links ab. An der Kreuzung beim Kaufmann biegst du rechts in die N\u00f8rregade in Richtung Hersom ab. Du kommst an das Gemeindehaus Forsamlingshuset und die Kirche vorbei und f\u00e4hst bergab durch Nederby \u2013 den \u00e4ltesten Teil von Vammen. Fahre weiter geradeaus ins Skals-Flusstal \u2013 ein Tunneltal aus der letzten Eiszeit.     . \u00dcberquere den Skals-Fluss.<\/p>\n\n<p>An der T-Kreuzung biegst du rechts ab, wo das Schild \u201e\u00d8rris 2\u201d auf den \u00d8rrisvej weist. Nach 1 km erscheint rechts der H\u00e6rup-See, umgeben von gesch\u00fctzten H\u00fcgeln. Folge der asphaltierten Stra\u00dfe. An der T-Kreuzung biegst du rechts ab, wo das Schild \u201eTroelstrup 1\u201d (Sognevej) aufweist. Nach 600 m biegst du an der n\u00e4chsten Kreuzung wieder rechts ab, wo das Schild \u201eKlejtrup 4\u201d steht. Fahre 1,2 km geradeaus und biege dann rechts ab, wo das Schild \u201eH\u00e6rup S\u00f8\u201d (H\u00e6rupvejen) steht. Nach 1,2 km befindet sich auf der rechten Seite ein Parkplatz. Von hier aus f\u00fchren zwei markierte Wanderwege in das Naturschutzgebiet rund um den H\u00e6rup-See.       <\/p>\n\n<p>An der n\u00e4chsten T-Kreuzung (wei\u00dfer Bauernhof auf der linken Seite) biegst du links auf die asphaltierte Stra\u00dfe ab (geradeaus befinden sich zwei Grabh\u00fcgel). An der n\u00e4chsten T-Kreuzung (nach 1,4 km) biegst du rechts ab und erreichst kurz darauf Klejtrup. Halte rechts in Richtung Hobro. Am Ortsrand findest du auf der linken Seite die Weltkarte (Verdenskortet) und den Klejtrup-See.    <\/p>\n\n<p>Biege kurz danach rechts ab am Schild \u201eLindum 4\u201d (Brohusvej). An der n\u00e4chsten T-Kreuzung biegst du rechts ab am Schild \u201eLindum 3\u201d (Lindumvej). Nachdem du den Fluss Skals \u00c5 \u00fcberquerst hast, gelangst du in den Lindum-Wald. An der Kreuzung Erikstrupvej \u2013 Dr\u00f8wten kannst du entweder geradeaus am Schild \u201eVammen 8\u201d (durch den Wald) weiterfahren oder links auf die Dr\u00f8wten abbiegen und die Fahrt um etwa 3 km verl\u00e4ngern.   <\/p>\n\n<p>Wenn du dich f\u00fcr die linke Route \u201eLindum 3\u201d (Dr\u00f8wten) entscheidest, folgst du der kurvenreichen Stra\u00dfe nach Lindum. Dort biegst du am Schild \u201eVammen 8\u201d rechts ab. Etwa 1 km au\u00dferhalb von Lindum f\u00e4hst du entweder geradeaus in Richtung Vammen oder biegst am Schild \u201eBigum 2\u201d (Lergravsvej) links ab und folgst der asphaltierten Stra\u00dfe durch Bigum. Diese Strasse f\u00fchrt zur Stra\u00dfe Lindum-Vammen zur\u00fcck \u2013 dort biegst du links ab.  <\/p>\n\n<p>Wenn du die gerade Route \u201eVammen 8\u201d w\u00e4hlst, f\u00fchrt die asphaltierte Stra\u00dfe weiter durch den Wald und vorbei an H\u00f8ndrupvej. Biege dort an der Beschilderung \u201eVammen 4\u201d rechts ab. In Vammen links auf den Bygmarksvej zum Campingplatz zur\u00fcck.  <\/p>\n","protected":false},"excerpt":{"rendered":"<p>L\u00e4nge: 26 km Erkunden Sie den H\u00e6rup-See und das Skals-Flusstal auf einer friedlichen Radtour voller Naturerlebnisse. Besuche die Weltkarte, den Lindum-Wald und gesch\u00fctzte H\u00fcgel. Im Vollbild anzeigen Starte am Campingplatz und biege in Vammen in Hobrovej links ab. An der Kreuzung beim Kaufmann biegst du rechts in die N\u00f8rregade in Richtung Hersom ab. Du kommst &#8230; <a class=\"read-more\" href=\"https:\/\/vammencamping.dk\/de\/radtour-4-haerup-see\/\">Read more&#8230;<\/a><\/p>\n","protected":false},"author":7,"featured_media":0,"parent":0,"menu_order":0,"comment_status":"closed","ping_status":"closed","template":"","meta":{"footnotes":""},"class_list":["post-9715","page","type-page","status-publish"],"featured_image_src":null,"_links":{"self":[{"href":"https:\/\/vammencamping.dk\/de\/wp-json\/wp\/v2\/pages\/9715","targetHints":{"allow":["GET"]}}],"collection":[{"href":"https:\/\/vammencamping.dk\/de\/wp-json\/wp\/v2\/pages"}],"about":[{"href":"https:\/\/vammencamping.dk\/de\/wp-json\/wp\/v2\/types\/page"}],"author":[{"embeddable":true,"href":"https:\/\/vammencamping.dk\/de\/wp-json\/wp\/v2\/users\/7"}],"replies":[{"embeddable":true,"href":"https:\/\/vammencamping.dk\/de\/wp-json\/wp\/v2\/comments?post=9715"}],"version-history":[{"count":1,"href":"https:\/\/vammencamping.dk\/de\/wp-json\/wp\/v2\/pages\/9715\/revisions"}],"predecessor-version":[{"id":9716,"href":"https:\/\/vammencamping.dk\/de\/wp-json\/wp\/v2\/pages\/9715\/revisions\/9716"}],"wp:attachment":[{"href":"https:\/\/vammencamping.dk\/de\/wp-json\/wp\/v2\/media?parent=9715"}],"curies":[{"name":"wp","href":"https:\/\/api.w.org\/{rel}","templated":true}]}}