{"id":9711,"date":"2025-07-03T10:51:04","date_gmt":"2025-07-03T09:51:04","guid":{"rendered":"https:\/\/vammencamping.dk\/radtour-1-pederstrup-hvolris\/"},"modified":"2025-07-07T10:50:32","modified_gmt":"2025-07-07T09:50:32","slug":"radtour-1-pederstrup-hvolris","status":"publish","type":"page","link":"https:\/\/vammencamping.dk\/de\/radtour-1-pederstrup-hvolris\/","title":{"rendered":"Radtour 1 &#8211; Pederstrup &#8211; Hvolris"},"content":{"rendered":"\n<div class=\"wp-block-columns is-layout-flex wp-container-core-columns-is-layout-9d6595d7 wp-block-columns-is-layout-flex\">\n<div class=\"wp-block-column is-layout-flow wp-block-column-is-layout-flow\">\n<figure class=\"wp-block-image size-large is-resized\"><a href=\"https:\/\/vcamp.dk\/h1\/osm\" target=\"_blank\" rel=\" noreferrer noopener\"><img loading=\"lazy\" decoding=\"async\" width=\"1200\" height=\"400\" src=\"https:\/\/vammencamping.dk\/wp-content\/uploads\/2025\/06\/openstreetmap-1200x400.png\" alt=\"\" class=\"wp-image-9358\" style=\"width:264px;height:auto\" srcset=\"https:\/\/vammencamping.dk\/wp-content\/uploads\/2025\/06\/openstreetmap-1200x400.png 1200w, https:\/\/vammencamping.dk\/wp-content\/uploads\/2025\/06\/openstreetmap-744x248.png 744w, https:\/\/vammencamping.dk\/wp-content\/uploads\/2025\/06\/openstreetmap-420x140.png 420w, https:\/\/vammencamping.dk\/wp-content\/uploads\/2025\/06\/openstreetmap-768x256.png 768w, https:\/\/vammencamping.dk\/wp-content\/uploads\/2025\/06\/openstreetmap.png 900w\" sizes=\"auto, (max-width: 1200px) 100vw, 1200px\" \/><\/a><\/figure>\n<\/div>\n\n\n\n<div class=\"wp-block-column is-layout-flow wp-block-column-is-layout-flow\">\n<figure class=\"wp-block-image size-large is-resized\"><a href=\"https:\/\/vcamp.dk\/h1\/gm\" target=\"_blank\" rel=\" noreferrer noopener\"><img loading=\"lazy\" decoding=\"async\" width=\"1200\" height=\"324\" src=\"https:\/\/vammencamping.dk\/wp-content\/uploads\/2025\/06\/google_maps-1200x324.png\" alt=\"\" class=\"wp-image-9364\" style=\"width:242px;height:auto\" srcset=\"https:\/\/vammencamping.dk\/wp-content\/uploads\/2025\/06\/google_maps-1200x324.png 1200w, https:\/\/vammencamping.dk\/wp-content\/uploads\/2025\/06\/google_maps-744x201.png 744w, https:\/\/vammencamping.dk\/wp-content\/uploads\/2025\/06\/google_maps-420x113.png 420w, https:\/\/vammencamping.dk\/wp-content\/uploads\/2025\/06\/google_maps-768x207.png 768w, https:\/\/vammencamping.dk\/wp-content\/uploads\/2025\/06\/google_maps.png 2048w\" sizes=\"auto, (max-width: 1200px) 100vw, 1200px\" \/><\/a><\/figure>\n<\/div>\n\n\n\n<div class=\"wp-block-column is-layout-flow wp-block-column-is-layout-flow\">\n<figure class=\"wp-block-image size-large is-resized\"><a href=\"https:\/\/vcamp.dk\/h1\/bm\" target=\"_blank\" rel=\" noreferrer noopener\"><img loading=\"lazy\" decoding=\"async\" width=\"1200\" height=\"295\" src=\"https:\/\/vammencamping.dk\/wp-content\/uploads\/2025\/06\/bikemap-1200x295.png\" alt=\"\" class=\"wp-image-9440\" style=\"width:242px\" srcset=\"https:\/\/vammencamping.dk\/wp-content\/uploads\/2025\/06\/bikemap-1200x295.png 1200w, https:\/\/vammencamping.dk\/wp-content\/uploads\/2025\/06\/bikemap-744x183.png 744w, https:\/\/vammencamping.dk\/wp-content\/uploads\/2025\/06\/bikemap-420x103.png 420w, https:\/\/vammencamping.dk\/wp-content\/uploads\/2025\/06\/bikemap-768x189.png 768w, https:\/\/vammencamping.dk\/wp-content\/uploads\/2025\/06\/bikemap.png 642w\" sizes=\"auto, (max-width: 1200px) 100vw, 1200px\" \/><\/a><\/figure>\n<\/div>\n\n\n\n<div class=\"wp-block-column is-layout-flow wp-block-column-is-layout-flow\">\n<figure class=\"wp-block-image size-large is-resized\"><a href=\"https:\/\/vcamp.dk\/h1\/km\" target=\"_blank\" rel=\" noreferrer noopener\"><img loading=\"lazy\" decoding=\"async\" width=\"1200\" height=\"362\" src=\"https:\/\/vammencamping.dk\/wp-content\/uploads\/2025\/06\/komoot-1200x362.png\" alt=\"\" class=\"wp-image-9368\" style=\"width:241px;height:auto\" srcset=\"https:\/\/vammencamping.dk\/wp-content\/uploads\/2025\/06\/komoot-1200x362.png 1200w, https:\/\/vammencamping.dk\/wp-content\/uploads\/2025\/06\/komoot-744x224.png 744w, https:\/\/vammencamping.dk\/wp-content\/uploads\/2025\/06\/komoot-420x126.png 420w, https:\/\/vammencamping.dk\/wp-content\/uploads\/2025\/06\/komoot-768x231.png 768w, https:\/\/vammencamping.dk\/wp-content\/uploads\/2025\/06\/komoot.png 716w\" sizes=\"auto, (max-width: 1200px) 100vw, 1200px\" \/><\/a><\/figure>\n<\/div>\n<\/div>\n\n<p class=\"has-text-align-left\">L\u00e4nge: <strong>27 km<\/strong><\/p>\n\n<p class=\"has-text-align-left\">Eine stimmungsvolle Radtour durch die H\u00fcgel von Pederstrup und das Skals-Flusstal. Entdecke romanische Kirchen, alte Grabsteine und das Hvolris Eisenzeitdorf. <\/p>\n\n<iframe loading=\"lazy\" width=\"100%\" height=\"500px\" frameborder=\"0\" allowfullscreen=\"\" allow=\"geolocation\" src=\"\/\/umap.openstreetmap.fr\/da\/map\/vammen-camping-bicycle-route-1-pederstrup-hvolris_1239616?scaleControl=false&#038;miniMap=false&#038;scrollWheelZoom=false&#038;zoomControl=true&#038;editMode=disabled&#038;moreControl=true&#038;searchControl=null&#038;tilelayersControl=null&#038;embedControl=null&#038;datalayersControl=true&#038;onLoadPanel=none&#038;captionBar=false&#038;captionMenus=true\"><\/iframe><p><a href=\"\/\/umap.openstreetmap.fr\/da\/map\/vammen-camping-bicycle-route-1-pederstrup-hvolris_1239616?scaleControl=false&#038;miniMap=false&#038;scrollWheelZoom=true&#038;zoomControl=true&#038;editMode=disabled&#038;moreControl=true&#038;searchControl=null&#038;tilelayersControl=null&#038;embedControl=null&#038;datalayersControl=true&#038;onLoadPanel=none&#038;captionBar=false&#038;captionMenus=true\">Im Vollbild anzeigen<\/a><\/p>\n\n<p>Starte am Campingplatz und biege in Vammen links auf die asphaltierte Stra\u00dfe Hobrovej ab. Fahre geradeaus weiter in Richtung Viborg und \u00fcberquere die Kreuzung beim Kaufmann in Vammen. Nach dem Dorfschild f\u00e4ngt der Fahrradweg an. Nach etwa 5 km biege rechts ab am Schild \u201eL\u00f8vel 5\u201d (Iversvej). An der T-Kreuzung biege rechts ab am Schild \u201eL\u00f8vel 3\u201d. Nach etwa \u00bd km fahre geradeaus weiter am Schild \u201ePederstrup 4\u201d (Vr\u00e5vej). Auf der rechten Seite f\u00e4hrst du durch die h\u00fcgelige Landschaft von Pederstrup Bakker.       <\/p>\n\n<p>Zur\u00fcck auf dem flachen Plateau halte an der scharfen Kurve in der N\u00e4he der H\u00e4user Nr. 28-30 \u2013 von hier aus hast du einen wundersch\u00f6nen Blick \u00fcber das Skals-Flusstal. An der T-Kreuzung biege rechts ab in Richtung \u201ePederstrup 1\u201d. Entlang der Stra\u00dfe siehst du noch eine Reihe alter Wegmarkierungen. Rechts halten und folge die asphaltierten Stra\u00dfe bis zur Kirche. Die Kirche von Pederstrup ist f\u00fcr alle zug\u00e4nglich. Trete gerne rein und wirf einen Blick auf eine typisch d\u00e4nische romanische Kirche aus der Zeit um 1100\u20131200. Gehe \u00fcber den Friedhof und genie\u00dfe die Aussicht \u00fcber das Tal und in Richtung R\u00f8ds\u00f8. Entlang der Steinmauer sind einige sehr alte Grabsteine ausgestellt.      <\/p>\n\n<p>Kehre um und halte rechts \u2013 folge dem L\u00f8velbrovej. Du radelst nun im Tal des Flusses Skals. Etwa 200 m vor der Hauptstra\u00dfe befindet sich auf der linken Seite ein kleines Schutzgebiet. Es besteht aus \u00dcberresten von &#8222;versunkenen&#8220; Wege, die alle zur alten L\u00f8vel-Br\u00fccke (\u00fcber den Fluss Skals) f\u00fchren. Biege an der Hauptstra\u00dfe (13) rechts ab. Schaue an der Br\u00fccke nach links \u2013 in Richtung Westen \u2013, um die \u00dcberreste der alten Br\u00fcckenpfeiler zu sehen.     <\/p>\n\n<p>Nach 1 km auf der Hauptstra\u00dfe (Nummer 13) biegst du rechts ab am Schild \u201eHersom\u201d und \u201eHvolris\u201d (Drivvejen). Auf der rechten Seite liegt die kleine romanische Kirche von Bjerregrav. An der T-Kreuzung biegst du rechts ab am Schild \u201eHvolrisomr\u00e5det\u201d, passierst die Schule und \u00fcberquerst die Br\u00fccke. Hvolris, etwa 600 Meter von der Stra\u00dfe entfernt, ist die arch\u00e4ologische Ausgrabungsst\u00e4tte des Museums Viborg mit \u00dcberresten von Behausungen aus der Eisenzeit, Pflasterungen, \u00d6fen, Brunnenkonstruktionen, versunkenen H\u00fctten sowie Siedlungen aus der Bronzezeit und der Jungsteinzeit. Die dauerhaften Funde aus den Ausgrabungen sind in der Umgebung markiert, w\u00e4hrend die gefundenen Artefakte in einer Ausstellung gesammelt sind.    <\/p>\n\n<p>Folge den Weg weiter und biege rechts in den Teglg\u00e5rdsvej ab, der mit \u201eVammen 7\u201d ausgeschildert ist. Auf der linken Seite passierst du die Betonziegelfabrik Monier a\/s Hersom-V\u00e6rket, w\u00e4hrend sich der Fluss Skals zu deiner Rechten schl\u00e4ngelt. In Hersom biegst du rechts ab an der Beschilderung \u201eVammen 4\u201d und haltest dann rechts an der Beschilderung \u201eVammen 3\u201d, vorbei an der Kirche. Biege erneut rechts ab, wenn du das Schild \u201eVammen 3\u201d siehst, und \u00fcberquere das Tal des Flusses Skals. In Vammen biegst du an der Kreuzung beim Kaufmann links ab. Biege rechts ab auf den Langs\u00f8vej oder den Bygmarksvej zur\u00fcck zum Campingplatz.     <\/p>\n","protected":false},"excerpt":{"rendered":"<p>L\u00e4nge: 27 km Eine stimmungsvolle Radtour durch die H\u00fcgel von Pederstrup und das Skals-Flusstal. Entdecke romanische Kirchen, alte Grabsteine und das Hvolris Eisenzeitdorf. Im Vollbild anzeigen Starte am Campingplatz und biege in Vammen links auf die asphaltierte Stra\u00dfe Hobrovej ab. Fahre geradeaus weiter in Richtung Viborg und \u00fcberquere die Kreuzung beim Kaufmann in Vammen. Nach &#8230; <a class=\"read-more\" href=\"https:\/\/vammencamping.dk\/de\/radtour-1-pederstrup-hvolris\/\">Read more&#8230;<\/a><\/p>\n","protected":false},"author":7,"featured_media":0,"parent":0,"menu_order":0,"comment_status":"closed","ping_status":"closed","template":"","meta":{"footnotes":""},"class_list":["post-9711","page","type-page","status-publish"],"featured_image_src":null,"_links":{"self":[{"href":"https:\/\/vammencamping.dk\/de\/wp-json\/wp\/v2\/pages\/9711","targetHints":{"allow":["GET"]}}],"collection":[{"href":"https:\/\/vammencamping.dk\/de\/wp-json\/wp\/v2\/pages"}],"about":[{"href":"https:\/\/vammencamping.dk\/de\/wp-json\/wp\/v2\/types\/page"}],"author":[{"embeddable":true,"href":"https:\/\/vammencamping.dk\/de\/wp-json\/wp\/v2\/users\/7"}],"replies":[{"embeddable":true,"href":"https:\/\/vammencamping.dk\/de\/wp-json\/wp\/v2\/comments?post=9711"}],"version-history":[{"count":1,"href":"https:\/\/vammencamping.dk\/de\/wp-json\/wp\/v2\/pages\/9711\/revisions"}],"predecessor-version":[{"id":9712,"href":"https:\/\/vammencamping.dk\/de\/wp-json\/wp\/v2\/pages\/9711\/revisions\/9712"}],"wp:attachment":[{"href":"https:\/\/vammencamping.dk\/de\/wp-json\/wp\/v2\/media?parent=9711"}],"curies":[{"name":"wp","href":"https:\/\/api.w.org\/{rel}","templated":true}]}}