{"id":9709,"date":"2025-07-03T10:43:58","date_gmt":"2025-07-03T09:43:58","guid":{"rendered":"https:\/\/vammencamping.dk\/wanderung-11-uglhoej-und-tinghoeje\/"},"modified":"2025-07-03T10:44:00","modified_gmt":"2025-07-03T09:44:00","slug":"wanderung-11-uglhoej-und-tinghoeje","status":"publish","type":"page","link":"https:\/\/vammencamping.dk\/de\/wanderung-11-uglhoej-und-tinghoeje\/","title":{"rendered":"Wanderung 11 &#8211; Uglh\u00f8j und Tingh\u00f8je"},"content":{"rendered":"\n<div class=\"wp-block-columns is-layout-flex wp-container-core-columns-is-layout-9d6595d7 wp-block-columns-is-layout-flex\">\n<div class=\"wp-block-column is-layout-flow wp-block-column-is-layout-flow\">\n<figure class=\"wp-block-image size-large is-resized\"><a href=\"https:\/\/vcamp.dk\/h11\/osm\" target=\"_blank\" rel=\" noreferrer noopener\"><img loading=\"lazy\" decoding=\"async\" width=\"1200\" height=\"400\" src=\"https:\/\/vammencamping.dk\/wp-content\/uploads\/2025\/06\/openstreetmap-1200x400.png\" alt=\"\" class=\"wp-image-9358\" style=\"width:264px;height:auto\" srcset=\"https:\/\/vammencamping.dk\/wp-content\/uploads\/2025\/06\/openstreetmap-1200x400.png 1200w, https:\/\/vammencamping.dk\/wp-content\/uploads\/2025\/06\/openstreetmap-744x248.png 744w, https:\/\/vammencamping.dk\/wp-content\/uploads\/2025\/06\/openstreetmap-420x140.png 420w, https:\/\/vammencamping.dk\/wp-content\/uploads\/2025\/06\/openstreetmap-768x256.png 768w, https:\/\/vammencamping.dk\/wp-content\/uploads\/2025\/06\/openstreetmap.png 900w\" sizes=\"auto, (max-width: 1200px) 100vw, 1200px\" \/><\/a><\/figure>\n<\/div>\n\n\n\n<div class=\"wp-block-column is-layout-flow wp-block-column-is-layout-flow\">\n<figure class=\"wp-block-image size-large is-resized\"><a href=\"https:\/\/vcamp.dk\/h11\/gm\" target=\"_blank\" rel=\" noreferrer noopener\"><img loading=\"lazy\" decoding=\"async\" width=\"1200\" height=\"324\" src=\"https:\/\/vammencamping.dk\/wp-content\/uploads\/2025\/06\/google_maps-1200x324.png\" alt=\"\" class=\"wp-image-9364\" style=\"width:242px;height:auto\" srcset=\"https:\/\/vammencamping.dk\/wp-content\/uploads\/2025\/06\/google_maps-1200x324.png 1200w, https:\/\/vammencamping.dk\/wp-content\/uploads\/2025\/06\/google_maps-744x201.png 744w, https:\/\/vammencamping.dk\/wp-content\/uploads\/2025\/06\/google_maps-420x113.png 420w, https:\/\/vammencamping.dk\/wp-content\/uploads\/2025\/06\/google_maps-768x207.png 768w, https:\/\/vammencamping.dk\/wp-content\/uploads\/2025\/06\/google_maps.png 2048w\" sizes=\"auto, (max-width: 1200px) 100vw, 1200px\" \/><\/a><\/figure>\n<\/div>\n\n\n\n<div class=\"wp-block-column is-layout-flow wp-block-column-is-layout-flow\">\n<figure class=\"wp-block-image size-large is-resized\"><a href=\"https:\/\/vcamp.dk\/h11\/km\" target=\"_blank\" rel=\" noreferrer noopener\"><img loading=\"lazy\" decoding=\"async\" width=\"1200\" height=\"362\" src=\"https:\/\/vammencamping.dk\/wp-content\/uploads\/2025\/06\/komoot-1200x362.png\" alt=\"\" class=\"wp-image-9368\" style=\"width:241px;height:auto\" srcset=\"https:\/\/vammencamping.dk\/wp-content\/uploads\/2025\/06\/komoot-1200x362.png 1200w, https:\/\/vammencamping.dk\/wp-content\/uploads\/2025\/06\/komoot-744x224.png 744w, https:\/\/vammencamping.dk\/wp-content\/uploads\/2025\/06\/komoot-420x126.png 420w, https:\/\/vammencamping.dk\/wp-content\/uploads\/2025\/06\/komoot-768x231.png 768w, https:\/\/vammencamping.dk\/wp-content\/uploads\/2025\/06\/komoot.png 716w\" sizes=\"auto, (max-width: 1200px) 100vw, 1200px\" \/><\/a><\/figure>\n<\/div>\n<\/div>\n\n<p><\/p>\n\n<p class=\"has-text-align-left\">L\u00e4nge: <strong>11,2 km<\/strong><\/p>\n\n<p class=\"has-text-align-left\">Mach dich auf zu einer historische Wanderung mit Blick auf beeindruckende Ganggr\u00e4ber und Aussicht auf das Tjele \u00c5dal von den markanten Grabh\u00fcgeln in Tingh\u00f8je aus. Die Route bietet sowohl alte Denkm\u00e4ler als auch malerische Panoramen &#8211; mit Spuren der Vergangenheit und moderner Forschung am Horizont. <\/p>\n\n<iframe loading=\"lazy\" width=\"100%\" height=\"500px\" frameborder=\"0\" allowfullscreen=\"\" allow=\"geolocation\" src=\"\/\/umap.openstreetmap.fr\/da\/map\/vammen-camping-hiking-route-11-tinghje_1240116?scaleControl=false&#038;miniMap=false&#038;scrollWheelZoom=false&#038;zoomControl=true&#038;editMode=disabled&#038;moreControl=true&#038;searchControl=null&#038;tilelayersControl=null&#038;embedControl=null&#038;datalayersControl=true&#038;onLoadPanel=none&#038;captionBar=false&#038;captionMenus=true\"><\/iframe><p><a href=\"\/\/umap.openstreetmap.fr\/da\/map\/vammen-camping-hiking-route-11-tinghje_1240116?scaleControl=false&#038;miniMap=false&#038;scrollWheelZoom=true&#038;zoomControl=true&#038;editMode=disabled&#038;moreControl=true&#038;searchControl=null&#038;tilelayersControl=null&#038;embedControl=null&#038;datalayersControl=true&#038;onLoadPanel=none&#038;captionBar=false&#038;captionMenus=true\">Im Vollbild anzeigen<\/a><\/p>\n\n<p>Folge der Campingstra\u00dfe in Richtung Vammen und halte dich an der Y-Kreuzung links. Dann bieg links ab auf den Hobrovej.<br\/>An der Kreuzung beim Lebensmittelladen fahren Sie geradeaus weiter. Au\u00dferhalb des Ortes beginnt ein geteerter Rad- und Wanderweg. Folgen Sie diesem.   <\/p>\n\n<p>Dort, wo die Stra\u00dfe nach Tjele = S\u00f8nderupvej nach links abbiegt, fahren Sie geradeaus weiter und sehen im Norden mehrere Ganggr\u00e4ber. Eines davon hat eine begehbare Doppelkammer, die mit ihren zwei \u00d6ffnungen an den Kopf einer Eule erinnert &#8211; daher der Name \u201eUglh\u00f8j\u201c (Eulenkopf). <\/p>\n\n<p>Es ist erlaubt, diese zu Fu\u00df zu erreichen und zu betreten.<\/p>\n\n<p>Folgt die lila Route, bis diese kurz darauf &#8211; markiert durch einen Pfosten mit lila Markierung &#8211; nach Norden abbiegt und du damit den Hobrovej \u00fcberquerst und den Radweg verl\u00e4sst. Dies ist kurz vor dem Hof Tingh\u00f8jg\u00e5rd, Tingh\u00f8jvej 46. <\/p>\n\n<p>Kurz vor den Grabh\u00fcgeln von Tingh\u00f8je (Richtung S\u00fcden) bietet sich ein sch\u00f6ner Blick hinunter \u00fcber das Tjele \u00c5dal (Flustal) und auf das Foulum Fors\u00f8gscenter.<\/p>\n\n<p>Folge der lila markierten Route zum Bauernhof Tingdalg\u00e5rd = Tingh\u00f8jvej 28. Gehe rechts um diesen Hof vorbei und folge die lila Route bis zur schwarz markierten Route am Bedehusvej.<br\/>Biege hier rechts ab und folge diese schwarz markierte Route bis zum Haug\u00e5rdsvej. Hier rechts ab biegen und geradeaus, gehen, bis die N\u00f8rregade erreicht wird.<br\/>Biege rechts ab und an der Kreuzung, wo der Lebensmittelgesch\u00e4ft ist, gehst du links in den Hobrovej ein.   <\/p>\n\n<p>Nach ca. 200 Metern rechts in den Langs\u00f8vej ein und zur\u00fcck zum Campingplatz.<\/p>\n<div class=\"wp-block-image\">\n<figure class=\"aligncenter size-large is-resized\"><a href=\"https:\/\/vammencamping.dk\/wp-content\/uploads\/2025\/07\/image-1200x636.png\"><img loading=\"lazy\" decoding=\"async\" width=\"1200\" height=\"636\" src=\"https:\/\/vammencamping.dk\/wp-content\/uploads\/2025\/07\/image-1200x636.png\" alt=\"\" class=\"wp-image-9579\" style=\"width:144px\" srcset=\"https:\/\/vammencamping.dk\/wp-content\/uploads\/2025\/07\/image-1200x636.png 1200w, https:\/\/vammencamping.dk\/wp-content\/uploads\/2025\/07\/image-744x394.png 744w, https:\/\/vammencamping.dk\/wp-content\/uploads\/2025\/07\/image-420x222.png 420w, https:\/\/vammencamping.dk\/wp-content\/uploads\/2025\/07\/image-768x407.png 768w, https:\/\/vammencamping.dk\/wp-content\/uploads\/2025\/07\/image.png 722w\" sizes=\"auto, (max-width: 1200px) 100vw, 1200px\" \/><\/a><figcaption class=\"wp-element-caption\">Karte anklicken, um die Infopunkte zu sehen<\/figcaption><\/figure>\n<\/div>\n<p>a)  <em>Das Foulum Fors\u00f8gscenter ist ein Forschungs- und Entwicklungszentrum und Teil der Universit\u00e4t Aarhus. Hier wird in den Bereichen Lebensmittel, Landwirtschaft, Pflanzen, \u00d6kologie, Bioenergie, Umwelt, Klima, Boden, Genetik und Technologie geforscht. <\/em><\/p>\n","protected":false},"excerpt":{"rendered":"<p>L\u00e4nge: 11,2 km Mach dich auf zu einer historische Wanderung mit Blick auf beeindruckende Ganggr\u00e4ber und Aussicht auf das Tjele \u00c5dal von den markanten Grabh\u00fcgeln in Tingh\u00f8je aus. Die Route bietet sowohl alte Denkm\u00e4ler als auch malerische Panoramen &#8211; mit Spuren der Vergangenheit und moderner Forschung am Horizont. Im Vollbild anzeigen Folge der Campingstra\u00dfe in &#8230; <a class=\"read-more\" href=\"https:\/\/vammencamping.dk\/de\/wanderung-11-uglhoej-und-tinghoeje\/\">Read more&#8230;<\/a><\/p>\n","protected":false},"author":7,"featured_media":0,"parent":0,"menu_order":0,"comment_status":"closed","ping_status":"closed","template":"","meta":{"footnotes":""},"class_list":["post-9709","page","type-page","status-publish"],"featured_image_src":null,"_links":{"self":[{"href":"https:\/\/vammencamping.dk\/de\/wp-json\/wp\/v2\/pages\/9709","targetHints":{"allow":["GET"]}}],"collection":[{"href":"https:\/\/vammencamping.dk\/de\/wp-json\/wp\/v2\/pages"}],"about":[{"href":"https:\/\/vammencamping.dk\/de\/wp-json\/wp\/v2\/types\/page"}],"author":[{"embeddable":true,"href":"https:\/\/vammencamping.dk\/de\/wp-json\/wp\/v2\/users\/7"}],"replies":[{"embeddable":true,"href":"https:\/\/vammencamping.dk\/de\/wp-json\/wp\/v2\/comments?post=9709"}],"version-history":[{"count":1,"href":"https:\/\/vammencamping.dk\/de\/wp-json\/wp\/v2\/pages\/9709\/revisions"}],"predecessor-version":[{"id":9710,"href":"https:\/\/vammencamping.dk\/de\/wp-json\/wp\/v2\/pages\/9709\/revisions\/9710"}],"wp:attachment":[{"href":"https:\/\/vammencamping.dk\/de\/wp-json\/wp\/v2\/media?parent=9709"}],"curies":[{"name":"wp","href":"https:\/\/api.w.org\/{rel}","templated":true}]}}