{"id":9707,"date":"2025-07-03T10:36:41","date_gmt":"2025-07-03T09:36:41","guid":{"rendered":"https:\/\/vammencamping.dk\/wanderung-10-fastrup-lang\/"},"modified":"2025-07-10T10:28:54","modified_gmt":"2025-07-10T09:28:54","slug":"wanderung-10-fastrup-lang","status":"publish","type":"page","link":"https:\/\/vammencamping.dk\/de\/wanderung-10-fastrup-lang\/","title":{"rendered":"Wanderung 10 &#8211; Fastrup (lang)"},"content":{"rendered":"\n<div class=\"wp-block-columns is-layout-flex wp-container-core-columns-is-layout-9d6595d7 wp-block-columns-is-layout-flex\">\n<div class=\"wp-block-column is-layout-flow wp-block-column-is-layout-flow\">\n<figure class=\"wp-block-image size-large is-resized\"><a href=\"https:\/\/vcamp.dk\/h10\/osm\" target=\"_blank\" rel=\" noreferrer noopener\"><img loading=\"lazy\" decoding=\"async\" width=\"1200\" height=\"400\" src=\"https:\/\/vammencamping.dk\/wp-content\/uploads\/2025\/06\/openstreetmap-1200x400.png\" alt=\"\" class=\"wp-image-9358\" style=\"width:264px;height:auto\" srcset=\"https:\/\/vammencamping.dk\/wp-content\/uploads\/2025\/06\/openstreetmap-1200x400.png 1200w, https:\/\/vammencamping.dk\/wp-content\/uploads\/2025\/06\/openstreetmap-744x248.png 744w, https:\/\/vammencamping.dk\/wp-content\/uploads\/2025\/06\/openstreetmap-420x140.png 420w, https:\/\/vammencamping.dk\/wp-content\/uploads\/2025\/06\/openstreetmap-768x256.png 768w, https:\/\/vammencamping.dk\/wp-content\/uploads\/2025\/06\/openstreetmap.png 900w\" sizes=\"auto, (max-width: 1200px) 100vw, 1200px\" \/><\/a><\/figure>\n<\/div>\n\n\n\n<div class=\"wp-block-column is-layout-flow wp-block-column-is-layout-flow\">\n<figure class=\"wp-block-image size-large is-resized\"><a href=\"https:\/\/vcamp.dk\/h10\/gm\" target=\"_blank\" rel=\" noreferrer noopener\"><img loading=\"lazy\" decoding=\"async\" width=\"1200\" height=\"324\" src=\"https:\/\/vammencamping.dk\/wp-content\/uploads\/2025\/06\/google_maps-1200x324.png\" alt=\"\" class=\"wp-image-9364\" style=\"width:242px;height:auto\" srcset=\"https:\/\/vammencamping.dk\/wp-content\/uploads\/2025\/06\/google_maps-1200x324.png 1200w, https:\/\/vammencamping.dk\/wp-content\/uploads\/2025\/06\/google_maps-744x201.png 744w, https:\/\/vammencamping.dk\/wp-content\/uploads\/2025\/06\/google_maps-420x113.png 420w, https:\/\/vammencamping.dk\/wp-content\/uploads\/2025\/06\/google_maps-768x207.png 768w, https:\/\/vammencamping.dk\/wp-content\/uploads\/2025\/06\/google_maps.png 2048w\" sizes=\"auto, (max-width: 1200px) 100vw, 1200px\" \/><\/a><\/figure>\n<\/div>\n\n\n\n<div class=\"wp-block-column is-layout-flow wp-block-column-is-layout-flow\">\n<figure class=\"wp-block-image size-large is-resized\"><a href=\"https:\/\/vcamp.dk\/h10\/km\" target=\"_blank\" rel=\" noreferrer noopener\"><img loading=\"lazy\" decoding=\"async\" width=\"1200\" height=\"362\" src=\"https:\/\/vammencamping.dk\/wp-content\/uploads\/2025\/06\/komoot-1200x362.png\" alt=\"\" class=\"wp-image-9368\" style=\"width:241px;height:auto\" srcset=\"https:\/\/vammencamping.dk\/wp-content\/uploads\/2025\/06\/komoot-1200x362.png 1200w, https:\/\/vammencamping.dk\/wp-content\/uploads\/2025\/06\/komoot-744x224.png 744w, https:\/\/vammencamping.dk\/wp-content\/uploads\/2025\/06\/komoot-420x126.png 420w, https:\/\/vammencamping.dk\/wp-content\/uploads\/2025\/06\/komoot-768x231.png 768w, https:\/\/vammencamping.dk\/wp-content\/uploads\/2025\/06\/komoot.png 716w\" sizes=\"auto, (max-width: 1200px) 100vw, 1200px\" \/><\/a><\/figure>\n<\/div>\n<\/div>\n\n<p><\/p>\n\n<p class=\"has-text-align-left\">L\u00e4nge: <strong>13,3 km<\/strong><\/p>\n\n<p class=\"has-text-align-left\">Erlebe eine l\u00e4ngere Wanderung durch die offene Landschaft in Richtung Fastrup mit herrlichem Blick auf Tjele Langs\u00f8 und einem Ausflug auf die Seebr\u00fccke. Die Route f\u00fchrt dich \u00fcber ruhige Feldwege, vorbei an kleinen lokalen Sehensw\u00fcrdigkeiten und \u00fcber kurvenreiche Schotterstra\u00dfen und l\u00e4ndliche Wege zur\u00fcck nach Vammen. <\/p>\n\n<iframe loading=\"lazy\" width=\"100%\" height=\"300px\" frameborder=\"0\" allowfullscreen=\"\" allow=\"geolocation\" src=\"\/\/umap.openstreetmap.fr\/da\/map\/vammen-camping-hiking-route-10-fastrup-long_1241368?scaleControl=false&#038;miniMap=false&#038;scrollWheelZoom=false&#038;zoomControl=true&#038;editMode=disabled&#038;moreControl=true&#038;searchControl=null&#038;tilelayersControl=null&#038;embedControl=null&#038;datalayersControl=true&#038;onLoadPanel=none&#038;captionBar=false&#038;captionMenus=true\"><\/iframe><p><a href=\"\/\/umap.openstreetmap.fr\/da\/map\/vammen-camping-hiking-route-10-fastrup-long_1241368?scaleControl=false&#038;miniMap=false&#038;scrollWheelZoom=true&#038;zoomControl=true&#038;editMode=disabled&#038;moreControl=true&#038;searchControl=null&#038;tilelayersControl=null&#038;embedControl=null&#038;datalayersControl=true&#038;onLoadPanel=none&#038;captionBar=false&#038;captionMenus=true\">Im Vollbild anzeigen<\/a><\/p>\n\n<p>Folgt den Campingweg Richtung Vammen und halte rechts an der Y-Kreuzung. In Vammen biegst du rechts ab auf den Hobrovej und dann sofort links auf den Schotterweg am Pfadfinderhuas vorbei. <\/p>\n\n<p>Folgt jetzt die blau markierte Route nach rechts \u2013 bis du eine Informationstafel siehst \u2013 am Hof Rish\u00f8jg\u00e5rd, Hobrovej 49, und dem Haus, Hobrovej 51. Biege dort rechts auf die gelbe Route ab und gehe in Richtung Hobrovej. \u00dcberquere diese und gehe links um den Hof Hobrovej 40 herum. Gleich danach biegst du rechts ab bei dem blauen Schild 42 \u2013 44 und folgst den gelb markierten Feldweg nach Fastrup.<br\/>Auf dem Weg hast du eine sch\u00f6ne Aussicht \u00fcber Tjele Langs\u00f8.   In Fastrup biegst du rechts ab und gehst bis zur Br\u00fccke am Tjele Langs\u00f8.<\/p>\n\n<figure class=\"wp-block-gallery has-nested-images columns-default is-cropped wp-block-gallery-1 is-layout-flex wp-block-gallery-is-layout-flex\">\n<figure class=\"wp-block-image size-large\"><img loading=\"lazy\" decoding=\"async\" width=\"1200\" height=\"900\" data-id=\"10547\" src=\"https:\/\/vammencamping.dk\/wp-content\/uploads\/2025\/07\/IMG_2919.jpeg.resized-1200x900.jpeg\" alt=\"\" class=\"wp-image-10547\" srcset=\"https:\/\/vammencamping.dk\/wp-content\/uploads\/2025\/07\/IMG_2919.jpeg.resized-1200x900.jpeg 1200w, https:\/\/vammencamping.dk\/wp-content\/uploads\/2025\/07\/IMG_2919.jpeg.resized-744x558.jpeg 744w, https:\/\/vammencamping.dk\/wp-content\/uploads\/2025\/07\/IMG_2919.jpeg.resized-420x315.jpeg 420w, https:\/\/vammencamping.dk\/wp-content\/uploads\/2025\/07\/IMG_2919.jpeg.resized-768x576.jpeg 768w, https:\/\/vammencamping.dk\/wp-content\/uploads\/2025\/07\/IMG_2919.jpeg.resized.jpeg 2016w\" sizes=\"auto, (max-width: 1200px) 100vw, 1200px\" \/><\/figure>\n\n\n\n<figure class=\"wp-block-image size-large\"><img loading=\"lazy\" decoding=\"async\" width=\"1200\" height=\"900\" data-id=\"10543\" src=\"https:\/\/vammencamping.dk\/wp-content\/uploads\/2025\/07\/IMG_2922.jpeg.resized-1200x900.jpeg\" alt=\"\" class=\"wp-image-10543\" srcset=\"https:\/\/vammencamping.dk\/wp-content\/uploads\/2025\/07\/IMG_2922.jpeg.resized-1200x900.jpeg 1200w, https:\/\/vammencamping.dk\/wp-content\/uploads\/2025\/07\/IMG_2922.jpeg.resized-744x558.jpeg 744w, https:\/\/vammencamping.dk\/wp-content\/uploads\/2025\/07\/IMG_2922.jpeg.resized-420x315.jpeg 420w, https:\/\/vammencamping.dk\/wp-content\/uploads\/2025\/07\/IMG_2922.jpeg.resized-768x576.jpeg 768w, https:\/\/vammencamping.dk\/wp-content\/uploads\/2025\/07\/IMG_2922.jpeg.resized.jpeg 2016w\" sizes=\"auto, (max-width: 1200px) 100vw, 1200px\" \/><\/figure>\n<\/figure>\n\n<p>Gehe auf dem Fastupvej geradeaus zur\u00fcck, bis dieser in den Hobrovej endet.<\/p>\n\n<p>Gehe auf dem Fastupvej geradeaus zur\u00fcck, bis dieser in den Hobrovej endet.<br\/>Biege rechts ab auf den Hobrovej und gehe den Hobrovej entlang &#8211; die orange markierte Route &#8211; bis du auf der rechten Seite ein altes Umspannwerk aus rotem Backstein siehst (hier werden jetzt lokal erzeugte Kartoffeln verkauft). <br\/>Biege links (nach Norden) in den Schotterweg ein, wo das blaue Schild 67 \u2013 71 steht.<\/p>\n\n<p>Folgt nun der orange markierten Route bis zur N\u00f8rregade in Vammen.<\/p>\n\n<p>An der N\u00f8rregade biegst du links ab und folgst der Stra\u00dfe bis zur Kreuzung beim Lebensmittelgesch\u00e4ft.<br\/>Gehe links in den Hobrovej und kurz darauf rechts in den Langs\u00f8vej zur\u00fcck zum Campingplatz.<\/p>\n<div class=\"wp-block-image\">\n<figure class=\"aligncenter size-large is-resized\"><img loading=\"lazy\" decoding=\"async\" width=\"1200\" height=\"634\" src=\"https:\/\/vammencamping.dk\/wp-content\/uploads\/2025\/07\/Skaermbillede-2025-07-01-124118-1200x634.png\" alt=\"\" class=\"wp-image-9570\" style=\"width:144px\" srcset=\"https:\/\/vammencamping.dk\/wp-content\/uploads\/2025\/07\/Skaermbillede-2025-07-01-124118-1200x634.png 1200w, https:\/\/vammencamping.dk\/wp-content\/uploads\/2025\/07\/Skaermbillede-2025-07-01-124118-744x393.png 744w, https:\/\/vammencamping.dk\/wp-content\/uploads\/2025\/07\/Skaermbillede-2025-07-01-124118-420x222.png 420w, https:\/\/vammencamping.dk\/wp-content\/uploads\/2025\/07\/Skaermbillede-2025-07-01-124118-768x406.png 768w, https:\/\/vammencamping.dk\/wp-content\/uploads\/2025\/07\/Skaermbillede-2025-07-01-124118.png 1021w\" sizes=\"auto, (max-width: 1200px) 100vw, 1200px\" \/><figcaption class=\"wp-element-caption\">Karte anklicken, um die Infopunkte zu sehen<\/figcaption><\/figure>\n<\/div>\n<p><em>a) In Fastup befindet sich das \u201dBehandlingscenter Tjele\u201d, eine der Abteilungen von D\u00e4nemarks gr\u00f6\u00dftem privaten Anbieter f\u00fcr Alkoholabh\u00e4ngige.<br\/>Das Zentrum bietet sowohl station\u00e4re als auch ambulante Behandlungen an. <\/em><\/p>\n","protected":false},"excerpt":{"rendered":"<p>L\u00e4nge: 13,3 km Erlebe eine l\u00e4ngere Wanderung durch die offene Landschaft in Richtung Fastrup mit herrlichem Blick auf Tjele Langs\u00f8 und einem Ausflug auf die Seebr\u00fccke. Die Route f\u00fchrt dich \u00fcber ruhige Feldwege, vorbei an kleinen lokalen Sehensw\u00fcrdigkeiten und \u00fcber kurvenreiche Schotterstra\u00dfen und l\u00e4ndliche Wege zur\u00fcck nach Vammen. Im Vollbild anzeigen Folgt den Campingweg Richtung &#8230; <a class=\"read-more\" href=\"https:\/\/vammencamping.dk\/de\/wanderung-10-fastrup-lang\/\">Read more&#8230;<\/a><\/p>\n","protected":false},"author":7,"featured_media":0,"parent":0,"menu_order":0,"comment_status":"closed","ping_status":"closed","template":"","meta":{"footnotes":""},"class_list":["post-9707","page","type-page","status-publish"],"featured_image_src":null,"_links":{"self":[{"href":"https:\/\/vammencamping.dk\/de\/wp-json\/wp\/v2\/pages\/9707","targetHints":{"allow":["GET"]}}],"collection":[{"href":"https:\/\/vammencamping.dk\/de\/wp-json\/wp\/v2\/pages"}],"about":[{"href":"https:\/\/vammencamping.dk\/de\/wp-json\/wp\/v2\/types\/page"}],"author":[{"embeddable":true,"href":"https:\/\/vammencamping.dk\/de\/wp-json\/wp\/v2\/users\/7"}],"replies":[{"embeddable":true,"href":"https:\/\/vammencamping.dk\/de\/wp-json\/wp\/v2\/comments?post=9707"}],"version-history":[{"count":2,"href":"https:\/\/vammencamping.dk\/de\/wp-json\/wp\/v2\/pages\/9707\/revisions"}],"predecessor-version":[{"id":10560,"href":"https:\/\/vammencamping.dk\/de\/wp-json\/wp\/v2\/pages\/9707\/revisions\/10560"}],"wp:attachment":[{"href":"https:\/\/vammencamping.dk\/de\/wp-json\/wp\/v2\/media?parent=9707"}],"curies":[{"name":"wp","href":"https:\/\/api.w.org\/{rel}","templated":true}]}}