{"id":9705,"date":"2025-07-03T10:31:04","date_gmt":"2025-07-03T09:31:04","guid":{"rendered":"https:\/\/vammencamping.dk\/wanderung-9-fastrup-karte\/"},"modified":"2025-07-10T10:27:40","modified_gmt":"2025-07-10T09:27:40","slug":"wanderung-9-fastrup-karte","status":"publish","type":"page","link":"https:\/\/vammencamping.dk\/de\/wanderung-9-fastrup-karte\/","title":{"rendered":"Wanderung 9 &#8211; Fastrup (Karte)"},"content":{"rendered":"\n<div class=\"wp-block-columns is-layout-flex wp-container-core-columns-is-layout-9d6595d7 wp-block-columns-is-layout-flex\">\n<div class=\"wp-block-column is-layout-flow wp-block-column-is-layout-flow\">\n<figure class=\"wp-block-image size-large is-resized\"><a href=\"https:\/\/vcamp.dk\/h9\/osm\" target=\"_blank\" rel=\" noreferrer noopener\"><img loading=\"lazy\" decoding=\"async\" width=\"1200\" height=\"400\" src=\"https:\/\/vammencamping.dk\/wp-content\/uploads\/2025\/06\/openstreetmap-1200x400.png\" alt=\"\" class=\"wp-image-9358\" style=\"width:264px;height:auto\" srcset=\"https:\/\/vammencamping.dk\/wp-content\/uploads\/2025\/06\/openstreetmap-1200x400.png 1200w, https:\/\/vammencamping.dk\/wp-content\/uploads\/2025\/06\/openstreetmap-744x248.png 744w, https:\/\/vammencamping.dk\/wp-content\/uploads\/2025\/06\/openstreetmap-420x140.png 420w, https:\/\/vammencamping.dk\/wp-content\/uploads\/2025\/06\/openstreetmap-768x256.png 768w, https:\/\/vammencamping.dk\/wp-content\/uploads\/2025\/06\/openstreetmap.png 900w\" sizes=\"auto, (max-width: 1200px) 100vw, 1200px\" \/><\/a><\/figure>\n<\/div>\n\n\n\n<div class=\"wp-block-column is-layout-flow wp-block-column-is-layout-flow\">\n<figure class=\"wp-block-image size-large is-resized\"><a href=\"https:\/\/vcamp.dk\/h9\/gm\" target=\"_blank\" rel=\" noreferrer noopener\"><img loading=\"lazy\" decoding=\"async\" width=\"1200\" height=\"324\" src=\"https:\/\/vammencamping.dk\/wp-content\/uploads\/2025\/06\/google_maps-1200x324.png\" alt=\"\" class=\"wp-image-9364\" style=\"width:242px;height:auto\" srcset=\"https:\/\/vammencamping.dk\/wp-content\/uploads\/2025\/06\/google_maps-1200x324.png 1200w, https:\/\/vammencamping.dk\/wp-content\/uploads\/2025\/06\/google_maps-744x201.png 744w, https:\/\/vammencamping.dk\/wp-content\/uploads\/2025\/06\/google_maps-420x113.png 420w, https:\/\/vammencamping.dk\/wp-content\/uploads\/2025\/06\/google_maps-768x207.png 768w, https:\/\/vammencamping.dk\/wp-content\/uploads\/2025\/06\/google_maps.png 2048w\" sizes=\"auto, (max-width: 1200px) 100vw, 1200px\" \/><\/a><\/figure>\n<\/div>\n\n\n\n<div class=\"wp-block-column is-layout-flow wp-block-column-is-layout-flow\">\n<figure class=\"wp-block-image size-large is-resized\"><a href=\"https:\/\/vcamp.dk\/h9\/km\" target=\"_blank\" rel=\" noreferrer noopener\"><img loading=\"lazy\" decoding=\"async\" width=\"1200\" height=\"362\" src=\"https:\/\/vammencamping.dk\/wp-content\/uploads\/2025\/06\/komoot-1200x362.png\" alt=\"\" class=\"wp-image-9368\" style=\"width:241px;height:auto\" srcset=\"https:\/\/vammencamping.dk\/wp-content\/uploads\/2025\/06\/komoot-1200x362.png 1200w, https:\/\/vammencamping.dk\/wp-content\/uploads\/2025\/06\/komoot-744x224.png 744w, https:\/\/vammencamping.dk\/wp-content\/uploads\/2025\/06\/komoot-420x126.png 420w, https:\/\/vammencamping.dk\/wp-content\/uploads\/2025\/06\/komoot-768x231.png 768w, https:\/\/vammencamping.dk\/wp-content\/uploads\/2025\/06\/komoot.png 716w\" sizes=\"auto, (max-width: 1200px) 100vw, 1200px\" \/><\/a><\/figure>\n<\/div>\n<\/div>\n\n<p><\/p>\n\n<p class=\"has-text-align-left\">L\u00e4nge: <strong>11,1 km<\/strong><\/p>\n\n<p class=\"has-text-align-left\">Mach eine abwechslungsreiche Wanderung in Richtung Fastrup mit gro\u00dfartiger Aussicht auf den Tjele Langs\u00f8 und einem Ausflug auf die Br\u00fccke \u00fcber den See. Die Route bietet Naturerlebnisse, Ausblicke auf Kultureinrichtungen und ruhige Schotterstra\u00dfen durch die offene Landschaft um Vammen. <\/p>\n\n<iframe loading=\"lazy\" width=\"100%\" height=\"500px\" frameborder=\"0\" allowfullscreen=\"\" allow=\"geolocation\" src=\"\/\/umap.openstreetmap.fr\/da\/map\/vammen-camping-hiking-route-9-fastrup-short_1240110?scaleControl=false&#038;miniMap=false&#038;scrollWheelZoom=false&#038;zoomControl=true&#038;editMode=disabled&#038;moreControl=true&#038;searchControl=null&#038;tilelayersControl=null&#038;embedControl=null&#038;datalayersControl=true&#038;onLoadPanel=none&#038;captionBar=false&#038;captionMenus=true\"><\/iframe><p><a href=\"\/\/umap.openstreetmap.fr\/da\/map\/vammen-camping-hiking-route-9-fastrup-short_1240110?scaleControl=false&#038;miniMap=false&#038;scrollWheelZoom=true&#038;zoomControl=true&#038;editMode=disabled&#038;moreControl=true&#038;searchControl=null&#038;tilelayersControl=null&#038;embedControl=null&#038;datalayersControl=true&#038;onLoadPanel=none&#038;captionBar=false&#038;captionMenus=true\">Im Vollbild anzeigen<\/a><\/p>\n\n<p>Folgt den Campingweg Richtung Vammen und halte rechts an der Y-Kreuzung. In Vammen biegst du rechts ab auf den Hobrovej und dann sofort links auf den Schotterweg am Pfadfinderhuas vorbei. <\/p>\n\n<p>Folgt jetzt die blau markierte Route nach rechts \u2013 bis du eine Informationstafel siehst \u2013 am Hof Rish\u00f8jg\u00e5rd, Hobrovej 49, und dem Haus, Hobrovej 51. Biege dort rechts auf die gelbe Route ab und gehe in Richtung Hobrovej. \u00dcberquere diese und gehe links um den Hof Hobrovej 40 herum. Gleich danach biegst du rechts ab bei dem blauen Schild 42 \u2013 44 und folgst den gelbmarkierten Feldweg nach Fastrup.<br\/>Auf dem Weg hast du eine sch\u00f6ne Aussicht \u00fcber Tjele Langs\u00f8.  <\/p>\n\n<p>In Fastrup biegst du rechts ab und gehst bis zur Br\u00fccke am Tjele Langs\u00f8.<\/p>\n\n<figure class=\"wp-block-gallery has-nested-images columns-default is-cropped wp-block-gallery-1 is-layout-flex wp-block-gallery-is-layout-flex\">\n<figure class=\"wp-block-image size-large\"><img loading=\"lazy\" decoding=\"async\" width=\"1200\" height=\"900\" data-id=\"10547\" src=\"https:\/\/vammencamping.dk\/wp-content\/uploads\/2025\/07\/IMG_2919.jpeg.resized-1200x900.jpeg\" alt=\"\" class=\"wp-image-10547\" srcset=\"https:\/\/vammencamping.dk\/wp-content\/uploads\/2025\/07\/IMG_2919.jpeg.resized-1200x900.jpeg 1200w, https:\/\/vammencamping.dk\/wp-content\/uploads\/2025\/07\/IMG_2919.jpeg.resized-744x558.jpeg 744w, https:\/\/vammencamping.dk\/wp-content\/uploads\/2025\/07\/IMG_2919.jpeg.resized-420x315.jpeg 420w, https:\/\/vammencamping.dk\/wp-content\/uploads\/2025\/07\/IMG_2919.jpeg.resized-768x576.jpeg 768w, https:\/\/vammencamping.dk\/wp-content\/uploads\/2025\/07\/IMG_2919.jpeg.resized.jpeg 2016w\" sizes=\"auto, (max-width: 1200px) 100vw, 1200px\" \/><\/figure>\n\n\n\n<figure class=\"wp-block-image size-large\"><img loading=\"lazy\" decoding=\"async\" width=\"1200\" height=\"900\" data-id=\"10543\" src=\"https:\/\/vammencamping.dk\/wp-content\/uploads\/2025\/07\/IMG_2922.jpeg.resized-1200x900.jpeg\" alt=\"\" class=\"wp-image-10543\" srcset=\"https:\/\/vammencamping.dk\/wp-content\/uploads\/2025\/07\/IMG_2922.jpeg.resized-1200x900.jpeg 1200w, https:\/\/vammencamping.dk\/wp-content\/uploads\/2025\/07\/IMG_2922.jpeg.resized-744x558.jpeg 744w, https:\/\/vammencamping.dk\/wp-content\/uploads\/2025\/07\/IMG_2922.jpeg.resized-420x315.jpeg 420w, https:\/\/vammencamping.dk\/wp-content\/uploads\/2025\/07\/IMG_2922.jpeg.resized-768x576.jpeg 768w, https:\/\/vammencamping.dk\/wp-content\/uploads\/2025\/07\/IMG_2922.jpeg.resized.jpeg 2016w\" sizes=\"auto, (max-width: 1200px) 100vw, 1200px\" \/><\/figure>\n<\/figure>\n\n<p>Gehe auf dem Fastupvej geradeaus zur\u00fcck, bis dieser in den Hobrovej endet.<\/p>\n\n<p>Biege rechts ab auf den Hobrovej und dann sofort links ab (Richtung Norden) auf dem gelb markierten Feldweg. An der T-Kreuzung biegst du links ab und folgst dem blau\/orange markierten Weg zur Siedlung L\u00f8ndalen. Haltet dort links, vorbei am Pfadfinderhaus bis Hobrovej. Dort rechts abbiegen und gleich wieder links \u00fcber den Bygmarksvej zur\u00fcck zum Campingplatz.   <\/p>\n<div class=\"wp-block-image\">\n<figure class=\"aligncenter size-large is-resized\"><a href=\"https:\/\/vammencamping.dk\/wp-content\/uploads\/2025\/07\/Skaermbillede-2025-07-01-123027-1200x637.png\"><img loading=\"lazy\" decoding=\"async\" width=\"1200\" height=\"637\" src=\"https:\/\/vammencamping.dk\/wp-content\/uploads\/2025\/07\/Skaermbillede-2025-07-01-123027-1200x637.png\" alt=\"\" class=\"wp-image-9564\" style=\"width:144px\" srcset=\"https:\/\/vammencamping.dk\/wp-content\/uploads\/2025\/07\/Skaermbillede-2025-07-01-123027-1200x637.png 1200w, https:\/\/vammencamping.dk\/wp-content\/uploads\/2025\/07\/Skaermbillede-2025-07-01-123027-744x395.png 744w, https:\/\/vammencamping.dk\/wp-content\/uploads\/2025\/07\/Skaermbillede-2025-07-01-123027-420x223.png 420w, https:\/\/vammencamping.dk\/wp-content\/uploads\/2025\/07\/Skaermbillede-2025-07-01-123027-768x408.png 768w, https:\/\/vammencamping.dk\/wp-content\/uploads\/2025\/07\/Skaermbillede-2025-07-01-123027.png 1048w\" sizes=\"auto, (max-width: 1200px) 100vw, 1200px\" \/><\/a><figcaption class=\"wp-element-caption\">Karte anklicken, um die Infopunkte zu sehen<\/figcaption><\/figure>\n<\/div>\n<p><em>a) In Fastup befindet sich das \u201dBehandlingscenter Tjele\u201d, eine der Abteilungen von D\u00e4nemarks gr\u00f6\u00dftem privaten Anbieter f\u00fcr Alkoholabh\u00e4ngige.<br\/>Das Zentrum bietet sowohl station\u00e4re als auch ambulante Behandlungen an. <\/em><\/p>\n","protected":false},"excerpt":{"rendered":"<p>L\u00e4nge: 11,1 km Mach eine abwechslungsreiche Wanderung in Richtung Fastrup mit gro\u00dfartiger Aussicht auf den Tjele Langs\u00f8 und einem Ausflug auf die Br\u00fccke \u00fcber den See. Die Route bietet Naturerlebnisse, Ausblicke auf Kultureinrichtungen und ruhige Schotterstra\u00dfen durch die offene Landschaft um Vammen. Im Vollbild anzeigen Folgt den Campingweg Richtung Vammen und halte rechts an der &#8230; <a class=\"read-more\" href=\"https:\/\/vammencamping.dk\/de\/wanderung-9-fastrup-karte\/\">Read more&#8230;<\/a><\/p>\n","protected":false},"author":7,"featured_media":0,"parent":0,"menu_order":0,"comment_status":"closed","ping_status":"closed","template":"","meta":{"footnotes":""},"class_list":["post-9705","page","type-page","status-publish"],"featured_image_src":null,"_links":{"self":[{"href":"https:\/\/vammencamping.dk\/de\/wp-json\/wp\/v2\/pages\/9705","targetHints":{"allow":["GET"]}}],"collection":[{"href":"https:\/\/vammencamping.dk\/de\/wp-json\/wp\/v2\/pages"}],"about":[{"href":"https:\/\/vammencamping.dk\/de\/wp-json\/wp\/v2\/types\/page"}],"author":[{"embeddable":true,"href":"https:\/\/vammencamping.dk\/de\/wp-json\/wp\/v2\/users\/7"}],"replies":[{"embeddable":true,"href":"https:\/\/vammencamping.dk\/de\/wp-json\/wp\/v2\/comments?post=9705"}],"version-history":[{"count":2,"href":"https:\/\/vammencamping.dk\/de\/wp-json\/wp\/v2\/pages\/9705\/revisions"}],"predecessor-version":[{"id":10556,"href":"https:\/\/vammencamping.dk\/de\/wp-json\/wp\/v2\/pages\/9705\/revisions\/10556"}],"wp:attachment":[{"href":"https:\/\/vammencamping.dk\/de\/wp-json\/wp\/v2\/media?parent=9705"}],"curies":[{"name":"wp","href":"https:\/\/api.w.org\/{rel}","templated":true}]}}