{"id":9703,"date":"2025-07-03T10:28:02","date_gmt":"2025-07-03T09:28:02","guid":{"rendered":"https:\/\/vammencamping.dk\/wanderung-6-oester-kaervej-kurz\/"},"modified":"2025-07-03T10:28:03","modified_gmt":"2025-07-03T09:28:03","slug":"wanderung-6-oester-kaervej-kurz","status":"publish","type":"page","link":"https:\/\/vammencamping.dk\/de\/wanderung-6-oester-kaervej-kurz\/","title":{"rendered":"Wanderung 6 &#8211; \u00d8ster K\u00e6rvej (kurz)"},"content":{"rendered":"\n<div class=\"wp-block-columns is-layout-flex wp-container-core-columns-is-layout-9d6595d7 wp-block-columns-is-layout-flex\">\n<div class=\"wp-block-column is-layout-flow wp-block-column-is-layout-flow\">\n<figure class=\"wp-block-image size-large is-resized\"><a href=\"https:\/\/vcamp.dk\/h6\/osm\" target=\"_blank\" rel=\" noreferrer noopener\"><img loading=\"lazy\" decoding=\"async\" width=\"1200\" height=\"400\" src=\"https:\/\/vammencamping.dk\/wp-content\/uploads\/2025\/06\/openstreetmap-1200x400.png\" alt=\"\" class=\"wp-image-9358\" style=\"width:264px;height:auto\" srcset=\"https:\/\/vammencamping.dk\/wp-content\/uploads\/2025\/06\/openstreetmap-1200x400.png 1200w, https:\/\/vammencamping.dk\/wp-content\/uploads\/2025\/06\/openstreetmap-744x248.png 744w, https:\/\/vammencamping.dk\/wp-content\/uploads\/2025\/06\/openstreetmap-420x140.png 420w, https:\/\/vammencamping.dk\/wp-content\/uploads\/2025\/06\/openstreetmap-768x256.png 768w, https:\/\/vammencamping.dk\/wp-content\/uploads\/2025\/06\/openstreetmap.png 900w\" sizes=\"auto, (max-width: 1200px) 100vw, 1200px\" \/><\/a><\/figure>\n<\/div>\n\n\n\n<div class=\"wp-block-column is-layout-flow wp-block-column-is-layout-flow\">\n<figure class=\"wp-block-image size-large is-resized\"><a href=\"https:\/\/vcamp.dk\/h6\/gm\" target=\"_blank\" rel=\" noreferrer noopener\"><img loading=\"lazy\" decoding=\"async\" width=\"1200\" height=\"324\" src=\"https:\/\/vammencamping.dk\/wp-content\/uploads\/2025\/06\/google_maps-1200x324.png\" alt=\"\" class=\"wp-image-9364\" style=\"width:242px;height:auto\" srcset=\"https:\/\/vammencamping.dk\/wp-content\/uploads\/2025\/06\/google_maps-1200x324.png 1200w, https:\/\/vammencamping.dk\/wp-content\/uploads\/2025\/06\/google_maps-744x201.png 744w, https:\/\/vammencamping.dk\/wp-content\/uploads\/2025\/06\/google_maps-420x113.png 420w, https:\/\/vammencamping.dk\/wp-content\/uploads\/2025\/06\/google_maps-768x207.png 768w, https:\/\/vammencamping.dk\/wp-content\/uploads\/2025\/06\/google_maps.png 2048w\" sizes=\"auto, (max-width: 1200px) 100vw, 1200px\" \/><\/a><\/figure>\n<\/div>\n\n\n\n<div class=\"wp-block-column is-layout-flow wp-block-column-is-layout-flow\">\n<figure class=\"wp-block-image size-large is-resized\"><a href=\"https:\/\/vcamp.dk\/h6\/km\" target=\"_blank\" rel=\" noreferrer noopener\"><img loading=\"lazy\" decoding=\"async\" width=\"1200\" height=\"362\" src=\"https:\/\/vammencamping.dk\/wp-content\/uploads\/2025\/06\/komoot-1200x362.png\" alt=\"\" class=\"wp-image-9368\" style=\"width:241px;height:auto\" srcset=\"https:\/\/vammencamping.dk\/wp-content\/uploads\/2025\/06\/komoot-1200x362.png 1200w, https:\/\/vammencamping.dk\/wp-content\/uploads\/2025\/06\/komoot-744x224.png 744w, https:\/\/vammencamping.dk\/wp-content\/uploads\/2025\/06\/komoot-420x126.png 420w, https:\/\/vammencamping.dk\/wp-content\/uploads\/2025\/06\/komoot-768x231.png 768w, https:\/\/vammencamping.dk\/wp-content\/uploads\/2025\/06\/komoot.png 716w\" sizes=\"auto, (max-width: 1200px) 100vw, 1200px\" \/><\/a><\/figure>\n<\/div>\n<\/div>\n\n<p><\/p>\n\n<p class=\"has-text-align-left\">L\u00e4nge: <strong>8,0 km<\/strong><\/p>\n\n<p class=\"has-text-align-left\">Die abwechslungsreiche Route f\u00fchrt durch Vammen und weiter hinaus in die alte Wiesen- und Eiszeitlandschaft, vorbei an der Kirche von Vammen, einer eiszeitlichen Schlucht und der reichen Natur rund um die Skals \u00c5. Unterwegs genie\u00dfen Sie die Aussicht auf den H\u00e6rup Bakker, h\u00f6ren die Nachtigall und besuchen den h\u00f6chsten Punkt der Region, Rish\u00f8j. <\/p>\n\n<iframe loading=\"lazy\" width=\"100%\" height=\"300px\" frameborder=\"0\" allowfullscreen=\"\" allow=\"geolocation\" src=\"\/\/umap.openstreetmap.fr\/da\/map\/vammen-camping-hiking-route-6-ster-krvej-short_1240102?scaleControl=false&#038;miniMap=false&#038;scrollWheelZoom=false&#038;zoomControl=true&#038;editMode=disabled&#038;moreControl=true&#038;searchControl=null&#038;tilelayersControl=null&#038;embedControl=null&#038;datalayersControl=true&#038;onLoadPanel=none&#038;captionBar=false&#038;captionMenus=true\"><\/iframe><p><a href=\"\/\/umap.openstreetmap.fr\/da\/map\/vammen-camping-hiking-route-6-ster-krvej-short_1240102?scaleControl=false&#038;miniMap=false&#038;scrollWheelZoom=true&#038;zoomControl=true&#038;editMode=disabled&#038;moreControl=true&#038;searchControl=null&#038;tilelayersControl=null&#038;embedControl=null&#038;datalayersControl=true&#038;onLoadPanel=none&#038;captionBar=false&#038;captionMenus=true\">Im Vollbild anzeigen<\/a><\/p>\n\n<p>Folge den Campingweg in Richtung Vammen und halte links an der Y-Kreuzung.<\/p>\n\n<p>In Vammen biegst du links ab auf den Hobrovej.<\/p>\n\n<p>An der Kreuzung beim Lebensmittelgesch\u00e4ft biegst du rechts in die N\u00f8rregade ein. Die Stra\u00dfe f\u00fchrt am Forsamlingshuset (Dortgemeinschaftshaus) auf der linken Seite vorbei. <\/p>\n\n<p>Die Vammenkirche aus der Zeit um 1200 hat eine romanische Apsis, einen Chor und ein Kirchenschiff. Der Turm und die Vorhalle sind sp\u00e4tgotische Anbauten.  Du gehst jetzt durch den \u00e4ltesten Teil von Vammen, Nederby, und au\u00dferhalb des Ortes hast du einen herrlichen Blick auf die weiten Wiesen mit der Skals \u00c5. Hier siehst du auch die H\u00e4nge, T\u00e4ler und Schluchten der eiszeitlichen Landschaft, an der diese Tour ebenfalls vorbeif\u00fchrt. und biegst an der Kl\u00e4ranlage rechts in den \u00d8ster K\u00e6rvej ein.<\/p>\n\n<p>Hier siehst du auch die H\u00e4nge, T\u00e4ler und Schluchten der eiszeitlichen Landschaft, an der diese Tour ebenfalls vorbeif\u00fchrt. <br\/>Heute werden die Wiesen haupts\u00e4chlich f\u00fcr die Beweidung und Heuernte genutzt oder liegen einfach brach. Dies bietet Gelegenheit f\u00fcr eine reiche Vogel- und Tierwelt und eine reiche Fauna.<br\/><br\/>Rechts siehst du eine sch\u00f6ne Schlucht, die w\u00e4hrend der Eiszeit entstanden ist (30 Meter Aufstieg).  <\/p>\n\n<p>Auf der Nordseite des Skals\u00e5dalen siehst du die gesch\u00fctzten und mit Heidekraut bewachsenen H\u00e6rup Bakker, wo Dam- und Rehwild in Herden umherziehen.<\/p>\n\n<p>Am gelben Markierungspfahl biegst du rechts ab und folgst dem Sandweg. Wenn du Gl\u00fcck hast, siehst du frische Tierspuren (von Rehen, F\u00fcchsen und Dachsen). <\/p>\n\n<p>Folge dem Weg bis zur Kreuzung, wo du rechts abbiegst. Auf der linken Seite &#8211; direkt am Haus Nr. 39 &#8211; befindet sich der h\u00f6chste Punkt der Gegend, Rish\u00f8j, 57 Meter \u00fcber dem Meeresspiegel. <\/p>\n\n<p>Folge dem Sandweg und den blauen Markierungspf\u00e4hlen zu den H\u00e4usern im L\u00f8ndalen. Biege dort links ab und haltet am Pfadfinderhaus links und bis hinauf zum geteerten Hobrovej. Biege dort rechts ab und dann links in den Bygmarksvej und folgst den bis zum Campingplatz.  <\/p>\n<div class=\"wp-block-image\">\n<figure class=\"aligncenter size-large is-resized\"><a href=\"https:\/\/vammencamping.dk\/wp-content\/uploads\/2025\/07\/Skaermbillede-2025-07-01-113746-1200x638.png\"><img loading=\"lazy\" decoding=\"async\" width=\"1200\" height=\"638\" src=\"https:\/\/vammencamping.dk\/wp-content\/uploads\/2025\/07\/Skaermbillede-2025-07-01-113746-1200x638.png\" alt=\"\" class=\"wp-image-9539\" style=\"width:144px\" srcset=\"https:\/\/vammencamping.dk\/wp-content\/uploads\/2025\/07\/Skaermbillede-2025-07-01-113746-1200x638.png 1200w, https:\/\/vammencamping.dk\/wp-content\/uploads\/2025\/07\/Skaermbillede-2025-07-01-113746-744x395.png 744w, https:\/\/vammencamping.dk\/wp-content\/uploads\/2025\/07\/Skaermbillede-2025-07-01-113746-420x223.png 420w, https:\/\/vammencamping.dk\/wp-content\/uploads\/2025\/07\/Skaermbillede-2025-07-01-113746-768x408.png 768w, https:\/\/vammencamping.dk\/wp-content\/uploads\/2025\/07\/Skaermbillede-2025-07-01-113746.png 778w\" sizes=\"auto, (max-width: 1200px) 100vw, 1200px\" \/><\/a><figcaption class=\"wp-element-caption\">Karte anklicken, um die Infopunkte zu sehen<\/figcaption><\/figure>\n<\/div>\n<p><em>a) Ein Dorfgemeinschaftshaus ist ein gemeinsames kulturelles Zentrum und die Begegnunst\u00e4tte einer Kleinstadt oder eines Dorfes, der f\u00fcr Vortr\u00e4ge, Versammlungen, Veranstaltungen, private oder \u00f6ffentliche Feste usw. genutzt wird. In D\u00e4nemark gibt es etwa 1.000 Gemeindeh\u00e4user. <\/em><\/p>\n\n<p><em>b) Die Wiesen sind in viele kleine Parzellen aufgeteilt, weil alle H\u00f6fe und Kleinh\u00f6fe in Vammen fr\u00fcher hier Heu f\u00fcr das Vieh und Torf f\u00fcr den Haushalt stachen.<\/em><\/p>\n\n<p><em>c) Wenn du noch ein wenig weiter in die Wiesen hinausgehen m\u00f6chtest, dann gehe etwa 200 Meter weiter auf dem \u00d8ster K\u00e6rvej, biege nach links und folge dem Feldweg, der etwa 100 Meter vom Skals Fluss\/\u00c5 endet. Der Reiher ist hier oft zu sehen und die Nachtigall ist von Mitte Mai bis zum Sommersonnenwende zu h\u00f6ren.  <\/em><\/p>\n","protected":false},"excerpt":{"rendered":"<p>L\u00e4nge: 8,0 km Die abwechslungsreiche Route f\u00fchrt durch Vammen und weiter hinaus in die alte Wiesen- und Eiszeitlandschaft, vorbei an der Kirche von Vammen, einer eiszeitlichen Schlucht und der reichen Natur rund um die Skals \u00c5. Unterwegs genie\u00dfen Sie die Aussicht auf den H\u00e6rup Bakker, h\u00f6ren die Nachtigall und besuchen den h\u00f6chsten Punkt der Region, &#8230; <a class=\"read-more\" href=\"https:\/\/vammencamping.dk\/de\/wanderung-6-oester-kaervej-kurz\/\">Read more&#8230;<\/a><\/p>\n","protected":false},"author":7,"featured_media":0,"parent":0,"menu_order":0,"comment_status":"closed","ping_status":"closed","template":"","meta":{"footnotes":""},"class_list":["post-9703","page","type-page","status-publish"],"featured_image_src":null,"_links":{"self":[{"href":"https:\/\/vammencamping.dk\/de\/wp-json\/wp\/v2\/pages\/9703","targetHints":{"allow":["GET"]}}],"collection":[{"href":"https:\/\/vammencamping.dk\/de\/wp-json\/wp\/v2\/pages"}],"about":[{"href":"https:\/\/vammencamping.dk\/de\/wp-json\/wp\/v2\/types\/page"}],"author":[{"embeddable":true,"href":"https:\/\/vammencamping.dk\/de\/wp-json\/wp\/v2\/users\/7"}],"replies":[{"embeddable":true,"href":"https:\/\/vammencamping.dk\/de\/wp-json\/wp\/v2\/comments?post=9703"}],"version-history":[{"count":1,"href":"https:\/\/vammencamping.dk\/de\/wp-json\/wp\/v2\/pages\/9703\/revisions"}],"predecessor-version":[{"id":9704,"href":"https:\/\/vammencamping.dk\/de\/wp-json\/wp\/v2\/pages\/9703\/revisions\/9704"}],"wp:attachment":[{"href":"https:\/\/vammencamping.dk\/de\/wp-json\/wp\/v2\/media?parent=9703"}],"curies":[{"name":"wp","href":"https:\/\/api.w.org\/{rel}","templated":true}]}}