{"id":9699,"date":"2025-07-03T10:23:30","date_gmt":"2025-07-03T09:23:30","guid":{"rendered":"https:\/\/vammencamping.dk\/wanderung-8-fastruplund-wald\/"},"modified":"2025-07-03T10:23:32","modified_gmt":"2025-07-03T09:23:32","slug":"wanderung-8-fastruplund-wald","status":"publish","type":"page","link":"https:\/\/vammencamping.dk\/de\/wanderung-8-fastruplund-wald\/","title":{"rendered":"Wanderung 8 &#8211; Fastruplund Wald"},"content":{"rendered":"\n<div class=\"wp-block-columns is-layout-flex wp-container-core-columns-is-layout-9d6595d7 wp-block-columns-is-layout-flex\">\n<div class=\"wp-block-column is-layout-flow wp-block-column-is-layout-flow\">\n<figure class=\"wp-block-image size-large is-resized\"><a href=\"https:\/\/vcamp.dk\/h8\/osm\" target=\"_blank\" rel=\" noreferrer noopener\"><img loading=\"lazy\" decoding=\"async\" width=\"1200\" height=\"400\" src=\"https:\/\/vammencamping.dk\/wp-content\/uploads\/2025\/06\/openstreetmap-1200x400.png\" alt=\"\" class=\"wp-image-9358\" style=\"width:264px;height:auto\" srcset=\"https:\/\/vammencamping.dk\/wp-content\/uploads\/2025\/06\/openstreetmap-1200x400.png 1200w, https:\/\/vammencamping.dk\/wp-content\/uploads\/2025\/06\/openstreetmap-744x248.png 744w, https:\/\/vammencamping.dk\/wp-content\/uploads\/2025\/06\/openstreetmap-420x140.png 420w, https:\/\/vammencamping.dk\/wp-content\/uploads\/2025\/06\/openstreetmap-768x256.png 768w, https:\/\/vammencamping.dk\/wp-content\/uploads\/2025\/06\/openstreetmap.png 900w\" sizes=\"auto, (max-width: 1200px) 100vw, 1200px\" \/><\/a><\/figure>\n<\/div>\n\n\n\n<div class=\"wp-block-column is-layout-flow wp-block-column-is-layout-flow\">\n<figure class=\"wp-block-image size-large is-resized\"><a href=\"https:\/\/vcamp.dk\/h8\/gm\" target=\"_blank\" rel=\" noreferrer noopener\"><img loading=\"lazy\" decoding=\"async\" width=\"1200\" height=\"324\" src=\"https:\/\/vammencamping.dk\/wp-content\/uploads\/2025\/06\/google_maps-1200x324.png\" alt=\"\" class=\"wp-image-9364\" style=\"width:242px;height:auto\" srcset=\"https:\/\/vammencamping.dk\/wp-content\/uploads\/2025\/06\/google_maps-1200x324.png 1200w, https:\/\/vammencamping.dk\/wp-content\/uploads\/2025\/06\/google_maps-744x201.png 744w, https:\/\/vammencamping.dk\/wp-content\/uploads\/2025\/06\/google_maps-420x113.png 420w, https:\/\/vammencamping.dk\/wp-content\/uploads\/2025\/06\/google_maps-768x207.png 768w, https:\/\/vammencamping.dk\/wp-content\/uploads\/2025\/06\/google_maps.png 2048w\" sizes=\"auto, (max-width: 1200px) 100vw, 1200px\" \/><\/a><\/figure>\n<\/div>\n\n\n\n<div class=\"wp-block-column is-layout-flow wp-block-column-is-layout-flow\">\n<figure class=\"wp-block-image size-large is-resized\"><a href=\"https:\/\/vcamp.dk\/h8\/km\" target=\"_blank\" rel=\" noreferrer noopener\"><img loading=\"lazy\" decoding=\"async\" width=\"1200\" height=\"362\" src=\"https:\/\/vammencamping.dk\/wp-content\/uploads\/2025\/06\/komoot-1200x362.png\" alt=\"\" class=\"wp-image-9368\" style=\"width:241px;height:auto\" srcset=\"https:\/\/vammencamping.dk\/wp-content\/uploads\/2025\/06\/komoot-1200x362.png 1200w, https:\/\/vammencamping.dk\/wp-content\/uploads\/2025\/06\/komoot-744x224.png 744w, https:\/\/vammencamping.dk\/wp-content\/uploads\/2025\/06\/komoot-420x126.png 420w, https:\/\/vammencamping.dk\/wp-content\/uploads\/2025\/06\/komoot-768x231.png 768w, https:\/\/vammencamping.dk\/wp-content\/uploads\/2025\/06\/komoot.png 716w\" sizes=\"auto, (max-width: 1200px) 100vw, 1200px\" \/><\/a><\/figure>\n<\/div>\n<\/div>\n\n<p><\/p>\n\n<p class=\"has-text-align-left\">L\u00e4nge: <strong>12,8 km<\/strong><\/p>\n\n<p class=\"has-text-align-left\">Mach eine Wanderung durch das historische Vammen und hinaus in die offene Landschaft mit Wiesen, W\u00e4ldern und Ausblicken auf heidebewachsene H\u00fcgel. Unterwegs passieren Sie eiszeitliche Schluchten, vogelreiche Wiesen, einen friedlichen Wald &#8211; und erreichen den h\u00f6chsten Punkt der Gegend, Rish\u00f8j. <\/p>\n\n<iframe loading=\"lazy\" width=\"100%\" height=\"500px\" frameborder=\"0\" allowfullscreen=\"\" allow=\"geolocation\" src=\"\/\/umap.openstreetmap.fr\/da\/map\/vammen-camping-hiking-route-8-fastruplund-forest_1240109?scaleControl=false&#038;miniMap=false&#038;scrollWheelZoom=false&#038;zoomControl=true&#038;editMode=disabled&#038;moreControl=true&#038;searchControl=null&#038;tilelayersControl=null&#038;embedControl=null&#038;datalayersControl=true&#038;onLoadPanel=none&#038;captionBar=false&#038;captionMenus=true\"><\/iframe><p><a href=\"\/\/umap.openstreetmap.fr\/da\/map\/vammen-camping-hiking-route-8-fastruplund-forest_1240109?scaleControl=false&#038;miniMap=false&#038;scrollWheelZoom=true&#038;zoomControl=true&#038;editMode=disabled&#038;moreControl=true&#038;searchControl=null&#038;tilelayersControl=null&#038;embedControl=null&#038;datalayersControl=true&#038;onLoadPanel=none&#038;captionBar=false&#038;captionMenus=true\">Im Vollbild anzeigen<\/a><\/p>\n\n<p>Folge den Campingweg in Richtung Vammen und halte links an der Y-Kreuzung.<\/p>\n\n<p>In Vammen biegst du links ab auf den Hobrovej.<\/p>\n\n<p>An der Kreuzung beim Lebensmittelgesch\u00e4ft biegst du rechts in die N\u00f8rregade ein. Die Stra\u00dfe f\u00fchrt am Forsamlingshuset (Dortgemeinschaftshaus) auf der linken Seite vorbei. <\/p>\n\n<p>Die Vammenkirche aus der Zeit um 1200 hat eine romanische Apsis, einen Chor und ein Kirchenschiff. Der Turm und die Vorhalle sind sp\u00e4tgotische Anbauten. <\/p>\n\n<p>Du wanderst nun durch den \u00e4ltesten Teil von Vammen, Nederby, und au\u00dferhalb der Stadt hast du einen herrlichen Blick auf die weiten Wiesenfl\u00e4chen mit der Skals \u00c5. Bei der Kl\u00e4ranlage biegst du rechts in den \u00d8ster K\u00e6rvej ein. <\/p>\n\n<p>Heute werden die Wiesen haupts\u00e4chlich f\u00fcr die Beweidung und Heuernte genutzt oder liegen einfach brach. Dies bietet Gelegenheit f\u00fcr eine reiche Vogel- und Tierwelt und eine reiche Fauna.<br\/><br\/>Rechts siehst du eine sch\u00f6ne Schlucht, die w\u00e4hrend der Eiszeit entstanden ist (30 Meter Aufstieg).  <\/p>\n\n<p>Auf der Nordseite des Skals\u00e5dalen siehst du die gesch\u00fctzten und mit Heidekraut bewachsenen H\u00e6rup Bakker, wo Dam- und Rehwild in Herden umherziehen.<\/p>\n\n<p>Gehe weiter geradeaus auf dem \u00d8ster K\u00e6rvej in Richtung Fastruplund-Wald. Du kommst an dem Hof Moseg\u00e5rd vorbei und gehst weiter in Richtung Wald. <\/p>\n\n<p>Im Wald kreuzen sich zwei Wege &#8211; halte dich rechts durch den Wald hinauf zur asphaltierten Stra\u00dfe Hobrovej. Biege rechts ab und fahre auf dem Hobrovej weiter bis zum blauen Schild 67 &#8211; 71, etwa 25 Meter nach dem roten Backsteintrafohaus). Biege rechts ab und folge dem orangefarbenen Wegweiser bis zu den H\u00e4usern im L\u00f8ndalen. Du passierst den h\u00f6chsten Punkt der Gegend, den Rish\u00f8j, 57 Meter \u00fcber dem Meeresspiegel, am Grundst\u00fcck Nr. 39. Folge dem orangenen Wegweiser bis zu den H\u00e4usern im L\u00f8ndalen. Gehe nach links und am Pfadfinderhaus vorbei bis zur asphaltierten Stra\u00dfe Hobrovej. Biege rechts ab und dann gleich wieder links den Bygmarksvej entlang zur\u00fcck zum Campingplatz.     <\/p>\n<div class=\"wp-block-image\">\n<figure class=\"aligncenter size-large is-resized\"><img loading=\"lazy\" decoding=\"async\" width=\"1200\" height=\"634\" src=\"https:\/\/vammencamping.dk\/wp-content\/uploads\/2025\/07\/Skaermbillede-2025-07-01-122024-1200x634.png\" alt=\"\" class=\"wp-image-9557\" style=\"width:144px\" srcset=\"https:\/\/vammencamping.dk\/wp-content\/uploads\/2025\/07\/Skaermbillede-2025-07-01-122024-1200x634.png 1200w, https:\/\/vammencamping.dk\/wp-content\/uploads\/2025\/07\/Skaermbillede-2025-07-01-122024-744x393.png 744w, https:\/\/vammencamping.dk\/wp-content\/uploads\/2025\/07\/Skaermbillede-2025-07-01-122024-420x222.png 420w, https:\/\/vammencamping.dk\/wp-content\/uploads\/2025\/07\/Skaermbillede-2025-07-01-122024-768x406.png 768w, https:\/\/vammencamping.dk\/wp-content\/uploads\/2025\/07\/Skaermbillede-2025-07-01-122024.png 904w\" sizes=\"auto, (max-width: 1200px) 100vw, 1200px\" \/><figcaption class=\"wp-element-caption\">Karte anklicken, um die Infopunkte zu sehen<\/figcaption><\/figure>\n<\/div>\n<p><em>a) Ein Dorfgemeinschaftshaus ist ein gemeinsames kulturelles Zentrum und die Begegnunst\u00e4tte einer Kleinstadt oder eines Dorfes, der f\u00fcr Vortr\u00e4ge, Versammlungen, Veranstaltungen, private oder \u00f6ffentliche Feste usw. genutzt wird. In D\u00e4nemark gibt es etwa 1.000 Gemeindeh\u00e4user. <\/em><\/p>\n\n<p><em>b) Die Wiesen sind in viele kleine Parzellen aufgeteilt, weil alle H\u00f6fe und Kleinh\u00f6fe in Vammen fr\u00fcher hier Heu f\u00fcr das Vieh und Torf f\u00fcr den Haushalt stachen.<\/em><\/p>\n\n<p><em>c) Wenn du noch ein wenig weiter in die Wiesen hinausgehen m\u00f6chtest, dann gehe etwa 200 Meter weiter auf dem \u00d8ster K\u00e6rvej, biege nach links und folge dem Feldweg, der etwa 100 Meter vom Skals Fluss\/\u00c5 endet. Der Reiher ist hier oft zu sehen und die Nachtigall ist von Mitte Mai bis zum Sommersonnenwende zu h\u00f6ren.  <\/em><\/p>\n\n<p><em>d) Der Fastruplund Skov\/ Wald ist ein kleiner Mischwald, der haupts\u00e4chlich aus Buchen, Eichen und Fichten besteht und fr\u00fcher durch die Bauernh\u00f6fe \u00f6stlich der Stadt geteilt war. Das gesamte Holz des Campingplatzes ist von hier. Heute geh\u00f6rt der Wald die Gemeinde.  <\/em><\/p>\n","protected":false},"excerpt":{"rendered":"<p>L\u00e4nge: 12,8 km Mach eine Wanderung durch das historische Vammen und hinaus in die offene Landschaft mit Wiesen, W\u00e4ldern und Ausblicken auf heidebewachsene H\u00fcgel. Unterwegs passieren Sie eiszeitliche Schluchten, vogelreiche Wiesen, einen friedlichen Wald &#8211; und erreichen den h\u00f6chsten Punkt der Gegend, Rish\u00f8j. Im Vollbild anzeigen Folge den Campingweg in Richtung Vammen und halte links &#8230; <a class=\"read-more\" href=\"https:\/\/vammencamping.dk\/de\/wanderung-8-fastruplund-wald\/\">Read more&#8230;<\/a><\/p>\n","protected":false},"author":7,"featured_media":0,"parent":0,"menu_order":0,"comment_status":"closed","ping_status":"closed","template":"","meta":{"footnotes":""},"class_list":["post-9699","page","type-page","status-publish"],"featured_image_src":null,"_links":{"self":[{"href":"https:\/\/vammencamping.dk\/de\/wp-json\/wp\/v2\/pages\/9699","targetHints":{"allow":["GET"]}}],"collection":[{"href":"https:\/\/vammencamping.dk\/de\/wp-json\/wp\/v2\/pages"}],"about":[{"href":"https:\/\/vammencamping.dk\/de\/wp-json\/wp\/v2\/types\/page"}],"author":[{"embeddable":true,"href":"https:\/\/vammencamping.dk\/de\/wp-json\/wp\/v2\/users\/7"}],"replies":[{"embeddable":true,"href":"https:\/\/vammencamping.dk\/de\/wp-json\/wp\/v2\/comments?post=9699"}],"version-history":[{"count":1,"href":"https:\/\/vammencamping.dk\/de\/wp-json\/wp\/v2\/pages\/9699\/revisions"}],"predecessor-version":[{"id":9700,"href":"https:\/\/vammencamping.dk\/de\/wp-json\/wp\/v2\/pages\/9699\/revisions\/9700"}],"wp:attachment":[{"href":"https:\/\/vammencamping.dk\/de\/wp-json\/wp\/v2\/media?parent=9699"}],"curies":[{"name":"wp","href":"https:\/\/api.w.org\/{rel}","templated":true}]}}