{"id":9694,"date":"2025-07-03T09:39:57","date_gmt":"2025-07-03T08:39:57","guid":{"rendered":"https:\/\/vammencamping.dk\/wanderung-5-soedal-wald\/"},"modified":"2025-07-07T12:15:16","modified_gmt":"2025-07-07T11:15:16","slug":"wanderung-5-soedal-wald","status":"publish","type":"page","link":"https:\/\/vammencamping.dk\/de\/wanderung-5-soedal-wald\/","title":{"rendered":"Wanderung 5 &#8211; S\u00f8dal Wald"},"content":{"rendered":"\n<div class=\"wp-block-columns is-layout-flex wp-container-core-columns-is-layout-9d6595d7 wp-block-columns-is-layout-flex\">\n<div class=\"wp-block-column is-layout-flow wp-block-column-is-layout-flow\">\n<figure class=\"wp-block-image size-large is-resized\"><a href=\"https:\/\/vcamp.dk\/h5\/osm\" target=\"_blank\" rel=\" noreferrer noopener\"><img loading=\"lazy\" decoding=\"async\" width=\"1200\" height=\"400\" src=\"https:\/\/vammencamping.dk\/wp-content\/uploads\/2025\/06\/openstreetmap-1200x400.png\" alt=\"\" class=\"wp-image-9358\" style=\"width:264px;height:auto\" srcset=\"https:\/\/vammencamping.dk\/wp-content\/uploads\/2025\/06\/openstreetmap-1200x400.png 1200w, https:\/\/vammencamping.dk\/wp-content\/uploads\/2025\/06\/openstreetmap-744x248.png 744w, https:\/\/vammencamping.dk\/wp-content\/uploads\/2025\/06\/openstreetmap-420x140.png 420w, https:\/\/vammencamping.dk\/wp-content\/uploads\/2025\/06\/openstreetmap-768x256.png 768w, https:\/\/vammencamping.dk\/wp-content\/uploads\/2025\/06\/openstreetmap.png 900w\" sizes=\"auto, (max-width: 1200px) 100vw, 1200px\" \/><\/a><\/figure>\n<\/div>\n\n\n\n<div class=\"wp-block-column is-layout-flow wp-block-column-is-layout-flow\">\n<figure class=\"wp-block-image size-large is-resized\"><a href=\"https:\/\/vcamp.dk\/h5\/gm\" target=\"_blank\" rel=\" noreferrer noopener\"><img loading=\"lazy\" decoding=\"async\" width=\"1200\" height=\"324\" src=\"https:\/\/vammencamping.dk\/wp-content\/uploads\/2025\/06\/google_maps-1200x324.png\" alt=\"\" class=\"wp-image-9364\" style=\"width:242px;height:auto\" srcset=\"https:\/\/vammencamping.dk\/wp-content\/uploads\/2025\/06\/google_maps-1200x324.png 1200w, https:\/\/vammencamping.dk\/wp-content\/uploads\/2025\/06\/google_maps-744x201.png 744w, https:\/\/vammencamping.dk\/wp-content\/uploads\/2025\/06\/google_maps-420x113.png 420w, https:\/\/vammencamping.dk\/wp-content\/uploads\/2025\/06\/google_maps-768x207.png 768w, https:\/\/vammencamping.dk\/wp-content\/uploads\/2025\/06\/google_maps.png 2048w\" sizes=\"auto, (max-width: 1200px) 100vw, 1200px\" \/><\/a><\/figure>\n<\/div>\n\n\n\n<div class=\"wp-block-column is-layout-flow wp-block-column-is-layout-flow\">\n<figure class=\"wp-block-image size-large is-resized\"><a href=\"https:\/\/vcamp.dk\/h5\/km\" target=\"_blank\" rel=\" noreferrer noopener\"><img loading=\"lazy\" decoding=\"async\" width=\"1200\" height=\"362\" src=\"https:\/\/vammencamping.dk\/wp-content\/uploads\/2025\/06\/komoot-1200x362.png\" alt=\"\" class=\"wp-image-9368\" style=\"width:241px;height:auto\" srcset=\"https:\/\/vammencamping.dk\/wp-content\/uploads\/2025\/06\/komoot-1200x362.png 1200w, https:\/\/vammencamping.dk\/wp-content\/uploads\/2025\/06\/komoot-744x224.png 744w, https:\/\/vammencamping.dk\/wp-content\/uploads\/2025\/06\/komoot-420x126.png 420w, https:\/\/vammencamping.dk\/wp-content\/uploads\/2025\/06\/komoot-768x231.png 768w, https:\/\/vammencamping.dk\/wp-content\/uploads\/2025\/06\/komoot.png 716w\" sizes=\"auto, (max-width: 1200px) 100vw, 1200px\" \/><\/a><\/figure>\n<\/div>\n<\/div>\n\n<p><\/p>\n\n<p class=\"has-text-align-left\">L\u00e4nge<strong> 6,9 km<\/strong><\/p>\n\n<p class=\"has-text-align-left\"><strong><strong><strong><strong>Erkunden die Landschaft um R\u00f8ds\u00f8 und in den S\u00f8dalwald, wo sich zwischen See, Wald und alten S\u00e4gewerksgeschichten Spuren aus der Steinzeit verbergen. Eine Route voller Aussichten, alter Denkm\u00e4ler und M\u00f6glichkeiten f\u00fcr Ruhe und Kontemplation in der Natur. <\/strong><\/strong><\/strong><\/strong><\/p>\n\n<iframe loading=\"lazy\" width=\"100%\" height=\"500px\" frameborder=\"0\" allowfullscreen=\"\" allow=\"geolocation\" src=\"\/\/umap.openstreetmap.fr\/da\/map\/vammen-camping-hiking-route-5-sdal-forest_1240100?scaleControl=false&#038;miniMap=false&#038;scrollWheelZoom=false&#038;zoomControl=true&#038;editMode=disabled&#038;moreControl=true&#038;searchControl=null&#038;tilelayersControl=null&#038;embedControl=null&#038;datalayersControl=true&#038;onLoadPanel=none&#038;captionBar=false&#038;captionMenus=true\"><\/iframe><p><a href=\"\/\/umap.openstreetmap.fr\/da\/map\/vammen-camping-hiking-route-5-sdal-forest_1240100?scaleControl=false&#038;miniMap=false&#038;scrollWheelZoom=true&#038;zoomControl=true&#038;editMode=disabled&#038;moreControl=true&#038;searchControl=null&#038;tilelayersControl=null&#038;embedControl=null&#038;datalayersControl=true&#038;onLoadPanel=none&#038;captionBar=false&#038;captionMenus=true\">Im Vollbild anzeigen<\/a><\/p>\n\n<p>Folge den Campingweg in Richtung Vammen und halte links an der Y-Kreuzung. In Vammen biegst du links ab auf den Hobrovej. An der Kreuzung beim Lebensmittelgesch\u00e4ft biegst du rechts in die N\u00f8rregade ein. Biege links in den Haug\u00e5rdsvej ein \u2013 du kommst an der Langs\u00f8 Friskole, dem Kindergarten und der Kinderkrippe auf der rechten Seite vorbei und gehst weiter geradeaus auf dem Haug\u00e5rdsvej. Der Weg ist jetzt mit lila Markierungspfosten gekennzeichnet.    <\/p>\n\n<p>Hinter dem Bauernhof Havg\u00e5rd (Haug\u00e5rdsvej 44) befinden sich die \u00dcberreste einer H\u00fchnengrab (et dyssekammer). Heute sind nur noch zwei Tragsteine und ein umgest\u00fcrzter Deckstein vorhanden. Die Grabst\u00e4tte hatte wahrscheinlich eine einzelne Kammer, die in den Grabh\u00fcgel mit einem steinernen Fu\u00dfkreis drum herum gesetzt wurde. Bei dem Graben handelt es sich um ein Kollektivgrab, das vermutlich in der Jungsteinzeit oder bis in die Mittelsteinzeit hinein angelegt wurde. (ca. 8.300 &#8211; 4.000 v. Chr.).    <\/p>\n\n<p>Von hier aus hat man einen sch\u00f6nen Blick auf den R\u00f8ds\u00f8: ein kleiner See mit einem breiten Schilfg\u00fcrtel, der im Begriff ist, zuzuwachsen. <\/p>\n\n<p>Folge der lila markierten Route in Richtung S\u00f8dal Skov und gehe auf dem Waldweg nach dem Haug\u00e5rdsvej 46 (wo Haug\u00e5rdsvej und Tingh\u00f8jvej zusammentreffen) in den S\u00f8dal Skov.<\/p>\n\n<p>Folge den Pfaden und Wegen auf dieser Karte. Der S\u00f8dal Skov ist ein Privatwald von ca. 180 Hektar und daher ohne markierte Routen. Du kannst die Karte von der Website des Campingplatzes \u00fcber den S\u00f8dal-Wald verwenden (in den gedruckten Unterlagen finden Sie sie auch auf der R\u00fcckseite). Du kannst gerne auf allen Waldwegen wandern &#8211; au\u00dfer an Jagdtagen.<br\/>Der S\u00f8dal Wald ist ein sch\u00f6ner kleiner Mischwald.  <br\/><br\/>In der Mitte des Waldes befindet sich ein stillgelegtes S\u00e4gewerk. Es wurde angetrieben von einem alten 1-Zylinder-Benzinmotor (Deutz-Motor) aus der Zeit um 1900. Das Holz f\u00fcr das Sanit\u00e4rgeb\u00e4ude des Campingplatzes wurde hier ges\u00e4gt (1985). <\/p>\n\n<p>Im Wald befinden sich ca. 20 Grabh\u00fcgel\/ Grabkammern aus der Jungsteinzeit (ca. 2500 &#8211; 1800 v. Chr.). Der \u201dbautasten\u201d ist ein aufrecht stehender, oft behauener Stein, der in Westeuropa in der Bronzezeit h\u00e4ufig als Merkmal\/Gedenkstein aufgestellt wurde. <\/p>\n\n<p>Kehre zum Ausgangspunkt am Haug\u00e5rdsvej\/Tingh\u00f8jvej zur\u00fcck und biege rechts in den Tingh\u00f8jvej ein. Am Hof Tingdalg\u00e5rd rechts abbiegen und folge dem Schotterweg entlang der lila markierte Route nach Hobrovej. Dort dem geteerten Rad- und Wanderweg nach links zur\u00fcck nach Vammen folgen. An der Kreuzung beim Kaufmann geradeaus weiter gehen und biege dann am Langs\u00f8vej rechts ab. Folgen diesem Weg zur\u00fcck zum Campingplatz.    <\/p>\n<div class=\"wp-block-image\">\n<figure class=\"aligncenter size-large is-resized\"><a href=\"https:\/\/vammencamping.dk\/wp-content\/uploads\/2025\/06\/vandrerute_5_udsnit-1200x768.jpg\"><img loading=\"lazy\" decoding=\"async\" width=\"1200\" height=\"768\" src=\"https:\/\/vammencamping.dk\/wp-content\/uploads\/2025\/06\/vandrerute_5_udsnit-1200x768.jpg\" alt=\"\" class=\"wp-image-9466\" style=\"width:144px;height:auto\" srcset=\"https:\/\/vammencamping.dk\/wp-content\/uploads\/2025\/06\/vandrerute_5_udsnit-1200x768.jpg 1200w, https:\/\/vammencamping.dk\/wp-content\/uploads\/2025\/06\/vandrerute_5_udsnit-744x476.jpg 744w, https:\/\/vammencamping.dk\/wp-content\/uploads\/2025\/06\/vandrerute_5_udsnit-420x268.jpg 420w, https:\/\/vammencamping.dk\/wp-content\/uploads\/2025\/06\/vandrerute_5_udsnit-768x491.jpg 768w, https:\/\/vammencamping.dk\/wp-content\/uploads\/2025\/06\/vandrerute_5_udsnit.jpg 1100w\" sizes=\"auto, (max-width: 1200px) 100vw, 1200px\" \/><\/a><figcaption class=\"wp-element-caption\">Karte anklicken, um die Infopunkte zu sehen<\/figcaption><\/figure>\n<\/div>\n<p><em>a) Die technischen Durchf\u00fchrbarkeitsstudien f\u00fcr ein gro\u00dfes neues &#8222;R\u00f8ds\u00f8 Lowland Project&#8220; haben gerade begonnen. Ziel ist die Wiederherstellung der nat\u00fcrlichen Hydrologie in einem 650 Hektar gro\u00dfen Gebiet, wodurch die Treibhausgas- und Stickstoffemissionen verringert werden sollen. Dar\u00fcber hinaus soll das Projekt die nat\u00fcrlichen Bedingungen in dem Gebiet insgesamt verbessern.  <\/em><\/p>\n\n<h2 class=\"wp-block-heading\">Karte von S\u00f8dal Forest<\/h2>\n\n<figure class=\"wp-block-image size-large is-resized\"><img loading=\"lazy\" decoding=\"async\" width=\"1200\" height=\"855\" src=\"https:\/\/vammencamping.dk\/wp-content\/uploads\/2025\/06\/soedal-skov-kort-1200x855.png\" alt=\"\" class=\"wp-image-9410\" style=\"width:758px;height:auto\" srcset=\"https:\/\/vammencamping.dk\/wp-content\/uploads\/2025\/06\/soedal-skov-kort-1200x855.png 1200w, https:\/\/vammencamping.dk\/wp-content\/uploads\/2025\/06\/soedal-skov-kort-744x530.png 744w, https:\/\/vammencamping.dk\/wp-content\/uploads\/2025\/06\/soedal-skov-kort-420x299.png 420w, https:\/\/vammencamping.dk\/wp-content\/uploads\/2025\/06\/soedal-skov-kort-768x547.png 768w, https:\/\/vammencamping.dk\/wp-content\/uploads\/2025\/06\/soedal-skov-kort.png 791w\" sizes=\"auto, (max-width: 1200px) 100vw, 1200px\" \/><\/figure>\n\n<p>\u2299 = H\u00fcgelgrab X = antikes Monument<br\/>1) Ein kleiner H\u00fcgel mit einer Stutzenkammer an der Spitze, 2 gro\u00dfen St\u00fctzsteinen und einem abgerollten Sturz.<br\/>2) Ein Baustein, ca. 1,5 m hoch \u00fcber dem Boden, ca. 0,5 m unter dem Boden; der Querschnitt betr\u00e4gt ca. 1 m.<br\/>3) Ein sehr kleiner, gut erhaltener Stutzen aus 3 kleinen St\u00fctzsteinen und einem Sturz mit einem Durchmesser von kaum 1 m.<br\/>Der H\u00fcgel selbst ist nur 0,5 m hoch und 5 m breit. Wahrscheinlich ein Kindergrab.<br\/>4) \u00dcberreste eines Durchgangsgrabs. 8 Steine sind noch vorhanden, aber keine T\u00fcrst\u00fcrze.<br\/>5) Alter Rundh\u00fcgel im Wald. <br\/>6) Eine D\u00fcsenkammer im Nordwesten-S\u00fcdosten. Zwei gro\u00dfe Seitensteine.<br\/>7) Eine kleine Steinkammer. <br\/>8) Zwei unber\u00fchrte, gut erhaltene H\u00fcgel; der westlichste wird &#8222;Bavneh\u00f8j&#8220; genannt.<br\/>9) Ein H\u00fcgel &#8222;Uglh\u00f8j&#8220;, der zwei Durchgangsgr\u00e4ber mit Eingang von S\u00fcdosten umschlie\u00dft.   <\/p>\n","protected":false},"excerpt":{"rendered":"<p>L\u00e4nge 6,9 km Erkunden die Landschaft um R\u00f8ds\u00f8 und in den S\u00f8dalwald, wo sich zwischen See, Wald und alten S\u00e4gewerksgeschichten Spuren aus der Steinzeit verbergen. Eine Route voller Aussichten, alter Denkm\u00e4ler und M\u00f6glichkeiten f\u00fcr Ruhe und Kontemplation in der Natur. Im Vollbild anzeigen Folge den Campingweg in Richtung Vammen und halte links an der Y-Kreuzung. &#8230; <a class=\"read-more\" href=\"https:\/\/vammencamping.dk\/de\/wanderung-5-soedal-wald\/\">Read more&#8230;<\/a><\/p>\n","protected":false},"author":7,"featured_media":0,"parent":0,"menu_order":0,"comment_status":"closed","ping_status":"closed","template":"","meta":{"footnotes":""},"class_list":["post-9694","page","type-page","status-publish"],"featured_image_src":null,"_links":{"self":[{"href":"https:\/\/vammencamping.dk\/de\/wp-json\/wp\/v2\/pages\/9694","targetHints":{"allow":["GET"]}}],"collection":[{"href":"https:\/\/vammencamping.dk\/de\/wp-json\/wp\/v2\/pages"}],"about":[{"href":"https:\/\/vammencamping.dk\/de\/wp-json\/wp\/v2\/types\/page"}],"author":[{"embeddable":true,"href":"https:\/\/vammencamping.dk\/de\/wp-json\/wp\/v2\/users\/7"}],"replies":[{"embeddable":true,"href":"https:\/\/vammencamping.dk\/de\/wp-json\/wp\/v2\/comments?post=9694"}],"version-history":[{"count":5,"href":"https:\/\/vammencamping.dk\/de\/wp-json\/wp\/v2\/pages\/9694\/revisions"}],"predecessor-version":[{"id":10315,"href":"https:\/\/vammencamping.dk\/de\/wp-json\/wp\/v2\/pages\/9694\/revisions\/10315"}],"wp:attachment":[{"href":"https:\/\/vammencamping.dk\/de\/wp-json\/wp\/v2\/media?parent=9694"}],"curies":[{"name":"wp","href":"https:\/\/api.w.org\/{rel}","templated":true}]}}