{"id":9692,"date":"2025-07-03T09:22:51","date_gmt":"2025-07-03T08:22:51","guid":{"rendered":"https:\/\/vammencamping.dk\/wanderung-4-aussicht-richtung-roedsoe\/"},"modified":"2025-07-03T09:22:53","modified_gmt":"2025-07-03T08:22:53","slug":"wanderung-4-aussicht-richtung-roedsoe","status":"publish","type":"page","link":"https:\/\/vammencamping.dk\/de\/wanderung-4-aussicht-richtung-roedsoe\/","title":{"rendered":"Wanderung 4 &#8211; Aussicht Richtung R\u00f8ds\u00f8"},"content":{"rendered":"\n<div class=\"wp-block-columns is-layout-flex wp-container-core-columns-is-layout-9d6595d7 wp-block-columns-is-layout-flex\">\n<div class=\"wp-block-column is-layout-flow wp-block-column-is-layout-flow\">\n<figure class=\"wp-block-image size-large is-resized\"><a href=\"https:\/\/vcamp.dk\/h4\/osm\" target=\"_blank\" rel=\" noreferrer noopener\"><img loading=\"lazy\" decoding=\"async\" width=\"1200\" height=\"400\" src=\"https:\/\/vammencamping.dk\/wp-content\/uploads\/2025\/06\/openstreetmap-1200x400.png\" alt=\"\" class=\"wp-image-9358\" style=\"width:264px;height:auto\" srcset=\"https:\/\/vammencamping.dk\/wp-content\/uploads\/2025\/06\/openstreetmap-1200x400.png 1200w, https:\/\/vammencamping.dk\/wp-content\/uploads\/2025\/06\/openstreetmap-744x248.png 744w, https:\/\/vammencamping.dk\/wp-content\/uploads\/2025\/06\/openstreetmap-420x140.png 420w, https:\/\/vammencamping.dk\/wp-content\/uploads\/2025\/06\/openstreetmap-768x256.png 768w, https:\/\/vammencamping.dk\/wp-content\/uploads\/2025\/06\/openstreetmap.png 900w\" sizes=\"auto, (max-width: 1200px) 100vw, 1200px\" \/><\/a><\/figure>\n<\/div>\n\n\n\n<div class=\"wp-block-column is-layout-flow wp-block-column-is-layout-flow\">\n<figure class=\"wp-block-image size-large is-resized\"><a href=\"https:\/\/vcamp.dk\/h4\/gm\" target=\"_blank\" rel=\" noreferrer noopener\"><img loading=\"lazy\" decoding=\"async\" width=\"1200\" height=\"324\" src=\"https:\/\/vammencamping.dk\/wp-content\/uploads\/2025\/06\/google_maps-1200x324.png\" alt=\"\" class=\"wp-image-9364\" style=\"width:242px;height:auto\" srcset=\"https:\/\/vammencamping.dk\/wp-content\/uploads\/2025\/06\/google_maps-1200x324.png 1200w, https:\/\/vammencamping.dk\/wp-content\/uploads\/2025\/06\/google_maps-744x201.png 744w, https:\/\/vammencamping.dk\/wp-content\/uploads\/2025\/06\/google_maps-420x113.png 420w, https:\/\/vammencamping.dk\/wp-content\/uploads\/2025\/06\/google_maps-768x207.png 768w, https:\/\/vammencamping.dk\/wp-content\/uploads\/2025\/06\/google_maps.png 2048w\" sizes=\"auto, (max-width: 1200px) 100vw, 1200px\" \/><\/a><\/figure>\n<\/div>\n\n\n\n<div class=\"wp-block-column is-layout-flow wp-block-column-is-layout-flow\">\n<figure class=\"wp-block-image size-large is-resized\"><a href=\"https:\/\/vcamp.dk\/h4\/km\" target=\"_blank\" rel=\" noreferrer noopener\"><img loading=\"lazy\" decoding=\"async\" width=\"1200\" height=\"362\" src=\"https:\/\/vammencamping.dk\/wp-content\/uploads\/2025\/06\/komoot-1200x362.png\" alt=\"\" class=\"wp-image-9368\" style=\"width:241px;height:auto\" srcset=\"https:\/\/vammencamping.dk\/wp-content\/uploads\/2025\/06\/komoot-1200x362.png 1200w, https:\/\/vammencamping.dk\/wp-content\/uploads\/2025\/06\/komoot-744x224.png 744w, https:\/\/vammencamping.dk\/wp-content\/uploads\/2025\/06\/komoot-420x126.png 420w, https:\/\/vammencamping.dk\/wp-content\/uploads\/2025\/06\/komoot-768x231.png 768w, https:\/\/vammencamping.dk\/wp-content\/uploads\/2025\/06\/komoot.png 716w\" sizes=\"auto, (max-width: 1200px) 100vw, 1200px\" \/><\/a><\/figure>\n<\/div>\n<\/div>\n\n<p><\/p>\n\n<p class=\"has-text-align-left\">L\u00e4nge<strong> 8,6 km<\/strong><\/p>\n\n<p class=\"has-text-align-left\"><strong><strong><strong>Fahren Sie auf einer stimmungsvollen Route durch den \u00f6stlichen Rand von Vammen, vorbei an Langs\u00f8 Friskole und einem alten Denkmal aus der Steinzeit mit Blick auf den bewachsenen R\u00f8ds\u00f8. Die Route folgt lila-schwarzen Markierungen durch die offene Landschaft in Richtung S\u00f8dal Forest und zur\u00fcck \u00fcber kleine Stra\u00dfen, bei denen Natur, Geschichte und neue Klimainitiativen im Mittelpunkt stehen. <\/strong><\/strong><\/strong><\/p>\n\n<iframe loading=\"lazy\" width=\"100%\" height=\"300px\" frameborder=\"0\" allowfullscreen=\"\" allow=\"geolocation\" src=\"\/\/umap.openstreetmap.fr\/da\/map\/vammen-camping-hiking-route-4-view-towards-rds_1240098?scaleControl=false&#038;miniMap=false&#038;scrollWheelZoom=false&#038;zoomControl=true&#038;editMode=disabled&#038;moreControl=true&#038;searchControl=null&#038;tilelayersControl=null&#038;embedControl=null&#038;datalayersControl=true&#038;onLoadPanel=none&#038;captionBar=false&#038;captionMenus=true\"><\/iframe><p><a href=\"\/\/umap.openstreetmap.fr\/da\/map\/vammen-camping-hiking-route-4-view-towards-rds_1240098?scaleControl=false&#038;miniMap=false&#038;scrollWheelZoom=true&#038;zoomControl=true&#038;editMode=disabled&#038;moreControl=true&#038;searchControl=null&#038;tilelayersControl=null&#038;embedControl=null&#038;datalayersControl=true&#038;onLoadPanel=none&#038;captionBar=false&#038;captionMenus=true\">Im Vollbild anzeigen<\/a><\/p>\n\n<p>Folge den Campingweg in Richtung Vammen und halte links an der Y-Kreuzung.<br\/>In Vammen biegst du links ab auf den Hobrovej.<br\/>An der Kreuzung beim Lebensmittelgesch\u00e4ft biegst du rechts in die N\u00f8rregade ein.<br\/><br\/>Biege links in den Haug\u00e5rdsvej ein \u2013 du kommst an der Langs\u00f8 Friskole, dem Kindergarten und der Kinderkrippe auf der rechten Seite vorbei und gehst weiter geradeaus auf dem Haug\u00e5rdsvej. Der Weg ist jetzt mit lila Markierungspfosten gekennzeichnet.   <\/p>\n\n<p>Hinter dem Bauernhof Havg\u00e5rd (Haug\u00e5rdsvej 44) befinden sich die \u00dcberreste einer H\u00fchnengrab (et dyssekammer). Heute sind nur noch zwei Tragsteine und ein umgest\u00fcrzter Deckstein vorhanden. Die Grabst\u00e4tte hatte wahrscheinlich eine einzelne Kammer, die in den Grabh\u00fcgel mit einem steinernen Fu\u00dfkreis drum herum gesetzt wurde. Bei dem Graben handelt es sich um ein Kollektivgrab, das vermutlich in der Jungsteinzeit oder bis in die Mittelsteinzeit hinein angelegt wurde. (ca. 8.300 &#8211; 4.000 v. Chr.).    <\/p>\n\n<p>Von hier aus hat man einen sch\u00f6nen Blick auf den R\u00f8ds\u00f8: ein kleiner See mit einem breiten Schilfg\u00fcrtel, der im Begriff ist, zuzuwachsen. <\/p>\n\n<p>Folge der lila markierten Route in Richtung S\u00f8dal Skov. Du kommst am Hof Tingdalg\u00e5rd vorbei und biegst links ab. Nach dem Bauernhof f\u00e4hrst du hinauf zur schwarz markierten Route auf dem Bedehusvej. Biege rechts auf diese Route auf dem Bedehusvej ab und folge ihr, bis die Stra\u00dfe im Haug\u00e5rdsvej endet.   <\/p>\n\n<p>Biege dann rechts in den Haug\u00e5rdsvej ein. An der T-Kreuzung rechts in die N\u00f8rregade einbiegen und bis zur Kreuzung am Lebensmittelgesch\u00e4ft. <\/p>\n\n<p>Dort links in den Hobrovej einbiegen und nach ca. 200 Meter rechts abbiegen in den Langs\u00f8vej, der am Campingplatz endet.<\/p>\n<div class=\"wp-block-image\">\n<figure class=\"aligncenter size-large is-resized\"><a href=\"https:\/\/vammencamping.dk\/wp-content\/uploads\/2025\/07\/Skaermbillede-2025-07-01-112909-1200x636.png\"><img loading=\"lazy\" decoding=\"async\" width=\"1200\" height=\"636\" src=\"https:\/\/vammencamping.dk\/wp-content\/uploads\/2025\/07\/Skaermbillede-2025-07-01-112909-1200x636.png\" alt=\"\" class=\"wp-image-9532\" style=\"width:144px\" srcset=\"https:\/\/vammencamping.dk\/wp-content\/uploads\/2025\/07\/Skaermbillede-2025-07-01-112909-1200x636.png 1200w, https:\/\/vammencamping.dk\/wp-content\/uploads\/2025\/07\/Skaermbillede-2025-07-01-112909-744x394.png 744w, https:\/\/vammencamping.dk\/wp-content\/uploads\/2025\/07\/Skaermbillede-2025-07-01-112909-420x222.png 420w, https:\/\/vammencamping.dk\/wp-content\/uploads\/2025\/07\/Skaermbillede-2025-07-01-112909-768x407.png 768w, https:\/\/vammencamping.dk\/wp-content\/uploads\/2025\/07\/Skaermbillede-2025-07-01-112909.png 1047w\" sizes=\"auto, (max-width: 1200px) 100vw, 1200px\" \/><\/a><figcaption class=\"wp-element-caption\">Karte anklicken, um die Infopunkte zu sehen<\/figcaption><\/figure>\n<\/div>\n<p><em>a)<\/em> <em>Die technischen Durchf\u00fchrbarkeitsstudien f\u00fcr ein gro\u00dfes neues &#8222;R\u00f8ds\u00f8 Lowland Project&#8220; haben gerade begonnen. Ziel ist die Wiederherstellung der nat\u00fcrlichen Hydrologie in einem 650 Hektar gro\u00dfen Gebiet, wodurch die Treibhausgas- und Stickstoffemissionen verringert werden sollen. Dar\u00fcber hinaus soll das Projekt die nat\u00fcrlichen Bedingungen in dem Gebiet insgesamt verbessern.  <\/em><\/p>\n","protected":false},"excerpt":{"rendered":"<p>L\u00e4nge 8,6 km Fahren Sie auf einer stimmungsvollen Route durch den \u00f6stlichen Rand von Vammen, vorbei an Langs\u00f8 Friskole und einem alten Denkmal aus der Steinzeit mit Blick auf den bewachsenen R\u00f8ds\u00f8. Die Route folgt lila-schwarzen Markierungen durch die offene Landschaft in Richtung S\u00f8dal Forest und zur\u00fcck \u00fcber kleine Stra\u00dfen, bei denen Natur, Geschichte und &#8230; <a class=\"read-more\" href=\"https:\/\/vammencamping.dk\/de\/wanderung-4-aussicht-richtung-roedsoe\/\">Read more&#8230;<\/a><\/p>\n","protected":false},"author":7,"featured_media":0,"parent":0,"menu_order":0,"comment_status":"closed","ping_status":"closed","template":"","meta":{"footnotes":""},"class_list":["post-9692","page","type-page","status-publish"],"featured_image_src":null,"_links":{"self":[{"href":"https:\/\/vammencamping.dk\/de\/wp-json\/wp\/v2\/pages\/9692","targetHints":{"allow":["GET"]}}],"collection":[{"href":"https:\/\/vammencamping.dk\/de\/wp-json\/wp\/v2\/pages"}],"about":[{"href":"https:\/\/vammencamping.dk\/de\/wp-json\/wp\/v2\/types\/page"}],"author":[{"embeddable":true,"href":"https:\/\/vammencamping.dk\/de\/wp-json\/wp\/v2\/users\/7"}],"replies":[{"embeddable":true,"href":"https:\/\/vammencamping.dk\/de\/wp-json\/wp\/v2\/comments?post=9692"}],"version-history":[{"count":1,"href":"https:\/\/vammencamping.dk\/de\/wp-json\/wp\/v2\/pages\/9692\/revisions"}],"predecessor-version":[{"id":9693,"href":"https:\/\/vammencamping.dk\/de\/wp-json\/wp\/v2\/pages\/9692\/revisions\/9693"}],"wp:attachment":[{"href":"https:\/\/vammencamping.dk\/de\/wp-json\/wp\/v2\/media?parent=9692"}],"curies":[{"name":"wp","href":"https:\/\/api.w.org\/{rel}","templated":true}]}}