{"id":9690,"date":"2025-07-03T09:16:20","date_gmt":"2025-07-03T08:16:20","guid":{"rendered":"https:\/\/vammencamping.dk\/wanderung-3-baunehoej-lang\/"},"modified":"2025-07-03T09:16:22","modified_gmt":"2025-07-03T08:16:22","slug":"wanderung-3-baunehoej-lang","status":"publish","type":"page","link":"https:\/\/vammencamping.dk\/de\/wanderung-3-baunehoej-lang\/","title":{"rendered":"Wanderung 3 &#8211; Bauneh\u00f8j (lang)"},"content":{"rendered":"\n<div class=\"wp-block-columns is-layout-flex wp-container-core-columns-is-layout-9d6595d7 wp-block-columns-is-layout-flex\">\n<div class=\"wp-block-column is-layout-flow wp-block-column-is-layout-flow\">\n<figure class=\"wp-block-image size-large is-resized\"><a href=\"https:\/\/vcamp.dk\/h3\/osm\" target=\"_blank\" rel=\" noreferrer noopener\"><img loading=\"lazy\" decoding=\"async\" width=\"1200\" height=\"400\" src=\"https:\/\/vammencamping.dk\/wp-content\/uploads\/2025\/06\/openstreetmap-1200x400.png\" alt=\"\" class=\"wp-image-9358\" style=\"width:264px;height:auto\" srcset=\"https:\/\/vammencamping.dk\/wp-content\/uploads\/2025\/06\/openstreetmap-1200x400.png 1200w, https:\/\/vammencamping.dk\/wp-content\/uploads\/2025\/06\/openstreetmap-744x248.png 744w, https:\/\/vammencamping.dk\/wp-content\/uploads\/2025\/06\/openstreetmap-420x140.png 420w, https:\/\/vammencamping.dk\/wp-content\/uploads\/2025\/06\/openstreetmap-768x256.png 768w, https:\/\/vammencamping.dk\/wp-content\/uploads\/2025\/06\/openstreetmap.png 900w\" sizes=\"auto, (max-width: 1200px) 100vw, 1200px\" \/><\/a><\/figure>\n<\/div>\n\n\n\n<div class=\"wp-block-column is-layout-flow wp-block-column-is-layout-flow\">\n<figure class=\"wp-block-image size-large is-resized\"><a href=\"https:\/\/vcamp.dk\/h3\/gm\" target=\"_blank\" rel=\" noreferrer noopener\"><img loading=\"lazy\" decoding=\"async\" width=\"1200\" height=\"324\" src=\"https:\/\/vammencamping.dk\/wp-content\/uploads\/2025\/06\/google_maps-1200x324.png\" alt=\"\" class=\"wp-image-9364\" style=\"width:242px;height:auto\" srcset=\"https:\/\/vammencamping.dk\/wp-content\/uploads\/2025\/06\/google_maps-1200x324.png 1200w, https:\/\/vammencamping.dk\/wp-content\/uploads\/2025\/06\/google_maps-744x201.png 744w, https:\/\/vammencamping.dk\/wp-content\/uploads\/2025\/06\/google_maps-420x113.png 420w, https:\/\/vammencamping.dk\/wp-content\/uploads\/2025\/06\/google_maps-768x207.png 768w, https:\/\/vammencamping.dk\/wp-content\/uploads\/2025\/06\/google_maps.png 2048w\" sizes=\"auto, (max-width: 1200px) 100vw, 1200px\" \/><\/a><\/figure>\n<\/div>\n\n\n\n<div class=\"wp-block-column is-layout-flow wp-block-column-is-layout-flow\">\n<figure class=\"wp-block-image size-large is-resized\"><a href=\"https:\/\/vcamp.dk\/h3\/km\" target=\"_blank\" rel=\" noreferrer noopener\"><img loading=\"lazy\" decoding=\"async\" width=\"1200\" height=\"362\" src=\"https:\/\/vammencamping.dk\/wp-content\/uploads\/2025\/06\/komoot-1200x362.png\" alt=\"\" class=\"wp-image-9368\" style=\"width:241px;height:auto\" srcset=\"https:\/\/vammencamping.dk\/wp-content\/uploads\/2025\/06\/komoot-1200x362.png 1200w, https:\/\/vammencamping.dk\/wp-content\/uploads\/2025\/06\/komoot-744x224.png 744w, https:\/\/vammencamping.dk\/wp-content\/uploads\/2025\/06\/komoot-420x126.png 420w, https:\/\/vammencamping.dk\/wp-content\/uploads\/2025\/06\/komoot-768x231.png 768w, https:\/\/vammencamping.dk\/wp-content\/uploads\/2025\/06\/komoot.png 716w\" sizes=\"auto, (max-width: 1200px) 100vw, 1200px\" \/><\/a><\/figure>\n<\/div>\n<\/div>\n\n<p><\/p>\n\n<p class=\"has-text-align-left\">L\u00e4nge<strong> 8,1 km<\/strong><\/p>\n\n<p class=\"has-text-align-left\"><strong><strong>Eine landschaftlich reizvollen Route durch Vammen, vorbei an der Kirche aus dem 13. Jahrhundert und weiter durch die alte Eiszeitlandschaft mit Wiesen, Schluchten und Ausblicken auf die Skals \u00c5. Die Route f\u00fchrt Sie durch ein Schmelzwassertal zu einem beeindruckenden H\u00fcgel aus der Bronzezeit &#8211; einem ehemaligen Biberh\u00fcgel, der in Friedenszeiten als Signalanlage diente. <\/strong><\/strong><\/p>\n\n<iframe loading=\"lazy\" width=\"100%\" height=\"300px\" frameborder=\"0\" allowfullscreen=\"\" allow=\"geolocation\" src=\"\/\/umap.openstreetmap.fr\/da\/map\/vammen-camping-hiking-route-3-baunehj-long_1240097?scaleControl=false&#038;miniMap=false&#038;scrollWheelZoom=false&#038;zoomControl=true&#038;editMode=disabled&#038;moreControl=true&#038;searchControl=null&#038;tilelayersControl=null&#038;embedControl=null&#038;datalayersControl=true&#038;onLoadPanel=none&#038;captionBar=false&#038;captionMenus=true\"><\/iframe><p><a href=\"\/\/umap.openstreetmap.fr\/da\/map\/vammen-camping-hiking-route-3-baunehj-long_1240097?scaleControl=false&#038;miniMap=false&#038;scrollWheelZoom=true&#038;zoomControl=true&#038;editMode=disabled&#038;moreControl=true&#038;searchControl=null&#038;tilelayersControl=null&#038;embedControl=null&#038;datalayersControl=true&#038;onLoadPanel=none&#038;captionBar=false&#038;captionMenus=true\">Im Vollbild anzeigen<\/a><\/p>\n\n<p>Folge den Campingweg in Richtung Vammen und halte links an der Y-Kreuzung.<\/p>\n\n<p>In Vammen biegst du links ab auf den Hobrovej.<\/p>\n\n<p>An der Kreuzung beim Lebensmittelgesch\u00e4ft biegst du rechts in die N\u00f8rregade ein. Die Stra\u00dfe f\u00fchrt am Forsamlingshuset (Dortgemeinschaftshaus) auf der linken Seite vorbei. <\/p>\n\n<p>Die Vammenkirche aus der Zeit um 1200 hat eine romanische Apsis, einen Chor und ein Kirchenschiff. Der Turm und die Vorhalle sind sp\u00e4tgotische Anbauten. <\/p>\n\n<p><br\/>Du gehst nun &#8211; immer noch auf der N\u00f8rregade &#8211; durch den \u00e4ltesten Teil von Vammen, Nederby, und au\u00dferhalb des Ortes hast du einen herrlichen Blick auf die weiten Wiesen mit der Skals \u00c5. Hier siehst du auch die H\u00e4nge, T\u00e4ler und Schluchten der eiszeitlichen Landschaft, an der diese Tour ebenfalls vorbeif\u00fchrt. <\/p>\n\n<p>An der Kl\u00e4ranlage biegst du links in den Vester K\u00e6rvej ein.<\/p>\n\n<p>Dieser Schotterweg ist ein gemeinsamer Weg, der zu einigen kleinen Geb\u00e4uden am Rande der Wiese f\u00fchrt. Es ist auch die Zufahrt zu den Wiesen, auf denen die Bauern fr\u00fcher ihr Vieh m\u00e4steten, und wo Torf gestochen wurde. Auch unser kleiner Bauernhof, jetzt der Campingplatz, hatte fr\u00fcher hier kleine Wiesen. Heute sind viele der Wiesen ungenutzt, was ein reiches Vogel- und Tierleben erm\u00f6glicht.<br\/>Ein kleines St\u00fcck entlang des Vester K\u00e6rvej, wo ein Pfahl mit schwarzer und roter Markierung steht, geht es links hinauf durch ein Schmelzwassertal. Oberhalb des Tals siehst du einen gro\u00dfen H\u00fcgel aus der Bronzezeit. Er ist sehr hoch (56,3 Meter \u00fcber dem Meeresspiegel) und war fr\u00fcher ein \u201dbavneh\u00f8j\u201d.     <\/p>\n\n<p>An der T-Kreuzung biegst du links in den Norupvej ein und folgst diesem bis zum Haug\u00e5rdsvej. Biege links in den Haug\u00e5rdsvej ein. Du gehst an der Langs\u00f8 Friskole vorbei und die Stra\u00dfe endet in der N\u00f8rregade, wo du rechts abbiegst. An der Kreuzung beim Lebensmittelgesch\u00e4ft links abbiegen auf den Hobrovej und nach 200 Metern rechts in den Langs\u00f8vej ein. Der Langs\u00f8vej endet am Campingplatz.    <\/p>\n<div class=\"wp-block-image\">\n<figure class=\"aligncenter size-large is-resized\"><a href=\"https:\/\/vammencamping.dk\/wp-content\/uploads\/2025\/07\/Skaermbillede-2025-07-01-111541-1200x633.png\"><img loading=\"lazy\" decoding=\"async\" width=\"1200\" height=\"633\" src=\"https:\/\/vammencamping.dk\/wp-content\/uploads\/2025\/07\/Skaermbillede-2025-07-01-111541-1200x633.png\" alt=\"\" class=\"wp-image-9525\" style=\"width:144px\" srcset=\"https:\/\/vammencamping.dk\/wp-content\/uploads\/2025\/07\/Skaermbillede-2025-07-01-111541-1200x633.png 1200w, https:\/\/vammencamping.dk\/wp-content\/uploads\/2025\/07\/Skaermbillede-2025-07-01-111541-744x393.png 744w, https:\/\/vammencamping.dk\/wp-content\/uploads\/2025\/07\/Skaermbillede-2025-07-01-111541-420x221.png 420w, https:\/\/vammencamping.dk\/wp-content\/uploads\/2025\/07\/Skaermbillede-2025-07-01-111541-768x405.png 768w, https:\/\/vammencamping.dk\/wp-content\/uploads\/2025\/07\/Skaermbillede-2025-07-01-111541.png 918w\" sizes=\"auto, (max-width: 1200px) 100vw, 1200px\" \/><\/a><figcaption class=\"wp-element-caption\">Karte anklicken, um die Infopunkte zu sehen<\/figcaption><\/figure>\n<\/div>\n<p><em>a) Ein Dorfgemeinschaftshaus ist ein gemeinsames kulturelles Zentrum und die Begegnunst\u00e4tte einer Kleinstadt oder eines Dorfes, der f\u00fcr Vortr\u00e4ge, Versammlungen, Veranstaltungen, private oder \u00f6ffentliche Feste usw. genutzt wird. In D\u00e4nemark gibt es etwa 1.000 Gemeindeh\u00e4user. <\/em><\/p>\n\n<p><em>b)<\/em> <em>Ein \u201dbavn\u201d ist ein Holzstabel, der vom Mittelalter bis ins 19. Jahrhundert dazu diente Gefahrensituationen zu signalisieren, zum Beispiel vor einem angreifenden Feind. Ein Holzpfahl, ein Leuchtfeuer, (in D\u00e4nisch also ein \u201dbavn\u201d), wurde auf einem hohen Punkt, ein H\u00fcgel) (D\u00e4nisch \u201dh\u00f8j\u201d) entfacht, damit das Gefahrensignal schon von weitem sichtbar war. <\/em><\/p>\n","protected":false},"excerpt":{"rendered":"<p>L\u00e4nge 8,1 km Eine landschaftlich reizvollen Route durch Vammen, vorbei an der Kirche aus dem 13. Jahrhundert und weiter durch die alte Eiszeitlandschaft mit Wiesen, Schluchten und Ausblicken auf die Skals \u00c5. Die Route f\u00fchrt Sie durch ein Schmelzwassertal zu einem beeindruckenden H\u00fcgel aus der Bronzezeit &#8211; einem ehemaligen Biberh\u00fcgel, der in Friedenszeiten als Signalanlage &#8230; <a class=\"read-more\" href=\"https:\/\/vammencamping.dk\/de\/wanderung-3-baunehoej-lang\/\">Read more&#8230;<\/a><\/p>\n","protected":false},"author":7,"featured_media":0,"parent":0,"menu_order":0,"comment_status":"closed","ping_status":"closed","template":"","meta":{"footnotes":""},"class_list":["post-9690","page","type-page","status-publish"],"featured_image_src":null,"_links":{"self":[{"href":"https:\/\/vammencamping.dk\/de\/wp-json\/wp\/v2\/pages\/9690","targetHints":{"allow":["GET"]}}],"collection":[{"href":"https:\/\/vammencamping.dk\/de\/wp-json\/wp\/v2\/pages"}],"about":[{"href":"https:\/\/vammencamping.dk\/de\/wp-json\/wp\/v2\/types\/page"}],"author":[{"embeddable":true,"href":"https:\/\/vammencamping.dk\/de\/wp-json\/wp\/v2\/users\/7"}],"replies":[{"embeddable":true,"href":"https:\/\/vammencamping.dk\/de\/wp-json\/wp\/v2\/comments?post=9690"}],"version-history":[{"count":1,"href":"https:\/\/vammencamping.dk\/de\/wp-json\/wp\/v2\/pages\/9690\/revisions"}],"predecessor-version":[{"id":9691,"href":"https:\/\/vammencamping.dk\/de\/wp-json\/wp\/v2\/pages\/9690\/revisions\/9691"}],"wp:attachment":[{"href":"https:\/\/vammencamping.dk\/de\/wp-json\/wp\/v2\/media?parent=9690"}],"curies":[{"name":"wp","href":"https:\/\/api.w.org\/{rel}","templated":true}]}}