{"id":9672,"date":"2025-07-02T11:45:38","date_gmt":"2025-07-02T10:45:38","guid":{"rendered":"https:\/\/vammencamping.dk\/wanderroute-1-erholungsgebiet\/"},"modified":"2025-07-10T10:37:58","modified_gmt":"2025-07-10T09:37:58","slug":"wanderroute-1-erholungsgebiet","status":"publish","type":"page","link":"https:\/\/vammencamping.dk\/de\/wanderroute-1-erholungsgebiet\/","title":{"rendered":"Wanderroute 1 &#8211; Erholungsgebiet"},"content":{"rendered":"\n<div class=\"wp-block-columns is-layout-flex wp-container-core-columns-is-layout-9d6595d7 wp-block-columns-is-layout-flex\">\n<div class=\"wp-block-column is-layout-flow wp-block-column-is-layout-flow\">\n<figure class=\"wp-block-image size-large is-resized\"><a href=\"https:\/\/vcamp.dk\/h1\/osm\" target=\"_blank\" rel=\" noreferrer noopener\"><img loading=\"lazy\" decoding=\"async\" width=\"1200\" height=\"400\" src=\"https:\/\/vammencamping.dk\/wp-content\/uploads\/2025\/06\/openstreetmap-1200x400.png\" alt=\"\" class=\"wp-image-9358\" style=\"width:264px;height:auto\" srcset=\"https:\/\/vammencamping.dk\/wp-content\/uploads\/2025\/06\/openstreetmap-1200x400.png 1200w, https:\/\/vammencamping.dk\/wp-content\/uploads\/2025\/06\/openstreetmap-744x248.png 744w, https:\/\/vammencamping.dk\/wp-content\/uploads\/2025\/06\/openstreetmap-420x140.png 420w, https:\/\/vammencamping.dk\/wp-content\/uploads\/2025\/06\/openstreetmap-768x256.png 768w, https:\/\/vammencamping.dk\/wp-content\/uploads\/2025\/06\/openstreetmap.png 900w\" sizes=\"auto, (max-width: 1200px) 100vw, 1200px\" \/><\/a><\/figure>\n<\/div>\n\n\n\n<div class=\"wp-block-column is-layout-flow wp-block-column-is-layout-flow\">\n<figure class=\"wp-block-image size-large is-resized\"><a href=\"https:\/\/vcamp.dk\/h1\/gm\" target=\"_blank\" rel=\" noreferrer noopener\"><img loading=\"lazy\" decoding=\"async\" width=\"1200\" height=\"324\" src=\"https:\/\/vammencamping.dk\/wp-content\/uploads\/2025\/06\/google_maps-1200x324.png\" alt=\"\" class=\"wp-image-9364\" style=\"width:242px;height:auto\" srcset=\"https:\/\/vammencamping.dk\/wp-content\/uploads\/2025\/06\/google_maps-1200x324.png 1200w, https:\/\/vammencamping.dk\/wp-content\/uploads\/2025\/06\/google_maps-744x201.png 744w, https:\/\/vammencamping.dk\/wp-content\/uploads\/2025\/06\/google_maps-420x113.png 420w, https:\/\/vammencamping.dk\/wp-content\/uploads\/2025\/06\/google_maps-768x207.png 768w, https:\/\/vammencamping.dk\/wp-content\/uploads\/2025\/06\/google_maps.png 2048w\" sizes=\"auto, (max-width: 1200px) 100vw, 1200px\" \/><\/a><\/figure>\n<\/div>\n\n\n\n<div class=\"wp-block-column is-layout-flow wp-block-column-is-layout-flow\">\n<figure class=\"wp-block-image size-large is-resized\"><a href=\"https:\/\/vcamp.dk\/h1\/km\" target=\"_blank\" rel=\" noreferrer noopener\"><img loading=\"lazy\" decoding=\"async\" width=\"1200\" height=\"362\" src=\"https:\/\/vammencamping.dk\/wp-content\/uploads\/2025\/06\/komoot-1200x362.png\" alt=\"\" class=\"wp-image-9368\" style=\"width:241px;height:auto\" srcset=\"https:\/\/vammencamping.dk\/wp-content\/uploads\/2025\/06\/komoot-1200x362.png 1200w, https:\/\/vammencamping.dk\/wp-content\/uploads\/2025\/06\/komoot-744x224.png 744w, https:\/\/vammencamping.dk\/wp-content\/uploads\/2025\/06\/komoot-420x126.png 420w, https:\/\/vammencamping.dk\/wp-content\/uploads\/2025\/06\/komoot-768x231.png 768w, https:\/\/vammencamping.dk\/wp-content\/uploads\/2025\/06\/komoot.png 716w\" sizes=\"auto, (max-width: 1200px) 100vw, 1200px\" \/><\/a><\/figure>\n<\/div>\n<\/div>\n\n<p><\/p>\n\n<p class=\"has-text-align-left\">L\u00e4nge: <strong>4,1 km<\/strong><\/p>\n\n<p class=\"has-text-align-left\">Die abwechslungsreiche Route f\u00fchrt durch Vammen und weiter hinaus in die alte Wiesen- und Eiszeitlandschaft, vorbei an der Kirche von Vammen, einer eiszeitlichen Schlucht und der reichen Natur rund um die Skals \u00c5. Unterwegs genie\u00dfen Sie die Aussicht auf den H\u00e6rup Bakker, h\u00f6ren die Nachtigall und besuchen den h\u00f6chsten Punkt der Region, Rish\u00f8j. <\/p>\n\n<iframe loading=\"lazy\" width=\"100%\" height=\"500px\" frameborder=\"0\" allowfullscreen=\"\" allow=\"geolocation\" src=\"\/\/umap.openstreetmap.fr\/da\/map\/vammen-camping-hiking-route-1-recreational-area-41_1239615?scaleControl=false&#038;miniMap=false&#038;scrollWheelZoom=false&#038;zoomControl=true&#038;editMode=disabled&#038;moreControl=true&#038;searchControl=null&#038;tilelayersControl=null&#038;embedControl=null&#038;datalayersControl=true&#038;onLoadPanel=none&#038;captionBar=false&#038;captionMenus=true\"><\/iframe><p><a href=\"\/\/umap.openstreetmap.fr\/da\/map\/vammen-camping-hiking-route-1-recreational-area-41_1239615?scaleControl=false&#038;miniMap=false&#038;scrollWheelZoom=true&#038;zoomControl=true&#038;editMode=disabled&#038;moreControl=true&#038;searchControl=null&#038;tilelayersControl=null&#038;embedControl=null&#038;datalayersControl=true&#038;onLoadPanel=none&#038;captionBar=false&#038;captionMenus=true\">Im Vollbild anzeigen<\/a><\/p>\n\n<p>Vom Campingplatz aus gehst du auf der asphaltierten Stra\u00dfe in Richtung Vammen. Biege am Schild \u201dRekreativt Omr\u00e5de&#8220; links ab (kurz vor dem Fahnenmast des Campingplatzes). <\/p>\n\n<p>Folge den rot markierten Pf\u00e4hlen hinunter zum Tjele Langs\u00f8 und bemerke den alten Hohlweg, der noch immer in s\u00fcdwestlicher Richtung \u00fcber die Wiesen als leichte Gel\u00e4ndeerhebung verl\u00e4uft. Dies war der Weg zum Gut Tjele. Hierher fuhren und gingen die Bauern aus Vammen und Umgebung, wenn sie auf dem Gut Tjele ihre Pflichtarbeit verrichten mussten.    <\/p>\n\n<p>Im Mai\/Juni bl\u00fcht das seltene und gesch\u00fctzte Breitbl\u00e4ttrige Knabenkraut &#8211; auch Breitbl\u00e4ttrige Fingerwurz genannt &#8211; in dem feuchten Gebiet direkt am Seeufer.<br\/>Gehe durch das eingez\u00e4unte Bereich mit Schafen, die eine Schafsgilde in Vammen hier h\u00e4lt, um das Gebiet zu beweiden. <\/p>\n\n<p>Folge den roten Pfosten bis zu dem gelben Funky-Haus, wo der Weg leicht nach links abbiegt. Folge dem Schotterweg in Richtung Hobrovej und auf der rechten Seite siehst du ein kleines rotes Backsteinhaus: das ehemalige kommunale K\u00fchlhaus aus den 1950er Jahren. Hier teilten sich die Bewohner von Vammen und der Umgebung ein gro\u00dfes K\u00fchlhaus, um Fleisch und andere Lebensmittel einzufrieren. In den 1970er Jahren schafften sich viele Menschen private Gefriertruhen an, und heute gibt es fast keine der \u00fcber 3.000 kommunalen Gefrierh\u00e4user mehr in D\u00e4nemark.  <\/p>\n\n<p>Biege rechts ab auf den Hobrovej und folge dem Langs\u00f8vej rechts ab zur\u00fcck zum Campingplatz.<\/p>\n<div class=\"wp-block-image\">\n<figure class=\"aligncenter size-large is-resized\"><a href=\"https:\/\/vammencamping.dk\/wp-content\/uploads\/2025\/07\/Skaermbillede-2025-07-01-105122-1200x637.png\"><img loading=\"lazy\" decoding=\"async\" width=\"1200\" height=\"637\" src=\"https:\/\/vammencamping.dk\/wp-content\/uploads\/2025\/07\/Skaermbillede-2025-07-01-105122-1200x637.png\" alt=\"\" class=\"wp-image-9509\" style=\"width:144px\" srcset=\"https:\/\/vammencamping.dk\/wp-content\/uploads\/2025\/07\/Skaermbillede-2025-07-01-105122-1200x637.png 1200w, https:\/\/vammencamping.dk\/wp-content\/uploads\/2025\/07\/Skaermbillede-2025-07-01-105122-744x395.png 744w, https:\/\/vammencamping.dk\/wp-content\/uploads\/2025\/07\/Skaermbillede-2025-07-01-105122-420x223.png 420w, https:\/\/vammencamping.dk\/wp-content\/uploads\/2025\/07\/Skaermbillede-2025-07-01-105122-768x408.png 768w, https:\/\/vammencamping.dk\/wp-content\/uploads\/2025\/07\/Skaermbillede-2025-07-01-105122.png 1046w\" sizes=\"auto, (max-width: 1200px) 100vw, 1200px\" \/><\/a><figcaption class=\"wp-element-caption\">Karte anklicken, um die Infopunkte zu sehen<\/figcaption><\/figure>\n<\/div>\n<p><em>\u201dHoveri\u201d (landwirtschaftlicher Pflichtarbeit) war eine Dienstleistung, die als Teil des j\u00e4hrlichen Entgelts in Form von Arbeitstagen &#8222;bezahlt&#8220; werden musste, die ein P\u00e4chter (Pachtbauer oder Hausherr) auf oder f\u00fcr das Gut, zu dem sein Hof geh\u00f6rte, zu leisten hatte. Hier: das Gut Tjele. <\/em><\/p>\n\n<p><em>P\u00e4chter oder Hauswirt zu sein bedeutete, dass man ein Geb\u00e4ude mit Land von einem Gutsbesitzer &#8222;gemietet&#8220; hatte. Der Gutsbesitzer konnte eine Privatperson oder der K\u00f6nig sein. Man konnte im Haus oder auf dem Hof wohnen und das Land gegen \u201dindf\u00e6stning\u201d (eine Geb\u00fchr &#8211; eine Steuer f\u00fcr die \u00dcbernahme eines Pachtgeb\u00e4ude) und eine Grundsteuer (eine feste j\u00e4hrliche Steuer in Naturalien und auch in Geld f\u00fcr den Eigent\u00fcmer des Pachtgeb\u00e4udes) bewirtschaften.  <\/em><\/p>\n\n<p><em>1772 wurde \u201dhoveriet\u201d (die Leibeigenschaft) abgeschafft, aber erst um 1850 wurde es vollst\u00e4ndig eingestellt.<\/em><\/p>\n","protected":false},"excerpt":{"rendered":"<p>L\u00e4nge: 4,1 km Die abwechslungsreiche Route f\u00fchrt durch Vammen und weiter hinaus in die alte Wiesen- und Eiszeitlandschaft, vorbei an der Kirche von Vammen, einer eiszeitlichen Schlucht und der reichen Natur rund um die Skals \u00c5. Unterwegs genie\u00dfen Sie die Aussicht auf den H\u00e6rup Bakker, h\u00f6ren die Nachtigall und besuchen den h\u00f6chsten Punkt der Region, &#8230; <a class=\"read-more\" href=\"https:\/\/vammencamping.dk\/de\/wanderroute-1-erholungsgebiet\/\">Read more&#8230;<\/a><\/p>\n","protected":false},"author":7,"featured_media":0,"parent":0,"menu_order":0,"comment_status":"closed","ping_status":"closed","template":"","meta":{"footnotes":""},"class_list":["post-9672","page","type-page","status-publish"],"featured_image_src":null,"_links":{"self":[{"href":"https:\/\/vammencamping.dk\/de\/wp-json\/wp\/v2\/pages\/9672","targetHints":{"allow":["GET"]}}],"collection":[{"href":"https:\/\/vammencamping.dk\/de\/wp-json\/wp\/v2\/pages"}],"about":[{"href":"https:\/\/vammencamping.dk\/de\/wp-json\/wp\/v2\/types\/page"}],"author":[{"embeddable":true,"href":"https:\/\/vammencamping.dk\/de\/wp-json\/wp\/v2\/users\/7"}],"replies":[{"embeddable":true,"href":"https:\/\/vammencamping.dk\/de\/wp-json\/wp\/v2\/comments?post=9672"}],"version-history":[{"count":9,"href":"https:\/\/vammencamping.dk\/de\/wp-json\/wp\/v2\/pages\/9672\/revisions"}],"predecessor-version":[{"id":10577,"href":"https:\/\/vammencamping.dk\/de\/wp-json\/wp\/v2\/pages\/9672\/revisions\/10577"}],"wp:attachment":[{"href":"https:\/\/vammencamping.dk\/de\/wp-json\/wp\/v2\/media?parent=9672"}],"curies":[{"name":"wp","href":"https:\/\/api.w.org\/{rel}","templated":true}]}}