{"id":6899,"date":"2023-02-13T21:25:14","date_gmt":"2023-02-13T20:25:14","guid":{"rendered":"https:\/\/vammencamping.dk\/?page_id=6899"},"modified":"2024-02-08T19:47:46","modified_gmt":"2024-02-08T18:47:46","slug":"bank","status":"publish","type":"page","link":"https:\/\/vammencamping.dk\/de\/bank\/","title":{"rendered":"Bank"},"content":{"rendered":"\n<p>Neben der Online-Zahlung mit VISA\/MasterCard\/Maestro etc. hast du die folgenden zwei M\u00f6glichkeiten der Vorauszahlung:<\/p>\n\n\n\n<ul class=\"wp-block-list\">\n<li>Bank\u00fcberweisung<\/li>\n<\/ul>\n\n\n\n<h2 class=\"wp-block-heading\">Bank\u00fcberweisung<\/h2>\n\n\n\n<p>Du kannst mit normaler Bank\u00fcberweisung bezahlen. Bitte gebe bei der Zahlung die Reservierungsnummer an. <strong><em>Bitte SEPA-\u00dcberweisungen in EUR verwenden<\/em><\/strong>. Wenn du mit eine internationale \u00dcberweisung in DKK \u00dcberweist, wird eine Geb\u00fchr von 62,50 DKK von dem \u00fcberwiesenen Betrag abgezogen. Diese Geb\u00fchr wird nicht abgezogen, wenn du mit einer SEPA-\u00dcberweisung in EUR zahlst.<\/p>\n\n\n\n<p>Bankverbindung f\u00fcr Vammen Camping<\/p>\n\n\n\n<p>Kontoinhaber: Vammen Camping<br>Iban: DK0550790001799906<br>Swift: JYBADKKK<br>Adresse der Bank:<br>Jyske Bank A\/S<br>\u00d8stre Havnegade 65, 4. sal<br>9000 Aalborg<br>D\u00e4nemark<\/p>\n\n\n\n<p><\/p>\n\n\n\n<p>Du kannst auch mit Visa\/MasterCard\/Maestro usw. bezahlen.<\/p>\n\n\n\n<p>Wenn du Fragen hast, dann <a href=\"https:\/\/vammencamping.dk\/de\/kontakt\/\" data-type=\"page\" data-id=\"3097\">kontaktiere<\/a> uns gerne.<\/p>\n","protected":false},"excerpt":{"rendered":"<p>Neben der Online-Zahlung mit VISA\/MasterCard\/Maestro etc. hast du die folgenden zwei M\u00f6glichkeiten der Vorauszahlung: Bank\u00fcberweisung Du kannst mit normaler Bank\u00fcberweisung bezahlen. Bitte gebe bei der Zahlung die Reservierungsnummer an. Bitte SEPA-\u00dcberweisungen in EUR verwenden. Wenn du mit eine internationale \u00dcberweisung in DKK \u00dcberweist, wird eine Geb\u00fchr von 62,50 DKK von dem \u00fcberwiesenen Betrag abgezogen. Diese &#8230; <a class=\"read-more\" href=\"https:\/\/vammencamping.dk\/de\/bank\/\">Read more&#8230;<\/a><\/p>\n","protected":false},"author":1,"featured_media":0,"parent":0,"menu_order":0,"comment_status":"closed","ping_status":"closed","template":"","meta":{"footnotes":""},"class_list":["post-6899","page","type-page","status-publish"],"featured_image_src":null,"_links":{"self":[{"href":"https:\/\/vammencamping.dk\/de\/wp-json\/wp\/v2\/pages\/6899","targetHints":{"allow":["GET"]}}],"collection":[{"href":"https:\/\/vammencamping.dk\/de\/wp-json\/wp\/v2\/pages"}],"about":[{"href":"https:\/\/vammencamping.dk\/de\/wp-json\/wp\/v2\/types\/page"}],"author":[{"embeddable":true,"href":"https:\/\/vammencamping.dk\/de\/wp-json\/wp\/v2\/users\/1"}],"replies":[{"embeddable":true,"href":"https:\/\/vammencamping.dk\/de\/wp-json\/wp\/v2\/comments?post=6899"}],"version-history":[{"count":7,"href":"https:\/\/vammencamping.dk\/de\/wp-json\/wp\/v2\/pages\/6899\/revisions"}],"predecessor-version":[{"id":7706,"href":"https:\/\/vammencamping.dk\/de\/wp-json\/wp\/v2\/pages\/6899\/revisions\/7706"}],"wp:attachment":[{"href":"https:\/\/vammencamping.dk\/de\/wp-json\/wp\/v2\/media?parent=6899"}],"curies":[{"name":"wp","href":"https:\/\/api.w.org\/{rel}","templated":true}]}}