{"id":5078,"date":"2021-07-06T22:03:53","date_gmt":"2021-07-06T21:03:53","guid":{"rendered":"https:\/\/vammencamping.dk\/?page_id=5078"},"modified":"2023-06-01T11:05:03","modified_gmt":"2023-06-01T10:05:03","slug":"glamping","status":"publish","type":"page","link":"https:\/\/vammencamping.dk\/de\/glamping\/","title":{"rendered":"Glamping &#8211; luxuri\u00f6ses camping"},"content":{"rendered":"<div id=\"metaslider-id-5036\" style=\"width: 100%;\" class=\"ml-slider-3-108-0 metaslider metaslider-flex metaslider-5036 ml-slider has-dots-nav ms-theme-default\" role=\"region\" aria-label=\"Glamping\" data-height=\"600\" data-width=\"1040\">\n    <div id=\"metaslider_container_5036\">\n        <div id=\"metaslider_5036\">\n            <ul class='slides'>\n                <li style=\"display: block; width: 100%;\" class=\"slide-5038 ms-image \" aria-roledescription=\"slide\" data-date=\"2021-07-06 21:13:57\" data-filename=\"Glamping_Zelt_frontal_IMG_4845_gimp-1-1040x600.jpg\" data-slide-type=\"image\"><img loading=\"lazy\" decoding=\"async\" src=\"https:\/\/vammencamping.dk\/wp-content\/uploads\/2021\/07\/Glamping_Zelt_frontal_IMG_4845_gimp-1-1040x600.jpg\" height=\"600\" width=\"1040\" alt=\"\" class=\"slider-5036 slide-5038 msDefaultImage\" title=\"Glamping_Zelt_frontal_IMG_4845_gimp\" \/><\/li>\n                <li style=\"display: none; width: 100%;\" class=\"slide-8172 ms-image \" aria-roledescription=\"slide\" data-date=\"2024-07-11 15:04:27\" data-filename=\"Glamping_Ueberblick_ins_Zelt_IMG_4821_gimp-1040x600.jpg\" data-slide-type=\"image\"><img loading=\"lazy\" decoding=\"async\" src=\"https:\/\/vammencamping.dk\/wp-content\/uploads\/2021\/07\/Glamping_Ueberblick_ins_Zelt_IMG_4821_gimp-1040x600.jpg\" height=\"600\" width=\"1040\" alt=\"\" class=\"slider-5036 slide-8172 msDefaultImage\" title=\"Glamping_Ueberblick_ins_Zelt_IMG_4821_gimp\" \/><\/li>\n                <li style=\"display: none; width: 100%;\" class=\"slide-5041 ms-image \" aria-roledescription=\"slide\" data-date=\"2021-07-06 21:13:57\" data-filename=\"Glamping_Kuechenzeile_DSC_0045_gimp-1-1040x600.jpg\" data-slide-type=\"image\"><img loading=\"lazy\" decoding=\"async\" src=\"https:\/\/vammencamping.dk\/wp-content\/uploads\/2021\/07\/Glamping_Kuechenzeile_DSC_0045_gimp-1-1040x600.jpg\" height=\"600\" width=\"1040\" alt=\"\" class=\"slider-5036 slide-5041 msDefaultImage\" title=\"Glamping_Kuechenzeile_DSC_0045_gimp\" \/><\/li>\n                <li style=\"display: none; width: 100%;\" class=\"slide-8165 ms-image \" aria-roledescription=\"slide\" data-date=\"2024-07-11 15:00:16\" data-filename=\"51F46C0B-90F5-4517-AFD7-35DAA6690002-1040x600.jpg\" data-slide-type=\"image\"><img loading=\"lazy\" decoding=\"async\" src=\"https:\/\/vammencamping.dk\/wp-content\/uploads\/2024\/07\/51F46C0B-90F5-4517-AFD7-35DAA6690002-1040x600.jpg\" height=\"600\" width=\"1040\" alt=\"\" class=\"slider-5036 slide-8165 msDefaultImage\" title=\"51F46C0B-90F5-4517-AFD7-35DAA6690002\" \/><\/li>\n                <li style=\"display: none; width: 100%;\" class=\"slide-8171 ms-image \" aria-roledescription=\"slide\" data-date=\"2024-07-11 15:03:14\" data-filename=\"40A9AEB4-E0BC-4A9F-802B-BAC4FB4647FE-1040x600.jpg\" data-slide-type=\"image\"><img loading=\"lazy\" decoding=\"async\" src=\"https:\/\/vammencamping.dk\/wp-content\/uploads\/2024\/07\/40A9AEB4-E0BC-4A9F-802B-BAC4FB4647FE-1040x600.jpg\" height=\"600\" width=\"1040\" alt=\"\" class=\"slider-5036 slide-8171 msDefaultImage\" title=\"40A9AEB4-E0BC-4A9F-802B-BAC4FB4647FE\" \/><\/li>\n                <li style=\"display: none; width: 100%;\" class=\"slide-5040 ms-image \" aria-roledescription=\"slide\" data-date=\"2021-07-06 21:13:57\" data-filename=\"Glamping_Ueberblick_andere_Perspektive_IMG_4831_gimp-1-1040x600.jpg\" data-slide-type=\"image\"><img loading=\"lazy\" decoding=\"async\" src=\"https:\/\/vammencamping.dk\/wp-content\/uploads\/2021\/07\/Glamping_Ueberblick_andere_Perspektive_IMG_4831_gimp-1-1040x600.jpg\" height=\"600\" width=\"1040\" alt=\"\" class=\"slider-5036 slide-5040 msDefaultImage\" title=\"Glamping_Ueberblick_andere_Perspektive_IMG_4831_gimp\" \/><\/li>\n                <li style=\"display: none; width: 100%;\" class=\"slide-5042 ms-image \" aria-roledescription=\"slide\" data-date=\"2021-07-06 21:13:57\" data-filename=\"Glamping_Bett_DSC_0052_gimp-1040x600.jpg\" data-slide-type=\"image\"><img loading=\"lazy\" decoding=\"async\" src=\"https:\/\/vammencamping.dk\/wp-content\/uploads\/2021\/07\/Glamping_Bett_DSC_0052_gimp-1040x600.jpg\" height=\"600\" width=\"1040\" alt=\"\" class=\"slider-5036 slide-5042 msDefaultImage\" title=\"Glamping_Bett_DSC_0052_gimp\" \/><\/li>\n            <\/ul>\n        <\/div>\n        \n    <\/div>\n<\/div>\n\n\n\n<p>Urlaub im Luxus-Zelt<\/p>\n\n\n\n<p>Naturnahes Camping(-Erleben) im Zelt, mit den Vorz\u00fcgen einer komfortablen Ausstattung, die gewisse Annehmlichkeiten bietet.<\/p>\n\n\n\n<ul class=\"wp-block-list\">\n<li>guter Schlaf, dank eines richtigen Bettes (Bettzeug inklusive)<\/li>\n\n\n\n<li>Platz (40qm Fl\u00e4che bei 3,50m Raumh\u00f6he)<\/li>\n\n\n\n<li>Gem\u00fctlichkeit und Komfort<\/li>\n\n\n\n<li>Viel Licht und gutes Raumklima<\/li>\n\n\n\n<li>K\u00fcchengrundausstattung f\u00fcr eine Familie<\/li>\n\n\n\n<li>Gartenm\u00f6bel um das sch\u00f6ne Wetter vor dem Zelt genie\u00dfen zu k\u00f6nnen<\/li>\n<\/ul>\n\n\n\n<div class=\"wp-block-buttons is-horizontal is-content-justification-center is-layout-flex wp-container-core-buttons-is-layout-499968f5 wp-block-buttons-is-layout-flex\">\n<div class=\"wp-block-button\"><a class=\"wp-block-button__link has-text-color has-background wp-element-button\" href=\"\/de\/preise\" style=\"border-radius:50px;color:#fffffa;background:linear-gradient(135deg,rgb(135,9,53) 0%,rgb(179,22,22) 100%)\">Preise<\/a><\/div>\n\n\n\n<div class=\"wp-block-button\"><a class=\"wp-block-button__link has-text-color has-background wp-element-button\" href=\"https:\/\/vcamp.dk\/book\/de\" style=\"border-radius:50px;color:#fffffa;background:linear-gradient(317deg,rgb(135,9,53) 0%,rgb(179,22,22) 100%)\" target=\"_blank\" rel=\"noopener\">Jetzt reservieren<\/a><\/div>\n\n\n\n<div class=\"wp-block-button\"><a class=\"wp-block-button__link has-text-color has-background wp-element-button\" href=\"\/de\/kontakt\" style=\"border-radius:50px;color:#fffffa;background:linear-gradient(42deg,rgb(135,9,53) 0%,rgb(179,22,22) 100%)\">Kontaktieren Sie uns f\u00fcr weitere fragen<\/a><\/div>\n<\/div>\n\n\n\n<p>Unsere Zelte sind mit hochwertigen Betten, (antiken) M\u00f6beln und individuellen Details ausgestattet. Auf diese Weise hat jedes einzelne seinen eigenen charmanten Stil. Wir m\u00f6chten Ihnen eine besondere Atmosph\u00e4re bieten, die den Flair des Au\u00dfergew\u00f6hnlichen schafft.&nbsp;<\/p>\n\n\n\n<p>Zur Einrichtung geh\u00f6ren ein Doppelbett, zwei Einzelbetten, eine Sofa-Ecke, ein Esstisch mit St\u00fchlen, ein gro\u00dfes Sideboard und ein kleiner K\u00fcchenschrank, sowie zwei Vitrinenschr\u00e4nke und diverse Beistelltische.<\/p>\n\n\n\n<p>Selbstverst\u00e4ndlich stehen f\u00fcr Sie K\u00fchlschrank, Heizk\u00f6rper, Wasserkocher, Kochausstattung, Geschirr und Besteck, Bettw\u00e4sche, Stromanschl\u00fcsse und freies W-Lan zur Verf\u00fcgung. (Ein Wasseranschluss befindet sich in unmittelbarer N\u00e4he zu ihrem Zelt.)<\/p>\n\n\n\n<p>F\u00fcr Familien mit mehreren Kindern halten wir ggf. zus\u00e4tzliche Betten bereit &#8211; sagen Sie uns einfach im Voraus Bescheid.&nbsp;<\/p>\n\n\n\n<p>Unsere Bettw\u00e4sche waschen wir mit&nbsp;&nbsp;geruchsneutralem Sensitiv-Waschmittel ohne Weichsp\u00fcler<\/p>\n\n\n\n<p>Unsere Zelte bieten Ihnen Schutz gegen Witterung und Insekten, schaffen privaten Raum und lassen Sie trotzdem Teil der umgebenden Natur sein.&nbsp;<\/p>\n\n\n\n<p>Nach Belieben lassen sich die Seitenw\u00e4nde hoch rollen, so dass man, wie unter einem schwebenden Dach, drau\u00dfen und doch drinnen ist. An hei\u00dfen Tagen kann man das Zelt auf diese Weise durchl\u00fcften.<\/p>\n\n\n\n<p>Das besondere Baumwollmaterial ist lichtdurchl\u00e4ssig, h\u00e4lt aber sowohl direkte Sonne, als auch Regen ab und bietet, dank seiner Atmungsaktivit\u00e4t, ein gutes Raumklima. Der d\u00fcnne Stoff erm\u00f6glicht au\u00dferdem, den Kl\u00e4ngen von Flora und Fauna zu lauschen &#8211; sei es Bl\u00e4tterrauschen, Regenprasseln oder Vogelgezwitscher.<\/p>\n\n\n\n<p>Bitte beachten Sie dass die Zelte Nichtrauchergebiete sind.<\/p>\n","protected":false},"excerpt":{"rendered":"<p>Urlaub im Luxus-Zelt Naturnahes Camping(-Erleben) im Zelt, mit den Vorz\u00fcgen einer komfortablen Ausstattung, die gewisse Annehmlichkeiten bietet. Unsere Zelte sind mit hochwertigen Betten, (antiken) M\u00f6beln und individuellen Details ausgestattet. Auf diese Weise hat jedes einzelne seinen eigenen charmanten Stil. Wir m\u00f6chten Ihnen eine besondere Atmosph\u00e4re bieten, die den Flair des Au\u00dfergew\u00f6hnlichen schafft.&nbsp; Zur Einrichtung geh\u00f6ren &#8230; <a class=\"read-more\" href=\"https:\/\/vammencamping.dk\/de\/glamping\/\">Read more&#8230;<\/a><\/p>\n","protected":false},"author":1,"featured_media":0,"parent":0,"menu_order":0,"comment_status":"closed","ping_status":"closed","template":"","meta":{"footnotes":""},"class_list":["post-5078","page","type-page","status-publish"],"featured_image_src":null,"_links":{"self":[{"href":"https:\/\/vammencamping.dk\/de\/wp-json\/wp\/v2\/pages\/5078","targetHints":{"allow":["GET"]}}],"collection":[{"href":"https:\/\/vammencamping.dk\/de\/wp-json\/wp\/v2\/pages"}],"about":[{"href":"https:\/\/vammencamping.dk\/de\/wp-json\/wp\/v2\/types\/page"}],"author":[{"embeddable":true,"href":"https:\/\/vammencamping.dk\/de\/wp-json\/wp\/v2\/users\/1"}],"replies":[{"embeddable":true,"href":"https:\/\/vammencamping.dk\/de\/wp-json\/wp\/v2\/comments?post=5078"}],"version-history":[{"count":12,"href":"https:\/\/vammencamping.dk\/de\/wp-json\/wp\/v2\/pages\/5078\/revisions"}],"predecessor-version":[{"id":7087,"href":"https:\/\/vammencamping.dk\/de\/wp-json\/wp\/v2\/pages\/5078\/revisions\/7087"}],"wp:attachment":[{"href":"https:\/\/vammencamping.dk\/de\/wp-json\/wp\/v2\/media?parent=5078"}],"curies":[{"name":"wp","href":"https:\/\/api.w.org\/{rel}","templated":true}]}}